{"id":1567,"date":"2026-03-04T16:36:35","date_gmt":"2026-03-04T19:36:35","guid":{"rendered":"https:\/\/www2.uepg.br\/cps\/?page_id=1567"},"modified":"2026-03-05T23:54:40","modified_gmt":"2026-03-06T02:54:40","slug":"residencia-medica-hu-2026","status":"publish","type":"page","link":"https:\/\/www2.uepg.br\/cps\/residencia-medica-hu-2026\/","title":{"rendered":"Resid\u00eancia M\u00e9dica HU &#8211; 2026"},"content":{"rendered":"<div id=\"pl-1567\"  class=\"panel-layout\" ><div id=\"pg-1567-0\"  class=\"panel-grid panel-no-style\" ><div id=\"pgc-1567-0-0\"  class=\"panel-grid-cell\" ><div id=\"panel-1567-0-0-0\" class=\"so-panel widget widget_sow-image panel-first-child panel-last-child\" data-index=\"0\" ><div class=\"panel-widget-style panel-widget-style-for-1567-0-0-0\" ><div\n\t\t\t\n\t\t\tclass=\"so-widget-sow-image so-widget-sow-image-default-d6014b76747a-1567\"\n\t\t\t\n\t\t>\n\n<div class=\"sow-image-container\">\n\t\t<img src=\"https:\/\/www2.uepg.br\/cps\/wp-content\/uploads\/sites\/270\/2026\/03\/HU_RESMED.png\" width=\"390\" height=\"275\" srcset=\"https:\/\/www2.uepg.br\/cps\/wp-content\/uploads\/sites\/270\/2026\/03\/HU_RESMED.png 390w, https:\/\/www2.uepg.br\/cps\/wp-content\/uploads\/sites\/270\/2026\/03\/HU_RESMED-300x212.png 300w\" sizes=\"(max-width: 390px) 100vw, 390px\" alt=\"\" loading=\"lazy\" \t\tclass=\"so-widget-image\"\/>\n\t<\/div>\n\n<\/div><\/div><\/div><\/div><div id=\"pgc-1567-0-1\"  class=\"panel-grid-cell\" ><div id=\"panel-1567-0-1-0\" class=\"so-panel widget widget_sow-editor panel-first-child panel-last-child\" data-index=\"1\" ><div class=\"panel-widget-style panel-widget-style-for-1567-0-1-0\" ><div\n\t\t\t\n\t\t\tclass=\"so-widget-sow-editor so-widget-sow-editor-base\"\n\t\t\t\n\t\t>\n<div class=\"siteorigin-widget-tinymce textwidget\">\n\t<table style=\"width: 100%;border-collapse: collapse;border: 2px solid #cccccc;font-size: 18px\">\n<tbody>\n<tr style=\"background-color: #f7f7f7\">\n<td style=\"padding: 5px 5px 2px 15px;vertical-align: middle;color: #13729a;font-weight: bold;text-align: left\"><strong>Per\u00edodo de inscri\u00e7\u00e3o:<\/strong><\/td>\n<td style=\"padding: 5px 5px 2px 15px;vertical-align: middle;color: #003366;text-align: left\"><span style=\"color: #333333\">06\/03\/2026 a 12\/03\/2026<\/span><\/td>\n<\/tr>\n<tr style=\"background-color: #ffffff\">\n<td style=\"padding: 5px 5px 2px 15px;vertical-align: middle;color: #13729a;font-weight: bold;text-align: left\"><strong>Pagamento da Taxa de inscri\u00e7\u00e3o:<\/strong><\/td>\n<td style=\"padding: 5px 5px 2px 15px;vertical-align: middle;color: #003366;text-align: left\"><span style=\"color: #333333\">13\/03\/2026<\/span><\/td>\n<\/tr>\n<tr style=\"background-color: #f7f7f7\">\n<td style=\"padding: 5px 5px 2px 15px;vertical-align: middle;color: #13729a;font-weight: bold;text-align: left\"><strong>Taxa de inscri\u00e7\u00e3o:<\/strong><\/td>\n<td style=\"padding: 5px 5px 2px 15px;vertical-align: middle;color: #003366;text-align: left\"><span style=\"color: #333333\">R$ 550,00<\/span><\/td>\n<\/tr>\n<tr style=\"background-color: #f7f7f7\">\n<td style=\"padding: 5px 5px 2px 15px;vertical-align: middle;color: #13729a;font-weight: bold;text-align: left\"><strong>Aplica\u00e7\u00e3o das Provas Objetivas<\/strong><\/td>\n<td style=\"padding: 5px 5px 2px 15px;vertical-align: middle;color: #003366;text-align: left\"><span style=\"color: #333333\">19\/03\/2026<\/span><\/td>\n<\/tr>\n<tr style=\"background-color: #f7f7f7\">\n<td style=\"padding: 5px 5px 2px 15px;vertical-align: middle;color: #13729a;font-weight: bold;text-align: left\"><strong>Divulga\u00e7\u00e3o do Resultado Final<\/strong><\/td>\n<td style=\"padding: 5px 5px 2px 15px;vertical-align: middle;color: #003366;text-align: left\"><span style=\"color: #333333\">25\/03\/2026<\/span><\/td>\n<\/tr>\n<\/tbody>\n<\/table>\n<\/div>\n<\/div><\/div><\/div><\/div><\/div><div id=\"pg-1567-1\"  class=\"panel-grid panel-no-style\" ><div id=\"pgc-1567-1-0\"  class=\"panel-grid-cell\" ><div id=\"panel-1567-1-0-0\" class=\"so-panel widget widget_sow-tabs panel-first-child panel-last-child\" data-index=\"2\" ><div\n\t\t\t\n\t\t\tclass=\"so-widget-sow-tabs so-widget-sow-tabs-default-d6bcc355c986-1567\"\n\t\t\t\n\t\t><div class=\"sow-tabs\">\n\t<div class=\"sow-tabs-tab-container\" role=\"tablist\">\n\t\t\t<div class=\"sow-tabs-tab\"\n\t\t\t role=\"tab\" data-anchor=\"editais\"\n\t\t\t aria-selected=\"false\" tabindex=\"-1\">\n\t\t\t<div class=\"sow-tabs-title sow-tabs-title-icon-left\">\n\t\t\t\t\t\t\t\tEditais\t\t\t\t\t\t\t<\/div>\n\t\t<\/div>\n\t\t\t<div class=\"sow-tabs-tab sow-tabs-tab-selected\"\n\t\t\t role=\"tab\" data-anchor=\"inscri%c3%a7%c3%a3o\"\n\t\t\t aria-selected=\"true\" tabindex=\"0\">\n\t\t\t<div class=\"sow-tabs-title sow-tabs-title-icon-left\">\n\t\t\t\t\t\t\t\tInscri\u00e7\u00e3o\t\t\t\t\t\t\t<\/div>\n\t\t<\/div>\n\t\t\t<div class=\"sow-tabs-tab\"\n\t\t\t role=\"tab\" data-anchor=\"contato\"\n\t\t\t aria-selected=\"false\" tabindex=\"-1\">\n\t\t\t<div class=\"sow-tabs-title sow-tabs-title-icon-left\">\n\t\t\t\t\t\t\t\tContato\t\t\t\t\t\t\t<\/div>\n\t\t<\/div>\n\t\t<\/div>\n\t\n\t<div class=\"sow-tabs-panel-container\">\n\t\t\t<div class=\"sow-tabs-panel\">\n\t\t\t<div class=\"sow-tabs-panel-content\" role=\"tabpanel\" aria-hidden=\"true\">\n\t\t\t\t<ul>\n<li><img class=\"alignnone wp-image-443\" src=\"https:\/\/www2.uepg.br\/cps\/wp-content\/uploads\/sites\/270\/2023\/07\/pdf_icone-e1754049170692.png\" alt=\"\" width=\"23\" height=\"23\" \/><a href=\"https:\/\/www2.uepg.br\/cps\/wp-content\/uploads\/sites\/270\/2026\/03\/Edital-de-Abertura.pdf\">EDITAL HURCG - COREME - N\u00ba 2026.165<\/a> <img class=\"size-full wp-image-442 alignnone\" src=\"https:\/\/www2.uepg.br\/cps\/wp-content\/uploads\/sites\/270\/2023\/07\/novo.gif\" alt=\"\" width=\"35\" height=\"15\" \/><\/li>\n<li><img class=\"alignnone wp-image-443\" src=\"https:\/\/www2.uepg.br\/cps\/wp-content\/uploads\/sites\/270\/2023\/07\/pdf_icone-e1754049170692.png\" alt=\"\" width=\"23\" height=\"23\" \/><a href=\"https:\/\/www2.uepg.br\/cps\/wp-content\/uploads\/sites\/270\/2026\/03\/Anexo_I_Edital_2026.165.pdf\">ANEXO I - EDITAL HURCG - COREME - N\u00ba 2026.165<\/a> <img class=\"size-full wp-image-442 alignnone\" src=\"https:\/\/www2.uepg.br\/cps\/wp-content\/uploads\/sites\/270\/2023\/07\/novo.gif\" alt=\"\" width=\"35\" height=\"15\" \/><\/li>\n<li><img class=\"alignnone wp-image-443\" src=\"https:\/\/www2.uepg.br\/cps\/wp-content\/uploads\/sites\/270\/2023\/07\/pdf_icone-e1754049170692.png\" alt=\"\" width=\"23\" height=\"23\" \/><a href=\"https:\/\/www2.uepg.br\/cps\/wp-content\/uploads\/sites\/270\/2026\/03\/Anexos_II_Edital_2026.165.pdf\">ANEXO II - EDITAL HURCG - COREME - N\u00ba 2026.165<\/a> <img class=\"size-full wp-image-442 alignnone\" src=\"https:\/\/www2.uepg.br\/cps\/wp-content\/uploads\/sites\/270\/2023\/07\/novo.gif\" alt=\"\" width=\"35\" height=\"15\" \/><\/li>\n<\/ul>\n\t\t\t<\/div>\n\t\t<\/div>\n\t\t\t<div class=\"sow-tabs-panel\">\n\t\t\t<div class=\"sow-tabs-panel-content\" role=\"tabpanel\" tabindex=\"0\">\n\t\t\t\t<p data-wp-editing=\"1\"><img class=\"alignleft wp-image-708\" src=\"https:\/\/www2.uepg.br\/cps\/wp-content\/uploads\/sites\/270\/2025\/06\/Inclusao.png\" alt=\"\" width=\"34\" height=\"34\" \/><a href=\"https:\/\/sistemas.uepg.br\/cps\/hu_coreme_uepg_2026\/\" target=\"_blank\" rel=\"noopener\">Acesso ao Sistema de Inscri\u00e7\u00e3o<\/a><\/p>\n\t\t\t<\/div>\n\t\t<\/div>\n\t\t\t<div class=\"sow-tabs-panel\">\n\t\t\t<div class=\"sow-tabs-panel-content\" role=\"tabpanel\" aria-hidden=\"true\">\n\t\t\t\t<p><strong>Informa\u00e7\u00f5es sobre o Programa e Matr\u00edcula<\/strong><\/p>\n<p>Secretaria da\u00a0COREME\/HU\/UEPG,<\/p>\n<ul>\n<li>Endere\u00e7o: Alameda Nabuco de Ara\u00fajo, 601, CEP 84031-510, Ponta\u00a0Grossa, Paran\u00e1.<\/li>\n<li>(42) 3311-8370 (<em>tamb\u00e9m por WhatsApp<\/em>)<\/li>\n<li>(42) 3311-8210<\/li>\n<li>email: <em>hu.coreme@uepg.br<\/em><\/li>\n<li>Hospital Universit\u00e1rio - UEPG: <a href=\"http:\/\/hu.uepg.br\/\">http:\/\/hu.uepg.br\/<\/a><\/li>\n<\/ul>\n<p><strong>Informa\u00e7\u00f5es sobre o Processo de Sele\u00e7\u00e3o<\/strong><\/p>\n<p>Coordenadoria de Processos de Sele\u00e7\u00e3o - (CPS)<\/p>\n<ul>\n<li>(42) 3220-3718<\/li>\n<\/ul>\n<hr \/>\n<p><strong>Atendimento<\/strong><\/p>\n<p>Dias \u00fateis (de segunda a sexta-feira), das 8h00min \u00e0s 12h00min das 13h30min \u00e0s 17h30min<\/p>\n<hr \/>\n<p><strong>Outros<\/strong><\/p>\n<p><a href=\"https:\/\/www.facebook.com\/oficialuepg\/\">@oficialuepg<\/a><\/p>\n\t\t\t<\/div>\n\t\t<\/div>\n\t\t<\/div>\n<\/div>\n<\/div><\/div><\/div><\/div><\/div>","protected":false},"excerpt":{"rendered":"<p>Per\u00edodo de inscri\u00e7\u00e3o: 06\/03\/2026 a 12\/03\/2026 Pagamento da Taxa de inscri\u00e7\u00e3o: 13\/03\/2026 Taxa de inscri\u00e7\u00e3o: R$ 550,00 Aplica\u00e7\u00e3o das Provas Objetivas 19\/03\/2026 Divulga\u00e7\u00e3o do Resultado Final 25\/03\/2026<\/p>\n","protected":false},"author":670,"featured_media":0,"parent":0,"menu_order":0,"comment_status":"closed","ping_status":"closed","template":"","meta":[],"_links":{"self":[{"href":"https:\/\/www2.uepg.br\/cps\/wp-json\/wp\/v2\/pages\/1567"}],"collection":[{"href":"https:\/\/www2.uepg.br\/cps\/wp-json\/wp\/v2\/pages"}],"about":[{"href":"https:\/\/www2.uepg.br\/cps\/wp-json\/wp\/v2\/types\/page"}],"author":[{"embeddable":true,"href":"https:\/\/www2.uepg.br\/cps\/wp-json\/wp\/v2\/users\/670"}],"replies":[{"embeddable":true,"href":"https:\/\/www2.uepg.br\/cps\/wp-json\/wp\/v2\/comments?post=1567"}],"version-history":[{"count":13,"href":"https:\/\/www2.uepg.br\/cps\/wp-json\/wp\/v2\/pages\/1567\/revisions"}],"predecessor-version":[{"id":1603,"href":"https:\/\/www2.uepg.br\/cps\/wp-json\/wp\/v2\/pages\/1567\/revisions\/1603"}],"wp:attachment":[{"href":"https:\/\/www2.uepg.br\/cps\/wp-json\/wp\/v2\/media?parent=1567"}],"curies":[{"name":"wp","href":"https:\/\/api.w.org\/{rel}","templated":true}]}}