{"id":1609,"date":"2026-03-31T09:39:01","date_gmt":"2026-03-31T12:39:01","guid":{"rendered":"https:\/\/www2.uepg.br\/cps\/?page_id=1609"},"modified":"2026-05-08T12:00:30","modified_gmt":"2026-05-08T15:00:30","slug":"vestibular-indigena","status":"publish","type":"page","link":"https:\/\/www2.uepg.br\/cps\/vestibular-indigena\/","title":{"rendered":"Vestibular dos Povos Ind\u00edgenas do Paran\u00e1"},"content":{"rendered":"<div id=\"pl-1609\"  class=\"panel-layout\" ><div id=\"pg-1609-0\"  class=\"panel-grid panel-no-style\" ><div id=\"pgc-1609-0-0\"  class=\"panel-grid-cell\" ><div id=\"panel-1609-0-0-0\" class=\"so-panel widget widget_sow-editor panel-first-child panel-last-child\" data-index=\"0\" ><div\n\t\t\t\n\t\t\tclass=\"so-widget-sow-editor so-widget-sow-editor-base\"\n\t\t\t\n\t\t><h3 class=\"widget-title\">  <\/h3>\n<div class=\"siteorigin-widget-tinymce textwidget\">\n\t<p><img loading=\"lazy\" class=\"aligncenter wp-image-704 size-materialis-full-hd\" src=\"https:\/\/www2.uepg.br\/cps\/wp-content\/uploads\/sites\/270\/2026\/04\/WhatsApp-Image-2026-04-09-at-11.03.31.jpeg\" alt=\"\" width=\"1428\" height=\"1080\" \/><\/p>\n<\/div>\n<\/div><\/div><\/div><div id=\"pgc-1609-0-1\"  class=\"panel-grid-cell\" ><div id=\"panel-1609-0-1-0\" class=\"so-panel widget widget_sow-editor panel-first-child panel-last-child\" data-index=\"1\" ><div\n\t\t\t\n\t\t\tclass=\"so-widget-sow-editor so-widget-sow-editor-base\"\n\t\t\t\n\t\t><h3 class=\"widget-title\">  <\/h3>\n<div class=\"siteorigin-widget-tinymce textwidget\">\n\t<table style=\"width: 100%;border-collapse: collapse;border: 2px solid #cccccc;font-size: 18px\">\n<tbody>\n<tr style=\"background-color: #f7f7f7\">\n<td style=\"padding: 5px 5px 2px 15px;vertical-align: middle;color: #13729a;font-weight: bold;text-align: left\"><strong><span style=\"color: #13729a\">Per\u00edodo de inscri\u00e7\u00e3o:<\/span><\/strong><\/td>\n<td style=\"padding: 5px 5px 2px 15px;vertical-align: middle;color: #003366;text-align: left\"><span style=\"color: #333333\">15\/05\/2026 a 30\/06\/2026<\/span><\/td>\n<\/tr>\n<tr style=\"background-color: #ffffff\">\n<td style=\"padding: 5px 5px 2px 15px;vertical-align: middle;color: #13729a;font-weight: bold;text-align: left\"><strong><span style=\"color: #13729a\">Aplica\u00e7\u00e3o das Provas<\/span><\/strong><\/td>\n<td style=\"padding: 5px 5px 2px 15px;vertical-align: middle;color: #003366;text-align: left\"><span style=\"color: #333333\">27 e 28\/09\/2026<\/span><\/td>\n<\/tr>\n<tr style=\"background-color: #f7f7f7\">\n<td style=\"padding: 5px 5px 2px 15px;vertical-align: middle;color: #13729a;font-weight: bold;text-align: left\"><strong><span style=\"color: #13729a\">Divulga\u00e7\u00e3o dos Gabaritos<\/span><\/strong><\/td>\n<td style=\"padding: 5px 5px 2px 15px;vertical-align: middle;color: #003366;text-align: left\"><span style=\"color: #333333\">28\/09\/2026<\/span><\/td>\n<\/tr>\n<tr style=\"background-color: #ffffff\">\n<td style=\"padding: 5px 5px 2px 15px;vertical-align: middle;color: #13729a;font-weight: bold;text-align: left\"><strong><span style=\"color: #13729a\">Divulga\u00e7\u00e3o do Resultado Final<\/span><\/strong><\/td>\n<td style=\"padding: 5px 5px 2px 15px;vertical-align: middle;color: #003366;text-align: left\"><span style=\"color: #333333\">20\/10\/2026<\/span><\/td>\n<\/tr>\n<\/tbody>\n<\/table>\n<\/div>\n<\/div><\/div><\/div><\/div><div id=\"pg-1609-1\"  class=\"panel-grid panel-no-style\" ><div id=\"pgc-1609-1-0\"  class=\"panel-grid-cell\" ><div id=\"panel-1609-1-0-0\" class=\"so-panel widget widget_sow-tabs panel-first-child panel-last-child\" data-index=\"2\" ><div\n\t\t\t\n\t\t\tclass=\"so-widget-sow-tabs so-widget-sow-tabs-default-d6bcc355c986-1609\"\n\t\t\t\n\t\t><div class=\"sow-tabs\">\n\t<div class=\"sow-tabs-tab-container\" role=\"tablist\">\n\t\t\t<div class=\"sow-tabs-tab sow-tabs-tab-selected\"\n\t\t\t role=\"tab\" data-anchor=\"manual-do-candidato\"\n\t\t\t aria-selected=\"true\" tabindex=\"0\">\n\t\t\t<div class=\"sow-tabs-title sow-tabs-title-icon-left\">\n\t\t\t\t\t\t\t\tManual do Candidato\t\t\t\t\t\t\t<\/div>\n\t\t<\/div>\n\t\t\t<div class=\"sow-tabs-tab\"\n\t\t\t role=\"tab\" data-anchor=\"inscri%c3%a7%c3%a3o\"\n\t\t\t aria-selected=\"false\" tabindex=\"-1\">\n\t\t\t<div class=\"sow-tabs-title sow-tabs-title-icon-left\">\n\t\t\t\t\t\t\t\tInscri\u00e7\u00e3o\t\t\t\t\t\t\t<\/div>\n\t\t<\/div>\n\t\t\t<div class=\"sow-tabs-tab\"\n\t\t\t role=\"tab\" data-anchor=\"cursos\"\n\t\t\t aria-selected=\"false\" tabindex=\"-1\">\n\t\t\t<div class=\"sow-tabs-title sow-tabs-title-icon-left\">\n\t\t\t\t\t\t\t\tCursos\t\t\t\t\t\t\t<\/div>\n\t\t<\/div>\n\t\t\t<div class=\"sow-tabs-tab\"\n\t\t\t role=\"tab\" data-anchor=\"locais-de-prova\"\n\t\t\t aria-selected=\"false\" tabindex=\"-1\">\n\t\t\t<div class=\"sow-tabs-title sow-tabs-title-icon-left\">\n\t\t\t\t\t\t\t\tLocais de Prova\t\t\t\t\t\t\t<\/div>\n\t\t<\/div>\n\t\t\t<div class=\"sow-tabs-tab\"\n\t\t\t role=\"tab\" data-anchor=\"contato\"\n\t\t\t aria-selected=\"false\" tabindex=\"-1\">\n\t\t\t<div class=\"sow-tabs-title sow-tabs-title-icon-left\">\n\t\t\t\t\t\t\t\tContato\t\t\t\t\t\t\t<\/div>\n\t\t<\/div>\n\t\t<\/div>\n\t\n\t<div class=\"sow-tabs-panel-container\">\n\t\t\t<div class=\"sow-tabs-panel\">\n\t\t\t<div class=\"sow-tabs-panel-content\" role=\"tabpanel\" tabindex=\"0\">\n\t\t\t\t<table style=\"border-collapse: collapse;width: auto;margin: 0 !important;float: left\">\n<tbody>\n\n<tr>\n<td style=\"vertical-align: middle;padding: 6px\">\n  <img src=\"https:\/\/www2.uepg.br\/cps\/wp-content\/uploads\/sites\/270\/2025\/05\/pdf_icone.png\" width=\"24\" height=\"24\" \/>\n<\/td>\n\n<td style=\"vertical-align: middle;padding: 6px;font-size: 16px;text-align: left\">\n  <a href=\"https:\/\/www2.uepg.br\/cps\/wp-content\/uploads\/sites\/270\/2026\/04\/MANUAL_DO_CANDIDATO_VESTIBULAR_INDIGENA.pdf\">\n    Manual do Candidato - Vestibular dos Povos Ind\u00edgenas do Paran\u00e1 - 26\u00aa Edi\u00e7\u00e3o\n  <\/a>\n  <img src=\"https:\/\/www2.uepg.br\/cps\/wp-content\/uploads\/sites\/270\/2023\/07\/novo.gif\" width=\"35\" height=\"15\" \/>\n<\/td>\n<\/tr>\n\n<tr>\n<td style=\"vertical-align: middle;padding: 6px\">\n  <img src=\"https:\/\/www2.uepg.br\/cps\/wp-content\/uploads\/sites\/270\/2025\/05\/pdf_icone.png\" width=\"24\" height=\"24\" \/>\n<\/td>\n\n<td style=\"vertical-align: middle;padding: 6px;font-size: 16px;text-align: left\">\n  <a href=\"https:\/\/www2.uepg.br\/cps\/wp-content\/uploads\/sites\/270\/2026\/04\/EDITAL_N001_2026-CPS-CUIA.pdf\">\n    Edital n\u00ba 001\/2026-CPS\/CUIA - Processo de Sele\u00e7\u00e3o do Programa Vestibular dos Povos Ind\u00edgenas do Paran\u00e1 - 26\u00aa Edi\u00e7\u00e3o\n  <\/a>\n  <img src=\"https:\/\/www2.uepg.br\/cps\/wp-content\/uploads\/sites\/270\/2023\/07\/novo.gif\" width=\"35\" height=\"15\" \/>\n<\/td>\n<\/tr>\n\n<\/tbody>\n<\/table>\t\t\t<\/div>\n\t\t<\/div>\n\t\t\t<div class=\"sow-tabs-panel\">\n\t\t\t<div class=\"sow-tabs-panel-content\" role=\"tabpanel\" aria-hidden=\"true\">\n\t\t\t\t<table style=\"border-collapse: collapse;width: auto;margin: 0 !important;float: left\">\n<tbody>\n<tr>\n<td style=\"vertical-align: middle;padding: 10px;text-align: left\">\n  <img src=\"https:\/\/www2.uepg.br\/cps\/wp-content\/uploads\/sites\/270\/2023\/06\/Situacao.png\" alt=\"\u00cdcone\" width=\"46\" height=\"46\" \/>\n<\/td>\n\n<td style=\"vertical-align: middle;padding: 10px;font-size: 18px;text-align: left\">\n  Acesso ao Sistema de Inscri\u00e7\u00e3o (<em style=\"font-size: 16px\">a partir de 15\/05\/2026<\/em>)\n<\/td>\n<\/tr>\n<\/tbody>\n<\/table>\n\t\t\t<\/div>\n\t\t<\/div>\n\t\t\t<div class=\"sow-tabs-panel\">\n\t\t\t<div class=\"sow-tabs-panel-content\" role=\"tabpanel\" aria-hidden=\"true\">\n\t\t\t\t<div class=\"so-universities\"><details class=\"uni-item\">\n<summary class=\"uni-summary\" style=\"align-items: center;justify-content: space-between;padding: 12px 16px;background: #fff;border: 1px solid #e3e6ea;border-radius: 8px;font-weight: bold;color: #1f2937\">UEL<\/summary>\n<div class=\"uni-content\"><img class=\"alignleft size-full wp-image-1665\" src=\"https:\/\/www2.uepg.br\/cps\/wp-content\/uploads\/sites\/270\/2026\/04\/UEL-1.png\" alt=\"UEL\" width=\"624\" height=\"878\" \/><\/div>\n<\/details><details class=\"uni-item\">\n<summary class=\"uni-summary\" style=\"align-items: center;justify-content: space-between;padding: 12px 16px;background: #fff;border: 1px solid #e3e6ea;border-radius: 8px;font-weight: bold;color: #1f2937\">UEM<\/summary>\n<div class=\"uni-content\"><img class=\"alignleft size-full wp-image-1654\" src=\"https:\/\/www2.uepg.br\/cps\/wp-content\/uploads\/sites\/270\/2026\/04\/UEM_1.png\" alt=\"UEM 1\" width=\"629\" height=\"885\" \/>\n<img class=\"alignleft size-full wp-image-1655\" src=\"https:\/\/www2.uepg.br\/cps\/wp-content\/uploads\/sites\/270\/2026\/04\/UEM_2.png\" alt=\"UEM 2\" width=\"629\" height=\"375\" \/>\n<img class=\"alignleft size-full wp-image-1656\" src=\"https:\/\/www2.uepg.br\/cps\/wp-content\/uploads\/sites\/270\/2026\/04\/UEM_3.png\" alt=\"UEM 3\" width=\"629\" height=\"364\" \/>\n<img class=\"alignleft size-full wp-image-1657\" src=\"https:\/\/www2.uepg.br\/cps\/wp-content\/uploads\/sites\/270\/2026\/04\/UEM_4.png\" alt=\"UEM 4\" width=\"629\" height=\"106\" \/>\n<img class=\"alignleft size-full wp-image-1658\" src=\"https:\/\/www2.uepg.br\/cps\/wp-content\/uploads\/sites\/270\/2026\/04\/UEM_5.png\" alt=\"UEM 5\" width=\"629\" height=\"140\" \/>\n<img class=\"alignleft size-full wp-image-1659\" src=\"https:\/\/www2.uepg.br\/cps\/wp-content\/uploads\/sites\/270\/2026\/04\/UEM_6.png\" alt=\"UEM 6\" width=\"634\" height=\"340\" \/><\/div>\n<\/details><details class=\"uni-item\">\n<summary class=\"uni-summary\" style=\"align-items: center;justify-content: space-between;padding: 12px 16px;background: #fff;border: 1px solid #e3e6ea;border-radius: 8px;font-weight: bold;color: #1f2937\">UENP<\/summary>\n<div class=\"uni-content\"><img class=\"alignleft size-full wp-image-1666\" src=\"https:\/\/www2.uepg.br\/cps\/wp-content\/uploads\/sites\/270\/2026\/04\/UENP.png\" alt=\"UENP\" width=\"662\" height=\"916\" \/><\/div>\n<\/details><details class=\"uni-item\">\n<summary class=\"uni-summary\" style=\"align-items: center;justify-content: space-between;padding: 12px 16px;background: #fff;border: 1px solid #e3e6ea;border-radius: 8px;font-weight: bold;color: #1f2937\">UEPG<\/summary>\n<div class=\"uni-content\"><img class=\"alignleft size-full wp-image-1667\" src=\"https:\/\/www2.uepg.br\/cps\/wp-content\/uploads\/sites\/270\/2026\/04\/UEPG.png\" alt=\"UEPG\" width=\"662\" height=\"763\" \/><\/div>\n<\/details><details class=\"uni-item\">\n<summary class=\"uni-summary\" style=\"align-items: center;justify-content: space-between;padding: 12px 16px;background: #fff;border: 1px solid #e3e6ea;border-radius: 8px;font-weight: bold;color: #1f2937\">UNESPAR<\/summary>\n<div class=\"uni-content\"><img class=\"alignleft size-full wp-image-1668\" src=\"https:\/\/www2.uepg.br\/cps\/wp-content\/uploads\/sites\/270\/2026\/04\/UNESPAR.png\" alt=\"UNESPAR 1\" width=\"662\" height=\"913\" \/>\n<img class=\"alignleft size-full wp-image-1669\" src=\"https:\/\/www2.uepg.br\/cps\/wp-content\/uploads\/sites\/270\/2026\/04\/UNESPAR2.png\" alt=\"UNESPAR 2\" width=\"662\" height=\"913\" \/><\/div>\n<\/details><details class=\"uni-item\">\n<summary class=\"uni-summary\" style=\"align-items: center;justify-content: space-between;padding: 12px 16px;background: #fff;border: 1px solid #e3e6ea;border-radius: 8px;font-weight: bold;color: #1f2937\">UNICENTRO<\/summary>\n<div class=\"uni-content\"><img class=\"alignleft size-full wp-image-1673\" src=\"https:\/\/www2.uepg.br\/cps\/wp-content\/uploads\/sites\/270\/2026\/04\/UNICENTRO1-1.png\" alt=\"UNICENTRO 1\" width=\"662\" height=\"847\" \/>\n<img class=\"alignleft size-full wp-image-1674\" src=\"https:\/\/www2.uepg.br\/cps\/wp-content\/uploads\/sites\/270\/2026\/04\/UNICENTRO2-1.png\" alt=\"UNICENTRO 2\" width=\"662\" height=\"265\" \/><\/div>\n<\/details><details class=\"uni-item\">\n<summary class=\"uni-summary\" style=\"align-items: center;justify-content: space-between;padding: 12px 16px;background: #fff;border: 1px solid #e3e6ea;border-radius: 8px;font-weight: bold;color: #1f2937\">UNIOESTE<\/summary>\n<div class=\"uni-content\"><img class=\"alignleft size-full wp-image-1675\" src=\"https:\/\/www2.uepg.br\/cps\/wp-content\/uploads\/sites\/270\/2026\/04\/UNIOESTE1.png\" alt=\"UNIOESTE 1\" width=\"662\" height=\"817\" \/>\n<img class=\"alignleft size-full wp-image-1676\" src=\"https:\/\/www2.uepg.br\/cps\/wp-content\/uploads\/sites\/270\/2026\/04\/UNIOESTE2.png\" alt=\"UNIOESTE 2\" width=\"662\" height=\"179\" \/><\/div>\n<\/details><details class=\"uni-item\">\n<summary class=\"uni-summary\" style=\"align-items: center;justify-content: space-between;padding: 12px 16px;background: #fff;border: 1px solid #e3e6ea;border-radius: 8px;font-weight: bold;color: #1f2937\">UFPR<\/summary>\n<div class=\"uni-content\"><img class=\"alignleft size-full wp-image-1677\" src=\"https:\/\/www2.uepg.br\/cps\/wp-content\/uploads\/sites\/270\/2026\/04\/UFPR1.png\" alt=\"UFPR 1\" width=\"662\" height=\"884\" \/>\n<img class=\"alignleft size-full wp-image-1678\" src=\"https:\/\/www2.uepg.br\/cps\/wp-content\/uploads\/sites\/270\/2026\/04\/UFPR2.png\" alt=\"UFPR 2\" width=\"662\" height=\"911\" \/><\/div>\n<\/details><\/div>\t\t\t<\/div>\n\t\t<\/div>\n\t\t\t<div class=\"sow-tabs-panel\">\n\t\t\t<div class=\"sow-tabs-panel-content\" role=\"tabpanel\" aria-hidden=\"true\">\n\t\t\t\t<img class=\"alignleft size-full wp-image-1756\" src=\"https:\/\/www2.uepg.br\/cps\/wp-content\/uploads\/sites\/270\/2026\/05\/LOCAIS_1.png\" alt=\"\" width=\"779\" height=\"740\" \/>\n<img class=\"alignleft size-full wp-image-1755\" src=\"https:\/\/www2.uepg.br\/cps\/wp-content\/uploads\/sites\/270\/2026\/05\/LOCAIS_2.png\" alt=\"\" width=\"782\" height=\"791\" \/>\n<img class=\"alignleft size-full wp-image-1754\" src=\"https:\/\/www2.uepg.br\/cps\/wp-content\/uploads\/sites\/270\/2026\/05\/LOCAIS_3.png\" alt=\"\" width=\"782\" height=\"518\" \/>\t\t\t<\/div>\n\t\t<\/div>\n\t\t\t<div class=\"sow-tabs-panel\">\n\t\t\t<div class=\"sow-tabs-panel-content\" role=\"tabpanel\" aria-hidden=\"true\">\n\t\t\t\t<p><strong>Informa\u00e7\u00f5es sobre o vestibular<\/strong><\/p>\n<p><strong>PRAE\/UEPG<\/strong><\/p>\n<p style=\"padding-left: 40px\">Pr\u00f3-Reitoria de Assuntos Estudantis - (PRAE)<\/p>\n<p style=\"padding-left: 80px\">(42) 3220-3721<\/p>\n<p style=\"padding-left: 80px\"><em><u>www2.uepg.br\/prae<\/u><\/em><\/p>\n<p style=\"padding-left: 80px\">prrae@uepg.br<\/p>\n<hr \/>\n<p><strong>CPS\/UEPG<\/strong><\/p>\n<p style=\"padding-left: 40px\">Coordenadoria de Processos de Sele\u00e7\u00e3o - (CPS)<\/p>\n<p style=\"padding-left: 80px\">(42) 3220-3718<\/p>\n<p style=\"padding-left: 80px\"><em><u>www.cps.uepg.br\/indigena<\/u><\/em><\/p>\n<p style=\"padding-left: 80px\">vestibular@uepg.br<\/p>\n<hr \/>\n<p><strong>Atendimento<\/strong><\/p>\n<p>Dias \u00fateis (de segunda a sexta-feira), das 8h00min \u00e0s 12h00min das 13h30min \u00e0s 17h30min<\/p>\n<hr \/>\n<p><strong>Outros<\/strong><\/p>\n<p><a href=\"https:\/\/www.facebook.com\/oficialuepg\/\">@oficialuepg<\/a><\/p>\n\t\t\t<\/div>\n\t\t<\/div>\n\t\t<\/div>\n<\/div>\n<\/div><\/div><\/div><\/div><\/div>","protected":false},"excerpt":{"rendered":"<p>Per\u00edodo de inscri\u00e7\u00e3o: 15\/05\/2026 a 30\/06\/2026 Aplica\u00e7\u00e3o das Provas 27 e 28\/09\/2026 Divulga\u00e7\u00e3o dos Gabaritos 28\/09\/2026 Divulga\u00e7\u00e3o do Resultado Final 20\/10\/2026<\/p>\n","protected":false},"author":670,"featured_media":0,"parent":0,"menu_order":0,"comment_status":"closed","ping_status":"closed","template":"","meta":[],"_links":{"self":[{"href":"https:\/\/www2.uepg.br\/cps\/wp-json\/wp\/v2\/pages\/1609"}],"collection":[{"href":"https:\/\/www2.uepg.br\/cps\/wp-json\/wp\/v2\/pages"}],"about":[{"href":"https:\/\/www2.uepg.br\/cps\/wp-json\/wp\/v2\/types\/page"}],"author":[{"embeddable":true,"href":"https:\/\/www2.uepg.br\/cps\/wp-json\/wp\/v2\/users\/670"}],"replies":[{"embeddable":true,"href":"https:\/\/www2.uepg.br\/cps\/wp-json\/wp\/v2\/comments?post=1609"}],"version-history":[{"count":42,"href":"https:\/\/www2.uepg.br\/cps\/wp-json\/wp\/v2\/pages\/1609\/revisions"}],"predecessor-version":[{"id":1757,"href":"https:\/\/www2.uepg.br\/cps\/wp-json\/wp\/v2\/pages\/1609\/revisions\/1757"}],"wp:attachment":[{"href":"https:\/\/www2.uepg.br\/cps\/wp-json\/wp\/v2\/media?parent=1609"}],"curies":[{"name":"wp","href":"https:\/\/api.w.org\/{rel}","templated":true}]}}