{"id":1719,"date":"2026-04-30T09:38:11","date_gmt":"2026-04-30T12:38:11","guid":{"rendered":"https:\/\/www2.uepg.br\/cps\/?page_id=1719"},"modified":"2026-05-04T08:26:26","modified_gmt":"2026-05-04T11:26:26","slug":"pss-2026","status":"publish","type":"page","link":"https:\/\/www2.uepg.br\/cps\/pss-2026\/","title":{"rendered":"PSS UEPG 2026"},"content":{"rendered":"<div id=\"pl-1719\"  class=\"panel-layout\" ><div id=\"pg-1719-0\"  class=\"panel-grid panel-no-style\" ><div id=\"pgc-1719-0-0\"  class=\"panel-grid-cell\" ><div id=\"panel-1719-0-0-0\" class=\"so-panel widget widget_sow-editor panel-first-child panel-last-child\" data-index=\"0\" ><div\n\t\t\t\n\t\t\tclass=\"so-widget-sow-editor so-widget-sow-editor-base\"\n\t\t\t\n\t\t>\n<div class=\"siteorigin-widget-tinymce textwidget\">\n\t<p><img loading=\"lazy\" class=\"aligncenter wp-image-704 \" src=\"https:\/\/www2.uepg.br\/cps\/wp-content\/uploads\/sites\/270\/2026\/04\/Logo-duas-cores_fundo-azul-escuro_frase-abaixo.png\" alt=\"\" width=\"799\" height=\"356\" \/><\/p>\n<\/div>\n<\/div><\/div><\/div><div id=\"pgc-1719-0-1\"  class=\"panel-grid-cell\" ><div id=\"panel-1719-0-1-0\" class=\"so-panel widget widget_sow-editor panel-first-child panel-last-child\" data-index=\"1\" ><div\n\t\t\t\n\t\t\tclass=\"so-widget-sow-editor so-widget-sow-editor-base\"\n\t\t\t\n\t\t>\n<div class=\"siteorigin-widget-tinymce textwidget\">\n\t<table style=\"width: 100%;border-collapse: collapse;border: 2px solid #cccccc;font-size: 18px\">\n<tbody>\n<tr style=\"background-color: #f7f7f7\">\n<td style=\"padding: 5px 5px 2px 15px;vertical-align: middle;color: #13729a;font-weight: bold;text-align: left\"><strong><span style=\"color: #13729a\">Per\u00edodo de inscri\u00e7\u00e3o:<\/span><\/strong><\/td>\n<td style=\"padding: 5px 5px 2px 15px;vertical-align: middle;color: #003366;text-align: left\"><span style=\"color: #333333\">01\/08\/2026 a 31\/08\/2026 <\/span><\/td>\n<\/tr>\n<tr style=\"background-color: #ffffff\">\n<td style=\"padding: 5px 5px 2px 15px;vertical-align: middle;color: #13729a;font-weight: bold;text-align: left\"><strong><span style=\"color: #13729a\">Taxa de inscri\u00e7\u00e3o:<\/span><\/strong><\/td>\n<td style=\"padding: 5px 5px 2px 15px;vertical-align: middle;color: #003366;text-align: left\"><span style=\"color: #333333\">R$ 100,00 (<em>cem reais<\/em>)<\/span><\/td>\n<\/tr>\n<tr style=\"background-color: #f7f7f7\">\n<td style=\"padding: 5px 5px 2px 15px;vertical-align: middle;color: #13729a;font-weight: bold;text-align: left\"><strong><span style=\"color: #13729a\">Pagamento da taxa de inscri\u00e7\u00e3o:<\/span><\/strong><\/td>\n<td style=\"padding: 5px 5px 2px 15px;vertical-align: middle;color: #003366;text-align: left\"><span style=\"color: #333333\"><em>at\u00e9<\/em> 08\/09\/2026 <\/span><\/td>\n<\/tr>\n<tr style=\"background-color: #ffffff\">\n<td style=\"padding: 5px 5px 2px 15px;vertical-align: middle;color: #13729a;font-weight: bold;text-align: left\"><strong><span style=\"color: #13729a\">Homologa\u00e7\u00e3o dos inscritos:<\/span><\/strong><\/td>\n<td style=\"padding: 5px 5px 2px 15px;vertical-align: middle;color: #003366;text-align: left\"><span style=\"color: #333333\"><em>a partir de <\/em>10\/09\/2026 <\/span><\/td>\n<\/tr>\n<tr style=\"background-color: #f7f7f7\">\n<td style=\"padding: 5px 5px 2px 15px;vertical-align: middle;color: #13729a;font-weight: bold;text-align: left\"><strong><span style=\"color: #13729a\">Divulga\u00e7\u00e3o do Ensalamento:<\/span><\/strong><\/td>\n<td style=\"padding: 5px 5px 2px 15px;vertical-align: middle;color: #003366;text-align: left\"><span style=\"color: #333333\"><em>a partir de<\/em> 29\/10\/2026 <\/span><\/td>\n<\/tr>\n<tr style=\"background-color: #ffffff\">\n<td style=\"padding: 5px 5px 2px 15px;vertical-align: middle;color: #13729a;font-weight: bold;text-align: left\"><strong><span style=\"color: #13729a\">Aplica\u00e7\u00e3o das Provas<\/span><\/strong><\/td>\n<td style=\"padding: 5px 5px 2px 15px;vertical-align: middle;color: #003366;text-align: left\"><span style=\"color: #333333\">29\/11\/2026 <\/span><\/td>\n<\/tr>\n<tr style=\"background-color: #f7f7f7\">\n<td style=\"padding: 5px 5px 2px 15px;vertical-align: middle;color: #13729a;font-weight: bold;text-align: left\"><strong><span style=\"color: #13729a\">Divulga\u00e7\u00e3o dos Gabaritos<\/span><\/strong><\/td>\n<td style=\"padding: 5px 5px 2px 15px;vertical-align: middle;color: #003366;text-align: left\"><span style=\"color: #333333\">\u00e0s 20h00min de 29\/11\/2026 <\/span><\/td>\n<\/tr>\n<tr style=\"background-color: #ffffff\">\n<td style=\"padding: 5px 5px 2px 15px;vertical-align: middle;color: #13729a;font-weight: bold;text-align: left\"><strong><span style=\"color: #13729a\">Divulga\u00e7\u00e3o do Resultado Final<\/span><\/strong><\/td>\n<td style=\"padding: 5px 5px 2px 15px;vertical-align: middle;color: #003366;text-align: left\"><span style=\"color: #333333\"><strong>PSS 3:<\/strong> 18\/12\/2026 <em>a partir das 14h00min<\/em><\/span><br \/>\n<span style=\"color: #333333\"><strong>PSS 1 e 2:<\/strong> <em>a partir de<\/em> 01\/03\/2027<\/span><\/td>\n<\/tr>\n<\/tbody>\n<\/table>\n<\/div>\n<\/div><\/div><\/div><\/div><div id=\"pg-1719-1\"  class=\"panel-grid panel-no-style\" ><div id=\"pgc-1719-1-0\"  class=\"panel-grid-cell\" ><div id=\"panel-1719-1-0-0\" class=\"so-panel widget widget_sow-tabs panel-first-child panel-last-child\" data-index=\"2\" ><div\n\t\t\t\n\t\t\tclass=\"so-widget-sow-tabs so-widget-sow-tabs-default-d6bcc355c986-1719\"\n\t\t\t\n\t\t><div class=\"sow-tabs\">\n\t<div class=\"sow-tabs-tab-container\" role=\"tablist\">\n\t\t\t<div class=\"sow-tabs-tab\"\n\t\t\t role=\"tab\" data-anchor=\"sobre-o-pss\"\n\t\t\t aria-selected=\"false\" tabindex=\"-1\">\n\t\t\t<div class=\"sow-tabs-title sow-tabs-title-icon-left\">\n\t\t\t\t\t\t\t\tSobre o PSS\t\t\t\t\t\t\t<\/div>\n\t\t<\/div>\n\t\t\t<div class=\"sow-tabs-tab\"\n\t\t\t role=\"tab\" data-anchor=\"isen%c3%a7%c3%a3o\"\n\t\t\t aria-selected=\"false\" tabindex=\"-1\">\n\t\t\t<div class=\"sow-tabs-title sow-tabs-title-icon-left\">\n\t\t\t\t\t\t\t\tIsen\u00e7\u00e3o\t\t\t\t\t\t\t<\/div>\n\t\t<\/div>\n\t\t\t<div class=\"sow-tabs-tab sow-tabs-tab-selected\"\n\t\t\t role=\"tab\" data-anchor=\"conte%c3%bados\"\n\t\t\t aria-selected=\"true\" tabindex=\"0\">\n\t\t\t<div class=\"sow-tabs-title sow-tabs-title-icon-left\">\n\t\t\t\t\t\t\t\tConte\u00fados\t\t\t\t\t\t\t<\/div>\n\t\t<\/div>\n\t\t\t<div class=\"sow-tabs-tab\"\n\t\t\t role=\"tab\" data-anchor=\"manual-do-candidato\"\n\t\t\t aria-selected=\"false\" tabindex=\"-1\">\n\t\t\t<div class=\"sow-tabs-title sow-tabs-title-icon-left\">\n\t\t\t\t\t\t\t\tManual do Candidato\t\t\t\t\t\t\t<\/div>\n\t\t<\/div>\n\t\t\t<div class=\"sow-tabs-tab\"\n\t\t\t role=\"tab\" data-anchor=\"inscri%c3%a7%c3%a3o\"\n\t\t\t aria-selected=\"false\" tabindex=\"-1\">\n\t\t\t<div class=\"sow-tabs-title sow-tabs-title-icon-left\">\n\t\t\t\t\t\t\t\tInscri\u00e7\u00e3o\t\t\t\t\t\t\t<\/div>\n\t\t<\/div>\n\t\t\t<div class=\"sow-tabs-tab\"\n\t\t\t role=\"tab\" data-anchor=\"contato\"\n\t\t\t aria-selected=\"false\" tabindex=\"-1\">\n\t\t\t<div class=\"sow-tabs-title sow-tabs-title-icon-left\">\n\t\t\t\t\t\t\t\tContato\t\t\t\t\t\t\t<\/div>\n\t\t<\/div>\n\t\t<\/div>\n\t\n\t<div class=\"sow-tabs-panel-container\">\n\t\t\t<div class=\"sow-tabs-panel\">\n\t\t\t<div class=\"sow-tabs-panel-content\" role=\"tabpanel\" aria-hidden=\"true\">\n\t\t\t\t<p><span style=\"color: #000000\"><strong>O PSS N\u00c3O \u00c9 UM EXAME VOCACIONADO<\/strong><\/span><\/p>\n<div>\n<ul>\n<li><span style=\"color: #333333\">Tudo que voc\u00ea est\u00e1 estudando \u00e9 importante nessa modalidade de sele\u00e7\u00e3o.<\/span><\/li>\n<li><span style=\"color: #333333\">Mesmo participando do PSS voc\u00ea poder\u00e1 inscrever-se no Vestibular da UEPG, que continuar\u00e1 sendo ofertado, pois ser\u00e1 permitida a realiza\u00e7\u00e3o nas duas modalidades de sele\u00e7\u00e3o.<\/span><\/li>\n<li><span style=\"color: #333333\">\u00c9 uma chance a mais de\u00a0assegurar\u00a0sua vaga na\u00a0universidade.<\/span><\/li>\n<li><span style=\"color: #333333\"><strong>AT\u00c9 25% DAS VAGAS DOS CURSOS DE GRADUA\u00c7\u00c3O SER\u00c3O RESERVADAS A CANDIDATOS INSCRITOS NO PSS.<\/strong><\/span><\/li>\n<\/ul>\n<\/div>\n<div><span style=\"color: #333333\">S\u00e3o tr\u00eas passos para a conquista de seu lugar na universidade. N\u00e3o d\u00e1 para perder a chance desse caminho alternativo que passa por provas anuais (1, 2 e 3) e avalia as compet\u00eancias e habilidades adquiridas pelo aluno em cada uma das s\u00e9ries do ensino m\u00e9dio.<\/span><\/div>\n<div><\/div>\n<p>&nbsp;<\/p>\n<div style=\"padding-left: 40px\" data-wp-editing=\"1\"><img class=\"alignleft\" src=\"https:\/\/cps.uepg.br\/inicio\/images\/video_button.png\" alt=\"video button\" width=\"30\" height=\"30\" \/><a href=\"https:\/\/www.youtube.com\/watch?v=Rs3WJzKfMGA\">PSS -\u00a0\u00a0V\u00eddeo Explicativo<\/a><\/div>\n\t\t\t<\/div>\n\t\t<\/div>\n\t\t\t<div class=\"sow-tabs-panel\">\n\t\t\t<div class=\"sow-tabs-panel-content\" role=\"tabpanel\" aria-hidden=\"true\">\n\t\t\t\t<p><em><span style=\"color: #ff0000\">A ISEN\u00c7\u00c3O DE TAXA PARA O PSS, S\u00d3 PODE SER SOLICITADA PELO ESTABELECIMENTO DE ENSINO P\u00daBLICO, LISTADO NO EDITAL n\u00ba 04\/2026-CPS.<\/span><\/em><strong><br \/>\n<\/strong><\/p>\n<blockquote>\n<p><span style=\"color: #ff0000\"><strong><em>&gt;&gt; O candidato do PSS ou seu respons\u00e1vel <span style=\"text-decoration: underline\">n\u00e3o pode solicitar a isen\u00e7\u00e3o<\/span>! &lt;&lt;&lt;<\/em><\/strong><\/span><\/p>\n<\/blockquote>\n<p>- Se voc\u00ea estuda em um dos estabelecimentos de ensino mencionados no Edital 04\/2026-CPS, que tem direito a isen\u00e7\u00e3o, procure a secretaria da sua escola.<br \/>\n- O estabelecimento \u00e9 quem define os crit\u00e9rios para a sele\u00e7\u00e3o dos alunos que ser\u00e3o os isentos.<br \/>\n- A quantidade de alunos que podem ser isentos, est\u00e1 definida no edital.<br \/>\n- Ap\u00f3s a sele\u00e7\u00e3o, a secretaria do estabelecimento oficializa protocolando um OF\u00cdCIO em PDF, assinado pela dire\u00e7\u00e3o ou secret\u00e1ria do col\u00e9gio, no protocolo eletr\u00f4nico SEI, conforme procedimentos tamb\u00e9m descritos no edital.<\/p>\n<ul>\n<li><img src=\"https:\/\/cps.uepg.br\/inicio\/images\/pdf_icone.png\" alt=\"pdf icone\" width=\"30\" height=\"30\" \/><a href=\"https:\/\/www2.uepg.br\/cps\/wp-content\/uploads\/sites\/270\/2026\/04\/EDT04-2026-IsencaoPSS2026.pdf\" target=\"_blank\" rel=\"noopener\">Edital 04\/2026-CPS - Isen\u00e7\u00e3o PSS\/2026<\/a><\/li>\n<\/ul>\n<p><strong>Cabe aos estabelecimentos de ensino mencionados no Edital n\u00ba 04\/2026-CPS, al\u00e9m da sele\u00e7\u00e3o dos alunos em situa\u00e7\u00e3o de car\u00eancia socioecon\u00f4mica que devem ser beneficiados, tornar p\u00fablico em edital pr\u00f3prio a rela\u00e7\u00e3o dos isentos da taxa de inscri\u00e7\u00e3o de cada PSS e informar \u00e0 CPS\u2013UEPG conforme descrito no mencionado Edital.<\/strong><\/p>\n<hr \/>\n<ul>\n<li><img src=\"https:\/\/cps.uepg.br\/inicio\/images\/pdf_icone.png\" alt=\"pdf icone\" width=\"30\" height=\"30\" \/><a href=\"https:\/\/www2.uepg.br\/prae\/wp-content\/uploads\/sites\/18\/2020\/11\/10_Regulamento-da-isencao-da-taxa-de-inscricao-PSS.pdf\" target=\"_blank\" rel=\"noopener\">Resolu\u00e7\u00e3o CA n\u00ba 544\/2013 - Regulamenta a isen\u00e7\u00e3o da taxa de inscri\u00e7\u00e3o do PSS da UEPG<\/a><\/li>\n<\/ul>\n<p><em>Fica dispensado do recolhimento do valor referente \u00e0 taxa de inscri\u00e7\u00e3o \u00e0s provas do Processo Seletivo Seriado \u2013 PSS 1, 2 e 3, o candidato interessado que preencher as seguintes condi\u00e7\u00f5es:<\/em><\/p>\n<p style=\"padding-left: 40px\"><em>I - ser aluno de escola da rede p\u00fablica de ensino;<\/em><\/p>\n<p style=\"padding-left: 40px\"><em>II - comprovar car\u00eancia econ\u00f4mica familiar de acordo com par\u00e2metros e crit\u00e9rios estabelecidos pelo estabelecimento de ensino em que cumpre o ensino m\u00e9dio regular;<\/em><\/p>\n<p style=\"padding-left: 40px\"><em>III - estar cursando a 1\u00aa , a 2\u00aa , a 3\u00aa\u00a0s\u00e9rie ou a 4\u00aa\u00a0s\u00e9rie (Ensino M\u00e9dio de quatro anos), respectivamente, se aluno pertencente ao PSS 1, PSS 2 ou PSS 3 (3\u00aa\u00a0s\u00e9rie e 4\u00aa\u00a0s\u00e9rie).<\/em><\/p>\n<p><em>Fica estabelecido o percentual de 10% (dez por cento) do total de alunos inscritos efetivados do estabelecimento de ensino, no Processo Seletivo Seriado do ano imediatamente anterior ao do ano corrente.<\/em><\/p>\n\t\t\t<\/div>\n\t\t<\/div>\n\t\t\t<div class=\"sow-tabs-panel\">\n\t\t\t<div class=\"sow-tabs-panel-content\" role=\"tabpanel\" tabindex=\"0\">\n\t\t\t\t<ul>\n<li class=\"container\"><img class=\"wp-image-556 alignnone\" src=\"https:\/\/www2.uepg.br\/cps\/wp-content\/uploads\/sites\/270\/2025\/05\/pdf_icone.png\" alt=\"\" width=\"18\" height=\"18\" \/> <a href=\"https:\/\/www2.uepg.br\/cps\/wp-content\/uploads\/sites\/270\/2026\/03\/2026_PSS_1_CONTEUDOS_PROGRAMATICOS_-NEM.pdf\">Conte\u00fados Program\u00e1ticos - PSS 1<\/a><\/li>\n<li><img class=\"wp-image-556 alignnone\" src=\"https:\/\/www2.uepg.br\/cps\/wp-content\/uploads\/sites\/270\/2025\/05\/pdf_icone.png\" alt=\"\" width=\"18\" height=\"18\" \/> <a href=\"https:\/\/www2.uepg.br\/cps\/wp-content\/uploads\/sites\/270\/2026\/03\/2026_PSS_2_CONTEUDOS_PROGRAMATICOS_-NEM.pdf\">Conte\u00fados Program\u00e1ticos - PSS 2<\/a><\/li>\n<li><img class=\"wp-image-556 alignnone\" src=\"https:\/\/www2.uepg.br\/cps\/wp-content\/uploads\/sites\/270\/2025\/05\/pdf_icone.png\" alt=\"\" width=\"18\" height=\"18\" \/> <a href=\"https:\/\/www2.uepg.br\/cps\/wp-content\/uploads\/sites\/270\/2026\/03\/2026_PSS_3_CONTEUDOS_PROGRAMATICOS_-NEM.pdf\">Conte\u00fados Program\u00e1ticos - PSS 3<\/a><\/li>\n<\/ul>\n<hr \/>\n<ul>\n<li style=\"text-align: left\"><img class=\"wp-image-556 alignnone\" src=\"https:\/\/www2.uepg.br\/cps\/wp-content\/uploads\/sites\/270\/2025\/05\/pdf_icone.png\" alt=\"\" width=\"18\" height=\"18\" \/> <a href=\"https:\/\/www2.uepg.br\/cps\/wp-content\/uploads\/sites\/270\/2026\/03\/Boletim-05-2026-Obras-Litera\u0301rias-PSS-2026.pdf\">Obras Liter\u00e1rias<\/a><\/li>\n<\/ul>\n<hr \/>\n<ul>\n<li style=\"text-align: left\"><img class=\"wp-image-556 alignnone\" src=\"https:\/\/www2.uepg.br\/cps\/wp-content\/uploads\/sites\/270\/2025\/05\/pdf_icone.png\" alt=\"\" width=\"18\" height=\"18\" \/> <a href=\"https:\/\/www2.uepg.br\/cps\/wp-content\/uploads\/sites\/270\/2026\/03\/Boletim-04-2026-Ge\u0302neros-Redac\u0327a\u0303o-PSS-2026.pdf\">G\u00eaneros de Reda\u00e7\u00e3o<\/a><\/li>\n<\/ul>\n\t\t\t<\/div>\n\t\t<\/div>\n\t\t\t<div class=\"sow-tabs-panel\">\n\t\t\t<div class=\"sow-tabs-panel-content\" role=\"tabpanel\" aria-hidden=\"true\">\n\t\t\t\t<ul>\n<li class=\"container\"><img class=\"wp-image-556 alignnone\" src=\"https:\/\/www2.uepg.br\/cps\/wp-content\/uploads\/sites\/270\/2025\/05\/pdf_icone.png\" alt=\"\" width=\"18\" height=\"18\" \/> PSS 1 - Manual do Candidato 2026 (<em>em breve<\/em>)<\/li>\n<li class=\"container\"><img class=\"wp-image-556 alignnone\" src=\"https:\/\/www2.uepg.br\/cps\/wp-content\/uploads\/sites\/270\/2025\/05\/pdf_icone.png\" alt=\"\" width=\"18\" height=\"18\" \/> PSS 2 - Manual do Candidato 2026\u00a0(<em>em breve<\/em>)<\/li>\n<li><img class=\"wp-image-556 alignnone\" src=\"https:\/\/www2.uepg.br\/cps\/wp-content\/uploads\/sites\/270\/2025\/05\/pdf_icone.png\" alt=\"\" width=\"18\" height=\"18\" \/> PSS 3 - Manual do Candidato 2026 (<em>em breve<\/em>)<\/li>\n<\/ul>\n\t\t\t<\/div>\n\t\t<\/div>\n\t\t\t<div class=\"sow-tabs-panel\">\n\t\t\t<div class=\"sow-tabs-panel-content\" role=\"tabpanel\" aria-hidden=\"true\">\n\t\t\t\t<table style=\"border-collapse: collapse;width: auto;margin: 0 !important;float: left\">\n<tbody>\n<tr>\n<td style=\"vertical-align: middle;padding: 10px;text-align: left\"><img src=\"https:\/\/www2.uepg.br\/cps\/wp-content\/uploads\/sites\/270\/2023\/06\/Situacao.png\" alt=\"\u00cdcone\" width=\"46\" height=\"46\" \/><\/td>\n<td style=\"vertical-align: middle;padding: 10px;font-size: 18px;text-align: left\">Acesso ao Sistema de Inscri\u00e7\u00e3o (<em style=\"font-size: 16px\">a partir de 01\/08\/2026<\/em>)<\/td>\n<\/tr>\n<\/tbody>\n<\/table>\t\t\t<\/div>\n\t\t<\/div>\n\t\t\t<div class=\"sow-tabs-panel\">\n\t\t\t<div class=\"sow-tabs-panel-content\" role=\"tabpanel\" aria-hidden=\"true\">\n\t\t\t\t<p><strong>Informa\u00e7\u00f5es sobre o Processo Seletivo Seriado<\/strong><\/p>\n<p>Coordenadoria de Processos de Sele\u00e7\u00e3o - (CPS)<\/p>\n<p>(42) 3220-3718<\/p>\n<hr \/>\n<p><strong>Atendimento<\/strong><\/p>\n<p>Dias \u00fateis (de segunda a sexta-feira), das 8h00min \u00e0s 12h00min das 13h30min \u00e0s 17h30min<\/p>\n<hr \/>\n<p><strong>Outros<\/strong><\/p>\n<p><a href=\"https:\/\/www.facebook.com\/oficialuepg\/\">@oficialuepg<\/a><\/p>\n\t\t\t<\/div>\n\t\t<\/div>\n\t\t<\/div>\n<\/div>\n<\/div><\/div><\/div><\/div><\/div>","protected":false},"excerpt":{"rendered":"<p>Per\u00edodo de inscri\u00e7\u00e3o: 01\/08\/2026 a 31\/08\/2026 Taxa de inscri\u00e7\u00e3o: R$ 100,00 (cem reais) Pagamento da taxa de inscri\u00e7\u00e3o: at\u00e9 08\/09\/2026 Homologa\u00e7\u00e3o dos inscritos: a partir de 10\/09\/2026 Divulga\u00e7\u00e3o do Ensalamento: a partir de 29\/10\/2026 Aplica\u00e7\u00e3o das Provas 29\/11\/2026 Divulga\u00e7\u00e3o dos Gabaritos \u00e0s 20h00min de 29\/11\/2026 Divulga\u00e7\u00e3o do Resultado Final PSS 3: 18\/12\/2026 a partir das&nbsp;&hellip;<\/p>\n","protected":false},"author":670,"featured_media":0,"parent":0,"menu_order":0,"comment_status":"closed","ping_status":"closed","template":"","meta":[],"_links":{"self":[{"href":"https:\/\/www2.uepg.br\/cps\/wp-json\/wp\/v2\/pages\/1719"}],"collection":[{"href":"https:\/\/www2.uepg.br\/cps\/wp-json\/wp\/v2\/pages"}],"about":[{"href":"https:\/\/www2.uepg.br\/cps\/wp-json\/wp\/v2\/types\/page"}],"author":[{"embeddable":true,"href":"https:\/\/www2.uepg.br\/cps\/wp-json\/wp\/v2\/users\/670"}],"replies":[{"embeddable":true,"href":"https:\/\/www2.uepg.br\/cps\/wp-json\/wp\/v2\/comments?post=1719"}],"version-history":[{"count":7,"href":"https:\/\/www2.uepg.br\/cps\/wp-json\/wp\/v2\/pages\/1719\/revisions"}],"predecessor-version":[{"id":1732,"href":"https:\/\/www2.uepg.br\/cps\/wp-json\/wp\/v2\/pages\/1719\/revisions\/1732"}],"wp:attachment":[{"href":"https:\/\/www2.uepg.br\/cps\/wp-json\/wp\/v2\/media?parent=1719"}],"curies":[{"name":"wp","href":"https:\/\/api.w.org\/{rel}","templated":true}]}}