{"id":240,"date":"2023-06-30T11:05:14","date_gmt":"2023-06-30T14:05:14","guid":{"rendered":"https:\/\/www2.uepg.br\/cps\/?page_id=240"},"modified":"2025-07-01T14:42:40","modified_gmt":"2025-07-01T17:42:40","slug":"ead","status":"publish","type":"page","link":"https:\/\/www2.uepg.br\/cps\/ead\/","title":{"rendered":"2\u00ba Vestibular EAD 2025"},"content":{"rendered":"<div id=\"pl-240\"  class=\"panel-layout\" ><div id=\"pg-240-0\"  class=\"panel-grid panel-no-style\" ><div id=\"pgc-240-0-0\"  class=\"panel-grid-cell\" ><div id=\"panel-240-0-0-0\" class=\"so-panel widget widget_sow-editor panel-first-child panel-last-child\" data-index=\"0\" ><div\n\t\t\t\n\t\t\tclass=\"so-widget-sow-editor so-widget-sow-editor-base\"\n\t\t\t\n\t\t><h3 class=\"widget-title\">  <\/h3>\n<div class=\"siteorigin-widget-tinymce textwidget\">\n\t<p><img loading=\"lazy\" class=\"aligncenter wp-image-704 size-materialis-full-hd\" src=\"https:\/\/www2.uepg.br\/cps\/wp-content\/uploads\/sites\/270\/2025\/05\/vestibular-ead.jpg\" alt=\"\" width=\"1428\" height=\"1080\" \/><\/p>\n<\/div>\n<\/div><\/div><\/div><div id=\"pgc-240-0-1\"  class=\"panel-grid-cell\" ><div id=\"panel-240-0-1-0\" class=\"so-panel widget widget_sow-editor panel-first-child panel-last-child\" data-index=\"1\" ><div\n\t\t\t\n\t\t\tclass=\"so-widget-sow-editor so-widget-sow-editor-base\"\n\t\t\t\n\t\t><h3 class=\"widget-title\">  <\/h3>\n<div class=\"siteorigin-widget-tinymce textwidget\">\n\t<p style=\"text-align: center\"><strong>CURSOS AT\u00c9 20% PRESENCIAL NO POLO E 80% ONLINE<\/strong><\/p>\n<p style=\"text-align: center\"><span style=\"color: #ff0000\">A classifica\u00e7\u00e3o dos aprovados ser\u00e1 pela AN\u00c1LISE DE NOTAS DO HIST\u00d3RICO ESCOLAR DO ENSINO M\u00c9DIO.<\/span><\/p>\n<table style=\"width: 100%;border-collapse: collapse;border: 2px solid #ccc\">\n<tbody>\n<tr style=\"background-color: #f7f7f7\">\n<td style=\"padding: 10px;color: #13729a;font-weight: bold\">Per\u00edodo de inscri\u00e7\u00e3o:<\/td>\n<td style=\"padding: 10px;color: #003366\">01\/06\/2025 a 16\/06\/2025<\/td>\n<\/tr>\n<tr style=\"background-color: #ffffff\">\n<td style=\"padding: 10px;color: #13729a;font-weight: bold\">Taxa de inscri\u00e7\u00e3o:<\/td>\n<td style=\"padding: 10px;color: #003366\">R$ 50,00 (cinquenta reais)<\/td>\n<\/tr>\n<tr style=\"background-color: #f7f7f7\">\n<td style=\"padding: 10px;color: #13729a;font-weight: bold\">Pagamento da taxa de inscri\u00e7\u00e3o:<\/td>\n<td style=\"padding: 10px;color: #003366\">at\u00e9 17\/06\/2025<\/td>\n<\/tr>\n<tr style=\"background-color: #ffffff\">\n<td style=\"padding: 10px;color: #13729a;font-weight: bold\">Homologa\u00e7\u00e3o dos inscritos:<\/td>\n<td style=\"padding: 10px;color: #003366\">18\/06\/2025<\/td>\n<\/tr>\n<tr style=\"background-color: #f7f7f7\">\n<td style=\"padding: 10px;color: #13729a;font-weight: bold\">Homologa\u00e7\u00e3o dos inscritos ap\u00f3s Recursos:<\/td>\n<td style=\"padding: 10px;color: #003366\">24\/06\/2025<\/td>\n<\/tr>\n<tr style=\"background-color: #ffffff\">\n<td style=\"padding: 10px;color: #13729a;font-weight: bold\">Divulga\u00e7\u00e3o do Resultado Provis\u00f3rio:<\/td>\n<td style=\"padding: 10px;color: #003366\">26\/06\/2025<\/td>\n<\/tr>\n<tr style=\"background-color: #f7f7f7\">\n<td style=\"padding: 10px;color: #13729a;font-weight: bold\">Divulga\u00e7\u00e3o do Resultado Definitivo:<\/td>\n<td style=\"padding: 10px;color: #003366\">01\/07\/2025<\/td>\n<\/tr>\n<\/tbody>\n<\/table>\n<\/div>\n<\/div><\/div><\/div><\/div><div id=\"pg-240-1\"  class=\"panel-grid panel-no-style\" ><div id=\"pgc-240-1-0\"  class=\"panel-grid-cell\" ><div id=\"panel-240-1-0-0\" class=\"so-panel widget widget_sow-tabs panel-first-child panel-last-child\" data-index=\"2\" ><div\n\t\t\t\n\t\t\tclass=\"so-widget-sow-tabs so-widget-sow-tabs-default-d6bcc355c986-240\"\n\t\t\t\n\t\t><div class=\"sow-tabs\">\n\t<div class=\"sow-tabs-tab-container\" role=\"tablist\">\n\t\t\t<div class=\"sow-tabs-tab\"\n\t\t\t role=\"tab\" data-anchor=\"cursos-e-polos\"\n\t\t\t aria-selected=\"false\" tabindex=\"-1\">\n\t\t\t<div class=\"sow-tabs-title sow-tabs-title-icon-left\">\n\t\t\t\t\t\t\t\tCursos e Polos\t\t\t\t\t\t\t<\/div>\n\t\t<\/div>\n\t\t\t<div class=\"sow-tabs-tab\"\n\t\t\t role=\"tab\" data-anchor=\"manual-do-candidato\"\n\t\t\t aria-selected=\"false\" tabindex=\"-1\">\n\t\t\t<div class=\"sow-tabs-title sow-tabs-title-icon-left\">\n\t\t\t\t\t\t\t\tManual do Candidato\t\t\t\t\t\t\t<\/div>\n\t\t<\/div>\n\t\t\t<div class=\"sow-tabs-tab\"\n\t\t\t role=\"tab\" data-anchor=\"inscri%c3%a7%c3%a3o\"\n\t\t\t aria-selected=\"false\" tabindex=\"-1\">\n\t\t\t<div class=\"sow-tabs-title sow-tabs-title-icon-left\">\n\t\t\t\t\t\t\t\tInscri\u00e7\u00e3o\t\t\t\t\t\t\t<\/div>\n\t\t<\/div>\n\t\t\t<div class=\"sow-tabs-tab\"\n\t\t\t role=\"tab\" data-anchor=\"homologa%c3%a7%c3%a3o-das-inscri%c3%a7%c3%b5es\"\n\t\t\t aria-selected=\"false\" tabindex=\"-1\">\n\t\t\t<div class=\"sow-tabs-title sow-tabs-title-icon-left\">\n\t\t\t\t\t\t\t\tHomologa\u00e7\u00e3o das Inscri\u00e7\u00f5es\t\t\t\t\t\t\t<\/div>\n\t\t<\/div>\n\t\t\t<div class=\"sow-tabs-tab sow-tabs-tab-selected\"\n\t\t\t role=\"tab\" data-anchor=\"resultado\"\n\t\t\t aria-selected=\"true\" tabindex=\"0\">\n\t\t\t<div class=\"sow-tabs-title sow-tabs-title-icon-left\">\n\t\t\t\t\t\t\t\tResultado\t\t\t\t\t\t\t<\/div>\n\t\t<\/div>\n\t\t\t<div class=\"sow-tabs-tab\"\n\t\t\t role=\"tab\" data-anchor=\"matr%c3%adcula\"\n\t\t\t aria-selected=\"false\" tabindex=\"-1\">\n\t\t\t<div class=\"sow-tabs-title sow-tabs-title-icon-left\">\n\t\t\t\t\t\t\t\tMatr\u00edcula\t\t\t\t\t\t\t<\/div>\n\t\t<\/div>\n\t\t\t<div class=\"sow-tabs-tab\"\n\t\t\t role=\"tab\" data-anchor=\"contato\"\n\t\t\t aria-selected=\"false\" tabindex=\"-1\">\n\t\t\t<div class=\"sow-tabs-title sow-tabs-title-icon-left\">\n\t\t\t\t\t\t\t\tContato\t\t\t\t\t\t\t<\/div>\n\t\t<\/div>\n\t\t<\/div>\n\t\n\t<div class=\"sow-tabs-panel-container\">\n\t\t\t<div class=\"sow-tabs-panel\">\n\t\t\t<div class=\"sow-tabs-panel-content\" role=\"tabpanel\" aria-hidden=\"true\">\n\t\t\t\t<p><img class=\"alignleft size-full wp-image-546\" src=\"https:\/\/www2.uepg.br\/cps\/wp-content\/uploads\/sites\/270\/2025\/05\/Screenshot_6.png\" alt=\"\" width=\"1240\" height=\"320\" \/><\/p>\n\t\t\t<\/div>\n\t\t<\/div>\n\t\t\t<div class=\"sow-tabs-panel\">\n\t\t\t<div class=\"sow-tabs-panel-content\" role=\"tabpanel\" aria-hidden=\"true\">\n\t\t\t\t<div class=\"container\"><img class=\"alignleft wp-image-556\" src=\"https:\/\/www2.uepg.br\/cps\/wp-content\/uploads\/sites\/270\/2025\/05\/pdf_icone.png\" alt=\"\" width=\"24\" height=\"24\" \/><a href=\"https:\/\/www2.uepg.br\/cps\/wp-content\/uploads\/sites\/270\/2025\/05\/MANUAL_DO_CANDIDATO_2o_VESTIBULAR_EAD_2025.pdf\">Manual do Candidato<\/a> <img class=\"size-full wp-image-442 alignnone\" src=\"https:\/\/www2.uepg.br\/cps\/wp-content\/uploads\/sites\/270\/2023\/07\/novo.gif\" alt=\"\" width=\"35\" height=\"15\" \/><\/div>\t\t\t<\/div>\n\t\t<\/div>\n\t\t\t<div class=\"sow-tabs-panel\">\n\t\t\t<div class=\"sow-tabs-panel-content\" role=\"tabpanel\" aria-hidden=\"true\">\n\t\t\t\t<p><img class=\"alignleft wp-image-556\" src=\"https:\/\/www2.uepg.br\/cps\/wp-content\/uploads\/sites\/270\/2025\/05\/pdf_icone.png\" alt=\"\" width=\"24\" height=\"24\" \/><a href=\"https:\/\/www2.uepg.br\/cps\/wp-content\/uploads\/sites\/270\/2025\/06\/Edital-no-19-2025-ISENCAO-2o-VESTIBULAR-EAD-2025-APOS-RECURSOS.pdf\">Edital n\u00ba 19-2025 - Isen\u00e7\u00e3o da Taxa de Inscri\u00e7\u00e3o - 2\u00ba VESTIBULAR EAD 2025 - Ap\u00f3s Recursos<\/a>\u00a0<img class=\"size-full wp-image-442 alignnone\" src=\"https:\/\/www2.uepg.br\/cps\/wp-content\/uploads\/sites\/270\/2023\/07\/novo.gif\" alt=\"\" width=\"35\" height=\"15\" \/><\/p>\n<p><a href=\"https:\/\/www2.uepg.br\/cps\/wp-content\/uploads\/sites\/270\/2025\/06\/Edital_n_18-2025_ISENCAO_2o_VESTIBULAR_EAD_2025.pdf\"><img class=\"alignleft wp-image-556\" src=\"https:\/\/www2.uepg.br\/cps\/wp-content\/uploads\/sites\/270\/2025\/05\/pdf_icone.png\" alt=\"\" width=\"24\" height=\"24\" \/>Edital n\u00ba 18-2025 - Isen\u00e7\u00e3o da Taxa de Inscri\u00e7\u00e3o - 2\u00ba VESTIBULAR EAD 2025<\/a><\/p>\n<div class=\"container\"><img class=\"alignleft wp-image-217\" src=\"https:\/\/www2.uepg.br\/cps\/wp-content\/uploads\/sites\/270\/2023\/06\/Situacao.png\" alt=\"\" width=\"24\" height=\"24\" \/><a href=\"https:\/\/sistemas.uepg.br\/cps\/uab\/ead_2025_uepg_2\/\">Acesso ao Sistema de Inscri\u00e7\u00e3o<\/a><\/div>\n\t\t\t<\/div>\n\t\t<\/div>\n\t\t\t<div class=\"sow-tabs-panel\">\n\t\t\t<div class=\"sow-tabs-panel-content\" role=\"tabpanel\" aria-hidden=\"true\">\n\t\t\t\t<p><img class=\"alignleft wp-image-556\" src=\"https:\/\/www2.uepg.br\/cps\/wp-content\/uploads\/sites\/270\/2025\/05\/pdf_icone.png\" alt=\"\" width=\"24\" height=\"24\" \/><a href=\"https:\/\/www2.uepg.br\/cps\/wp-content\/uploads\/sites\/270\/2025\/06\/Edital-no-021-2025-HOMOLOGACAO-DAS-INSCRICOES-2o-VESTIBULAR-EAD-UEPG-2025-APOS-RECURSOS.pdf\">Edital n\u00ba 21-2025 - Homologa\u00e7\u00e3o das Inscri\u00e7\u00f5es - 2\u00ba VESTIBULAR EAD 2025 - Ap\u00f3s Recursos<\/a><\/p>\n<p><img class=\"alignleft wp-image-556\" src=\"https:\/\/www2.uepg.br\/cps\/wp-content\/uploads\/sites\/270\/2025\/05\/pdf_icone.png\" alt=\"\" width=\"24\" height=\"24\" \/><a href=\"https:\/\/www2.uepg.br\/cps\/wp-content\/uploads\/sites\/270\/2025\/06\/Edital-no-020-2025-HOMOLOGACAO-DAS-INSCRICOES-2o-VESTIBULAR-EAD-UEPG-2025.pdf\">Edital n\u00ba 20-2025 - Homologa\u00e7\u00e3o das Inscri\u00e7\u00f5es - 2\u00ba VESTIBULAR EAD 2025<\/a><\/p>\n\t\t\t<\/div>\n\t\t<\/div>\n\t\t\t<div class=\"sow-tabs-panel\">\n\t\t\t<div class=\"sow-tabs-panel-content\" role=\"tabpanel\" tabindex=\"0\">\n\t\t\t\t<ul>\n<li class=\"container\"><a href=\"https:\/\/cps.uepg.br\/inicio\/resultado_uepg_ead_2025_2.htm\">Resultado Definitivo do 2\u00ba Vestibular UEPG EAD 2025<\/a> <img class=\"size-full wp-image-442 alignnone\" src=\"https:\/\/www2.uepg.br\/cps\/wp-content\/uploads\/sites\/270\/2023\/07\/novo.gif\" alt=\"\" width=\"35\" height=\"15\" \/><\/li>\n<\/ul>\n\t\t\t<\/div>\n\t\t<\/div>\n\t\t\t<div class=\"sow-tabs-panel\">\n\t\t\t<div class=\"sow-tabs-panel-content\" role=\"tabpanel\" aria-hidden=\"true\">\n\t\t\t\t<p><strong>UEPG<\/strong><\/p>\n<ul>\n<li><a href=\"https:\/\/www2.uepg.br\/prograd\/matricula-de-calouros-ead\/\">Informa\u00e7\u00f5es sobre Matr\u00edcula<\/a><\/li>\n<\/ul>\n\t\t\t<\/div>\n\t\t<\/div>\n\t\t\t<div class=\"sow-tabs-panel\">\n\t\t\t<div class=\"sow-tabs-panel-content\" role=\"tabpanel\" aria-hidden=\"true\">\n\t\t\t\t<p><strong>Informa\u00e7\u00f5es sobre o vestibular<\/strong><\/p>\n<p>Coordenadoria de Processos de Sele\u00e7\u00e3o - (CPS)<\/p>\n<p>(42) 3220-3718<\/p>\n<hr \/>\n<p><strong>Atendimento<\/strong><\/p>\n<p>Dias \u00fateis (de segunda a sexta-feira), das 8h00min \u00e0s 12h00min das 13h30min \u00e0s 17h30min<\/p>\n<hr \/>\n<p><strong>Outros<\/strong><\/p>\n<p><a href=\"https:\/\/www.facebook.com\/oficialuepg\/\">@oficialuepg<\/a><\/p>\n\t\t\t<\/div>\n\t\t<\/div>\n\t\t<\/div>\n<\/div>\n<\/div><\/div><\/div><\/div><\/div>","protected":false},"excerpt":{"rendered":"<p>CURSOS AT\u00c9 20% PRESENCIAL NO POLO E 80% ONLINE A classifica\u00e7\u00e3o dos aprovados ser\u00e1 pela AN\u00c1LISE DE NOTAS DO HIST\u00d3RICO ESCOLAR DO ENSINO M\u00c9DIO. Per\u00edodo de inscri\u00e7\u00e3o: 01\/06\/2025 a 16\/06\/2025 Taxa de inscri\u00e7\u00e3o: R$ 50,00 (cinquenta reais) Pagamento da taxa de inscri\u00e7\u00e3o: at\u00e9 17\/06\/2025 Homologa\u00e7\u00e3o dos inscritos: 18\/06\/2025 Homologa\u00e7\u00e3o dos inscritos ap\u00f3s Recursos: 24\/06\/2025 Divulga\u00e7\u00e3o&nbsp;&hellip;<\/p>\n","protected":false},"author":661,"featured_media":545,"parent":0,"menu_order":0,"comment_status":"closed","ping_status":"closed","template":"","meta":[],"_links":{"self":[{"href":"https:\/\/www2.uepg.br\/cps\/wp-json\/wp\/v2\/pages\/240"}],"collection":[{"href":"https:\/\/www2.uepg.br\/cps\/wp-json\/wp\/v2\/pages"}],"about":[{"href":"https:\/\/www2.uepg.br\/cps\/wp-json\/wp\/v2\/types\/page"}],"author":[{"embeddable":true,"href":"https:\/\/www2.uepg.br\/cps\/wp-json\/wp\/v2\/users\/661"}],"replies":[{"embeddable":true,"href":"https:\/\/www2.uepg.br\/cps\/wp-json\/wp\/v2\/comments?post=240"}],"version-history":[{"count":121,"href":"https:\/\/www2.uepg.br\/cps\/wp-json\/wp\/v2\/pages\/240\/revisions"}],"predecessor-version":[{"id":946,"href":"https:\/\/www2.uepg.br\/cps\/wp-json\/wp\/v2\/pages\/240\/revisions\/946"}],"wp:featuredmedia":[{"embeddable":true,"href":"https:\/\/www2.uepg.br\/cps\/wp-json\/wp\/v2\/media\/545"}],"wp:attachment":[{"href":"https:\/\/www2.uepg.br\/cps\/wp-json\/wp\/v2\/media?parent=240"}],"curies":[{"name":"wp","href":"https:\/\/api.w.org\/{rel}","templated":true}]}}