{"id":266,"date":"2023-07-03T08:35:44","date_gmt":"2023-07-03T11:35:44","guid":{"rendered":"https:\/\/www2.uepg.br\/cps\/?page_id=266"},"modified":"2026-04-09T18:04:13","modified_gmt":"2026-04-09T21:04:13","slug":"documentos","status":"publish","type":"page","link":"https:\/\/www2.uepg.br\/cps\/documentos\/","title":{"rendered":"Informa\u00e7\u00f5es importantes"},"content":{"rendered":"<div id=\"pl-266\"  class=\"panel-layout\" ><div id=\"pg-266-0\"  class=\"panel-grid panel-no-style\" ><div id=\"pgc-266-0-0\"  class=\"panel-grid-cell\" ><div id=\"panel-266-0-0-0\" class=\"so-panel widget widget_sow-editor panel-first-child panel-last-child\" data-index=\"0\" ><div\n\t\t\t\n\t\t\tclass=\"so-widget-sow-editor so-widget-sow-editor-base\"\n\t\t\t\n\t\t>\n<div class=\"siteorigin-widget-tinymce textwidget\">\n\t<h4 style=\"font-style: normal;text-align: center\"><span style=\"font-size: 18pt\">2026<\/span><\/h4>\n<ul style=\"font-style: normal;font-weight: 400;font-size: 12px;font-family: Verdana, Geneva, Kalimati, sans-serif;list-style-type: circle\">\n<li style=\"font-style: normal;font-weight: 400;font-size: medium;font-family: 'Times New Roman';color: #000000\"><img loading=\"lazy\" style=\"vertical-align: middle\" src=\"https:\/\/www2.uepg.br\/cps\/wp-content\/uploads\/sites\/270\/2025\/05\/pdf_icone.png\" alt=\"pdf icone\" width=\"30\" height=\"30\" \/><a style=\"font-family: arial, helvetica, sans-serif;font-size: 12pt\" href=\"https:\/\/www2.uepg.br\/cps\/wp-content\/uploads\/sites\/270\/2026\/03\/Boletim-01-2026-Datas-Vestibular-PSS-2026.pdf\"><span style=\"font-size: 10pt\">BOLETIM 01\/2026 - DATAS DOS VESTIBULARES E PSS - 2026<\/span><br \/>\n<\/a><\/li>\n<li style=\"font-style: normal;font-weight: 400;font-size: medium;font-family: 'Times New Roman';color: #000000\"><img loading=\"lazy\" style=\"vertical-align: middle\" src=\"https:\/\/www2.uepg.br\/cps\/wp-content\/uploads\/sites\/270\/2025\/05\/pdf_icone.png\" alt=\"pdf icone\" width=\"30\" height=\"30\" \/><a style=\"font-style: normal;font-weight: normal;font-size: 12px;font-family: Verdana, Geneva, Kalimati, sans-serif\" href=\"https:\/\/www2.uepg.br\/cps\/wp-content\/uploads\/sites\/270\/2026\/03\/Boletim-02-2026-Ge\u0302neros-Redac\u0327a\u0303o-Vestibular-2026.pdf\" target=\"_blank\" rel=\"noopener\">BOLETIM 02\/2026 - G\u00caNEROS DE REDA\u00c7\u00c3O - VESTIBULAR - 2026<\/a><\/li>\n<li style=\"font-style: normal;font-weight: 400;font-size: medium;font-family: 'Times New Roman';color: #000000\"><img loading=\"lazy\" style=\"vertical-align: middle\" src=\"https:\/\/www2.uepg.br\/cps\/wp-content\/uploads\/sites\/270\/2025\/05\/pdf_icone.png\" alt=\"pdf icone\" width=\"30\" height=\"30\" \/><a style=\"font-style: normal;font-weight: normal;font-size: 12px;font-family: Verdana, Geneva, Kalimati, sans-serif\" href=\"https:\/\/www2.uepg.br\/cps\/wp-content\/uploads\/sites\/270\/2026\/03\/Boletim-03-2026-Obras-Litera\u0301rias-Vestibular-2026.pdf\" target=\"_blank\" rel=\"noopener\">BOLETIM 03\/2026 - OBRAS LITER\u00c1RIAS - VESTIBULAR - 2026<\/a><\/li>\n<li style=\"font-style: normal;font-weight: 400;font-size: medium;font-family: 'Times New Roman';color: #000000\"><img loading=\"lazy\" style=\"vertical-align: middle\" src=\"https:\/\/www2.uepg.br\/cps\/wp-content\/uploads\/sites\/270\/2025\/05\/pdf_icone.png\" alt=\"pdf icone\" width=\"30\" height=\"30\" \/><a style=\"font-style: normal;font-weight: normal;font-size: 12px;font-family: Verdana, Geneva, Kalimati, sans-serif\" href=\"https:\/\/www2.uepg.br\/cps\/wp-content\/uploads\/sites\/270\/2026\/03\/2026_VESTIBULAR_CONTEU\u0301DOS-PROGRAMA\u0301TICOS.pdf\" target=\"_blank\" rel=\"noopener\">CONTE\u00daDO PROGRAM\u00c1TICO - VESTIBULAR - 2026<\/a><\/li>\n<li style=\"font-style: normal;font-weight: 400;font-size: medium;font-family: 'Times New Roman';color: #000000\"><img loading=\"lazy\" style=\"vertical-align: middle\" src=\"https:\/\/www2.uepg.br\/cps\/wp-content\/uploads\/sites\/270\/2025\/05\/pdf_icone.png\" alt=\"pdf icone\" width=\"30\" height=\"30\" \/><a style=\"font-style: normal;font-weight: normal;font-size: 12px;font-family: Verdana, Geneva, Kalimati, sans-serif\" href=\"https:\/\/www2.uepg.br\/cps\/wp-content\/uploads\/sites\/270\/2026\/03\/Boletim-04-2026-Ge\u0302neros-Redac\u0327a\u0303o-PSS-2026.pdf\" target=\"_blank\" rel=\"noopener\">BOLETIM 04\/2026 - G\u00caNEROS DE REDA\u00c7\u00c3O - PSS - 2026<\/a><\/li>\n<li style=\"font-style: normal;font-weight: 400;font-size: medium;font-family: 'Times New Roman';color: #000000\"><img loading=\"lazy\" style=\"vertical-align: middle\" src=\"https:\/\/www2.uepg.br\/cps\/wp-content\/uploads\/sites\/270\/2025\/05\/pdf_icone.png\" alt=\"pdf icone\" width=\"30\" height=\"30\" \/><a style=\"font-style: normal;font-weight: normal;font-size: 12px;font-family: Verdana, Geneva, Kalimati, sans-serif\" href=\"https:\/\/www2.uepg.br\/cps\/wp-content\/uploads\/sites\/270\/2026\/03\/Boletim-05-2026-Obras-Litera\u0301rias-PSS-2026.pdf\" target=\"_blank\" rel=\"noopener\">BOLETIM 05\/2026 - OBRAS LITER\u00c1RIAS - PSS - 2026<\/a><\/li>\n<li style=\"font-style: normal;font-weight: 400;font-size: medium;font-family: 'Times New Roman';color: #000000\"><img loading=\"lazy\" style=\"vertical-align: middle\" src=\"https:\/\/www2.uepg.br\/cps\/wp-content\/uploads\/sites\/270\/2025\/05\/pdf_icone.png\" alt=\"pdf icone\" width=\"30\" height=\"30\" \/><a style=\"font-style: normal;font-weight: normal;font-size: 12px;font-family: Verdana, Geneva, Kalimati, sans-serif\" href=\"https:\/\/www2.uepg.br\/cps\/wp-content\/uploads\/sites\/270\/2026\/03\/2026_PSS_1_CONTEUDOS_PROGRAMATICOS_-NEM.pdf\" target=\"_blank\" rel=\"noopener\">CONTE\u00daDO PROGRAM\u00c1TICO - PSS 1 - 2026<\/a><\/li>\n<li style=\"font-style: normal;font-weight: 400;font-size: medium;font-family: 'Times New Roman';color: #000000\"><img loading=\"lazy\" style=\"vertical-align: middle\" src=\"https:\/\/www2.uepg.br\/cps\/wp-content\/uploads\/sites\/270\/2025\/05\/pdf_icone.png\" alt=\"pdf icone\" width=\"30\" height=\"30\" \/><a style=\"font-style: normal;font-weight: normal;font-size: 12px;font-family: Verdana, Geneva, Kalimati, sans-serif\" href=\"https:\/\/www2.uepg.br\/cps\/wp-content\/uploads\/sites\/270\/2026\/03\/2026_PSS_2_CONTEUDOS_PROGRAMATICOS_-NEM.pdf\" target=\"_blank\" rel=\"noopener\">CONTE\u00daDO PROGRAM\u00c1TICO - PSS 2 - 2026<\/a><\/li>\n<li style=\"font-style: normal;font-weight: 400;font-size: medium;font-family: 'Times New Roman';color: #000000\"><img loading=\"lazy\" style=\"vertical-align: middle\" src=\"https:\/\/www2.uepg.br\/cps\/wp-content\/uploads\/sites\/270\/2025\/05\/pdf_icone.png\" alt=\"pdf icone\" width=\"30\" height=\"30\" \/><a style=\"font-style: normal;font-weight: normal;font-size: 12px;font-family: Verdana, Geneva, Kalimati, sans-serif\" href=\"https:\/\/www2.uepg.br\/cps\/wp-content\/uploads\/sites\/270\/2026\/03\/2026_PSS_3_CONTEUDOS_PROGRAMATICOS_-NEM.pdf\" target=\"_blank\" rel=\"noopener\">CONTE\u00daDO PROGRAM\u00c1TICO - PSS 3 - 2026<\/a><\/li>\n<li style=\"font-style: normal;font-weight: 400;font-size: medium;font-family: 'Times New Roman';color: #000000\"><img loading=\"lazy\" style=\"vertical-align: middle\" src=\"https:\/\/www2.uepg.br\/cps\/wp-content\/uploads\/sites\/270\/2025\/05\/pdf_icone.png\" alt=\"pdf icone\" width=\"30\" height=\"30\" \/><a style=\"font-style: normal;font-weight: normal;font-size: 12px;font-family: Verdana, Geneva, Kalimati, sans-serif\" href=\"https:\/\/www2.uepg.br\/cps\/wp-content\/uploads\/sites\/270\/2026\/04\/EDT04-2026-IsencaoPSS2026.pdf\" target=\"_blank\" rel=\"noopener\">EDITAL n\u00ba 04\/2026-CPS - Normas e Procedimentos \u2013 ISEN\u00c7\u00c3O \u2013 PSS 2026<\/a><\/li>\n<li style=\"font-style: normal;font-weight: 400;font-size: medium;font-family: 'Times New Roman';color: #000000\"><img loading=\"lazy\" style=\"vertical-align: middle\" src=\"https:\/\/www2.uepg.br\/cps\/wp-content\/uploads\/sites\/270\/2025\/05\/pdf_icone.png\" alt=\"pdf icone\" width=\"30\" height=\"30\" \/><a href=\"https:\/\/www2.uepg.br\/cps\/wp-content\/uploads\/sites\/270\/2026\/04\/RESOLUCAO-CEPE-004-2026-COMPOSICAO-DO-PSS.pdf\">RESOLU\u00c7\u00c3O CEPE 004-2026 - COMPOSI\u00c7\u00c3O DO PSS<\/a><\/li>\n<\/ul>\n<hr \/>\n<h4 style=\"font-style: normal;text-align: center\"><span style=\"font-size: 18pt\">2025<\/span><\/h4>\n<ul style=\"font-style: normal;font-weight: 400;font-size: 12px;font-family: Verdana, Geneva, Kalimati, sans-serif;list-style-type: circle\">\n<li style=\"font-style: normal;font-weight: 400;font-size: medium;font-family: 'Times New Roman';color: #000000\"><img loading=\"lazy\" style=\"vertical-align: middle\" src=\"https:\/\/www2.uepg.br\/cps\/wp-content\/uploads\/sites\/270\/2025\/05\/pdf_icone.png\" alt=\"pdf icone\" width=\"30\" height=\"30\" \/><a style=\"font-family: arial, helvetica, sans-serif;font-size: 12pt\" href=\"https:\/\/legislacao.apps.uepg.br\/documentosPublico\/11362023-06-1925.pdf\"><span style=\"font-size: 10pt\">RESOLU\u00c7\u00c3O CA - N\u00ba 2023.136 - Aprova as datas (2024, 2025 e 2026) do Processo Seletivo Seriado e do Vestibular da UEPG<\/span><\/a><\/li>\n<li style=\"font-style: normal;font-weight: 400;font-size: medium;font-family: 'Times New Roman';color: #000000\"><img loading=\"lazy\" style=\"vertical-align: middle\" src=\"https:\/\/www2.uepg.br\/cps\/wp-content\/uploads\/sites\/270\/2025\/05\/pdf_icone.png\" alt=\"pdf icone\" width=\"30\" height=\"30\" \/><a style=\"font-family: arial, helvetica, sans-serif;font-size: 12pt\" href=\"https:\/\/cps.uepg.br\/editais\/2025\/015-2025_Proposta_leitura_cartoes.pdf\"><span style=\"font-size: 10pt\">EDITAL N\u00ba 15\/2025 - CPS - Presta\u00e7\u00e3o de Servi\u00e7os<\/span><\/a><\/li>\n<li style=\"font-style: normal;font-weight: 400;font-size: medium;font-family: 'Times New Roman';color: #000000\"><img loading=\"lazy\" style=\"vertical-align: middle\" src=\"https:\/\/www2.uepg.br\/cps\/wp-content\/uploads\/sites\/270\/2025\/05\/pdf_icone.png\" alt=\"pdf icone\" width=\"30\" height=\"30\" \/><a style=\"font-family: arial, helvetica, sans-serif;font-size: 12pt\" href=\"https:\/\/cps.uepg.br\/documentos\/2025\/1-%20Datas%20-%20Vestibulares%20e%20PSS%202025.pdf\"><span style=\"font-size: 10pt\">DATAS DOS VESTIBULARES E PSS - 2025<\/span><\/a><\/li>\n<li style=\"font-style: normal;font-weight: 400;font-size: medium;font-family: 'Times New Roman';color: #000000\"><img loading=\"lazy\" style=\"vertical-align: middle\" src=\"https:\/\/www2.uepg.br\/cps\/wp-content\/uploads\/sites\/270\/2025\/05\/pdf_icone.png\" alt=\"pdf icone\" width=\"30\" height=\"30\" \/><a style=\"font-style: normal;font-weight: normal;font-size: 12px;font-family: Verdana, Geneva, Kalimati, sans-serif\" href=\"https:\/\/cps.uepg.br\/documentos\/2025\/2-%20G%C3%AAneros%20de%20Reda%C3%A7%C3%A3o%20-%20Vestibulares%202025.pdf\" target=\"_blank\" rel=\"noopener\">G\u00caNEROS DE REDA\u00c7\u00c3O - VESTIBULARES - 2025<\/a><\/li>\n<li style=\"font-style: normal;font-weight: 400;font-size: medium;font-family: 'Times New Roman';color: #000000\"><img loading=\"lazy\" style=\"vertical-align: middle\" src=\"https:\/\/www2.uepg.br\/cps\/wp-content\/uploads\/sites\/270\/2025\/05\/pdf_icone.png\" alt=\"pdf icone\" width=\"30\" height=\"30\" \/><a style=\"font-style: normal;font-weight: normal;font-size: 12px;font-family: Verdana, Geneva, Kalimati, sans-serif\" href=\"https:\/\/cps.uepg.br\/documentos\/2025\/3-%20Obras%20Liter%C3%A1rias%20-%20Vestibulares%202025.pdf\" target=\"_blank\" rel=\"noopener\">OBRAS LITER\u00c1RIAS - VESTIBULARES - 2025<\/a><\/li>\n<li style=\"font-style: normal;font-weight: 400;font-size: medium;font-family: 'Times New Roman';color: #000000\"><img loading=\"lazy\" style=\"vertical-align: middle\" src=\"https:\/\/www2.uepg.br\/cps\/wp-content\/uploads\/sites\/270\/2025\/05\/pdf_icone.png\" alt=\"pdf icone\" width=\"30\" height=\"30\" \/><a style=\"font-style: normal;font-weight: normal;font-size: 12px;font-family: Verdana, Geneva, Kalimati, sans-serif\" href=\"https:\/\/cps.uepg.br\/documentos\/2025\/Conte%C3%BAdos%20Program%C3%A1ticos%20%20-%20Vestibulares%202025.pdf\" target=\"_blank\" rel=\"noopener\">CONTE\u00daDO PROGRAM\u00c1TICO - VESTIBULARES - 2025<\/a><\/li>\n<li style=\"font-style: normal;font-weight: 400;font-size: medium;font-family: 'Times New Roman';color: #000000\"><img loading=\"lazy\" style=\"vertical-align: middle\" src=\"https:\/\/www2.uepg.br\/cps\/wp-content\/uploads\/sites\/270\/2025\/05\/pdf_icone.png\" alt=\"pdf icone\" width=\"30\" height=\"30\" \/><a style=\"font-style: normal;font-weight: normal;font-size: 12px;font-family: Verdana, Geneva, Kalimati, sans-serif\" href=\"https:\/\/cps.uepg.br\/documentos\/2025\/4-%20G%C3%AAneros%20de%20Reda%C3%A7%C3%A3o%20-%20PSS%202025.pdf\" target=\"_blank\" rel=\"noopener\">G\u00caNEROS DE REDA\u00c7\u00c3O - PSS - 2025<\/a><\/li>\n<li style=\"font-style: normal;font-weight: 400;font-size: medium;font-family: 'Times New Roman';color: #000000\"><img loading=\"lazy\" style=\"vertical-align: middle\" src=\"https:\/\/www2.uepg.br\/cps\/wp-content\/uploads\/sites\/270\/2025\/05\/pdf_icone.png\" alt=\"pdf icone\" width=\"30\" height=\"30\" \/><a style=\"font-style: normal;font-weight: normal;font-size: 12px;font-family: Verdana, Geneva, Kalimati, sans-serif\" href=\"https:\/\/cps.uepg.br\/documentos\/2025\/5-%20Obras%20Liter%C3%A1rias%20-%20PSS%202025.pdf\" target=\"_blank\" rel=\"noopener\">OBRAS LITER\u00c1RIAS - PSS - 2025<\/a><\/li>\n<li style=\"font-style: normal;font-weight: 400;font-size: medium;font-family: 'Times New Roman';color: #000000\"><img loading=\"lazy\" style=\"vertical-align: middle\" src=\"https:\/\/www2.uepg.br\/cps\/wp-content\/uploads\/sites\/270\/2025\/05\/pdf_icone.png\" alt=\"pdf icone\" width=\"30\" height=\"30\" \/><a style=\"font-style: normal;font-weight: normal;font-size: 12px;font-family: Verdana, Geneva, Kalimati, sans-serif\" href=\"https:\/\/cps.uepg.br\/documentos\/2025\/Conte%C3%BAdos%20Program%C3%A1ticos%20-%20PSS%201%202025.pdf\" target=\"_blank\" rel=\"noopener\">CONTE\u00daDO PROGRAM\u00c1TICO - PSS 1 - 2025<\/a><\/li>\n<li style=\"font-style: normal;font-weight: 400;font-size: medium;font-family: 'Times New Roman';color: #000000\"><img loading=\"lazy\" style=\"vertical-align: middle\" src=\"https:\/\/www2.uepg.br\/cps\/wp-content\/uploads\/sites\/270\/2025\/05\/pdf_icone.png\" alt=\"pdf icone\" width=\"30\" height=\"30\" \/><a style=\"font-style: normal;font-weight: normal;font-size: 12px;font-family: Verdana, Geneva, Kalimati, sans-serif\" href=\"https:\/\/cps.uepg.br\/documentos\/2025\/Conte%C3%BAdos%20Program%C3%A1ticos%20-%20PSS%202%202025.pdf\" target=\"_blank\" rel=\"noopener\">CONTE\u00daDO PROGRAM\u00c1TICO - PSS 2 - 2025<\/a><\/li>\n<li style=\"font-style: normal;font-weight: 400;font-size: medium;font-family: 'Times New Roman';color: #000000\"><img loading=\"lazy\" style=\"vertical-align: middle\" src=\"https:\/\/www2.uepg.br\/cps\/wp-content\/uploads\/sites\/270\/2025\/05\/pdf_icone.png\" alt=\"pdf icone\" width=\"30\" height=\"30\" \/><a style=\"font-style: normal;font-weight: normal;font-size: 12px;font-family: Verdana, Geneva, Kalimati, sans-serif\" href=\"https:\/\/cps.uepg.br\/documentos\/2025\/Conte%C3%BAdos%20Program%C3%A1ticos%20-%20PSS%203%202025.pdf\" target=\"_blank\" rel=\"noopener\">CONTE\u00daDO PROGRAM\u00c1TICO - PSS 3 - 2025<\/a><\/li>\n<\/ul>\n<hr \/>\n<h4 style=\"font-style: normal;text-align: center\"><\/h4>\n<h4 style=\"font-style: normal;text-align: center\"><span style=\"font-size: 18pt\">RESOLU\u00c7\u00d5ES<\/span><\/h4>\n<ul style=\"font-style: normal;font-weight: 400;font-size: 12px;font-family: Verdana, Geneva, Kalimati, sans-serif;list-style-type: circle\">\n<li style=\"font-style: normal;font-weight: normal;font-size: 12px;line-height: 1.3em;font-family: Verdana, Geneva, Kalimati, sans-serif;color: #000000\"><a style=\"font-style: normal;font-weight: normal;font-size: 12px;font-family: Verdana, Geneva, Kalimati, sans-serif\" href=\"..\\pss\\documentos\\2017\\Boletim_05_G\u00eaneros_Reda\u00e7\u00e3o_PSS_2017.pdf\"><img loading=\"lazy\" style=\"vertical-align: middle\" src=\"https:\/\/www2.uepg.br\/cps\/wp-content\/uploads\/sites\/270\/2025\/05\/pdf_icone.png\" alt=\"pdf icone\" width=\"30\" height=\"30\" \/><\/a><a style=\"font-style: normal;font-weight: normal;font-size: 12px;font-family: Verdana, Geneva, Kalimati, sans-serif\" href=\"..\\documentos\\2018\\10-%20RESOLU\u00c7\u00c3O%20CEPE%20N\u00ba%2025-2017%20-%20NOVA%20FORMA%20E%20COMPOSI\u00c7\u00c3O%20-%20CONHECIMENTOS%20GERAIS%20-%20UEPG.pdf\" target=\"_blank\" rel=\"noopener\">RESOLU\u00c7\u00c3O CEPE N\u00ba 25-2017 - NOVA FORMA E COMPOSI\u00c7\u00c3O - CONHECIMENTOS GERAIS - UEPG<\/a><a style=\"font-style: normal;font-weight: normal;font-size: 12px;font-family: Verdana, Geneva, Kalimati, sans-serif\" href=\"..\\pss\\documentos\\2017\\Boletim_05_G\u00eaneros_Reda\u00e7\u00e3o_PSS_2017.pdf\"><br \/>\n<\/a><\/li>\n<li style=\"font-style: normal;font-weight: normal;font-size: 12px;line-height: 1.3em;font-family: Verdana, Geneva, Kalimati, sans-serif;color: #000000\"><a style=\"font-style: normal;font-weight: normal;font-size: 12px;font-family: Verdana, Geneva, Kalimati, sans-serif\" href=\"..\\pss\\documentos\\2017\\Boletim_05_G\u00eaneros_Reda\u00e7\u00e3o_PSS_2017.pdf\"><img loading=\"lazy\" style=\"vertical-align: middle\" src=\"https:\/\/www2.uepg.br\/cps\/wp-content\/uploads\/sites\/270\/2025\/05\/pdf_icone.png\" alt=\"pdf icone\" width=\"30\" height=\"30\" \/><\/a><a style=\"font-style: normal;font-weight: normal;font-size: 12px;font-family: Verdana, Geneva, Kalimati, sans-serif\" href=\"..\\documentos\\2018\\11-%20RESOLU\u00c7\u00c3O%20CEPE%20N\u00ba%2033-2017%20-%20CONTE\u00daDO%20PROGRAM\u00c1TICO%20-%20ARTE-EDUCA\u00c7\u00c3O%20F\u00cdSICA-FILOSOFIA-SOCIOLOGIA.pdf\" target=\"_blank\" rel=\"noopener\">RESOLU\u00c7\u00c3O CEPE N\u00ba 33-2017 - CONTE\u00daDO PROGRAM\u00c1TICO - ARTE-EDUCA\u00c7\u00c3O F\u00cdSICA-FILOSOFIA-SOCIOLOGIA<\/a><\/li>\n<li style=\"font-style: normal;font-weight: normal;font-size: 12px;line-height: 1.3em;font-family: Verdana, Geneva, Kalimati, sans-serif;color: #000000\"><a style=\"font-style: normal;font-weight: normal;font-size: 12px;font-family: Verdana, Geneva, Kalimati, sans-serif\" href=\"..\\pss\\documentos\\2017\\Boletim_05_G\u00eaneros_Reda\u00e7\u00e3o_PSS_2017.pdf\"><img loading=\"lazy\" style=\"vertical-align: middle\" src=\"https:\/\/www2.uepg.br\/cps\/wp-content\/uploads\/sites\/270\/2025\/05\/pdf_icone.png\" alt=\"pdf icone\" width=\"30\" height=\"30\" \/><\/a><a style=\"font-family: Verdana, Geneva, Kalimati, sans-serif;font-size: 12px;font-style: normal;font-weight: 400\" href=\"https:\/\/sistemas.uepg.br\/producao\/reitoria\/documentos\/1272016-07-0724.pdf\" target=\"_blank\" rel=\"noopener\">RESOLU\u00c7\u00c3O UNIV N\u00ba 027\/2016 - Regulamento do PSS<\/a><\/li>\n<li style=\"font-style: normal;font-weight: normal;font-size: 12px;line-height: 1.3em;font-family: Verdana, Geneva, Kalimati, sans-serif;color: #000000\"><a style=\"font-style: normal;font-weight: normal;font-size: 12px;font-family: Verdana, Geneva, Kalimati, sans-serif\" href=\"..\\pss\\documentos\\2017\\Boletim_05_G\u00eaneros_Reda\u00e7\u00e3o_PSS_2017.pdf\"><img loading=\"lazy\" style=\"vertical-align: middle\" src=\"https:\/\/www2.uepg.br\/cps\/wp-content\/uploads\/sites\/270\/2025\/05\/pdf_icone.png\" alt=\"pdf icone\" width=\"30\" height=\"30\" \/><\/a><a style=\"font-family: Verdana, Geneva, Kalimati, sans-serif;font-size: 12px;font-style: normal;font-weight: 400\" href=\"https:\/\/sistemas.uepg.br\/producao\/reitoria\/documentos\/1262016-07-0724.pdf\" target=\"_blank\" rel=\"noopener\">RESOLU\u00c7\u00c3O UNIV N\u00ba 026\/2016 - Regulamento dos Vestibulares<\/a><\/li>\n<\/ul>\n<\/div>\n<\/div><\/div><\/div><\/div><\/div>","protected":false},"excerpt":{"rendered":"<p>2026 BOLETIM 01\/2026 &#8211; DATAS DOS VESTIBULARES E PSS &#8211; 2026 BOLETIM 02\/2026 &#8211; G\u00caNEROS DE REDA\u00c7\u00c3O &#8211; VESTIBULAR &#8211; 2026 BOLETIM 03\/2026 &#8211; OBRAS LITER\u00c1RIAS &#8211; VESTIBULAR &#8211; 2026 CONTE\u00daDO PROGRAM\u00c1TICO &#8211; VESTIBULAR &#8211; 2026 BOLETIM 04\/2026 &#8211; G\u00caNEROS DE REDA\u00c7\u00c3O &#8211; PSS &#8211; 2026 BOLETIM 05\/2026 &#8211; OBRAS LITER\u00c1RIAS &#8211; PSS &#8211; 2026&nbsp;&hellip;<\/p>\n","protected":false},"author":661,"featured_media":0,"parent":0,"menu_order":0,"comment_status":"closed","ping_status":"closed","template":"","meta":[],"_links":{"self":[{"href":"https:\/\/www2.uepg.br\/cps\/wp-json\/wp\/v2\/pages\/266"}],"collection":[{"href":"https:\/\/www2.uepg.br\/cps\/wp-json\/wp\/v2\/pages"}],"about":[{"href":"https:\/\/www2.uepg.br\/cps\/wp-json\/wp\/v2\/types\/page"}],"author":[{"embeddable":true,"href":"https:\/\/www2.uepg.br\/cps\/wp-json\/wp\/v2\/users\/661"}],"replies":[{"embeddable":true,"href":"https:\/\/www2.uepg.br\/cps\/wp-json\/wp\/v2\/comments?post=266"}],"version-history":[{"count":29,"href":"https:\/\/www2.uepg.br\/cps\/wp-json\/wp\/v2\/pages\/266\/revisions"}],"predecessor-version":[{"id":1617,"href":"https:\/\/www2.uepg.br\/cps\/wp-json\/wp\/v2\/pages\/266\/revisions\/1617"}],"wp:attachment":[{"href":"https:\/\/www2.uepg.br\/cps\/wp-json\/wp\/v2\/media?parent=266"}],"curies":[{"name":"wp","href":"https:\/\/api.w.org\/{rel}","templated":true}]}}