{"id":702,"date":"2025-06-11T08:33:37","date_gmt":"2025-06-11T11:33:37","guid":{"rendered":"https:\/\/www2.uepg.br\/cps\/?page_id=702"},"modified":"2026-02-13T09:29:14","modified_gmt":"2026-02-13T12:29:14","slug":"mais-engenharia","status":"publish","type":"page","link":"https:\/\/www2.uepg.br\/cps\/mais-engenharia\/","title":{"rendered":"Programa Mais Engenharia"},"content":{"rendered":"<div id=\"pl-702\"  class=\"panel-layout\" ><div id=\"pg-702-0\"  class=\"panel-grid panel-no-style\" ><div id=\"pgc-702-0-0\"  class=\"panel-grid-cell\" ><div id=\"panel-702-0-0-0\" class=\"so-panel widget widget_sow-editor panel-first-child panel-last-child\" data-index=\"0\" ><div\n\t\t\t\n\t\t\tclass=\"so-widget-sow-editor so-widget-sow-editor-base\"\n\t\t\t\n\t\t>\n<div class=\"siteorigin-widget-tinymce textwidget\">\n\t<p><img loading=\"lazy\" class=\"aligncenter wp-image-704 size-materialis-full-hd\" src=\"https:\/\/www2.uepg.br\/cps\/wp-content\/uploads\/sites\/270\/2025\/06\/mais-engenharia-site-cps-1428x1080.jpg\" alt=\"\" width=\"1428\" height=\"1080\" \/><\/p>\n<\/div>\n<\/div><\/div><\/div><div id=\"pgc-702-0-1\"  class=\"panel-grid-cell\" ><div id=\"panel-702-0-1-0\" class=\"so-panel widget widget_sow-editor panel-first-child panel-last-child\" data-index=\"1\" ><div\n\t\t\t\n\t\t\tclass=\"so-widget-sow-editor so-widget-sow-editor-base\"\n\t\t\t\n\t\t>\n<div class=\"siteorigin-widget-tinymce textwidget\">\n\t<p>&nbsp;<\/p>\n<table style=\"width: 100%;border-collapse: collapse;border: 2px solid #cccccc;font-size: 18px\">\n<tbody>\n<tr style=\"background-color: #f7f7f7\">\n<td style=\"padding: 5px 5px 2px 15px;vertical-align: middle;color: #13729a;font-weight: bold;text-align: left\"><strong><span style=\"color: #13729a\">Per\u00edodo de inscri\u00e7\u00e3o:<\/span><\/strong><\/td>\n<td style=\"padding: 5px 5px 2px 15px;vertical-align: middle;color: #003366;text-align: left\"><span style=\"color: #333333\">06\/08\/2025 a 19\/08\/2025<\/span><\/td>\n<\/tr>\n<tr style=\"background-color: #ffffff\">\n<td style=\"padding: 5px 5px 2px 15px;vertical-align: middle;color: #13729a;font-weight: bold;text-align: left\"><strong><span style=\"color: #13729a\">Taxa de inscri\u00e7\u00e3o:<\/span><\/strong><\/td>\n<td style=\"padding: 5px 5px 2px 15px;vertical-align: middle;color: #003366;text-align: left\"><em><span style=\"color: #333333\">gratuita<\/span><\/em><\/td>\n<\/tr>\n<tr style=\"background-color: #ffffff\">\n<td style=\"padding: 5px 5px 2px 15px;vertical-align: middle;color: #13729a;font-weight: bold;text-align: left\"><strong><span style=\"color: #13729a\">Homologa\u00e7\u00e3o dos inscritos:<\/span><\/strong><\/td>\n<td style=\"padding: 5px 5px 2px 15px;vertical-align: middle;color: #003366;text-align: left\"><span style=\"color: #333333\">20\/08\/2025<\/span><\/td>\n<\/tr>\n<tr style=\"background-color: #f7f7f7\">\n<td style=\"padding: 5px 5px 2px 15px;vertical-align: middle;color: #13729a;font-weight: bold;text-align: left\"><strong><span style=\"color: #13729a\">Homologa\u00e7\u00e3o dos inscritos ap\u00f3s Recursos:<\/span><\/strong><\/td>\n<td style=\"padding: 5px 5px 2px 15px;vertical-align: middle;color: #003366;text-align: left\"><span style=\"color: #333333\">25\/08\/2025<\/span><\/td>\n<\/tr>\n<tr style=\"background-color: #ffffff\">\n<td style=\"padding: 5px 5px 2px 15px;vertical-align: middle;color: #13729a;font-weight: bold;text-align: left\"><strong><span style=\"color: #13729a\">Divulga\u00e7\u00e3o do Ensalamento:<\/span><\/strong><\/td>\n<td style=\"padding: 5px 5px 2px 15px;vertical-align: middle;color: #003366;text-align: left\"><span style=\"color: #333333\">26\/08\/2025<\/span><\/td>\n<\/tr>\n<tr style=\"background-color: #f7f7f7\">\n<td style=\"padding: 5px 5px 2px 15px;vertical-align: middle;color: #13729a;font-weight: bold;text-align: left\"><strong><span style=\"color: #13729a\">Aplica\u00e7\u00e3o das Provas<\/span><\/strong><\/td>\n<td style=\"padding: 5px 5px 2px 15px;vertical-align: middle;color: #003366;text-align: left\"><span style=\"color: #333333\">31\/08\/2025<\/span><\/td>\n<\/tr>\n<tr style=\"background-color: #ffffff\">\n<td style=\"padding: 5px 5px 2px 15px;vertical-align: middle;color: #13729a;font-weight: bold;text-align: left\"><strong><span style=\"color: #13729a\">Divulga\u00e7\u00e3o dos Gabaritos<\/span><\/strong><\/td>\n<td style=\"padding: 5px 5px 2px 15px;vertical-align: middle;color: #003366;text-align: left\"><span style=\"color: #333333\"><em>at\u00e9 \u00e0s 17h30min<\/em> de 31\/08\/2025<\/span><\/td>\n<\/tr>\n<tr style=\"background-color: #f7f7f7\">\n<td style=\"padding: 5px 5px 2px 15px;vertical-align: middle;color: #13729a;font-weight: bold;text-align: left\"><strong><span style=\"color: #13729a\">Divulga\u00e7\u00e3o do Resultado Final<\/span><\/strong><\/td>\n<td style=\"padding: 5px 5px 2px 15px;vertical-align: middle;color: #003366;text-align: left\"><span style=\"color: #333333\">04\/09\/2025<\/span><\/td>\n<\/tr>\n<\/tbody>\n<\/table>\n<\/div>\n<\/div><\/div><\/div><\/div><div id=\"pg-702-1\"  class=\"panel-grid panel-no-style\" ><div id=\"pgc-702-1-0\"  class=\"panel-grid-cell\" ><div id=\"panel-702-1-0-0\" class=\"so-panel widget widget_sow-tabs panel-first-child panel-last-child\" data-index=\"2\" ><div\n\t\t\t\n\t\t\tclass=\"so-widget-sow-tabs so-widget-sow-tabs-default-d6bcc355c986-702\"\n\t\t\t\n\t\t><div class=\"sow-tabs\">\n\t<div class=\"sow-tabs-tab-container\" role=\"tablist\">\n\t\t\t<div class=\"sow-tabs-tab\"\n\t\t\t role=\"tab\" data-anchor=\"sobre-o-programa\"\n\t\t\t aria-selected=\"false\" tabindex=\"-1\">\n\t\t\t<div class=\"sow-tabs-title sow-tabs-title-icon-left\">\n\t\t\t\t\t\t\t\tSobre o Programa\t\t\t\t\t\t\t<\/div>\n\t\t<\/div>\n\t\t\t<div class=\"sow-tabs-tab\"\n\t\t\t role=\"tab\" data-anchor=\"documentos-importantes\"\n\t\t\t aria-selected=\"false\" tabindex=\"-1\">\n\t\t\t<div class=\"sow-tabs-title sow-tabs-title-icon-left\">\n\t\t\t\t\t\t\t\tDocumentos Importantes\t\t\t\t\t\t\t<\/div>\n\t\t<\/div>\n\t\t\t<div class=\"sow-tabs-tab\"\n\t\t\t role=\"tab\" data-anchor=\"editais\"\n\t\t\t aria-selected=\"false\" tabindex=\"-1\">\n\t\t\t<div class=\"sow-tabs-title sow-tabs-title-icon-left\">\n\t\t\t\t\t\t\t\tEditais\t\t\t\t\t\t\t<\/div>\n\t\t<\/div>\n\t\t\t<div class=\"sow-tabs-tab\"\n\t\t\t role=\"tab\" data-anchor=\"inscri%c3%a7%c3%a3o\"\n\t\t\t aria-selected=\"false\" tabindex=\"-1\">\n\t\t\t<div class=\"sow-tabs-title sow-tabs-title-icon-left\">\n\t\t\t\t\t\t\t\tInscri\u00e7\u00e3o\t\t\t\t\t\t\t<\/div>\n\t\t<\/div>\n\t\t\t<div class=\"sow-tabs-tab\"\n\t\t\t role=\"tab\" data-anchor=\"prova-e-gabarito\"\n\t\t\t aria-selected=\"false\" tabindex=\"-1\">\n\t\t\t<div class=\"sow-tabs-title sow-tabs-title-icon-left\">\n\t\t\t\t\t\t\t\tProva e Gabarito\t\t\t\t\t\t\t<\/div>\n\t\t<\/div>\n\t\t\t<div class=\"sow-tabs-tab\"\n\t\t\t role=\"tab\" data-anchor=\"resultado\"\n\t\t\t aria-selected=\"false\" tabindex=\"-1\">\n\t\t\t<div class=\"sow-tabs-title sow-tabs-title-icon-left\">\n\t\t\t\t\t\t\t\tResultado\t\t\t\t\t\t\t<\/div>\n\t\t<\/div>\n\t\t\t<div class=\"sow-tabs-tab sow-tabs-tab-selected\"\n\t\t\t role=\"tab\" data-anchor=\"matr%c3%adcula\"\n\t\t\t aria-selected=\"true\" tabindex=\"0\">\n\t\t\t<div class=\"sow-tabs-title sow-tabs-title-icon-left\">\n\t\t\t\t\t\t\t\tMatr\u00edcula\t\t\t\t\t\t\t<\/div>\n\t\t<\/div>\n\t\t\t<div class=\"sow-tabs-tab\"\n\t\t\t role=\"tab\" data-anchor=\"contato\"\n\t\t\t aria-selected=\"false\" tabindex=\"-1\">\n\t\t\t<div class=\"sow-tabs-title sow-tabs-title-icon-left\">\n\t\t\t\t\t\t\t\tContato\t\t\t\t\t\t\t<\/div>\n\t\t<\/div>\n\t\t<\/div>\n\t\n\t<div class=\"sow-tabs-panel-container\">\n\t\t\t<div class=\"sow-tabs-panel\">\n\t\t\t<div class=\"sow-tabs-panel-content\" role=\"tabpanel\" aria-hidden=\"true\">\n\t\t\t\t<p>O Programa Mais Engenharia \u00e9 uma parceria tripartite entre CREA-PR, ITAIPU Binacional e UEPG, voltada ao fortalecimento da engenharia p\u00fablica no \u00e2mbito dos munic\u00edpios paranaenses. Por meio da atua\u00e7\u00e3o integrada entre estudantes, rec\u00e9m-formados, servidores p\u00fablicos municipais e institui\u00e7\u00f5es parceiras, o programa visa a elabora\u00e7\u00e3o e o acompanhamento de projetos e obras municipais; capacita\u00e7\u00e3o de engenheiros com at\u00e9 3 anos de gradua\u00e7\u00e3o para atua\u00e7\u00e3o na esfera p\u00fablica; apoio aos munic\u00edpios na elabora\u00e7\u00e3o de projetos para capta\u00e7\u00e3o de recursos financeiros para obras p\u00fablicas; promo\u00e7\u00e3o de inova\u00e7\u00e3o e sustentabilidade com solu\u00e7\u00f5es de engenharia. Associado \u00e0s atividades pr\u00e1ticas nos munic\u00edpios, os participantes de n\u00edvel superior (bolsistas e supervisores) far\u00e3o de forma gratuita o Curso de Especializa\u00e7\u00e3o em Gest\u00e3o P\u00fablica em Engenharia e Desenvolvimento Sustent\u00e1vel, promovido pela UEPG, completando o cen\u00e1rio de forma\u00e7\u00e3o em trabalho a que se destina este programa.<\/p>\n<p>Para saber mais sobre o programa, acesse o site <a href=\"https:\/\/www.crea-pr.org.br\/ws\/programa-mais-engenharia\">https:\/\/www.crea-pr.org.br\/ws\/programa-mais-engenharia<\/a>.<\/p>\n\t\t\t<\/div>\n\t\t<\/div>\n\t\t\t<div class=\"sow-tabs-panel\">\n\t\t\t<div class=\"sow-tabs-panel-content\" role=\"tabpanel\" aria-hidden=\"true\">\n\t\t\t\t<ul>\n<li><img class=\" wp-image-443\" src=\"https:\/\/www2.uepg.br\/cps\/wp-content\/uploads\/sites\/270\/2023\/07\/pdf_icone-e1754049170692.png\" alt=\"\" width=\"23\" height=\"23\" \/> <a href=\"https:\/\/www2.uepg.br\/cps\/wp-content\/uploads\/sites\/270\/2025\/08\/CADERNO-DE-ORIENTACOES-PROGRAMA-MAIS-ENGENHARIA.pdf\">Caderno de Orienta\u00e7\u00f5es - PROGRAMA MAIS ENGENHARIA<\/a> <img class=\"size-full wp-image-442\" src=\"https:\/\/www2.uepg.br\/cps\/wp-content\/uploads\/sites\/270\/2023\/07\/novo.gif\" alt=\"\" width=\"35\" height=\"15\" \/><\/li>\n<li><img class=\" wp-image-443\" src=\"https:\/\/www2.uepg.br\/cps\/wp-content\/uploads\/sites\/270\/2023\/07\/pdf_icone-e1754049170692.png\" alt=\"\" width=\"23\" height=\"23\" \/> <a href=\"https:\/\/www2.uepg.br\/cps\/wp-content\/uploads\/sites\/270\/2025\/08\/Termo-de-Compromisso-PROGRAMA-MAIS-ENGENHARIA.pdf\">Termo de Compromisso - PROGRAMA MAIS ENGENHARIA<\/a> <img class=\"size-full wp-image-442\" src=\"https:\/\/www2.uepg.br\/cps\/wp-content\/uploads\/sites\/270\/2023\/07\/novo.gif\" alt=\"\" width=\"35\" height=\"15\" \/><\/li>\n<li><img class=\" wp-image-443\" src=\"https:\/\/www2.uepg.br\/cps\/wp-content\/uploads\/sites\/270\/2023\/07\/pdf_icone-e1754049170692.png\" alt=\"\" width=\"23\" height=\"23\" \/> <a href=\"https:\/\/www2.uepg.br\/cps\/wp-content\/uploads\/sites\/270\/2025\/08\/Boletim_Informativo_PROGRAMA_MAIS_ENGENHARIA.pdf\">Boletim Informativo - PROGRAMA MAIS ENGENHARIA<\/a>\u00a0<img class=\"size-full wp-image-442\" src=\"https:\/\/www2.uepg.br\/cps\/wp-content\/uploads\/sites\/270\/2023\/07\/novo.gif\" alt=\"\" width=\"35\" height=\"15\" \/><\/li>\n<\/ul>\n\t\t\t<\/div>\n\t\t<\/div>\n\t\t\t<div class=\"sow-tabs-panel\">\n\t\t\t<div class=\"sow-tabs-panel-content\" role=\"tabpanel\" aria-hidden=\"true\">\n\t\t\t\t<ul>\n<li><img class=\"alignnone wp-image-443\" src=\"https:\/\/www2.uepg.br\/cps\/wp-content\/uploads\/sites\/270\/2023\/07\/pdf_icone-e1754049170692.png\" alt=\"\" width=\"23\" height=\"23\" \/><a href=\"https:\/\/www2.uepg.br\/cps\/wp-content\/uploads\/sites\/270\/2025\/08\/EDITAL-No-004-2025-ENSALAMENTO-MAIS-ENGENHARIA-ANEXOS.pdf\">EDITAL N\u00ba 004-2025 - ENSALAMENTO - MAIS ENGENHARIA\u00a0<\/a><\/li>\n<li><img class=\"alignnone wp-image-443\" src=\"https:\/\/www2.uepg.br\/cps\/wp-content\/uploads\/sites\/270\/2023\/07\/pdf_icone-e1754049170692.png\" alt=\"\" width=\"23\" height=\"23\" \/><a href=\"https:\/\/www2.uepg.br\/cps\/wp-content\/uploads\/sites\/270\/2025\/08\/EDITAL-No-003-2025-HOMOLOGACAO-DAS-INSCRICOES-MAIS-ENGENHARIA-APOS-RECURSOS-ANEXOS.pdf\">EDITAL N\u00ba 003-2025 - HOMOLOGA\u00c7\u00c3O DAS INSCRI\u00c7\u00d5ES - MAIS ENGENHARIA - AP\u00d3S RECURSOS<\/a><\/li>\n<li><img class=\"alignnone wp-image-443\" src=\"https:\/\/www2.uepg.br\/cps\/wp-content\/uploads\/sites\/270\/2023\/07\/pdf_icone-e1754049170692.png\" alt=\"\" width=\"23\" height=\"23\" \/><a href=\"https:\/\/www2.uepg.br\/cps\/wp-content\/uploads\/sites\/270\/2025\/08\/EDITAL-No-002-2025-HOMOLOGACAO-DAS-INSCRICOES-MAIS-ENGENHARIA.pdf\">EDITAL N\u00ba 002-2025 - HOMOLOGA\u00c7\u00c3O DAS INSCRI\u00c7\u00d5ES - MAIS ENGENHARIA<\/a><\/li>\n<li><img class=\"alignnone wp-image-443\" src=\"https:\/\/www2.uepg.br\/cps\/wp-content\/uploads\/sites\/270\/2023\/07\/pdf_icone-e1754049170692.png\" alt=\"\" width=\"23\" height=\"23\" \/><a href=\"https:\/\/www2.uepg.br\/cps\/wp-content\/uploads\/sites\/270\/2025\/08\/EDITAL-No-001-2025-ABERTURA-MAIS-ENGENHARIA-FINAL.pdf\">EDITAL N\u00ba 001-2025 - ABERTURA - MAIS ENGENHARIA<\/a><\/li>\n<\/ul>\n\t\t\t<\/div>\n\t\t<\/div>\n\t\t\t<div class=\"sow-tabs-panel\">\n\t\t\t<div class=\"sow-tabs-panel-content\" role=\"tabpanel\" aria-hidden=\"true\">\n\t\t\t\t<p data-wp-editing=\"1\"><img class=\"alignleft wp-image-708\" src=\"https:\/\/www2.uepg.br\/cps\/wp-content\/uploads\/sites\/270\/2025\/06\/Inclusao.png\" alt=\"\" width=\"34\" height=\"34\" \/><a href=\"https:\/\/sistemas.uepg.br\/cps\/mais_engenharia_2025\/\">Acesso ao Sistema de Inscri\u00e7\u00e3o<\/a><\/p>\n\t\t\t<\/div>\n\t\t<\/div>\n\t\t\t<div class=\"sow-tabs-panel\">\n\t\t\t<div class=\"sow-tabs-panel-content\" role=\"tabpanel\" aria-hidden=\"true\">\n\t\t\t\t<ul>\n<li><img class=\"alignnone wp-image-443\" src=\"https:\/\/www2.uepg.br\/cps\/wp-content\/uploads\/sites\/270\/2023\/07\/pdf_icone-e1754049170692.png\" alt=\"\" width=\"23\" height=\"23\" \/> <a href=\"https:\/\/www2.uepg.br\/cps\/wp-content\/uploads\/sites\/270\/2025\/09\/EDITAL-No-006-2025-GABARITO-MAIS-ENGENHARIA-APOS-RECURSOS.pdf\">EDITAL N\u00ba 006-2025 - GABARITO - MAIS ENGENHARIA - AP\u00d3S AN\u00c1LISE DE RECURSOS<\/a><\/li>\n<li><img class=\"alignnone wp-image-443\" src=\"https:\/\/www2.uepg.br\/cps\/wp-content\/uploads\/sites\/270\/2023\/07\/pdf_icone-e1754049170692.png\" alt=\"\" width=\"23\" height=\"23\" \/> <a href=\"https:\/\/www2.uepg.br\/cps\/wp-content\/uploads\/sites\/270\/2025\/08\/EDITAL-No-005-2025-GABARITO-MAIS-ENGENHARIA.pdf\">EDITAL N\u00ba 005-2025 - GABARITO - MAIS ENGENHARIA<\/a><\/li>\n<li><img class=\"alignnone wp-image-443\" src=\"https:\/\/www2.uepg.br\/cps\/wp-content\/uploads\/sites\/270\/2023\/07\/pdf_icone-e1754049170692.png\" alt=\"\" width=\"23\" height=\"23\" \/>\u00a0<a href=\"https:\/\/www2.uepg.br\/cps\/wp-content\/uploads\/sites\/270\/2025\/08\/MAIS-ENGENHARIA-561.pdf\">CADERNO DE PROVA - MAIS ENGENHARIA<\/a><\/li>\n<\/ul>\n\t\t\t<\/div>\n\t\t<\/div>\n\t\t\t<div class=\"sow-tabs-panel\">\n\t\t\t<div class=\"sow-tabs-panel-content\" role=\"tabpanel\" aria-hidden=\"true\">\n\t\t\t\t<ul>\n<li><a href=\"https:\/\/www2.uepg.br\/cps\/wp-content\/uploads\/sites\/270\/2025\/09\/EDITAL-No-007-2025-RESULTADO-MAIS-ENGENHARIA.pdf\"><img class=\" wp-image-443 alignnone\" src=\"https:\/\/www2.uepg.br\/cps\/wp-content\/uploads\/sites\/270\/2023\/07\/pdf_icone-e1754049170692.png\" alt=\"\" width=\"17\" height=\"17\" \/><\/a> <a href=\"https:\/\/www2.uepg.br\/cps\/wp-content\/uploads\/sites\/270\/2025\/09\/EDITAL-No-008-2025-RESULTADO-MAIS-ENGENHARIA-APOS-RECURSOS.pdf\">EDITAL N\u00ba 008-2025 - RESULTADO FINAL - MAIS ENGENHARIA - AP\u00d3S AN\u00c1LISE DE RECURSOS<\/a>\u00a0<img class=\"size-full wp-image-442 alignnone\" src=\"https:\/\/www2.uepg.br\/cps\/wp-content\/uploads\/sites\/270\/2023\/07\/novo.gif\" alt=\"\" width=\"35\" height=\"15\" \/><\/li>\n<li><a href=\"https:\/\/www2.uepg.br\/cps\/wp-content\/uploads\/sites\/270\/2025\/09\/EDITAL-No-007-2025-RESULTADO-MAIS-ENGENHARIA.pdf\"><img class=\" wp-image-443 alignnone\" src=\"https:\/\/www2.uepg.br\/cps\/wp-content\/uploads\/sites\/270\/2023\/07\/pdf_icone-e1754049170692.png\" alt=\"\" width=\"17\" height=\"17\" \/><\/a> <a href=\"https:\/\/www2.uepg.br\/cps\/wp-content\/uploads\/sites\/270\/2025\/09\/EDITAL-No-007-2025-RESULTADO-MAIS-ENGENHARIA.pdf\">EDITAL N\u00ba 007-2025 - RESULTADO FINAL - MAIS ENGENHARIA<\/a><\/li>\n<\/ul>\n\t\t\t<\/div>\n\t\t<\/div>\n\t\t\t<div class=\"sow-tabs-panel\">\n\t\t\t<div class=\"sow-tabs-panel-content\" role=\"tabpanel\" tabindex=\"0\">\n\t\t\t\t<ul>\n<li><img class=\"alignnone wp-image-443\" src=\"https:\/\/www2.uepg.br\/cps\/wp-content\/uploads\/sites\/270\/2023\/07\/pdf_icone-e1754049170692.png\" alt=\"\" width=\"23\" height=\"23\" \/> <a href=\"https:\/\/www2.uepg.br\/cps\/wp-content\/uploads\/sites\/270\/2026\/02\/Edital-no-002-2026-PROGRAMA-MAIS-ENGENHARIA-6a-Chamada-Homologacao-e-Convocacao.pdf\">EDITAL n\u00ba 002-2026 - PROGRAMA MAIS ENGENHARIA - 6\u00aa Chamada - Homologa\u00e7\u00e3o e Convoca\u00e7\u00e3o<\/a>\u00a0<img class=\"size-full wp-image-442 alignnone\" src=\"https:\/\/www2.uepg.br\/cps\/wp-content\/uploads\/sites\/270\/2023\/07\/novo.gif\" alt=\"\" width=\"35\" height=\"15\" \/><\/li>\n<li><img class=\"alignnone wp-image-443\" src=\"https:\/\/www2.uepg.br\/cps\/wp-content\/uploads\/sites\/270\/2023\/07\/pdf_icone-e1754049170692.png\" alt=\"\" width=\"23\" height=\"23\" \/> <a href=\"https:\/\/www2.uepg.br\/cps\/wp-content\/uploads\/sites\/270\/2026\/02\/EDITAL-No-001-2026-RESULTADO-MAIS-ENGENHARIA.pdf\">EDITAL n\u00ba 001-2026 - PROGRAMA MAIS ENGENHARIA - 6\u00aa Chamada<\/a><\/li>\n<li><img class=\"alignnone wp-image-443\" src=\"https:\/\/www2.uepg.br\/cps\/wp-content\/uploads\/sites\/270\/2023\/07\/pdf_icone-e1754049170692.png\" alt=\"\" width=\"23\" height=\"23\" \/> <a href=\"https:\/\/www2.uepg.br\/cps\/wp-content\/uploads\/sites\/270\/2025\/10\/Edital-no-021-2025-PROGRAMA-MAIS-ENGENHARIA-5a-Chamada-Homologacao-e-Convocacao.pdf\">EDITAL n\u00ba 021-2025 - PROGRAMA MAIS ENGENHARIA - 5\u00aa Chamada - Homologa\u00e7\u00e3o e Convoca\u00e7\u00e3o<\/a><\/li>\n<li><img class=\"alignnone wp-image-443\" src=\"https:\/\/www2.uepg.br\/cps\/wp-content\/uploads\/sites\/270\/2023\/07\/pdf_icone-e1754049170692.png\" alt=\"\" width=\"23\" height=\"23\" \/> <a href=\"https:\/\/www2.uepg.br\/cps\/wp-content\/uploads\/sites\/270\/2025\/10\/EDITAL-no-020-2025-PROGRAMA-MAIS-ENGENHARIA-5a-Chamada.pdf\">EDITAL n\u00ba 020-2025 - PROGRAMA MAIS ENGENHARIA - 5\u00aa Chamada<\/a><\/li>\n<li><img class=\"alignnone wp-image-443\" src=\"https:\/\/www2.uepg.br\/cps\/wp-content\/uploads\/sites\/270\/2023\/07\/pdf_icone-e1754049170692.png\" alt=\"\" width=\"23\" height=\"23\" \/> <a href=\"https:\/\/www2.uepg.br\/cps\/wp-content\/uploads\/sites\/270\/2025\/10\/Edital-no-019-2025-PROGRAMA-MAIS-ENGENHARIA-4a-Chamada-Homologacao-e-Convocacao-apos-recursos.pdf\">EDITAL n\u00ba 019-2025 - PROGRAMA MAIS ENGENHARIA - 4\u00aa Chamada - Homologa\u00e7\u00e3o e Convoca\u00e7\u00e3o - ap\u00f3s recursos<\/a><\/li>\n<li><img class=\"alignnone wp-image-443\" src=\"https:\/\/www2.uepg.br\/cps\/wp-content\/uploads\/sites\/270\/2023\/07\/pdf_icone-e1754049170692.png\" alt=\"\" width=\"23\" height=\"23\" \/> <a href=\"https:\/\/www2.uepg.br\/cps\/wp-content\/uploads\/sites\/270\/2025\/10\/Edital-no-018-2025-PROGRAMA-MAIS-ENGENHARIA-4a-Chamada-Homologacao-e-Convocacao.pdf\">EDITAL n\u00ba 018-2025 - PROGRAMA MAIS ENGENHARIA - 4\u00aa Chamada - Homologa\u00e7\u00e3o e Convoca\u00e7\u00e3o<\/a><\/li>\n<li><img class=\"alignnone wp-image-443\" src=\"https:\/\/www2.uepg.br\/cps\/wp-content\/uploads\/sites\/270\/2023\/07\/pdf_icone-e1754049170692.png\" alt=\"\" width=\"23\" height=\"23\" \/> <a href=\"https:\/\/www2.uepg.br\/cps\/wp-content\/uploads\/sites\/270\/2025\/10\/EDITAL-no-017-2025-PROGRAMA-MAIS-ENGENHARIA-4a-Chamada.pdf\">EDITAL n\u00ba 017-2025 - PROGRAMA MAIS ENGENHARIA - 4\u00aa Chamada<\/a><\/li>\n<li><img class=\"alignnone wp-image-443\" src=\"https:\/\/www2.uepg.br\/cps\/wp-content\/uploads\/sites\/270\/2023\/07\/pdf_icone-e1754049170692.png\" alt=\"\" width=\"23\" height=\"23\" \/> <a href=\"https:\/\/www2.uepg.br\/cps\/wp-content\/uploads\/sites\/270\/2025\/10\/Edital-no-016-2025-PROGRAMA-MAIS-ENGENHARIA-3a-Chamada-Homologacao-e-Convocacao-apos-recursos.pdf\">EDITAL n\u00ba 016-2025 - PROGRAMA MAIS ENGENHARIA - 3\u00aa Chamada - Homologa\u00e7\u00e3o e Convoca\u00e7\u00e3o - ap\u00f3s recursos<\/a><\/li>\n<li><img class=\"alignnone wp-image-443\" src=\"https:\/\/www2.uepg.br\/cps\/wp-content\/uploads\/sites\/270\/2023\/07\/pdf_icone-e1754049170692.png\" alt=\"\" width=\"23\" height=\"23\" \/> <a href=\"https:\/\/www2.uepg.br\/cps\/wp-content\/uploads\/sites\/270\/2025\/10\/Edital-no-015-2025-PROGRAMA-MAIS-ENGENHARIA-3a-Chamada-Homologacao-e-Convocacao.pdf\">EDITAL n\u00ba 015-2025 - PROGRAMA MAIS ENGENHARIA - 3\u00aa Chamada - Homologa\u00e7\u00e3o e Convoca\u00e7\u00e3o<\/a><\/li>\n<li><img class=\"alignnone wp-image-443\" src=\"https:\/\/www2.uepg.br\/cps\/wp-content\/uploads\/sites\/270\/2023\/07\/pdf_icone-e1754049170692.png\" alt=\"\" width=\"23\" height=\"23\" \/> <a href=\"https:\/\/www2.uepg.br\/cps\/wp-content\/uploads\/sites\/270\/2025\/09\/EDITAL-No-014-2025-RESULTADO-MAIS-ENGENHARIA.pdf\">EDITAL n\u00ba 014-2025 - PROGRAMA MAIS ENGENHARIA - 3\u00aa Chamada<\/a><\/li>\n<li><img class=\"alignnone wp-image-443\" src=\"https:\/\/www2.uepg.br\/cps\/wp-content\/uploads\/sites\/270\/2023\/07\/pdf_icone-e1754049170692.png\" alt=\"\" width=\"23\" height=\"23\" \/> <a href=\"https:\/\/www2.uepg.br\/cps\/wp-content\/uploads\/sites\/270\/2025\/09\/Edital-no-013-2025-PROGRAMA-MAIS-ENGENHARIA-2a-Chamada-Homologacao-e-Convocacao-apos-recursos.pdf\">EDITAL n\u00ba 013-2025 - PROGRAMA MAIS ENGENHARIA - 2\u00aa Chamada - Homologa\u00e7\u00e3o e Convoca\u00e7\u00e3o - ap\u00f3s recursos<\/a><\/li>\n<li><img class=\"alignnone wp-image-443\" src=\"https:\/\/www2.uepg.br\/cps\/wp-content\/uploads\/sites\/270\/2023\/07\/pdf_icone-e1754049170692.png\" alt=\"\" width=\"23\" height=\"23\" \/> <a href=\"https:\/\/www2.uepg.br\/cps\/wp-content\/uploads\/sites\/270\/2025\/09\/Edital-no-012-2025-PROGRAMA-MAIS-ENGENHARIA-2a-Chamada-Homologacao-e-Convocacao.pdf\">EDITAL n\u00ba 012-2025 - PROGRAMA MAIS ENGENHARIA - 2\u00aa Chamada - Homologa\u00e7\u00e3o e Convoca\u00e7\u00e3o<\/a><\/li>\n<li><img class=\"alignnone wp-image-443\" src=\"https:\/\/www2.uepg.br\/cps\/wp-content\/uploads\/sites\/270\/2023\/07\/pdf_icone-e1754049170692.png\" alt=\"\" width=\"23\" height=\"23\" \/> <a href=\"https:\/\/www2.uepg.br\/cps\/wp-content\/uploads\/sites\/270\/2025\/09\/EDITAL-No-011-2025-2a-CHAMADA-MAIS-ENGENHARIA.pdf\">EDITAL n\u00ba 011-2025 - PROGRAMA MAIS ENGENHARIA - 2\u00aa Chamada<\/a><\/li>\n<li><img class=\"alignnone wp-image-443\" src=\"https:\/\/www2.uepg.br\/cps\/wp-content\/uploads\/sites\/270\/2023\/07\/pdf_icone-e1754049170692.png\" alt=\"\" width=\"23\" height=\"23\" \/> <a href=\"https:\/\/www2.uepg.br\/cps\/wp-content\/uploads\/sites\/270\/2025\/09\/Edital-no-010-2025-PROGRAMA-MAIS-ENGENHARIA-1a-Chamada-Homologacao-e-Convocacao-apos-recursos.pdf\">EDITAL n\u00ba 010-2025 - PROGRAMA MAIS ENGENHARIA - 1\u00aa Chamada - Homologa\u00e7\u00e3o e Convoca\u00e7\u00e3o - ap\u00f3s recursos<\/a><\/li>\n<li><img class=\"alignnone wp-image-443\" src=\"https:\/\/www2.uepg.br\/cps\/wp-content\/uploads\/sites\/270\/2023\/07\/pdf_icone-e1754049170692.png\" alt=\"\" width=\"23\" height=\"23\" \/> <a href=\"https:\/\/www2.uepg.br\/cps\/wp-content\/uploads\/sites\/270\/2025\/09\/Edital-no-009-2025-PROGRAMA-MAIS-ENGENHARIA-1a-Chamada-Homologacao-e-Convocacao.pdf\">EDITAL n\u00ba 009-2025 - PROGRAMA MAIS ENGENHARIA - 1\u00aa Chamada - Homologa\u00e7\u00e3o e Convoca\u00e7\u00e3o<\/a><\/li>\n<\/ul>\n\t\t\t<\/div>\n\t\t<\/div>\n\t\t\t<div class=\"sow-tabs-panel\">\n\t\t\t<div class=\"sow-tabs-panel-content\" role=\"tabpanel\" aria-hidden=\"true\">\n\t\t\t\t<p><strong>Informa\u00e7\u00f5es sobre o Programa<\/strong><\/p>\n<p>email: <em>maisengenharia@uepg.br<\/em><\/p>\n<p><strong>Informa\u00e7\u00f5es sobre o Processo de Sele\u00e7\u00e3o<\/strong><\/p>\n<p>Coordenadoria de Processos de Sele\u00e7\u00e3o - (CPS)<\/p>\n<p>(42) 3220-3718<\/p>\n<hr \/>\n<p><strong>Atendimento<\/strong><\/p>\n<p>Dias \u00fateis (de segunda a sexta-feira), das 8h00min \u00e0s 12h00min das 13h30min \u00e0s 17h30min<\/p>\n<hr \/>\n<p><strong>Outros<\/strong><\/p>\n<p><a href=\"https:\/\/www.facebook.com\/oficialuepg\/\">@oficialuepg<\/a><\/p>\n\t\t\t<\/div>\n\t\t<\/div>\n\t\t<\/div>\n<\/div>\n<\/div><\/div><\/div><\/div><\/div>","protected":false},"excerpt":{"rendered":"<p>&nbsp; Per\u00edodo de inscri\u00e7\u00e3o: 06\/08\/2025 a 19\/08\/2025 Taxa de inscri\u00e7\u00e3o: gratuita Homologa\u00e7\u00e3o dos inscritos: 20\/08\/2025 Homologa\u00e7\u00e3o dos inscritos ap\u00f3s Recursos: 25\/08\/2025 Divulga\u00e7\u00e3o do Ensalamento: 26\/08\/2025 Aplica\u00e7\u00e3o das Provas 31\/08\/2025 Divulga\u00e7\u00e3o dos Gabaritos at\u00e9 \u00e0s 17h30min de 31\/08\/2025 Divulga\u00e7\u00e3o do Resultado Final 04\/09\/2025<\/p>\n","protected":false},"author":670,"featured_media":0,"parent":0,"menu_order":0,"comment_status":"closed","ping_status":"closed","template":"","meta":[],"_links":{"self":[{"href":"https:\/\/www2.uepg.br\/cps\/wp-json\/wp\/v2\/pages\/702"}],"collection":[{"href":"https:\/\/www2.uepg.br\/cps\/wp-json\/wp\/v2\/pages"}],"about":[{"href":"https:\/\/www2.uepg.br\/cps\/wp-json\/wp\/v2\/types\/page"}],"author":[{"embeddable":true,"href":"https:\/\/www2.uepg.br\/cps\/wp-json\/wp\/v2\/users\/670"}],"replies":[{"embeddable":true,"href":"https:\/\/www2.uepg.br\/cps\/wp-json\/wp\/v2\/comments?post=702"}],"version-history":[{"count":109,"href":"https:\/\/www2.uepg.br\/cps\/wp-json\/wp\/v2\/pages\/702\/revisions"}],"predecessor-version":[{"id":1317,"href":"https:\/\/www2.uepg.br\/cps\/wp-json\/wp\/v2\/pages\/702\/revisions\/1317"}],"wp:attachment":[{"href":"https:\/\/www2.uepg.br\/cps\/wp-json\/wp\/v2\/media?parent=702"}],"curies":[{"name":"wp","href":"https:\/\/api.w.org\/{rel}","templated":true}]}}