{"id":950,"date":"2025-06-30T16:46:38","date_gmt":"2025-06-30T19:46:38","guid":{"rendered":"https:\/\/www2.uepg.br\/cps\/?page_id=950"},"modified":"2026-01-06T15:56:19","modified_gmt":"2026-01-06T18:56:19","slug":"vestibular-2025","status":"publish","type":"page","link":"https:\/\/www2.uepg.br\/cps\/vestibular-2025\/","title":{"rendered":"Vestibular 2025"},"content":{"rendered":"<div id=\"pl-950\"  class=\"panel-layout\" ><div id=\"pg-950-0\"  class=\"panel-grid panel-no-style\" ><div id=\"pgc-950-0-0\"  class=\"panel-grid-cell\" ><div id=\"panel-950-0-0-0\" class=\"so-panel widget widget_sow-editor panel-first-child panel-last-child\" data-index=\"0\" ><div\n\t\t\t\n\t\t\tclass=\"so-widget-sow-editor so-widget-sow-editor-base\"\n\t\t\t\n\t\t>\n<div class=\"siteorigin-widget-tinymce textwidget\">\n\t<p><img loading=\"lazy\" class=\"aligncenter wp-image-704 size-materialis-full-hd\" src=\"https:\/\/www2.uepg.br\/cps\/wp-content\/uploads\/sites\/270\/2025\/06\/Banner-CPS-01.jpg\" alt=\"\" width=\"1428\" height=\"1080\" \/><\/p>\n<\/div>\n<\/div><\/div><\/div><div id=\"pgc-950-0-1\"  class=\"panel-grid-cell\" ><div id=\"panel-950-0-1-0\" class=\"so-panel widget widget_sow-editor panel-first-child panel-last-child\" data-index=\"1\" ><div\n\t\t\t\n\t\t\tclass=\"so-widget-sow-editor so-widget-sow-editor-base\"\n\t\t\t\n\t\t>\n<div class=\"siteorigin-widget-tinymce textwidget\">\n\t<table style=\"width: 100%;border-collapse: collapse;border: 2px solid #cccccc;font-size: 18px\">\n<tbody>\n<tr style=\"background-color: #f7f7f7\">\n<td style=\"padding: 5px 5px 2px 15px;vertical-align: middle;color: #13729a;font-weight: bold;text-align: left\"><strong><span style=\"color: #13729a\">Per\u00edodo de inscri\u00e7\u00e3o:<\/span><\/strong><\/td>\n<td style=\"padding: 5px 5px 2px 15px;vertical-align: middle;color: #003366;text-align: left\"><span style=\"color: #333333\">01\/09\/2025 a 30\/09\/2025<\/span><\/td>\n<\/tr>\n<tr style=\"background-color: #ffffff\">\n<td style=\"padding: 5px 5px 2px 15px;vertical-align: middle;color: #13729a;font-weight: bold;text-align: left\"><strong><span style=\"color: #13729a\">Taxa de inscri\u00e7\u00e3o:<\/span><\/strong><\/td>\n<td style=\"padding: 5px 5px 2px 15px;vertical-align: middle;color: #003366;text-align: left\"><span style=\"color: #333333\">R$ 204,00 (duzentos e quatro reais)<\/span><\/td>\n<\/tr>\n<tr style=\"background-color: #f7f7f7\">\n<td style=\"padding: 5px 5px 2px 15px;vertical-align: middle;color: #13729a;font-weight: bold;text-align: left\"><strong><span style=\"color: #13729a\">Pagamento da taxa de inscri\u00e7\u00e3o:<\/span><\/strong><\/td>\n<td style=\"padding: 5px 5px 2px 15px;vertical-align: middle;color: #003366;text-align: left\"><span style=\"color: #333333\"><em>at\u00e9<\/em> 07\/10\/2025<\/span><\/td>\n<\/tr>\n<tr style=\"background-color: #ffffff\">\n<td style=\"padding: 5px 5px 2px 15px;vertical-align: middle;color: #13729a;font-weight: bold;text-align: left\"><strong><span style=\"color: #13729a\">Homologa\u00e7\u00e3o dos inscritos:<\/span><\/strong><\/td>\n<td style=\"padding: 5px 5px 2px 15px;vertical-align: middle;color: #003366;text-align: left\"><span style=\"color: #333333\"><em>a partir de <\/em>21\/10\/2025<\/span><\/td>\n<\/tr>\n<tr style=\"background-color: #f7f7f7\">\n<td style=\"padding: 5px 5px 2px 15px;vertical-align: middle;color: #13729a;font-weight: bold;text-align: left\"><strong><span style=\"color: #13729a\">Divulga\u00e7\u00e3o do Ensalamento:<\/span><\/strong><\/td>\n<td style=\"padding: 5px 5px 2px 15px;vertical-align: middle;color: #003366;text-align: left\"><span style=\"color: #333333\"><em>a partir de<\/em> 14\/11\/2025<\/span><\/td>\n<\/tr>\n<tr style=\"background-color: #ffffff\">\n<td style=\"padding: 5px 5px 2px 15px;vertical-align: middle;color: #13729a;font-weight: bold;text-align: left\"><strong><span style=\"color: #13729a\">Aplica\u00e7\u00e3o das Provas<\/span><\/strong><\/td>\n<td style=\"padding: 5px 5px 2px 15px;vertical-align: middle;color: #003366;text-align: left\"><span style=\"color: #333333\">14\/12\/2025 (manh\u00e3 e tarde)<\/span><\/td>\n<\/tr>\n<tr style=\"background-color: #f7f7f7\">\n<td style=\"padding: 5px 5px 2px 15px;vertical-align: middle;color: #13729a;font-weight: bold;text-align: left\"><strong><span style=\"color: #13729a\">Divulga\u00e7\u00e3o dos Gabaritos<\/span><\/strong><\/td>\n<td style=\"padding: 5px 5px 2px 15px;vertical-align: middle;color: #003366;text-align: left\"><span style=\"color: #333333\">\u00e0s 21h00min de 14\/12\/2025<\/span><\/td>\n<\/tr>\n<tr style=\"background-color: #ffffff\">\n<td style=\"padding: 5px 5px 2px 15px;vertical-align: middle;color: #13729a;font-weight: bold;text-align: left\"><strong><span style=\"color: #13729a\">Divulga\u00e7\u00e3o do Resultado Final<\/span><\/strong><\/td>\n<td style=\"padding: 5px 5px 2px 15px;vertical-align: middle;color: #003366;text-align: left\"><span style=\"color: #333333\"><em>at\u00e9<\/em> 06\/01\/2026<\/span><\/td>\n<\/tr>\n<\/tbody>\n<\/table>\n<\/div>\n<\/div><\/div><\/div><\/div><div id=\"pg-950-1\"  class=\"panel-grid panel-no-style\" ><div id=\"pgc-950-1-0\"  class=\"panel-grid-cell\" ><div id=\"panel-950-1-0-0\" class=\"so-panel widget widget_sow-tabs panel-first-child panel-last-child\" data-index=\"2\" ><div\n\t\t\t\n\t\t\tclass=\"so-widget-sow-tabs so-widget-sow-tabs-default-d6bcc355c986-950\"\n\t\t\t\n\t\t><div class=\"sow-tabs\">\n\t<div class=\"sow-tabs-tab-container\" role=\"tablist\">\n\t\t\t<div class=\"sow-tabs-tab\"\n\t\t\t role=\"tab\" data-anchor=\"conte%c3%bado-program%c3%a1tico\"\n\t\t\t aria-selected=\"false\" tabindex=\"-1\">\n\t\t\t<div class=\"sow-tabs-title sow-tabs-title-icon-left\">\n\t\t\t\t\t\t\t\tConte\u00fado Program\u00e1tico\t\t\t\t\t\t\t<\/div>\n\t\t<\/div>\n\t\t\t<div class=\"sow-tabs-tab\"\n\t\t\t role=\"tab\" data-anchor=\"manual-do-candidato\"\n\t\t\t aria-selected=\"false\" tabindex=\"-1\">\n\t\t\t<div class=\"sow-tabs-title sow-tabs-title-icon-left\">\n\t\t\t\t\t\t\t\tManual do Candidato\t\t\t\t\t\t\t<\/div>\n\t\t<\/div>\n\t\t\t<div class=\"sow-tabs-tab\"\n\t\t\t role=\"tab\" data-anchor=\"inscri%c3%a7%c3%a3o\"\n\t\t\t aria-selected=\"false\" tabindex=\"-1\">\n\t\t\t<div class=\"sow-tabs-title sow-tabs-title-icon-left\">\n\t\t\t\t\t\t\t\tInscri\u00e7\u00e3o\t\t\t\t\t\t\t<\/div>\n\t\t<\/div>\n\t\t\t<div class=\"sow-tabs-tab\"\n\t\t\t role=\"tab\" data-anchor=\"homologa%c3%a7%c3%a3o-das-inscri%c3%a7%c3%b5es\"\n\t\t\t aria-selected=\"false\" tabindex=\"-1\">\n\t\t\t<div class=\"sow-tabs-title sow-tabs-title-icon-left\">\n\t\t\t\t\t\t\t\tHomologa\u00e7\u00e3o das Inscri\u00e7\u00f5es\t\t\t\t\t\t\t<\/div>\n\t\t<\/div>\n\t\t\t<div class=\"sow-tabs-tab\"\n\t\t\t role=\"tab\" data-anchor=\"matr%c3%adcula\"\n\t\t\t aria-selected=\"false\" tabindex=\"-1\">\n\t\t\t<div class=\"sow-tabs-title sow-tabs-title-icon-left\">\n\t\t\t\t\t\t\t\tMatr\u00edcula\t\t\t\t\t\t\t<\/div>\n\t\t<\/div>\n\t\t\t<div class=\"sow-tabs-tab\"\n\t\t\t role=\"tab\" data-anchor=\"bancas-de-heteroidentifica%c3%a7%c3%a3o-e-pcd\"\n\t\t\t aria-selected=\"false\" tabindex=\"-1\">\n\t\t\t<div class=\"sow-tabs-title sow-tabs-title-icon-left\">\n\t\t\t\t\t\t\t\tBancas de Heteroidentifica\u00e7\u00e3o e PCD\t\t\t\t\t\t\t<\/div>\n\t\t<\/div>\n\t\t\t<div class=\"sow-tabs-tab\"\n\t\t\t role=\"tab\" data-anchor=\"atendimento-especializado\"\n\t\t\t aria-selected=\"false\" tabindex=\"-1\">\n\t\t\t<div class=\"sow-tabs-title sow-tabs-title-icon-left\">\n\t\t\t\t\t\t\t\tAtendimento Especializado\t\t\t\t\t\t\t<\/div>\n\t\t<\/div>\n\t\t\t<div class=\"sow-tabs-tab\"\n\t\t\t role=\"tab\" data-anchor=\"concorr%c3%aancia\"\n\t\t\t aria-selected=\"false\" tabindex=\"-1\">\n\t\t\t<div class=\"sow-tabs-title sow-tabs-title-icon-left\">\n\t\t\t\t\t\t\t\tConcorr\u00eancia\t\t\t\t\t\t\t<\/div>\n\t\t<\/div>\n\t\t\t<div class=\"sow-tabs-tab\"\n\t\t\t role=\"tab\" data-anchor=\"ensalamento\"\n\t\t\t aria-selected=\"false\" tabindex=\"-1\">\n\t\t\t<div class=\"sow-tabs-title sow-tabs-title-icon-left\">\n\t\t\t\t\t\t\t\tEnsalamento\t\t\t\t\t\t\t<\/div>\n\t\t<\/div>\n\t\t\t<div class=\"sow-tabs-tab\"\n\t\t\t role=\"tab\" data-anchor=\"provas-e-gabaritos\"\n\t\t\t aria-selected=\"false\" tabindex=\"-1\">\n\t\t\t<div class=\"sow-tabs-title sow-tabs-title-icon-left\">\n\t\t\t\t\t\t\t\tProvas e Gabaritos\t\t\t\t\t\t\t<\/div>\n\t\t<\/div>\n\t\t\t<div class=\"sow-tabs-tab sow-tabs-tab-selected\"\n\t\t\t role=\"tab\" data-anchor=\"resultado\"\n\t\t\t aria-selected=\"true\" tabindex=\"0\">\n\t\t\t<div class=\"sow-tabs-title sow-tabs-title-icon-left\">\n\t\t\t\t\t\t\t\tResultado\t\t\t\t\t\t\t<\/div>\n\t\t<\/div>\n\t\t\t<div class=\"sow-tabs-tab\"\n\t\t\t role=\"tab\" data-anchor=\"contato\"\n\t\t\t aria-selected=\"false\" tabindex=\"-1\">\n\t\t\t<div class=\"sow-tabs-title sow-tabs-title-icon-left\">\n\t\t\t\t\t\t\t\tContato\t\t\t\t\t\t\t<\/div>\n\t\t<\/div>\n\t\t<\/div>\n\t\n\t<div class=\"sow-tabs-panel-container\">\n\t\t\t<div class=\"sow-tabs-panel\">\n\t\t\t<div class=\"sow-tabs-panel-content\" role=\"tabpanel\" aria-hidden=\"true\">\n\t\t\t\t<ul>\n<li><img class=\"wp-image-556 alignnone\" src=\"https:\/\/www2.uepg.br\/cps\/wp-content\/uploads\/sites\/270\/2025\/05\/pdf_icone.png\" alt=\"\" width=\"18\" height=\"18\" \/> <a href=\"https:\/\/www2.uepg.br\/cps\/wp-content\/uploads\/sites\/270\/2025\/07\/Conteudos-Programaticos-Vestibulares-2025.pdf\">Conte\u00fados Program\u00e1ticos <\/a><\/li>\n<\/ul>\n<hr \/>\n<ul>\n<li style=\"text-align: left\"><img class=\"wp-image-556 alignnone\" src=\"https:\/\/www2.uepg.br\/cps\/wp-content\/uploads\/sites\/270\/2025\/05\/pdf_icone.png\" alt=\"\" width=\"18\" height=\"18\" \/> <a href=\"https:\/\/www2.uepg.br\/cps\/wp-content\/uploads\/sites\/270\/2025\/07\/3-Obras-Literarias-Vestibulares-2025.pdf\">Obras Liter\u00e1rias<\/a><\/li>\n<\/ul>\n<hr \/>\n<ul>\n<li style=\"text-align: left\"><img class=\"wp-image-556 alignnone\" src=\"https:\/\/www2.uepg.br\/cps\/wp-content\/uploads\/sites\/270\/2025\/05\/pdf_icone.png\" alt=\"\" width=\"18\" height=\"18\" \/> <a href=\"https:\/\/www2.uepg.br\/cps\/wp-content\/uploads\/sites\/270\/2025\/07\/2-Generos-de-Redacao-Vestibulares-2025.pdf\">G\u00eaneros de Reda\u00e7\u00e3o<\/a><\/li>\n<\/ul>\n\t\t\t<\/div>\n\t\t<\/div>\n\t\t\t<div class=\"sow-tabs-panel\">\n\t\t\t<div class=\"sow-tabs-panel-content\" role=\"tabpanel\" aria-hidden=\"true\">\n\t\t\t\t<ul>\n<li><img class=\"wp-image-556 alignnone\" src=\"https:\/\/www2.uepg.br\/cps\/wp-content\/uploads\/sites\/270\/2025\/05\/pdf_icone.png\" alt=\"\" width=\"18\" height=\"18\" \/> <a href=\"https:\/\/www2.uepg.br\/cps\/wp-content\/uploads\/sites\/270\/2025\/07\/1-MANUAL-DO-CANDIDATO-VESTIBULAR-2025.pdf\">Manual do Candidato<\/a><img src=\"https:\/\/www2.uepg.br\/cps\/wp-content\/uploads\/sites\/270\/2023\/07\/novo.gif\" alt=\"\" width=\"35\" height=\"15\" \/><\/li>\n<\/ul>\n<p><em><a href=\"https:\/\/youtu.be\/vX0CYCYlUEQ\">Tutorial em Libras para inscri\u00e7\u00e3o no Vestibular 2025<\/a><\/em><\/p>\n\t\t\t<\/div>\n\t\t<\/div>\n\t\t\t<div class=\"sow-tabs-panel\">\n\t\t\t<div class=\"sow-tabs-panel-content\" role=\"tabpanel\" aria-hidden=\"true\">\n\t\t\t\t<p><img class=\"wp-image-217 alignnone\" src=\"https:\/\/www2.uepg.br\/cps\/wp-content\/uploads\/sites\/270\/2023\/06\/Situacao.png\" alt=\"\" width=\"16\" height=\"16\" \/> <a href=\"https:\/\/sistemas.uepg.br\/cps\/vestibular\/uepg_2025\/\">Acesso ao Sistema de Inscri\u00e7\u00e3o<\/a><\/p>\n<hr \/>\n<p><em><a href=\"https:\/\/youtu.be\/vX0CYCYlUEQ\">Tutorial em Libras para inscri\u00e7\u00e3o no Vestibular 2025<\/a><\/em><\/p>\n\t\t\t<\/div>\n\t\t<\/div>\n\t\t\t<div class=\"sow-tabs-panel\">\n\t\t\t<div class=\"sow-tabs-panel-content\" role=\"tabpanel\" aria-hidden=\"true\">\n\t\t\t\t<ul>\n<li><img class=\"wp-image-556 alignnone\" src=\"https:\/\/www2.uepg.br\/cps\/wp-content\/uploads\/sites\/270\/2025\/05\/pdf_icone.png\" alt=\"\" width=\"18\" height=\"18\" \/>\u00a0<a href=\"https:\/\/www2.uepg.br\/cps\/wp-content\/uploads\/sites\/270\/2025\/10\/Edital-no-041-2025-HOMOLOGACAO-DAS-INSCRICOES-VESTIBULAR-2025-APOS-RECURSOS.pdf\">Edital n\u00ba 041-2025 - HOMOLOGA\u00c7\u00c3O DAS INSCRI\u00c7\u00d5ES - VESTIBULAR UEPG 2025 - AP\u00d3S RECURSOS<\/a>\u00a0<img class=\"size-full wp-image-442 alignnone\" src=\"https:\/\/www2.uepg.br\/cps\/wp-content\/uploads\/sites\/270\/2023\/07\/novo.gif\" alt=\"\" width=\"35\" height=\"15\" \/><\/li>\n<li><img class=\"wp-image-556 alignnone\" src=\"https:\/\/www2.uepg.br\/cps\/wp-content\/uploads\/sites\/270\/2025\/05\/pdf_icone.png\" alt=\"\" width=\"18\" height=\"18\" \/> <a href=\"https:\/\/www2.uepg.br\/cps\/wp-content\/uploads\/sites\/270\/2025\/10\/Edital-no-040-2025-HOMOLOGACAO-DAS-INSCRICOES-VESTIBULAR-2025-ANEXOS.pdf\">Edital n\u00ba 040-2025 - HOMOLOGA\u00c7\u00c3O DAS INSCRI\u00c7\u00d5ES - VESTIBULAR UEPG 2025<\/a><\/li>\n<\/ul>\n\t\t\t<\/div>\n\t\t<\/div>\n\t\t\t<div class=\"sow-tabs-panel\">\n\t\t\t<div class=\"sow-tabs-panel-content\" role=\"tabpanel\" aria-hidden=\"true\">\n\t\t\t\t<strong>UEPG<\/strong>\n<ul>\n \t<li><a href=\"https:\/\/www2.uepg.br\/prograd\/matricula-de-calouros-presencial\/\">Informa\u00e7\u00f5es sobre Matr\u00edcula<\/a><\/li>\n<\/ul>\t\t\t<\/div>\n\t\t<\/div>\n\t\t\t<div class=\"sow-tabs-panel\">\n\t\t\t<div class=\"sow-tabs-panel-content\" role=\"tabpanel\" aria-hidden=\"true\">\n\t\t\t\t<p><a href=\"https:\/\/www2.uepg.br\/prae\/editais\/\">BANCAS - Informa\u00e7\u00f5es sobre a Avalia\u00e7\u00e3o Complementar<\/a>\u00a0<img src=\"https:\/\/cps.uepg.br\/inicio\/images\/novo.gif\" alt=\"novo\" width=\"35\" height=\"15\" \/><\/p>\n\t\t\t<\/div>\n\t\t<\/div>\n\t\t\t<div class=\"sow-tabs-panel\">\n\t\t\t<div class=\"sow-tabs-panel-content\" role=\"tabpanel\" aria-hidden=\"true\">\n\t\t\t\t<ul>\n<li><img class=\"wp-image-556 alignnone\" src=\"https:\/\/www2.uepg.br\/cps\/wp-content\/uploads\/sites\/270\/2025\/05\/pdf_icone.png\" alt=\"\" width=\"18\" height=\"18\" \/><a href=\"https:\/\/www2.uepg.br\/cps\/wp-content\/uploads\/sites\/270\/2025\/11\/Edital-no-044-2025-DEFERIMENTO-DO-ATENDIMENTO-ESPECIALIZADO-VESTIBULAR-2025-APOS-RECURSOS.pdf\">Edital n\u00ba 044-2025 - DEFERIMENTO DO ATENDIMENTO ESPECIALIZADO - VESTIBULAR 2025 - AP\u00d3S RECURSOS<\/a><img class=\"size-full wp-image-442 alignnone\" src=\"https:\/\/www2.uepg.br\/cps\/wp-content\/uploads\/sites\/270\/2023\/07\/novo.gif\" alt=\"\" width=\"35\" height=\"15\" \/><\/li>\n<li><img class=\"wp-image-556 alignnone\" src=\"https:\/\/www2.uepg.br\/cps\/wp-content\/uploads\/sites\/270\/2025\/05\/pdf_icone.png\" alt=\"\" width=\"18\" height=\"18\" \/><a href=\"https:\/\/www2.uepg.br\/cps\/wp-content\/uploads\/sites\/270\/2025\/11\/Edital-no-043-2025-DEFERIMENTO-DO-ATENDIMENTO-ESPECIALIZADO-VESTIBULAR-2025-1.pdf\">Edital n\u00ba 043-2025 - DEFERIMENTO DO ATENDIMENTO ESPECIALIZADO - VESTIBULAR UEPG 2025<\/a><\/li>\n<\/ul>\n\t\t\t<\/div>\n\t\t<\/div>\n\t\t\t<div class=\"sow-tabs-panel\">\n\t\t\t<div class=\"sow-tabs-panel-content\" role=\"tabpanel\" aria-hidden=\"true\">\n\t\t\t\t<ul>\n<li><a href=\"https:\/\/www2.uepg.br\/cps\/wp-content\/uploads\/sites\/270\/2025\/11\/Candidato-Vaga-UEPG2025-Concorrentes-Inscritos.pdf\">Propor\u00e7\u00e3o Candidato\/Vaga<\/a><img class=\"size-full wp-image-442 alignnone\" src=\"https:\/\/www2.uepg.br\/cps\/wp-content\/uploads\/sites\/270\/2023\/07\/novo.gif\" alt=\"\" width=\"35\" height=\"15\" \/><\/li>\n<\/ul>\n\t\t\t<\/div>\n\t\t<\/div>\n\t\t\t<div class=\"sow-tabs-panel\">\n\t\t\t<div class=\"sow-tabs-panel-content\" role=\"tabpanel\" aria-hidden=\"true\">\n\t\t\t\t<ul>\n<li><img class=\"wp-image-556 alignnone\" src=\"https:\/\/www2.uepg.br\/cps\/wp-content\/uploads\/sites\/270\/2025\/05\/pdf_icone.png\" alt=\"\" width=\"18\" height=\"18\" \/> <a href=\"https:\/\/www2.uepg.br\/cps\/wp-content\/uploads\/sites\/270\/2025\/11\/Edital-no-045-2025-ENSALAMENTO-VESTIBULAR-2025-ANEXOS.pdf\">Edital n\u00ba 045-2025 - ENSALAMENTO - VESTIBULAR UEPG 2025<\/a><img src=\"https:\/\/www2.uepg.br\/cps\/wp-content\/uploads\/sites\/270\/2023\/07\/novo.gif\" alt=\"\" width=\"35\" height=\"15\" \/><\/li>\n<li><img class=\"wp-image-556 alignnone\" src=\"https:\/\/www2.uepg.br\/cps\/wp-content\/uploads\/sites\/270\/2025\/05\/pdf_icone.png\" alt=\"\" width=\"18\" height=\"18\" \/> <a href=\"https:\/\/www2.uepg.br\/cps\/wp-content\/uploads\/sites\/270\/2025\/11\/Edital-no-046-2025-INCLUSAO-E-ENSALAMENTO-DE-CANDIDATO-POR-DETERMINACAO-JUDICIAL-VESTIBULAR-2025.pdf\">Edital n\u00ba 046-2025 - INCLUS\u00c3O E ENSALAMENTO DE CANDIDATO POR DETERMINA\u00c7\u00c3O JUDICIAL - VESTIBULAR 2025<\/a> <img src=\"https:\/\/www2.uepg.br\/cps\/wp-content\/uploads\/sites\/270\/2023\/07\/novo.gif\" alt=\"\" width=\"35\" height=\"15\" \/><\/li>\n<\/ul>\n<hr \/>\n<p><img class=\"alignleft size-full wp-image-1473\" src=\"https:\/\/www2.uepg.br\/cps\/wp-content\/uploads\/sites\/270\/2025\/12\/Screenshot_1.png\" alt=\"\" width=\"1022\" height=\"461\" \/><\/p>\n\t\t\t<\/div>\n\t\t<\/div>\n\t\t\t<div class=\"sow-tabs-panel\">\n\t\t\t<div class=\"sow-tabs-panel-content\" role=\"tabpanel\" aria-hidden=\"true\">\n\t\t\t\t<ul>\n<li><img class=\"wp-image-556 alignnone\" src=\"https:\/\/www2.uepg.br\/cps\/wp-content\/uploads\/sites\/270\/2025\/05\/pdf_icone.png\" alt=\"\" width=\"18\" height=\"18\" \/> <a href=\"https:\/\/www2.uepg.br\/cps\/wp-content\/uploads\/sites\/270\/2025\/12\/EDITAL-N-51_2025-_CPS_GABARITO-VESTIBULAR-2025_Apos-Recursos.pdf\">Edital n\u00ba 051-2025 - GABARITOS - VESTIBULAR UEPG 2025 - AP\u00d3S RECURSOS<\/a>\u00a0<img src=\"https:\/\/www2.uepg.br\/cps\/wp-content\/uploads\/sites\/270\/2023\/07\/novo.gif\" alt=\"\" width=\"35\" height=\"15\" \/><\/li>\n<li><img class=\"wp-image-556 alignnone\" src=\"https:\/\/www2.uepg.br\/cps\/wp-content\/uploads\/sites\/270\/2025\/05\/pdf_icone.png\" alt=\"\" width=\"18\" height=\"18\" \/> <a href=\"https:\/\/www2.uepg.br\/cps\/wp-content\/uploads\/sites\/270\/2025\/12\/EDITAL-N-50_2025-_CPS_GABARITO-VESTIBULAR-2025.pdf\">Edital n\u00ba 050-2025 - GABARITOS - VESTIBULAR UEPG 2025<\/a><\/li>\n<li><img class=\"wp-image-556 alignnone\" src=\"https:\/\/www2.uepg.br\/cps\/wp-content\/uploads\/sites\/270\/2025\/05\/pdf_icone.png\" alt=\"\" width=\"18\" height=\"18\" \/> <a href=\"https:\/\/www2.uepg.br\/cps\/wp-content\/uploads\/sites\/270\/2025\/12\/Consideracoes-Redacao.pdf\">Considera\u00e7\u00f5es - Prova de Reda\u00e7\u00e3o<\/a><\/li>\n<\/ul>\n<hr \/>\n<ul>\n<li><img class=\"wp-image-556 alignnone\" src=\"https:\/\/www2.uepg.br\/cps\/wp-content\/uploads\/sites\/270\/2025\/05\/pdf_icone.png\" alt=\"\" width=\"18\" height=\"18\" \/> <a href=\"https:\/\/www2.uepg.br\/cps\/wp-content\/uploads\/sites\/270\/2025\/12\/Conhecimentos-Gerais-2025.pdf\">Conhecimentos Gerais 2025<\/a><\/li>\n<li><img class=\"wp-image-556 alignnone\" src=\"https:\/\/www2.uepg.br\/cps\/wp-content\/uploads\/sites\/270\/2025\/05\/pdf_icone.png\" alt=\"\" width=\"18\" height=\"18\" \/> <a href=\"https:\/\/www2.uepg.br\/cps\/wp-content\/uploads\/sites\/270\/2025\/12\/Grupo-1-Por-Mat-His-2025.pdf\">Grupo 1 - Por Mat His 2025<\/a><\/li>\n<li><img class=\"wp-image-556 alignnone\" src=\"https:\/\/www2.uepg.br\/cps\/wp-content\/uploads\/sites\/270\/2025\/05\/pdf_icone.png\" alt=\"\" width=\"18\" height=\"18\" \/> <a href=\"https:\/\/www2.uepg.br\/cps\/wp-content\/uploads\/sites\/270\/2025\/12\/Grupo-2-Por-Mat-Fis-2025.pdf\">Grupo 2 - Por Mat Fis 2025<\/a><\/li>\n<li><img class=\"wp-image-556 alignnone\" src=\"https:\/\/www2.uepg.br\/cps\/wp-content\/uploads\/sites\/270\/2025\/05\/pdf_icone.png\" alt=\"\" width=\"18\" height=\"18\" \/> <a href=\"https:\/\/www2.uepg.br\/cps\/wp-content\/uploads\/sites\/270\/2025\/12\/Grupo-3-Por-Geo-His-2025.pdf\">Grupo 3 - Por Geo His 2025<\/a><\/li>\n<li><img class=\"wp-image-556 alignnone\" src=\"https:\/\/www2.uepg.br\/cps\/wp-content\/uploads\/sites\/270\/2025\/05\/pdf_icone.png\" alt=\"\" width=\"18\" height=\"18\" \/> <a href=\"https:\/\/www2.uepg.br\/cps\/wp-content\/uploads\/sites\/270\/2025\/12\/Grupo-4-Qui-Bio-Fis-2025.pdf\">Grupo 4 - Qui Bio Fis 2025<\/a><\/li>\n<li><img class=\"wp-image-556 alignnone\" src=\"https:\/\/www2.uepg.br\/cps\/wp-content\/uploads\/sites\/270\/2025\/05\/pdf_icone.png\" alt=\"\" width=\"18\" height=\"18\" \/> <a href=\"https:\/\/www2.uepg.br\/cps\/wp-content\/uploads\/sites\/270\/2025\/12\/Grupo-5-Qui-Mat-Fis-2025.pdf\">Grupo 5 - Qui Mat Fis 2025<\/a><\/li>\n<li><img class=\"wp-image-556 alignnone\" src=\"https:\/\/www2.uepg.br\/cps\/wp-content\/uploads\/sites\/270\/2025\/05\/pdf_icone.png\" alt=\"\" width=\"18\" height=\"18\" \/> <a href=\"https:\/\/www2.uepg.br\/cps\/wp-content\/uploads\/sites\/270\/2025\/12\/Grupo-6-Por-Biol-His-2025.pdf\">Grupo 6 - Por Biol His 2025<\/a><\/li>\n<\/ul>\n\t\t\t<\/div>\n\t\t<\/div>\n\t\t\t<div class=\"sow-tabs-panel\">\n\t\t\t<div class=\"sow-tabs-panel-content\" role=\"tabpanel\" tabindex=\"0\">\n\t\t\t\t<ul>\n<li><a href=\"https:\/\/cps.uepg.br\/inicio\/resultado_uepg2025.htm\">Resultado - Vestibular 2025 UEPG<\/a><\/li>\n<\/ul>\n\t\t\t<\/div>\n\t\t<\/div>\n\t\t\t<div class=\"sow-tabs-panel\">\n\t\t\t<div class=\"sow-tabs-panel-content\" role=\"tabpanel\" aria-hidden=\"true\">\n\t\t\t\t<p><strong>Informa\u00e7\u00f5es sobre o Vestibular<\/strong><\/p>\n<p>Coordenadoria de Processos de Sele\u00e7\u00e3o - (CPS)<\/p>\n<p>(42) 3220-3718<\/p>\n<hr \/>\n<p><strong>Atendimento<\/strong><\/p>\n<p>Dias \u00fateis (de segunda a sexta-feira), das 8h00min \u00e0s 12h00min das 13h30min \u00e0s 17h30min<\/p>\n<hr \/>\n<p><strong>Outros<\/strong><\/p>\n<p><a href=\"https:\/\/www.facebook.com\/oficialuepg\/\">@oficialuepg<\/a><\/p>\n\t\t\t<\/div>\n\t\t<\/div>\n\t\t<\/div>\n<\/div>\n<\/div><\/div><\/div><\/div><\/div>","protected":false},"excerpt":{"rendered":"<p>Per\u00edodo de inscri\u00e7\u00e3o: 01\/09\/2025 a 30\/09\/2025 Taxa de inscri\u00e7\u00e3o: R$ 204,00 (duzentos e quatro reais) Pagamento da taxa de inscri\u00e7\u00e3o: at\u00e9 07\/10\/2025 Homologa\u00e7\u00e3o dos inscritos: a partir de 21\/10\/2025 Divulga\u00e7\u00e3o do Ensalamento: a partir de 14\/11\/2025 Aplica\u00e7\u00e3o das Provas 14\/12\/2025 (manh\u00e3 e tarde) Divulga\u00e7\u00e3o dos Gabaritos \u00e0s 21h00min de 14\/12\/2025 Divulga\u00e7\u00e3o do Resultado Final at\u00e9&nbsp;&hellip;<\/p>\n","protected":false},"author":670,"featured_media":0,"parent":0,"menu_order":0,"comment_status":"closed","ping_status":"closed","template":"","meta":[],"_links":{"self":[{"href":"https:\/\/www2.uepg.br\/cps\/wp-json\/wp\/v2\/pages\/950"}],"collection":[{"href":"https:\/\/www2.uepg.br\/cps\/wp-json\/wp\/v2\/pages"}],"about":[{"href":"https:\/\/www2.uepg.br\/cps\/wp-json\/wp\/v2\/types\/page"}],"author":[{"embeddable":true,"href":"https:\/\/www2.uepg.br\/cps\/wp-json\/wp\/v2\/users\/670"}],"replies":[{"embeddable":true,"href":"https:\/\/www2.uepg.br\/cps\/wp-json\/wp\/v2\/comments?post=950"}],"version-history":[{"count":16,"href":"https:\/\/www2.uepg.br\/cps\/wp-json\/wp\/v2\/pages\/950\/revisions"}],"predecessor-version":[{"id":1451,"href":"https:\/\/www2.uepg.br\/cps\/wp-json\/wp\/v2\/pages\/950\/revisions\/1451"}],"wp:attachment":[{"href":"https:\/\/www2.uepg.br\/cps\/wp-json\/wp\/v2\/media?parent=950"}],"curies":[{"name":"wp","href":"https:\/\/api.w.org\/{rel}","templated":true}]}}