{"id":126,"date":"2021-04-05T09:10:21","date_gmt":"2021-04-05T12:10:21","guid":{"rendered":"https:\/\/www2.uepg.br\/crrq\/?page_id=126"},"modified":"2021-04-06T22:43:39","modified_gmt":"2021-04-07T01:43:39","slug":"banco-de-insumos","status":"publish","type":"page","link":"https:\/\/www2.uepg.br\/crrq\/banco-de-insumos\/","title":{"rendered":"Banco de Insumos"},"content":{"rendered":"<p>Tem por finalidade receber produtos qu\u00edmicos (reagentes e solventes) com prazos de validade expirados que n\u00e3o s\u00e3o mais utilizados nos laborat\u00f3rios da UEPG. Esses produtos s\u00e3o analisados para verifica\u00e7\u00e3o da qualidade e, se aprovados, s\u00e3o armazenados no BIQ, podendo ser destinados aos laborat\u00f3rios que deles necessitem. Atualmente o BIQ possui mais de 800 itens diferentes em estoque (veja o link abaixo), que podem ser solicitados por professores da institui\u00e7\u00e3o para uso em suas atividades.<\/p>\n<p style=\"text-align: center;\"><a href=\"http:\/\/www2.uepg.br\/crrq\/wp-content\/uploads\/sites\/181\/2021\/04\/BIQ.pdf\" target=\"_blank\" rel=\"noopener\">Lista de Insumos Estocados no BIQ<\/a><\/p>\n\n\t\t<style type=\"text\/css\">\n\t\t\t#gallery-1 {\n\t\t\t\tmargin: auto;\n\t\t\t}\n\t\t\t#gallery-1 .gallery-item {\n\t\t\t\tfloat: left;\n\t\t\t\tmargin-top: 10px;\n\t\t\t\ttext-align: center;\n\t\t\t\twidth: 100%;\n\t\t\t}\n\t\t\t#gallery-1 img {\n\t\t\t\tborder: 2px solid #cfcfcf;\n\t\t\t}\n\t\t\t#gallery-1 .gallery-caption {\n\t\t\t\tmargin-left: 0;\n\t\t\t}\n\t\t\t\/* see gallery_shortcode() in wp-includes\/media.php *\/\n\t\t<\/style>\n\t\t<div id='gallery-1' class='gallery galleryid-126 gallery-columns-1 gallery-size-large'><dl class='gallery-item'>\n\t\t\t<dt class='gallery-icon portrait'>\n\t\t\t\t<a href='https:\/\/www2.uepg.br\/crrq\/banco-de-insumos\/yyyyyyy-768x1024\/'><img width=\"768\" height=\"1024\" src=\"https:\/\/www2.uepg.br\/crrq\/wp-content\/uploads\/sites\/181\/2021\/04\/YYYYYYY-768x1024-1.jpg\" class=\"attachment-large size-large\" alt=\"\" loading=\"lazy\" srcset=\"https:\/\/www2.uepg.br\/crrq\/wp-content\/uploads\/sites\/181\/2021\/04\/YYYYYYY-768x1024-1.jpg 768w, https:\/\/www2.uepg.br\/crrq\/wp-content\/uploads\/sites\/181\/2021\/04\/YYYYYYY-768x1024-1-225x300.jpg 225w\" sizes=\"(max-width: 768px) 100vw, 768px\" \/><\/a>\n\t\t\t<\/dt><\/dl><br style=\"clear: both\" \/><dl class='gallery-item'>\n\t\t\t<dt class='gallery-icon landscape'>\n\t\t\t\t<a href='https:\/\/www2.uepg.br\/crrq\/banco-de-insumos\/captura-de-tela-de-2016-11-16-17-48-45\/'><img width=\"536\" height=\"400\" src=\"https:\/\/www2.uepg.br\/crrq\/wp-content\/uploads\/sites\/181\/2021\/04\/Captura-de-tela-de-2016-11-16-17-48-45.png\" class=\"attachment-large size-large\" alt=\"\" loading=\"lazy\" srcset=\"https:\/\/www2.uepg.br\/crrq\/wp-content\/uploads\/sites\/181\/2021\/04\/Captura-de-tela-de-2016-11-16-17-48-45.png 536w, https:\/\/www2.uepg.br\/crrq\/wp-content\/uploads\/sites\/181\/2021\/04\/Captura-de-tela-de-2016-11-16-17-48-45-300x224.png 300w\" sizes=\"(max-width: 536px) 100vw, 536px\" \/><\/a>\n\t\t\t<\/dt><\/dl><br style=\"clear: both\" \/><dl class='gallery-item'>\n\t\t\t<dt class='gallery-icon landscape'>\n\t\t\t\t<a href='https:\/\/www2.uepg.br\/crrq\/banco-de-insumos\/captura-de-tela-de-2016-11-16-17-47-29\/'><img width=\"537\" height=\"365\" src=\"https:\/\/www2.uepg.br\/crrq\/wp-content\/uploads\/sites\/181\/2021\/04\/Captura-de-tela-de-2016-11-16-17-47-29.png\" class=\"attachment-large size-large\" alt=\"\" loading=\"lazy\" srcset=\"https:\/\/www2.uepg.br\/crrq\/wp-content\/uploads\/sites\/181\/2021\/04\/Captura-de-tela-de-2016-11-16-17-47-29.png 537w, https:\/\/www2.uepg.br\/crrq\/wp-content\/uploads\/sites\/181\/2021\/04\/Captura-de-tela-de-2016-11-16-17-47-29-300x204.png 300w\" sizes=\"(max-width: 537px) 100vw, 537px\" \/><\/a>\n\t\t\t<\/dt><\/dl><br style=\"clear: both\" \/><dl class='gallery-item'>\n\t\t\t<dt class='gallery-icon landscape'>\n\t\t\t\t<a href='https:\/\/www2.uepg.br\/crrq\/banco-de-insumos\/captura-de-tela-de-2016-11-16-17-46-36\/'><img width=\"543\" height=\"401\" src=\"https:\/\/www2.uepg.br\/crrq\/wp-content\/uploads\/sites\/181\/2021\/04\/Captura-de-tela-de-2016-11-16-17-46-36.png\" class=\"attachment-large size-large\" alt=\"\" loading=\"lazy\" srcset=\"https:\/\/www2.uepg.br\/crrq\/wp-content\/uploads\/sites\/181\/2021\/04\/Captura-de-tela-de-2016-11-16-17-46-36.png 543w, https:\/\/www2.uepg.br\/crrq\/wp-content\/uploads\/sites\/181\/2021\/04\/Captura-de-tela-de-2016-11-16-17-46-36-300x222.png 300w\" sizes=\"(max-width: 543px) 100vw, 543px\" \/><\/a>\n\t\t\t<\/dt><\/dl><br style=\"clear: both\" \/>\n\t\t<\/div>\n\n<p>&nbsp;<\/p>\n<p>&nbsp;<\/p>\n<p>&nbsp;<\/p>\n","protected":false},"excerpt":{"rendered":"<p>Tem por finalidade receber produtos qu\u00edmicos (reagentes e solventes) com prazos de validade expirados que n\u00e3o s\u00e3o mais utilizados nos laborat\u00f3rios da UEPG. Esses produtos s\u00e3o analisados para verifica\u00e7\u00e3o da qualidade e, se aprovados, s\u00e3o armazenados no BIQ, podendo ser destinados aos laborat\u00f3rios que deles necessitem. Atualmente o BIQ possui mais de 800 itens diferentes&nbsp;&hellip;<\/p>\n","protected":false},"author":305,"featured_media":0,"parent":0,"menu_order":0,"comment_status":"closed","ping_status":"closed","template":"","meta":[],"_links":{"self":[{"href":"https:\/\/www2.uepg.br\/crrq\/wp-json\/wp\/v2\/pages\/126"}],"collection":[{"href":"https:\/\/www2.uepg.br\/crrq\/wp-json\/wp\/v2\/pages"}],"about":[{"href":"https:\/\/www2.uepg.br\/crrq\/wp-json\/wp\/v2\/types\/page"}],"author":[{"embeddable":true,"href":"https:\/\/www2.uepg.br\/crrq\/wp-json\/wp\/v2\/users\/305"}],"replies":[{"embeddable":true,"href":"https:\/\/www2.uepg.br\/crrq\/wp-json\/wp\/v2\/comments?post=126"}],"version-history":[{"count":4,"href":"https:\/\/www2.uepg.br\/crrq\/wp-json\/wp\/v2\/pages\/126\/revisions"}],"predecessor-version":[{"id":309,"href":"https:\/\/www2.uepg.br\/crrq\/wp-json\/wp\/v2\/pages\/126\/revisions\/309"}],"wp:attachment":[{"href":"https:\/\/www2.uepg.br\/crrq\/wp-json\/wp\/v2\/media?parent=126"}],"curies":[{"name":"wp","href":"https:\/\/api.w.org\/{rel}","templated":true}]}}