{"id":128,"date":"2021-04-05T09:10:44","date_gmt":"2021-04-05T12:10:44","guid":{"rendered":"https:\/\/www2.uepg.br\/crrq\/?page_id=128"},"modified":"2021-04-06T22:48:38","modified_gmt":"2021-04-07T01:48:38","slug":"deposito-de-residuos-quimicos","status":"publish","type":"page","link":"https:\/\/www2.uepg.br\/crrq\/deposito-de-residuos-quimicos\/","title":{"rendered":"Dep\u00f3sito de Res\u00edduos Qu\u00edmicos"},"content":{"rendered":"<p>Localizado em uma edifica\u00e7\u00e3o especialmente projetada para abrigar res\u00edduos qu\u00edmicos, o DRQ armazena os res\u00edduos temporariamente de forma segura para que sejam, posteriormente encaminhados para o Laborat\u00f3rio de Res\u00edduos Qu\u00edmicos ou destina\u00e7\u00e3o final.<\/p>\n\n\t\t<style type=\"text\/css\">\n\t\t\t#gallery-1 {\n\t\t\t\tmargin: auto;\n\t\t\t}\n\t\t\t#gallery-1 .gallery-item {\n\t\t\t\tfloat: left;\n\t\t\t\tmargin-top: 10px;\n\t\t\t\ttext-align: center;\n\t\t\t\twidth: 100%;\n\t\t\t}\n\t\t\t#gallery-1 img {\n\t\t\t\tborder: 2px solid #cfcfcf;\n\t\t\t}\n\t\t\t#gallery-1 .gallery-caption {\n\t\t\t\tmargin-left: 0;\n\t\t\t}\n\t\t\t\/* see gallery_shortcode() in wp-includes\/media.php *\/\n\t\t<\/style>\n\t\t<div id='gallery-1' class='gallery galleryid-128 gallery-columns-1 gallery-size-full'><dl class='gallery-item'>\n\t\t\t<dt class='gallery-icon landscape'>\n\t\t\t\t<a href='https:\/\/www2.uepg.br\/crrq\/deposito-de-residuos-quimicos\/vista-externa\/'><img width=\"405\" height=\"306\" src=\"https:\/\/www2.uepg.br\/crrq\/wp-content\/uploads\/sites\/181\/2021\/04\/Vista-Externa.png\" class=\"attachment-full size-full\" alt=\"\" loading=\"lazy\" aria-describedby=\"gallery-1-310\" srcset=\"https:\/\/www2.uepg.br\/crrq\/wp-content\/uploads\/sites\/181\/2021\/04\/Vista-Externa.png 405w, https:\/\/www2.uepg.br\/crrq\/wp-content\/uploads\/sites\/181\/2021\/04\/Vista-Externa-300x227.png 300w\" sizes=\"(max-width: 405px) 100vw, 405px\" \/><\/a>\n\t\t\t<\/dt>\n\t\t\t\t<dd class='wp-caption-text gallery-caption' id='gallery-1-310'>\n\t\t\t\tVista externa\n\t\t\t\t<\/dd><\/dl><br style=\"clear: both\" \/><dl class='gallery-item'>\n\t\t\t<dt class='gallery-icon landscape'>\n\t\t\t\t<a href='https:\/\/www2.uepg.br\/crrq\/deposito-de-residuos-quimicos\/vista-parcial-interna\/'><img width=\"406\" height=\"305\" src=\"https:\/\/www2.uepg.br\/crrq\/wp-content\/uploads\/sites\/181\/2021\/04\/Vista-Parcial-Interna.png\" class=\"attachment-full size-full\" alt=\"\" loading=\"lazy\" aria-describedby=\"gallery-1-311\" srcset=\"https:\/\/www2.uepg.br\/crrq\/wp-content\/uploads\/sites\/181\/2021\/04\/Vista-Parcial-Interna.png 406w, https:\/\/www2.uepg.br\/crrq\/wp-content\/uploads\/sites\/181\/2021\/04\/Vista-Parcial-Interna-300x225.png 300w\" sizes=\"(max-width: 406px) 100vw, 406px\" \/><\/a>\n\t\t\t<\/dt>\n\t\t\t\t<dd class='wp-caption-text gallery-caption' id='gallery-1-311'>\n\t\t\t\tVista parcial Interna\n\t\t\t\t<\/dd><\/dl><br style=\"clear: both\" \/><dl class='gallery-item'>\n\t\t\t<dt class='gallery-icon landscape'>\n\t\t\t\t<a href='https:\/\/www2.uepg.br\/crrq\/deposito-de-residuos-quimicos\/vista-parcial-interna1\/'><img width=\"405\" height=\"304\" src=\"https:\/\/www2.uepg.br\/crrq\/wp-content\/uploads\/sites\/181\/2021\/04\/Vista-Parcial-Interna1.png\" class=\"attachment-full size-full\" alt=\"\" loading=\"lazy\" aria-describedby=\"gallery-1-312\" srcset=\"https:\/\/www2.uepg.br\/crrq\/wp-content\/uploads\/sites\/181\/2021\/04\/Vista-Parcial-Interna1.png 405w, https:\/\/www2.uepg.br\/crrq\/wp-content\/uploads\/sites\/181\/2021\/04\/Vista-Parcial-Interna1-300x225.png 300w\" sizes=\"(max-width: 405px) 100vw, 405px\" \/><\/a>\n\t\t\t<\/dt>\n\t\t\t\t<dd class='wp-caption-text gallery-caption' id='gallery-1-312'>\n\t\t\t\tVista parcial interna\n\t\t\t\t<\/dd><\/dl><br style=\"clear: both\" \/><dl class='gallery-item'>\n\t\t\t<dt class='gallery-icon landscape'>\n\t\t\t\t<a href='https:\/\/www2.uepg.br\/crrq\/deposito-de-residuos-quimicos\/vista-parcial-interna2\/'><img width=\"406\" height=\"305\" src=\"https:\/\/www2.uepg.br\/crrq\/wp-content\/uploads\/sites\/181\/2021\/04\/Vista-Parcial-Interna2.png\" class=\"attachment-full size-full\" alt=\"\" loading=\"lazy\" aria-describedby=\"gallery-1-313\" srcset=\"https:\/\/www2.uepg.br\/crrq\/wp-content\/uploads\/sites\/181\/2021\/04\/Vista-Parcial-Interna2.png 406w, https:\/\/www2.uepg.br\/crrq\/wp-content\/uploads\/sites\/181\/2021\/04\/Vista-Parcial-Interna2-300x225.png 300w\" sizes=\"(max-width: 406px) 100vw, 406px\" \/><\/a>\n\t\t\t<\/dt>\n\t\t\t\t<dd class='wp-caption-text gallery-caption' id='gallery-1-313'>\n\t\t\t\tVista parcial interna\n\t\t\t\t<\/dd><\/dl><br style=\"clear: both\" \/>\n\t\t<\/div>\n\n","protected":false},"excerpt":{"rendered":"<p>Localizado em uma edifica\u00e7\u00e3o especialmente projetada para abrigar res\u00edduos qu\u00edmicos, o DRQ armazena os res\u00edduos temporariamente de forma segura para que sejam, posteriormente encaminhados para o Laborat\u00f3rio de Res\u00edduos Qu\u00edmicos ou destina\u00e7\u00e3o final.<\/p>\n","protected":false},"author":305,"featured_media":0,"parent":0,"menu_order":0,"comment_status":"closed","ping_status":"closed","template":"","meta":[],"_links":{"self":[{"href":"https:\/\/www2.uepg.br\/crrq\/wp-json\/wp\/v2\/pages\/128"}],"collection":[{"href":"https:\/\/www2.uepg.br\/crrq\/wp-json\/wp\/v2\/pages"}],"about":[{"href":"https:\/\/www2.uepg.br\/crrq\/wp-json\/wp\/v2\/types\/page"}],"author":[{"embeddable":true,"href":"https:\/\/www2.uepg.br\/crrq\/wp-json\/wp\/v2\/users\/305"}],"replies":[{"embeddable":true,"href":"https:\/\/www2.uepg.br\/crrq\/wp-json\/wp\/v2\/comments?post=128"}],"version-history":[{"count":5,"href":"https:\/\/www2.uepg.br\/crrq\/wp-json\/wp\/v2\/pages\/128\/revisions"}],"predecessor-version":[{"id":317,"href":"https:\/\/www2.uepg.br\/crrq\/wp-json\/wp\/v2\/pages\/128\/revisions\/317"}],"wp:attachment":[{"href":"https:\/\/www2.uepg.br\/crrq\/wp-json\/wp\/v2\/media?parent=128"}],"curies":[{"name":"wp","href":"https:\/\/api.w.org\/{rel}","templated":true}]}}