{"id":130,"date":"2021-04-05T09:11:09","date_gmt":"2021-04-05T12:11:09","guid":{"rendered":"https:\/\/www2.uepg.br\/crrq\/?page_id=130"},"modified":"2021-04-05T16:25:30","modified_gmt":"2021-04-05T19:25:30","slug":"gerenciamento-no-laboratorio-de-origem","status":"publish","type":"page","link":"https:\/\/www2.uepg.br\/crrq\/gerenciamento-no-laboratorio-de-origem\/","title":{"rendered":"Gerenciamento no Laborat\u00f3rio de Origem"},"content":{"rendered":"<p align=\"justify\"><strong>Antes do experimento:<\/strong>\u00a0\u00c9 importante descobrir exatamente o que ser\u00e1 gerado como res\u00edduo qu\u00edmico ao fim da pr\u00e1tica de laborat\u00f3rio. Nem sempre isso \u00e9 uma tarefa f\u00e1cil, muitas vezes \u00e9 necess\u00e1rio recorrer ao estudo das rea\u00e7\u00f5es envolvidas no experimento, para que seja poss\u00edvel adotar medidas para reduzir, reciclar e reutilizar este res\u00edduo.<\/p>\n<p align=\"justify\"><strong>Ao final do experimento:<\/strong>\u00a0O res\u00edduo gerado pode ser perigoso ou n\u00e3o. Para se assegurar sobre a periculosidade do mesmo, consulte as tabelas de\u00a0<a href=\"http:\/\/www3.uepg.br\/crrq\/laboratorio-de-residuos\/lista-de-descarte-de-solidos\/\">s\u00f3lidos<\/a>\u00a0e\u00a0<a href=\"http:\/\/www3.uepg.br\/crrq\/laboratorio-de-residuos\/lista-de-descarte-de-liquidos\/\">l\u00edquidos<\/a>\u00a0que podem ser descartados na lixo ou pia. Se ele for encontrado em uma das listas, ele pode ser considerado como n\u00e3o perigoso, mas mesmo assim, verifique as condi\u00e7\u00f5es para o seu\u00a0<a href=\"http:\/\/www3.uepg.br\/crrq\/laboratorio-de-residuos\/procedimentos-de-descarte-de-residuos\/\">descarte<\/a>. \u00c9 sempre importante considerar a quantidade a ser descartada, afinal, muitas vezes a diferen\u00e7a entre algo ser in\u00f3cuo ou n\u00e3o, \u00e9 a quantidade.<\/p>\n<p align=\"justify\">Se o seu res\u00edduo n\u00e3o estiver nas tabelas apresentadas, eles podem ser classificados como perigosos, ent\u00e3o, ele dever\u00e1 ser armazenado em frascos apropriados, devidamente identificados com os\u00a0<a href=\"http:\/\/www3.uepg.br\/crrq\/laboratorio-de-residuos\/rotulagem\/\">r\u00f3tulos<\/a>\u00a0fornecidos pelo LRQ. Toda nova adi\u00e7\u00e3o de res\u00edduo no frasco coletor dever\u00e1 ser anotada na\u00a0<a href=\"http:\/\/www3.uepg.br\/crrq\/wp-content\/uploads\/sites\/45\/2016\/10\/Ficha-acompanhamento.pdf\">ficha de acompanhamento<\/a>.<\/p>\n<p align=\"justify\">O sucesso do processo depende da boa segrega\u00e7\u00e3o dos res\u00edduos. O armazenamento de res\u00edduos com caracter\u00edsticas f\u00edsico-qu\u00edmicas diferentes poder\u00e1 inviabilizar a recupera\u00e7\u00e3o, destrui\u00e7\u00e3o ou transforma\u00e7\u00e3o do mesmo por meio de rea\u00e7\u00f5es qu\u00edmicas. Poder\u00e1 tamb\u00e9m tornar a disposi\u00e7\u00e3o final cara, uma vez que as empresas habilitadas e legalizadas cobram pre\u00e7os diferentes para alguns grupos qu\u00edmicos. No caso de misturas complexas ou res\u00edduos n\u00e3o identificados os custos com incinera\u00e7\u00e3o ser\u00e3o mais elevados.<\/p>\n<p align=\"justify\">Quando o frasco estiver com 80% da sua capacidade total ele dever\u00e1 ser enviado ao LRQ juntamente com a ficha de encaminhamento. N\u00e3o ser\u00e3o aceitos res\u00edduos contidos em frascos n\u00e3o adequados (tipo garrafa \u201cPET\u201d), n\u00e3o adequadamente rotulados ou n\u00e3o acompanhados da ficha de encaminhamento.<\/p>\n","protected":false},"excerpt":{"rendered":"<p>Antes do experimento:\u00a0\u00c9 importante descobrir exatamente o que ser\u00e1 gerado como res\u00edduo qu\u00edmico ao fim da pr\u00e1tica de laborat\u00f3rio. Nem sempre isso \u00e9 uma tarefa f\u00e1cil, muitas vezes \u00e9 necess\u00e1rio recorrer ao estudo das rea\u00e7\u00f5es envolvidas no experimento, para que seja poss\u00edvel adotar medidas para reduzir, reciclar e reutilizar este res\u00edduo. Ao final do experimento:\u00a0O&nbsp;&hellip;<\/p>\n","protected":false},"author":305,"featured_media":0,"parent":0,"menu_order":0,"comment_status":"closed","ping_status":"closed","template":"","meta":[],"_links":{"self":[{"href":"https:\/\/www2.uepg.br\/crrq\/wp-json\/wp\/v2\/pages\/130"}],"collection":[{"href":"https:\/\/www2.uepg.br\/crrq\/wp-json\/wp\/v2\/pages"}],"about":[{"href":"https:\/\/www2.uepg.br\/crrq\/wp-json\/wp\/v2\/types\/page"}],"author":[{"embeddable":true,"href":"https:\/\/www2.uepg.br\/crrq\/wp-json\/wp\/v2\/users\/305"}],"replies":[{"embeddable":true,"href":"https:\/\/www2.uepg.br\/crrq\/wp-json\/wp\/v2\/comments?post=130"}],"version-history":[{"count":2,"href":"https:\/\/www2.uepg.br\/crrq\/wp-json\/wp\/v2\/pages\/130\/revisions"}],"predecessor-version":[{"id":265,"href":"https:\/\/www2.uepg.br\/crrq\/wp-json\/wp\/v2\/pages\/130\/revisions\/265"}],"wp:attachment":[{"href":"https:\/\/www2.uepg.br\/crrq\/wp-json\/wp\/v2\/media?parent=130"}],"curies":[{"name":"wp","href":"https:\/\/api.w.org\/{rel}","templated":true}]}}