{"id":132,"date":"2021-04-05T09:11:36","date_gmt":"2021-04-05T12:11:36","guid":{"rendered":"https:\/\/www2.uepg.br\/crrq\/?page_id=132"},"modified":"2021-04-09T08:38:51","modified_gmt":"2021-04-09T11:38:51","slug":"procedimento-de-descarte-de-residuos","status":"publish","type":"page","link":"https:\/\/www2.uepg.br\/crrq\/procedimento-de-descarte-de-residuos\/","title":{"rendered":"Procedimento de Descarte de Res\u00edduos"},"content":{"rendered":"<p>As tabelas de descarte de <a href=\"https:\/\/www2.uepg.br\/crrq\/lista-de-descarte-de-solidos\/\" target=\"_blank\" rel=\"noopener\">s\u00f3lidos<\/a> e <a href=\"https:\/\/www2.uepg.br\/crrq\/lista-de-descarte-de-liquidos\/\" target=\"_blank\" rel=\"noopener\">l\u00edquidos<\/a> fornecem algumas subst\u00e2ncias qu\u00edmicas consideradas seguras para descarte, no lixo ou na pia de laborat\u00f3rios. Entretanto, esta lista foi constru\u00edda levando-se em conta normas norte-americanas de seguran\u00e7a qu\u00edmica e portanto, devem ser avaliadas com o m\u00e1ximo cuidado. Poss\u00edveis exce\u00e7\u00f5es e limita\u00e7\u00f5es \u00e0s regras de descarte podem ser encontradas na <a href=\"http:\/\/www2.uepg.br\/crrq\/wp-content\/uploads\/sites\/181\/2021\/04\/LISTA.pdf\">LISTA<\/a> da <a href=\"http:\/\/www2.uepg.br\/crrq\/wp-content\/uploads\/sites\/181\/2021\/04\/lista2.pdf\">Resolu\u00e7\u00e3o CONAMA N\u00ba 20, de 18 de junho de 1986<\/a>.<\/p>\n<p>IMPORTANTE:<\/p>\n<p>Antes de realizar o descarte observe se o composto est\u00e1 de acordo com os itens abaixo:<\/p>\n<p>Ao fazer o descarte considerar sempre a toxicidade, inflamabilidade, reatividade e principalmente as quantidades e concentra\u00e7\u00f5es di\u00e1rias permitidas (solu\u00e7\u00f5es dilu\u00eddas).<br \/>\nRecomenda-se no geral 100 ml ou 100 g por descarte por dia. O pH para descarte deve estar entre 5 a 9.<br \/>\n\u00c1cidos org\u00e2nicos com odor desagrad\u00e1vel, tais como \u00e1cido but\u00edrico e val\u00e9rico devem ser neutralizados e o sal resultante da neutraliza\u00e7\u00e3o descartado ap\u00f3s dilui\u00e7\u00e3o de no m\u00ednimo 100 vezes o volume de \u00e1gua.<br \/>\nAminas com odor desagrad\u00e1vel, tais como dimetilamina e 1,4-butanodiamina devem ser neutralizadas e a solu\u00e7\u00e3o salina resultante da neutraliza\u00e7\u00e3o descartada ap\u00f3s dilui\u00e7\u00e3o com um volume de \u00e1gua de at\u00e9 100 vezes o volume inicial.<br \/>\nN\u00e3o devem ser descartados:<\/p>\n<p>a) hidrocarbonetos halogenados;<br \/>\nb) compostos inflam\u00e1veis em \u00e1gua;<br \/>\nc) explosivos como azidas e per\u00f3xidos;<br \/>\nd) pol\u00edmeros que se solubilizar\u00e3o em \u00e1gua formando gel;<br \/>\ne) materiais que possuem reatividade com a \u00e1gua;<br \/>\nf) produtos qu\u00edmicos malcheiroso;<br \/>\ng) nitrocompostos;<br \/>\nf) mercaptanas.<\/p>\n","protected":false},"excerpt":{"rendered":"<p>As tabelas de descarte de s\u00f3lidos e l\u00edquidos fornecem algumas subst\u00e2ncias qu\u00edmicas consideradas seguras para descarte, no lixo ou na pia de laborat\u00f3rios. Entretanto, esta lista foi constru\u00edda levando-se em conta normas norte-americanas de seguran\u00e7a qu\u00edmica e portanto, devem ser avaliadas com o m\u00e1ximo cuidado. Poss\u00edveis exce\u00e7\u00f5es e limita\u00e7\u00f5es \u00e0s regras de descarte podem ser&nbsp;&hellip;<\/p>\n","protected":false},"author":305,"featured_media":0,"parent":0,"menu_order":0,"comment_status":"closed","ping_status":"closed","template":"","meta":[],"_links":{"self":[{"href":"https:\/\/www2.uepg.br\/crrq\/wp-json\/wp\/v2\/pages\/132"}],"collection":[{"href":"https:\/\/www2.uepg.br\/crrq\/wp-json\/wp\/v2\/pages"}],"about":[{"href":"https:\/\/www2.uepg.br\/crrq\/wp-json\/wp\/v2\/types\/page"}],"author":[{"embeddable":true,"href":"https:\/\/www2.uepg.br\/crrq\/wp-json\/wp\/v2\/users\/305"}],"replies":[{"embeddable":true,"href":"https:\/\/www2.uepg.br\/crrq\/wp-json\/wp\/v2\/comments?post=132"}],"version-history":[{"count":3,"href":"https:\/\/www2.uepg.br\/crrq\/wp-json\/wp\/v2\/pages\/132\/revisions"}],"predecessor-version":[{"id":334,"href":"https:\/\/www2.uepg.br\/crrq\/wp-json\/wp\/v2\/pages\/132\/revisions\/334"}],"wp:attachment":[{"href":"https:\/\/www2.uepg.br\/crrq\/wp-json\/wp\/v2\/media?parent=132"}],"curies":[{"name":"wp","href":"https:\/\/api.w.org\/{rel}","templated":true}]}}