{"id":134,"date":"2021-04-05T09:12:46","date_gmt":"2021-04-05T12:12:46","guid":{"rendered":"https:\/\/www2.uepg.br\/crrq\/?page_id=134"},"modified":"2021-04-06T22:34:43","modified_gmt":"2021-04-07T01:34:43","slug":"lista-de-descarte-de-solidos","status":"publish","type":"page","link":"https:\/\/www2.uepg.br\/crrq\/lista-de-descarte-de-solidos\/","title":{"rendered":"Lista de Descarte de S\u00f3lidos"},"content":{"rendered":"<p><strong>Residuos s\u00f3lidos que podem ser descartados no lixo<\/strong><\/p>\n<p><img loading=\"lazy\" class=\"alignnone size-full wp-image-293\" src=\"http:\/\/www2.uepg.br\/crrq\/wp-content\/uploads\/sites\/181\/2021\/04\/listadescartesolidos.png\" alt=\"\" width=\"921\" height=\"214\" srcset=\"https:\/\/www2.uepg.br\/crrq\/wp-content\/uploads\/sites\/181\/2021\/04\/listadescartesolidos.png 921w, https:\/\/www2.uepg.br\/crrq\/wp-content\/uploads\/sites\/181\/2021\/04\/listadescartesolidos-300x70.png 300w, https:\/\/www2.uepg.br\/crrq\/wp-content\/uploads\/sites\/181\/2021\/04\/listadescartesolidos-768x178.png 768w\" sizes=\"(max-width: 921px) 100vw, 921px\" \/><\/p>\n<p><strong>Outros<\/strong><\/p>\n<ul>\n<li>Materiais n\u00e3o contaminados com produtos qu\u00edmicos perigosos.<\/li>\n<li>Absorventes cromatogr\u00e1ficos: s\u00edlica, alumina, sephadex etc.<\/li>\n<li>Materiais de vidro.<\/li>\n<li>Papel de filtro.<\/li>\n<li>Luvas e outros materiais descart\u00e1veis.<\/li>\n<\/ul>\n","protected":false},"excerpt":{"rendered":"<p>Residuos s\u00f3lidos que podem ser descartados no lixo Outros Materiais n\u00e3o contaminados com produtos qu\u00edmicos perigosos. Absorventes cromatogr\u00e1ficos: s\u00edlica, alumina, sephadex etc. Materiais de vidro. Papel de filtro. Luvas e outros materiais descart\u00e1veis.<\/p>\n","protected":false},"author":305,"featured_media":0,"parent":0,"menu_order":0,"comment_status":"closed","ping_status":"closed","template":"","meta":[],"_links":{"self":[{"href":"https:\/\/www2.uepg.br\/crrq\/wp-json\/wp\/v2\/pages\/134"}],"collection":[{"href":"https:\/\/www2.uepg.br\/crrq\/wp-json\/wp\/v2\/pages"}],"about":[{"href":"https:\/\/www2.uepg.br\/crrq\/wp-json\/wp\/v2\/types\/page"}],"author":[{"embeddable":true,"href":"https:\/\/www2.uepg.br\/crrq\/wp-json\/wp\/v2\/users\/305"}],"replies":[{"embeddable":true,"href":"https:\/\/www2.uepg.br\/crrq\/wp-json\/wp\/v2\/comments?post=134"}],"version-history":[{"count":2,"href":"https:\/\/www2.uepg.br\/crrq\/wp-json\/wp\/v2\/pages\/134\/revisions"}],"predecessor-version":[{"id":294,"href":"https:\/\/www2.uepg.br\/crrq\/wp-json\/wp\/v2\/pages\/134\/revisions\/294"}],"wp:attachment":[{"href":"https:\/\/www2.uepg.br\/crrq\/wp-json\/wp\/v2\/media?parent=134"}],"curies":[{"name":"wp","href":"https:\/\/api.w.org\/{rel}","templated":true}]}}