{"id":149,"date":"2021-04-05T09:16:16","date_gmt":"2021-04-05T12:16:16","guid":{"rendered":"https:\/\/www2.uepg.br\/crrq\/?page_id=149"},"modified":"2021-04-05T10:39:32","modified_gmt":"2021-04-05T13:39:32","slug":"como-organizar-os-produtos-quimicos-no-almoxarifado-de-laboratorio","status":"publish","type":"page","link":"https:\/\/www2.uepg.br\/crrq\/como-organizar-os-produtos-quimicos-no-almoxarifado-de-laboratorio\/","title":{"rendered":"Como organizar os produtos Qu\u00edmicos no Almoxarifado de Laborat\u00f3rio"},"content":{"rendered":"<p>Uma das formas mais comuns (e erradas!) de se armazenar os produtos qu\u00edmicos no almoxarifado do laborat\u00f3rio \u00e9 a ordem alfab\u00e9tica, o que pode, \u00e0s vezes, formar uma \u201cmistura fatal\u201d. Esta forma de armazenamento, apesar de pr\u00e1tica, pode eventualmente O almoxarifado deve ser organizado causar s\u00e9rios acidentes quando produtos qu\u00edmicos incompat\u00edveis s\u00e3o armazenados lado a lado.<\/p>\n<p>O armazenamento deve ser feito levando em considera\u00e7\u00e3o a compatibilidade qu\u00edmica!, ou seja, os incompat\u00edveis devem ser mantidos o mais afastado poss\u00edvel. A segrega\u00e7\u00e3o (separa\u00e7\u00e3o) vai depender dos insumos que tiver no seu local de trabalho. Pode-se usar como sugest\u00e3o segregar os insumos nas seguintes categorias (crit\u00e9rio da universidade de Michigan, EUA):<\/p>\n<ul>\n<li>L\u00edquidos inflam\u00e1veis (ou combust\u00edveis) e \u00e1cidos org\u00e2nicos<\/li>\n<li>S\u00f3lidos inflam\u00e1veis<\/li>\n<li>\u00c1cidos minerais<\/li>\n<li>Corrosivos<\/li>\n<li>Oxidantes<\/li>\n<li>Gases comprimidos<\/li>\n<\/ul>\n<p>Outro fator a ser considerado \u00e9 n\u00e3o usar prateleiras de madeira nem forr\u00e1-las com material combust\u00edvel como papel, por exemplo, principalmente se tiver agentes corrosivos, oxidantes, inflam\u00e1veis, combust\u00edveis, etc. Lembre-se tamb\u00e9m que os reagentes n\u00e3o devem ser armazenados em locais onde haja a incid\u00eancia de luz solar intensa.<\/p>\n<p><strong>Produtos Qu\u00edmicos Incompat\u00edveis:<\/strong><\/p>\n<p><img loading=\"lazy\" class=\"alignleft wp-image-242 size-full\" src=\"http:\/\/www2.uepg.br\/crrq\/wp-content\/uploads\/sites\/181\/2021\/04\/tabela1.png\" alt=\"\" width=\"588\" height=\"998\" srcset=\"https:\/\/www2.uepg.br\/crrq\/wp-content\/uploads\/sites\/181\/2021\/04\/tabela1.png 588w, https:\/\/www2.uepg.br\/crrq\/wp-content\/uploads\/sites\/181\/2021\/04\/tabela1-177x300.png 177w\" sizes=\"(max-width: 588px) 100vw, 588px\" \/><\/p>\n<p><img loading=\"lazy\" class=\"alignleft wp-image-243 size-full\" src=\"http:\/\/www2.uepg.br\/crrq\/wp-content\/uploads\/sites\/181\/2021\/04\/tabela2.png\" alt=\"\" width=\"798\" height=\"424\" srcset=\"https:\/\/www2.uepg.br\/crrq\/wp-content\/uploads\/sites\/181\/2021\/04\/tabela2.png 798w, https:\/\/www2.uepg.br\/crrq\/wp-content\/uploads\/sites\/181\/2021\/04\/tabela2-300x159.png 300w, https:\/\/www2.uepg.br\/crrq\/wp-content\/uploads\/sites\/181\/2021\/04\/tabela2-768x408.png 768w\" sizes=\"(max-width: 798px) 100vw, 798px\" \/><\/p>\n","protected":false},"excerpt":{"rendered":"<p>Uma das formas mais comuns (e erradas!) de se armazenar os produtos qu\u00edmicos no almoxarifado do laborat\u00f3rio \u00e9 a ordem alfab\u00e9tica, o que pode, \u00e0s vezes, formar uma \u201cmistura fatal\u201d. Esta forma de armazenamento, apesar de pr\u00e1tica, pode eventualmente O almoxarifado deve ser organizado causar s\u00e9rios acidentes quando produtos qu\u00edmicos incompat\u00edveis s\u00e3o armazenados lado a&nbsp;&hellip;<\/p>\n","protected":false},"author":305,"featured_media":0,"parent":0,"menu_order":0,"comment_status":"closed","ping_status":"closed","template":"","meta":[],"_links":{"self":[{"href":"https:\/\/www2.uepg.br\/crrq\/wp-json\/wp\/v2\/pages\/149"}],"collection":[{"href":"https:\/\/www2.uepg.br\/crrq\/wp-json\/wp\/v2\/pages"}],"about":[{"href":"https:\/\/www2.uepg.br\/crrq\/wp-json\/wp\/v2\/types\/page"}],"author":[{"embeddable":true,"href":"https:\/\/www2.uepg.br\/crrq\/wp-json\/wp\/v2\/users\/305"}],"replies":[{"embeddable":true,"href":"https:\/\/www2.uepg.br\/crrq\/wp-json\/wp\/v2\/comments?post=149"}],"version-history":[{"count":3,"href":"https:\/\/www2.uepg.br\/crrq\/wp-json\/wp\/v2\/pages\/149\/revisions"}],"predecessor-version":[{"id":245,"href":"https:\/\/www2.uepg.br\/crrq\/wp-json\/wp\/v2\/pages\/149\/revisions\/245"}],"wp:attachment":[{"href":"https:\/\/www2.uepg.br\/crrq\/wp-json\/wp\/v2\/media?parent=149"}],"curies":[{"name":"wp","href":"https:\/\/api.w.org\/{rel}","templated":true}]}}