{"id":151,"date":"2021-04-05T09:16:35","date_gmt":"2021-04-05T12:16:35","guid":{"rendered":"https:\/\/www2.uepg.br\/crrq\/?page_id=151"},"modified":"2021-04-05T10:42:33","modified_gmt":"2021-04-05T13:42:33","slug":"inflamabilidade","status":"publish","type":"page","link":"https:\/\/www2.uepg.br\/crrq\/inflamabilidade\/","title":{"rendered":"Inflamabilidade"},"content":{"rendered":"<p>A inflamabilidade \u00e9 definida levando em conta a temperatura na qual o l\u00edquido emite vapores capazes de sustentar combust\u00e3o, chamada de \u201cponto de fulgor\u201d (flash point) e a temperatura de ebuli\u00e7\u00e3o. Quanto menores forem essas temperaturas, maior o risco. L\u00edquidos como acetalde\u00eddo, \u00e9ter et\u00edlico, dimet\u00edlico e de petr\u00f3leo, \u00f3xido de etileno, propano, acetona, etanol, isopropanol, ciclo-hexano, acetonitrila, benzeno, etc s\u00e3o altamente inflam\u00e1veis. Por exemplo, o \u00e9ter de petr\u00f3leo pode emitir gases combust\u00edveis a -46oC. (46 graus abaixo de zero).<\/p>\n<p>As recomenda\u00e7\u00f5es a seguir constituem uma compila\u00e7\u00e3o de medidas a serem tomadas seriamente, constituindo parte das futuras normas de seguran\u00e7a e destina\u00e7\u00e3o de res\u00edduos do Instituto.<\/p>\n<p><strong>Procedimentos de Preven\u00e7\u00e3o para Evitar Acidentes com L\u00edquidos Inflam\u00e1veis<\/strong><\/p>\n<p>A estocagem de l\u00edquidos inflam\u00e1veis n\u00e3o deve ser feita em geladeiras dom\u00e9sticas, dados os riscos envolvidos. A refrigera\u00e7\u00e3o n\u00e3o evita a forma\u00e7\u00e3o de vapores e a estocagem deve ser feita em recipientes adequados (apropriados para inflam\u00e1veis), em arm\u00e1rios destinados a essa finalidade e em local afastado e bem ventilado. O pequeno efeito da temperatura de refrigera\u00e7\u00e3o sobre a evapora\u00e7\u00e3o do l\u00edquido n\u00e3o justifica os riscos. As geladeiras apropriadas para estocagem de l\u00edquidos inflam\u00e1veis s\u00e3o chamadas \u201cblindadas\u201d (explosion-proof) e t\u00eam um pre\u00e7o muito elevado o que dificulta sua compra.<\/p>\n<p>Um exemplo de recipiente adequado \u00e9 o \u201ccontainer de seguran\u00e7a\u201d (safety can) mostrado abaixo, com sistema corta-chamas (fig. 1). Dependendo do l\u00edquido a ser contido, pode se escolher entre os fabricados em metal ou em polietileno.<\/p>\n<p>Recipientes desse tipo devem ser estocados em arm\u00e1rios para l\u00edquidos inflam\u00e1veis que podem inclusive ter fechamento autom\u00e1tico.<\/p>\n<p>Os arm\u00e1rios contendo l\u00edquidos inflam\u00e1veis (fig. 2) podem ser colocados em local ventilado, de forma a evitar o ac\u00famulo de eventuais vapores emanados dos recipientes.<\/p>\n\n\t\t<style type=\"text\/css\">\n\t\t\t#gallery-1 {\n\t\t\t\tmargin: auto;\n\t\t\t}\n\t\t\t#gallery-1 .gallery-item {\n\t\t\t\tfloat: left;\n\t\t\t\tmargin-top: 10px;\n\t\t\t\ttext-align: center;\n\t\t\t\twidth: 50%;\n\t\t\t}\n\t\t\t#gallery-1 img {\n\t\t\t\tborder: 2px solid #cfcfcf;\n\t\t\t}\n\t\t\t#gallery-1 .gallery-caption {\n\t\t\t\tmargin-left: 0;\n\t\t\t}\n\t\t\t\/* see gallery_shortcode() in wp-includes\/media.php *\/\n\t\t<\/style>\n\t\t<div id='gallery-1' class='gallery galleryid-151 gallery-columns-2 gallery-size-full'><dl class='gallery-item'>\n\t\t\t<dt class='gallery-icon portrait'>\n\t\t\t\t<a href='https:\/\/www2.uepg.br\/crrq\/inflamabilidade\/figura1\/'><img width=\"202\" height=\"267\" src=\"https:\/\/www2.uepg.br\/crrq\/wp-content\/uploads\/sites\/181\/2021\/04\/figura1.png\" class=\"attachment-full size-full\" alt=\"\" loading=\"lazy\" \/><\/a>\n\t\t\t<\/dt><\/dl><dl class='gallery-item'>\n\t\t\t<dt class='gallery-icon portrait'>\n\t\t\t\t<a href='https:\/\/www2.uepg.br\/crrq\/inflamabilidade\/figura2\/'><img width=\"133\" height=\"170\" src=\"https:\/\/www2.uepg.br\/crrq\/wp-content\/uploads\/sites\/181\/2021\/04\/figura2.png\" class=\"attachment-full size-full\" alt=\"\" loading=\"lazy\" \/><\/a>\n\t\t\t<\/dt><\/dl><br style=\"clear: both\" \/>\n\t\t<\/div>\n\n<p>Alguns cuidados devem ser adotados em rela\u00e7\u00e3o aos produtos inflam\u00e1veis, tais como menos:<\/p>\n<ul>\n<li>A minimiza\u00e7\u00e3o da quantidade de subst\u00e2ncias inflam\u00e1veis nos laborat\u00f3rios, agendando as compras de acordo com o consumo;<\/li>\n<li>Usar l\u00edquidos inflam\u00e1veis somente na capela, n\u00e3o na bancada, utilizando equipamento de prote\u00e7\u00e3o individual (luvas, \u00f3culos de prote\u00e7\u00e3o, avental de algod\u00e3o, etc.);<\/li>\n<li>Rotular todos os recipientes contendo subst\u00e2ncias inflam\u00e1veis e combust\u00edveis com letras e cores chamativas, e o Diagrama de Hommel.<\/li>\n<li>Guardar as subst\u00e2ncias inflam\u00e1veis e combust\u00edveis em recipientes e arm\u00e1rios adequados, em locais bem ventilados;<\/li>\n<li>Manter as subst\u00e3ncias inflam\u00e1veis e combust\u00edveis afastadas o m\u00e1ximo poss\u00edvel de fontes de calor, chama (bicos de Bunsen) e de igni\u00e7\u00e3o (fa\u00edscas, eletricidade est\u00e1tica, m\u00e1quinas, equipamento el\u00e9trico, etc.);<\/li>\n<li>Instalar chuveiros de seguran\u00e7a e lava-olhos em locais de r\u00e1pido acesso;<\/li>\n<li>Proibir de fumar em qualquer depend\u00eancia laboratorial ou pr\u00f3xima;<\/li>\n<li>Proibir o despejo de l\u00edquidos inflam\u00e1veis ou combust\u00edveis na rede de esgotos;<\/li>\n<li>Desobstruir os corredores e sa\u00eddas das constru\u00e7\u00f5es;<\/li>\n<li>Proibir a estocagem de subst\u00e2ncias inflam\u00e1veis ou combust\u00edveis nos corredores;<\/li>\n<li>Desobstruir o acesso a equipamentos de combate a inc\u00eandios (extintores, mangueiras, etc.) e pain\u00e9is de eletricidade;<\/li>\n<li>Aterrar os recipientes que contenham l\u00edquidos inflam\u00e1veis para evitar eletricidade est\u00e1tica;<\/li>\n<li>Treinar de forma regular as pessoas envolvidas no trabalho laboratorial em rela\u00e7\u00e3o aos procedimentos de seguran\u00e7a, de destina\u00e7\u00e3o de res\u00edduos e de emerg\u00eancia, obrigando os docentes e t\u00e9cnicos de laborat\u00f3rio, em particular, a comparecer aos cursos de treinamento;<\/li>\n<li>Manter uma Brigada de Preven\u00e7\u00e3o e Combate a Inc\u00eandios devidamente treinada e equipada;<\/li>\n<li>Efetuar a instala\u00e7\u00e3o de detectores de fuma\u00e7a e alarmes contra inc\u00eandio em todos os laborat\u00f3rios que ofere\u00e7am maior risco de inc\u00eandios;<\/li>\n<li>N\u00e3o aceitar que pessoas de outros laborat\u00f3rios deixem recipientes de qualquer tipo em outros laborat\u00f3rios, devendo comunicar aos respons\u00e1veis pelo laborat\u00f3rio imediatamente ocorr\u00eancias desse tipo.<\/li>\n<\/ul>\n<p><strong>Dicas \u00dateis:<\/strong><\/p>\n<ul>\n<li>Os reagentes qu\u00edmicos, em particular aqueles de maior risco, eventualmente podem ser substitu\u00eddos por outros que n\u00e3o envolvam riscos de manipula\u00e7\u00e3o nem agress\u00e3o ao meio ambiente.<\/li>\n<li>Voc\u00ea tem reagentes qu\u00edmicos em seu almoxarifado que n\u00e3o vai usar nos pr\u00f3ximos meses ou nunca? Disponibilize-os no Banco de Insumos Qu\u00edmicos. Algu\u00e9m poder\u00e1 utiliz\u00e1-los!<\/li>\n<li>Analise criticamente seus protocolos experimentais de pesquisa e de aulas pr\u00e1ticas. Veja o que poderia ser mudado ou minimizado para diminuir ou eliminar os res\u00edduos t\u00f3xicos a serem descartados.<\/li>\n<li>Antes de come\u00e7ar a trabalhar com uma determinada\u00a0 subst\u00e2ncia qu\u00edmica, procure a FISPQ (ficha informativa sobre seguran\u00e7a de produtos qu\u00edmicos) ou MSDS (material safety data sheet) nos sites da internet. Fique atento \u00e0s informa\u00e7\u00f5es sobre inflamabilidade, reatividade, corrosividade e toxicidade.<\/li>\n<\/ul>\n","protected":false},"excerpt":{"rendered":"<p>A inflamabilidade \u00e9 definida levando em conta a temperatura na qual o l\u00edquido emite vapores capazes de sustentar combust\u00e3o, chamada de \u201cponto de fulgor\u201d (flash point) e a temperatura de ebuli\u00e7\u00e3o. Quanto menores forem essas temperaturas, maior o risco. L\u00edquidos como acetalde\u00eddo, \u00e9ter et\u00edlico, dimet\u00edlico e de petr\u00f3leo, \u00f3xido de etileno, propano, acetona, etanol, isopropanol,&nbsp;&hellip;<\/p>\n","protected":false},"author":305,"featured_media":0,"parent":0,"menu_order":0,"comment_status":"closed","ping_status":"closed","template":"","meta":[],"_links":{"self":[{"href":"https:\/\/www2.uepg.br\/crrq\/wp-json\/wp\/v2\/pages\/151"}],"collection":[{"href":"https:\/\/www2.uepg.br\/crrq\/wp-json\/wp\/v2\/pages"}],"about":[{"href":"https:\/\/www2.uepg.br\/crrq\/wp-json\/wp\/v2\/types\/page"}],"author":[{"embeddable":true,"href":"https:\/\/www2.uepg.br\/crrq\/wp-json\/wp\/v2\/users\/305"}],"replies":[{"embeddable":true,"href":"https:\/\/www2.uepg.br\/crrq\/wp-json\/wp\/v2\/comments?post=151"}],"version-history":[{"count":3,"href":"https:\/\/www2.uepg.br\/crrq\/wp-json\/wp\/v2\/pages\/151\/revisions"}],"predecessor-version":[{"id":249,"href":"https:\/\/www2.uepg.br\/crrq\/wp-json\/wp\/v2\/pages\/151\/revisions\/249"}],"wp:attachment":[{"href":"https:\/\/www2.uepg.br\/crrq\/wp-json\/wp\/v2\/media?parent=151"}],"curies":[{"name":"wp","href":"https:\/\/api.w.org\/{rel}","templated":true}]}}