{"id":153,"date":"2021-04-05T09:16:47","date_gmt":"2021-04-05T12:16:47","guid":{"rendered":"https:\/\/www2.uepg.br\/crrq\/?page_id=153"},"modified":"2021-04-06T22:17:40","modified_gmt":"2021-04-07T01:17:40","slug":"nfpa","status":"publish","type":"page","link":"https:\/\/www2.uepg.br\/crrq\/nfpa\/","title":{"rendered":"NFPA"},"content":{"rendered":"<p>A simbologia proposta pela NFPA (NFPA 704-11) tem sido adotada para representar clara e diretamente os riscos envolvidos na manipula\u00e7\u00e3o de insumos qu\u00edmicos. Sugere-se us\u00e1-la para identifica\u00e7\u00e3o dos recipientes (rotulagem) tamb\u00e9m nos laborat\u00f3rios.<\/p>\n<p>O diamante colorido representa os riscos em termos de inflamabilidade, (vermelho), riscos \u00e0 sa\u00fade (azul), reatividade (amarelo) e informa\u00e7\u00f5es especiais em branco. \u00c0s vezes a classifica\u00e7\u00e3o num\u00e9rica pode variar dependendo da fonte consultada e os n\u00fameros podem tamb\u00e9m aparecer na seq\u00fc\u00eancia: sa\u00fade (azul) \u2013 inflamabilidade (vermelho) \u2013 reatividade (amarelo) ap\u00f3s o nome da subst\u00e2ncia. Exemplo: acetileno (1 4 3).<\/p>\n<p>Os riscos s\u00e3o classificados de 0 (risco m\u00ednimo) a 4 (risco m\u00e1ximo), segundo os crit\u00e9rios abaixo descritos.<\/p>\n<p><strong>Diagrama de Hommel ou Diamante do Perigo<\/strong><\/p>\n<p><img loading=\"lazy\" class=\"size-full wp-image-250 aligncenter\" src=\"http:\/\/www2.uepg.br\/crrq\/wp-content\/uploads\/sites\/181\/2021\/04\/figura10.gif\" alt=\"\" width=\"320\" height=\"321\" \/><\/p>\n<p><strong>Risco \u00e0 Sa\u00fade ou Toxicidade (Azul):<\/strong><\/p>\n<p><strong>4.<\/strong>\u00a0Subst\u00e2ncias que s\u00e3o capazes de produzir a morte ou danos s\u00e9rios ou seq\u00fcelas s\u00e9rias em exposi\u00e7\u00e3o muito curta.<br \/>\nExemplos: acrilonitrila, cianog\u00eanio, dimetil sulfato, cianeto de hidrog\u00eanio, etc.<\/p>\n<p><strong>3.<\/strong>\u00a0Subst\u00e2ncias que s\u00e3o capazes de produzir danos f\u00edsicos s\u00e9rios tempor\u00e1rios ou seq\u00fcelas.<br \/>\nExemplos: \u00e1cido acr\u00edlico, am\u00f4nia (g\u00e1s), azidas, cianetos, s\u00f3dio e am\u00e1lgama de s\u00f3dio, \u00e1cido sulf\u00farico, f\u00f3sforo branco, etc.<\/p>\n<p><strong>2.<\/strong>\u00a0Subst\u00e2ncias que em exposi\u00e7\u00e3o intensa ou cont\u00ednua mas n\u00e3o cr\u00f4nica, podem causar incapacidade tempor\u00e1ria ou poss\u00edvel seq\u00fcela.<br \/>\nExemplos: anidrido ac\u00e9tico, benzeno, tetracloreto de carbono, \u00e9ter diet\u00edlico, clorof\u00f3rmio, etc.<\/p>\n<p><strong>1.<\/strong>\u00a0Subst\u00e2ncias que podem causar irrita\u00e7\u00e3o mas seq\u00fcelas menores.<br \/>\nExemplos: acetileno, nitrato de am\u00f4nio, dimetilformamida, f\u00f3sforo vermelho, etc.<\/p>\n<p><strong>0.<\/strong>\u00a0Subst\u00e2ncias que em inc\u00eandios n\u00e3o oferecem risco maior al\u00e9m do representado pelo material combust\u00edvel comum.<\/p>\n<p>&nbsp;<\/p>\n<p><strong>Risco de Inflamabilidade (Vermelho):<\/strong><\/p>\n<p><strong>4.<\/strong>\u00a0Subst\u00e2ncias que podem vaporizar r\u00e1pida ou completamente \u00e0 press\u00e3o e temperatura ambientes, ou que s\u00e3o rapidamente dispersas no ar e queimam com facilidade.<br \/>\nExemplos: acetileno, per\u00f3xido de benzo\u00edla, tert-butil hidroper\u00f3xido, cianog\u00eanio, \u00e9ter diet\u00edlico, formalde\u00eddo (g\u00e1s), cianeto de hidrog\u00eanio, sulfeto de hidrog\u00eanio, triclorosilano, cloreto de vinila, \u00e1cido p\u00edcrico, f\u00f3sforo branco, etc.<\/p>\n<p><strong>3.<\/strong>\u00a0L\u00edquidos e s\u00f3lidos que podem sofrer igni\u00e7\u00e3o na maioria das condi\u00e7\u00f5es de temperatura ambiental.<br \/>\nExemplos: acrilonitrila, acrole\u00edna, benzeno, \u00e9ter dibut\u00edlico, \u00e9ter diisoprop\u00edlico, dioxano, metanol, metil-hidrazina, pot\u00e1ssio, piridina, tetraidrofurano, xilol (xileno), s\u00f3dio e am\u00e1lgama de s\u00f3dio, etc.<\/p>\n<p><strong>2.<\/strong>\u00a0Subst\u00e2ncias que devem ser aquecidas com modera\u00e7\u00e3o ou expostas a temperaturas relativamente altas para sofrerem igni\u00e7\u00e3o.<br \/>\nExemplos: anidrido ac\u00e9tico, \u00e1cido ac\u00e9tico glacial, anilina, azidas, dimetil sulfato, solu\u00e7\u00e3o de formalde\u00eddo, solu\u00e7\u00e3o de hidrazina, nitrobenzeno, fenol, azida s\u00f3dica, nitrito de s\u00f3dio, etc.<\/p>\n<p><strong>1.<\/strong>\u00a0Subst\u00e2ncias que devem ser pr\u00e9-aquecidas antes de ocorrer a igni\u00e7\u00e3o.<br \/>\nExemplos: dicromato de am\u00f4nio, solu\u00e7\u00e3o ou g\u00e1s de am\u00f4nia, c\u00e1dmio, diclorometano, dietil sulfato, anidrido mal\u00e9ico, 1-naftilamina e sais, fenantreno, resorcinol, f\u00f3sforo vermelho, etc.<\/p>\n<p><strong>0.<\/strong>\u00a0Materiais n\u00e3o combust\u00edveis.<\/p>\n<p>&nbsp;<\/p>\n<p><strong>Risco de Reatividade (Amarelo):<\/strong><\/p>\n<p><strong>4.<\/strong>\u00a0Subst\u00e2ncias que s\u00e3o intrinsecamente capazes de detona\u00e7\u00e3o ou decomposi\u00e7\u00e3o explosiva ou rea\u00e7\u00e3o em condi\u00e7\u00f5es normais de temperatura e press\u00e3o.<br \/>\nExemplos: per\u00f3xido de benzoila, tert-butil hidroper\u00f3xido, \u00e1cido perac\u00e9tico, \u00e1cido p\u00edcrico, etc.<\/p>\n<p><strong>3.<\/strong>\u00a0Subst\u00e2ncias que s\u00e3o intrinsecamente capazes de sofrer detona\u00e7\u00e3o ou decomposi\u00e7\u00e3o explosiva ou rea\u00e7\u00e3o, mas requerem uma fonte para essa rea\u00e7\u00e3o acontecer, ou que devem ser aquecidas em confinamento antes da rea\u00e7\u00e3o, ou que reagem explosivamente com a \u00e1gua.<br \/>\nExemplos: acetileno, acroleina, nitrato de am\u00f4nio, diborano, per\u00f3xido de hidrog\u00eanio (&gt;52%), 2-nitropropano, silano, \u00e1cido sulf\u00e2mico, etc.<\/p>\n<p><strong>2.<\/strong>\u00a0Subst\u00e2ncias que sofrem mudan\u00e7as qu\u00edmicas violentas em temperaturas e press\u00f5es elevadas ou que reagem violentamente com a \u00e1gua, ou que podem formar misturas explosivas com a \u00e1gua.<br \/>\nExemplos: brometo ou cloreto de acetila, \u00e1cido acr\u00edlico, acrilonitrila, azidas, \u00e1cido clorosulf\u00f4nico, cianog\u00eanio, l\u00edtio, metil-hidrazina, percloratos, fosfina, pot\u00e1ssio, s\u00f3dio e am\u00e1lgama de s\u00f3dio, hidrosulfito de s\u00f3dio, \u00e1cido sulf\u00farico, cloreto de vinila, etc.<\/p>\n<p><strong>1.<\/strong>\u00a0Subst\u00e2ncias que s\u00e3o normalmente est\u00e1veis, mas podem se tornar inst\u00e1veis quando submetidas a temperaturas e press\u00f5es elevadas.<br \/>\nExemplos: anidrido ac\u00e9tico, dicromato de am\u00f4nio, brometo de cianog\u00eanio, \u00e9ter dibut\u00edlico, \u00e9ter diet\u00edlico, \u00e9ter diisoprop\u00edlico, 1,1-dimetil-hidrazina, dioxano, perclorato de Mg, magn\u00e9sio, anidrido maleico, f\u00f3sforo vermelho, hidr\u00f3xidos de Na e de K, tetrahidrofurano, etc.<\/p>\n<p><strong>0.<\/strong>\u00a0Subst\u00e2ncias est\u00e1veis ainda em condi\u00e7\u00f5es de inc\u00eandio, e que n\u00e3o s\u00e3o reativas com a \u00e1gua.<\/p>\n","protected":false},"excerpt":{"rendered":"<p>A simbologia proposta pela NFPA (NFPA 704-11) tem sido adotada para representar clara e diretamente os riscos envolvidos na manipula\u00e7\u00e3o de insumos qu\u00edmicos. Sugere-se us\u00e1-la para identifica\u00e7\u00e3o dos recipientes (rotulagem) tamb\u00e9m nos laborat\u00f3rios. O diamante colorido representa os riscos em termos de inflamabilidade, (vermelho), riscos \u00e0 sa\u00fade (azul), reatividade (amarelo) e informa\u00e7\u00f5es especiais em branco.&nbsp;&hellip;<\/p>\n","protected":false},"author":305,"featured_media":0,"parent":0,"menu_order":0,"comment_status":"closed","ping_status":"closed","template":"","meta":[],"_links":{"self":[{"href":"https:\/\/www2.uepg.br\/crrq\/wp-json\/wp\/v2\/pages\/153"}],"collection":[{"href":"https:\/\/www2.uepg.br\/crrq\/wp-json\/wp\/v2\/pages"}],"about":[{"href":"https:\/\/www2.uepg.br\/crrq\/wp-json\/wp\/v2\/types\/page"}],"author":[{"embeddable":true,"href":"https:\/\/www2.uepg.br\/crrq\/wp-json\/wp\/v2\/users\/305"}],"replies":[{"embeddable":true,"href":"https:\/\/www2.uepg.br\/crrq\/wp-json\/wp\/v2\/comments?post=153"}],"version-history":[{"count":3,"href":"https:\/\/www2.uepg.br\/crrq\/wp-json\/wp\/v2\/pages\/153\/revisions"}],"predecessor-version":[{"id":267,"href":"https:\/\/www2.uepg.br\/crrq\/wp-json\/wp\/v2\/pages\/153\/revisions\/267"}],"wp:attachment":[{"href":"https:\/\/www2.uepg.br\/crrq\/wp-json\/wp\/v2\/media?parent=153"}],"curies":[{"name":"wp","href":"https:\/\/api.w.org\/{rel}","templated":true}]}}