{"id":155,"date":"2021-04-05T09:17:10","date_gmt":"2021-04-05T12:17:10","guid":{"rendered":"https:\/\/www2.uepg.br\/crrq\/?page_id=155"},"modified":"2021-04-06T22:18:51","modified_gmt":"2021-04-07T01:18:51","slug":"codificacao-das-nacoes-unidas","status":"publish","type":"page","link":"https:\/\/www2.uepg.br\/crrq\/codificacao-das-nacoes-unidas\/","title":{"rendered":"Codifica\u00e7\u00e3o das Na\u00e7\u00f5es Unidas"},"content":{"rendered":"<p>\u00c9 usada para transporte de insumos qu\u00edmicos, podendo ser visto os c\u00f3digos num\u00e9ricos afixados nos caminh\u00f5es que fazem o transporte de gasolina ou produtos corrosivos, por exemplo. Os bombeiros usam os c\u00f3digos UN para escolher o procedimento em caso de acidentes envolvendo produtos qu\u00edmicos.<\/p>\n<p><strong>Classe 1 \u2013 Explosivo<\/strong><br \/>\n<strong>Classe 2 \u2013 Gases<\/strong><br \/>\n<strong>Classe 3.1 \u2013 L\u00edquidos inflam\u00e1veis, ponto de fulgor abaixo de -18C<\/strong><br \/>\n<strong>Classe 3.2 \u2013 L\u00edquidos inflam\u00e1veis, ponto de fulgor entre -18C e 23C<\/strong><br \/>\n<strong>Classe 3.3 \u2013 L\u00edquidos inflam\u00e1veis, ponto de fulgor entre 23C e 61C<\/strong><br \/>\n<strong>Classe 4.1 \u2013 S\u00f3lidos inflam\u00e1veis<\/strong><br \/>\n<strong>Classe 4.2 \u2013 Subst\u00e2ncias que podem sofrer combust\u00e3o espont\u00e2nea<\/strong><br \/>\n<strong>Classe 4.3 \u2013 Subst\u00e2ncias que, em contato com \u00e1gua, liberam gases inflam\u00e1veis<\/strong><br \/>\n<strong>Classe 5.1 \u2013 Agentes oxidantes<\/strong><br \/>\n<strong>Classe 5.2 \u2013 Per\u00f3xidos org\u00e2nicos<\/strong><br \/>\n<strong>Classe 6.1 \u2013 Subst\u00e2ncias t\u00f3xicas<\/strong><br \/>\n<strong>Classe 6.2 \u2013 Subst\u00e2ncias infecciosas<\/strong><br \/>\n<strong>Classe 7 \u2013 Subst\u00e2ncias radioativas<\/strong><br \/>\n<strong>Classe 8 \u2013 Subst\u00e2ncias corrosivas<\/strong><br \/>\n<strong>Classe 9 \u2013 Subst\u00e2ncias perigosas variadas<\/strong><br \/>\n<strong>NR \u2013 N\u00e3o reguladas<\/strong><\/p>\n<p><strong>Os Pictogramas ONU<\/strong><\/p>\n<p>&nbsp;<\/p>\n<p><img loading=\"lazy\" class=\"alignnone size-full wp-image-252\" src=\"http:\/\/www2.uepg.br\/crrq\/wp-content\/uploads\/sites\/181\/2021\/04\/figura11.png\" alt=\"\" width=\"438\" height=\"578\" srcset=\"https:\/\/www2.uepg.br\/crrq\/wp-content\/uploads\/sites\/181\/2021\/04\/figura11.png 438w, https:\/\/www2.uepg.br\/crrq\/wp-content\/uploads\/sites\/181\/2021\/04\/figura11-227x300.png 227w\" sizes=\"(max-width: 438px) 100vw, 438px\" \/><\/p>\n","protected":false},"excerpt":{"rendered":"<p>\u00c9 usada para transporte de insumos qu\u00edmicos, podendo ser visto os c\u00f3digos num\u00e9ricos afixados nos caminh\u00f5es que fazem o transporte de gasolina ou produtos corrosivos, por exemplo. Os bombeiros usam os c\u00f3digos UN para escolher o procedimento em caso de acidentes envolvendo produtos qu\u00edmicos. Classe 1 \u2013 Explosivo Classe 2 \u2013 Gases Classe 3.1 \u2013&nbsp;&hellip;<\/p>\n","protected":false},"author":305,"featured_media":0,"parent":0,"menu_order":0,"comment_status":"closed","ping_status":"closed","template":"","meta":[],"_links":{"self":[{"href":"https:\/\/www2.uepg.br\/crrq\/wp-json\/wp\/v2\/pages\/155"}],"collection":[{"href":"https:\/\/www2.uepg.br\/crrq\/wp-json\/wp\/v2\/pages"}],"about":[{"href":"https:\/\/www2.uepg.br\/crrq\/wp-json\/wp\/v2\/types\/page"}],"author":[{"embeddable":true,"href":"https:\/\/www2.uepg.br\/crrq\/wp-json\/wp\/v2\/users\/305"}],"replies":[{"embeddable":true,"href":"https:\/\/www2.uepg.br\/crrq\/wp-json\/wp\/v2\/comments?post=155"}],"version-history":[{"count":5,"href":"https:\/\/www2.uepg.br\/crrq\/wp-json\/wp\/v2\/pages\/155\/revisions"}],"predecessor-version":[{"id":268,"href":"https:\/\/www2.uepg.br\/crrq\/wp-json\/wp\/v2\/pages\/155\/revisions\/268"}],"wp:attachment":[{"href":"https:\/\/www2.uepg.br\/crrq\/wp-json\/wp\/v2\/media?parent=155"}],"curies":[{"name":"wp","href":"https:\/\/api.w.org\/{rel}","templated":true}]}}