{"id":157,"date":"2021-04-05T09:17:20","date_gmt":"2021-04-05T12:17:20","guid":{"rendered":"https:\/\/www2.uepg.br\/crrq\/?page_id=157"},"modified":"2021-04-06T22:19:48","modified_gmt":"2021-04-07T01:19:48","slug":"ghs","status":"publish","type":"page","link":"https:\/\/www2.uepg.br\/crrq\/ghs\/","title":{"rendered":"GHS"},"content":{"rendered":"<p><strong>GHS<\/strong>\u00a0\u00e9 o acr\u00f4nimo para The Globally Harmonized System of Classification and Labelling of Chemicals \u2013 Sistema Harmonizado Globalmente para a Classifica\u00e7\u00e3o e Rotulagem de Produtos Qu\u00edmicos. Trata-se de uma abordagem l\u00f3gica e abrangente para:<\/p>\n<ul>\n<li>Defini\u00e7\u00e3o dos perigos dos produtos qu\u00edmicos;<\/li>\n<li>Cria\u00e7\u00e3o de processos de classifica\u00e7\u00e3o que usem os dados dispon\u00edveis sobre os produtos qu\u00edmicos que s\u00e3o comparados a crit\u00e9rios de perigo j\u00e1 definidos.<\/li>\n<li>A comunica\u00e7\u00e3o da informa\u00e7\u00e3o de perigo em r\u00f3tulos e FISPQ (Fichas de Informa\u00e7\u00e3o de Seguran\u00e7a para Produtos Qu\u00edmicos).<\/li>\n<\/ul>\n<p>Muitos pa\u00edses, \u00f3rg\u00e3os e ag\u00eancias reguladoras j\u00e1 t\u00eam sistemas implantados para cumprir todos ou alguns dos objetivos estabelecidos pelo GHS. Esses sistemas, no entanto, nem sempre s\u00e3o compat\u00edveis, o que obriga as empresas a manter v\u00e1rios esquemas para atender as exig\u00eancias de diferentes ag\u00eancias reguladoras nos EUA (CPSC, DOT, EPA, OSHA, etc) e dos pa\u00edses para os quais exportam.<\/p>\n<p>O GHS n\u00e3o \u00e9 uma regulamenta\u00e7\u00e3o. As instru\u00e7\u00f5es apresentadas fornecem um mecanismo para atender \u00e0 exig\u00eancia b\u00e1sica de qualquer sistema de comunica\u00e7\u00e3o de perigos, que \u00e9 decidir se o produto qu\u00edmico fabricado ou fornecido \u00e9 perigoso e preparar um r\u00f3tulo e\/ou uma FISPQ apropriada.<\/p>\n<p>O documento do GHS, tamb\u00e9m conhecido como \u201cPurple Book\u201d, \u00e9 composto por requisitos t\u00e9cnicos de classifica\u00e7\u00e3o e de comunica\u00e7\u00e3o de perigos, com informa\u00e7\u00f5es explicativas sobre como aplicar o sistema. O documento GHS integra o trabalho t\u00e9cnico de tr\u00eas organiza\u00e7\u00f5es: OIT, OECD e UNCETDG, com informa\u00e7\u00f5es explicativas. Ele fornece blocos para constru\u00e7\u00e3o ou m\u00f3dulos de implanta\u00e7\u00e3o para os \u00f3rg\u00e3os reguladores desenvolverem ou modificarem programas nacionais existentes que garantam o uso seguro de produtos qu\u00edmicos ao longo de todo seu ciclo de vida.<\/p>\n<p>&nbsp;<\/p>\n<p><strong>AS CLASSES DE PERIGOS NO GHS<\/strong><br \/>\n<strong>Perigos F\u00edsicos:<\/strong><\/p>\n<ul>\n<li>Explosivos<\/li>\n<li>Gases inflam\u00e1veis<\/li>\n<li>Aeross\u00f3is inflam\u00e1veis<\/li>\n<li>Gases oxidantes<\/li>\n<li>Gases sob press\u00e3o<\/li>\n<li>L\u00edquidos inflam\u00e1veis<\/li>\n<li>S\u00f3lidos inflam\u00e1veis<\/li>\n<li>Subst\u00e2ncias auto-reativas<\/li>\n<li>L\u00edquidos pirof\u00f3ricos<\/li>\n<li>S\u00f3lidos pirof\u00f3ricos<\/li>\n<li>Subst\u00e2ncias auto-aquec\u00edveis<\/li>\n<li>Subst\u00e2ncias e misturas que, em contato com a \u00e1gua, emitem gases<\/li>\n<li>inflam\u00e1veis<\/li>\n<li>L\u00edquidos oxidantes<\/li>\n<li>S\u00f3lidos oxidantes<\/li>\n<li>Per\u00f3xidos org\u00e2nicos<\/li>\n<li>Corrosivo aos metais<\/li>\n<\/ul>\n<p><strong>Perigos \u00e0 Sa\u00fade:<\/strong><\/p>\n<ul>\n<li>Toxicidade aguda<\/li>\n<li>Corros\u00e3o\/Irrita\u00e7\u00e3o da pele<\/li>\n<li>Danos\/irrita\u00e7\u00e3o s\u00e9ria nos olhos<\/li>\n<li>Sensibiliza\u00e7\u00e3o respirat\u00f3ria ou d\u00e9rmica<\/li>\n<li>Mutagenicidade em c\u00e9lulas germinativas.<\/li>\n<li>Carcinogenicidade<\/li>\n<li>Toxicidade \u00e0 reprodu\u00e7\u00e3o<\/li>\n<li>Toxicidade sist\u00eamica em \u00f3rg\u00e3o alvo \u2013 exposi\u00e7\u00e3o \u00fanica<\/li>\n<li>Toxicidade sist\u00eamica em \u00f3rg\u00e3o alvo \u2013 exposi\u00e7\u00e3o m\u00faltipla<\/li>\n<li>Perigoso por aspira\u00e7\u00e3o<\/li>\n<\/ul>\n<p><strong>Perigos ao Meio Ambiente:<\/strong><\/p>\n<ul>\n<li>Perigoso para o ambiente aqu\u00e1tico<\/li>\n<li>Potencial de bioacumula\u00e7\u00e3o<\/li>\n<li>Degradabilidade r\u00e1pida<\/li>\n<\/ul>\n<p><strong>Os Pictogramas do GHS<\/strong><\/p>\n<p><img loading=\"lazy\" class=\"alignnone size-full wp-image-255\" src=\"http:\/\/www2.uepg.br\/crrq\/wp-content\/uploads\/sites\/181\/2021\/04\/figura12.png\" alt=\"\" width=\"495\" height=\"332\" srcset=\"https:\/\/www2.uepg.br\/crrq\/wp-content\/uploads\/sites\/181\/2021\/04\/figura12.png 495w, https:\/\/www2.uepg.br\/crrq\/wp-content\/uploads\/sites\/181\/2021\/04\/figura12-300x201.png 300w, https:\/\/www2.uepg.br\/crrq\/wp-content\/uploads\/sites\/181\/2021\/04\/figura12-272x182.png 272w\" sizes=\"(max-width: 495px) 100vw, 495px\" \/><\/p>\n","protected":false},"excerpt":{"rendered":"<p>GHS\u00a0\u00e9 o acr\u00f4nimo para The Globally Harmonized System of Classification and Labelling of Chemicals \u2013 Sistema Harmonizado Globalmente para a Classifica\u00e7\u00e3o e Rotulagem de Produtos Qu\u00edmicos. Trata-se de uma abordagem l\u00f3gica e abrangente para: Defini\u00e7\u00e3o dos perigos dos produtos qu\u00edmicos; Cria\u00e7\u00e3o de processos de classifica\u00e7\u00e3o que usem os dados dispon\u00edveis sobre os produtos qu\u00edmicos que&nbsp;&hellip;<\/p>\n","protected":false},"author":305,"featured_media":0,"parent":0,"menu_order":0,"comment_status":"closed","ping_status":"closed","template":"","meta":[],"_links":{"self":[{"href":"https:\/\/www2.uepg.br\/crrq\/wp-json\/wp\/v2\/pages\/157"}],"collection":[{"href":"https:\/\/www2.uepg.br\/crrq\/wp-json\/wp\/v2\/pages"}],"about":[{"href":"https:\/\/www2.uepg.br\/crrq\/wp-json\/wp\/v2\/types\/page"}],"author":[{"embeddable":true,"href":"https:\/\/www2.uepg.br\/crrq\/wp-json\/wp\/v2\/users\/305"}],"replies":[{"embeddable":true,"href":"https:\/\/www2.uepg.br\/crrq\/wp-json\/wp\/v2\/comments?post=157"}],"version-history":[{"count":3,"href":"https:\/\/www2.uepg.br\/crrq\/wp-json\/wp\/v2\/pages\/157\/revisions"}],"predecessor-version":[{"id":269,"href":"https:\/\/www2.uepg.br\/crrq\/wp-json\/wp\/v2\/pages\/157\/revisions\/269"}],"wp:attachment":[{"href":"https:\/\/www2.uepg.br\/crrq\/wp-json\/wp\/v2\/media?parent=157"}],"curies":[{"name":"wp","href":"https:\/\/api.w.org\/{rel}","templated":true}]}}