{"id":159,"date":"2021-04-05T09:17:46","date_gmt":"2021-04-05T12:17:46","guid":{"rendered":"https:\/\/www2.uepg.br\/crrq\/?page_id=159"},"modified":"2021-04-05T13:07:29","modified_gmt":"2021-04-05T16:07:29","slug":"frases-de-risco-de-seguranca","status":"publish","type":"page","link":"https:\/\/www2.uepg.br\/crrq\/frases-de-risco-de-seguranca\/","title":{"rendered":"Frases de risco de seguran\u00e7a"},"content":{"rendered":"<p>Tamb\u00e9m conhecidas como frases R\/S , \u00e9 um sistema de c\u00f3digos de risco e frases para descri\u00e7\u00e3o de compostos qu\u00edmicos perigosos. As frases R\/S consistem de frases indicadoras de riscos espec\u00edficos (frases R), indicado pela letra R , e frases de recomenda\u00e7\u00f5es de prud\u00eancia (frases S) indicadas pela letra S . Essas letras s\u00e3o seguidas de uma n\u00famero, cuja combina\u00e7\u00e3o indica uma \u00fanica frase que possui o mesmo significado em diferentes idiomas.<\/p>\n<p>H\u00e1 ainda a possibilidades de combina\u00e7\u00f5es entre frases indicadoras de risco, onde os n\u00fameros (precedidos pela letra R) s\u00e3o separados por um h\u00edfen (-), quando se trata de indica\u00e7\u00f5es distintas, referentes a riscos (R) espec\u00edficos ou por um tra\u00e7o obl\u00edquo (\/), quando se trata de uma indica\u00e7\u00e3o combinada, reunindo numa s\u00f3 frase a men\u00e7\u00e3o aos riscos espec\u00edficos.<\/p>\n<p>\u00c9 previsto, pela diretiva atual, que todos os produtos qu\u00edmicos possuam em sua embalagem as frases R e frases S correspondente a subst\u00e2ncia qu\u00edmica em seu conte\u00fado.<\/p>\n<p><strong>Frases R:<\/strong><br \/>\nR1 : Explosivo no estado seco.<br \/>\nR2 : Risco de explos\u00e3o por choque, fric\u00e7\u00e3o, fogo ou outras fontes de igni\u00e7\u00e3o.<br \/>\nR3 : Grande risco de explos\u00e3o por choque, fric\u00e7\u00e3o, fogo ou outras fontes de igni\u00e7\u00e3o.<br \/>\nR4 : Forma compostos met\u00e1licos explosivos muito sens\u00edveis.<br \/>\nR5 : Perigo de explos\u00e3o sob a a\u00e7\u00e3o do calor.<br \/>\nR6 : Perigo de explos\u00e3o com ou sem contacto com o ar.<br \/>\nR7 : Pode provocar inc\u00eandio.<br \/>\nR8 : Favorece a inflama\u00e7\u00e3o de mat\u00e9rias combust\u00edveis.<br \/>\nR9 : Pode explodir quando misturado com mat\u00e9rias combust\u00edveis.<br \/>\nR10 : Inflam\u00e1vel.<br \/>\nR11 : Facilmente inflam\u00e1vel.<br \/>\nR12 : Extremamente inflam\u00e1vel.<br \/>\nR14 : Reage violentamente em contacto com a \u00e1gua.<br \/>\nR15 : Em contacto com a \u00e1gua liberta gases extremamente inflam\u00e1veis.<br \/>\nR16 : Explosivo quando misturado com subst\u00e2ncias comburentes.<br \/>\nR17 : Espontaneamente inflam\u00e1vel ao ar.<br \/>\nR18 : Pode formar mistura vapor-ar explosiva\/inflam\u00e1vel durante a utiliza\u00e7\u00e3o.<br \/>\nR19 : Pode formar per\u00f3xidos explosivos.<br \/>\nR20 : Nocivo por inala\u00e7\u00e3o.<br \/>\nR21 : Nocivo em contacto com a pele.<br \/>\nR22 : Nocivo por ingest\u00e3o.<br \/>\nR23 : T\u00f3xico por inala\u00e7\u00e3o.<br \/>\nR24 : T\u00f3xico em contacto com a pele.<br \/>\nR25 : T\u00f3xico por ingest\u00e3o.<br \/>\nR26 : Muito t\u00f3xico por inala\u00e7\u00e3o.<br \/>\nR27 : Muito t\u00f3xico em contacto com a pele.<br \/>\nR28 : Muito t\u00f3xico por ingest\u00e3o.<br \/>\nR29 : Em contacto com a \u00e1gua liberta gases t\u00f3xicos.<br \/>\nR30 : Pode tornar-se facilmente inflam\u00e1vel durante o uso.<br \/>\nR31 : Em contacto com \u00e1cidos liberta gases t\u00f3xicos.<br \/>\nR32 : Em contacto com \u00e1cidos liberta gases muito t\u00f3xicos.<br \/>\nR33 : Perigo de efeitos cumulativos.<br \/>\nR34 : Provoca queimaduras.<br \/>\nR35 : Provoca queimaduras graves.<br \/>\nR36 : Irritante para os olhos.<br \/>\nR37 : Irritante para as vias respirat\u00f3rias.<br \/>\nR38 : Irritante para a pele.<br \/>\nR39 : Perigo de efeitos irrevers\u00edveis muito graves.<br \/>\nR40 : Possibilidade de efeitos cancer\u00edgenos.<br \/>\nR41 : Risco de les\u00f5es oculares graves.<br \/>\nR42 : Pode causar sensibiliza\u00e7\u00e3o por inala\u00e7\u00e3o.<br \/>\nR43 : Pode causar sensibiliza\u00e7\u00e3o em contacto com a pele.<br \/>\nR44 : Risco de explos\u00e3o se aquecido em ambiente fechado.<br \/>\nR45 : Pode causar cancro.<br \/>\nR46 : Pode causar altera\u00e7\u00f5es gen\u00e9ticas heredit\u00e1rias.<br \/>\nR48 : Risco de efeitos graves para a sa\u00fade em caso de exposi\u00e7\u00e3o prolongada.<br \/>\nR49 : Pode causar cancro por inala\u00e7\u00e3o.<br \/>\nR50 : Muito t\u00f3xico para os organismos aqu\u00e1ticos.<br \/>\nR51 : T\u00f3xico para os organismos aqu\u00e1ticos.<br \/>\nR52 : Nocivo para os organismos aqu\u00e1ticos.<br \/>\nR53 : Pode causar efeitos nefastos a longo prazo no ambiente aqu\u00e1tico.<br \/>\nR54 : T\u00f3xico para a flora.<br \/>\nR55 : T\u00f3xico para a fauna.<br \/>\nR56 : T\u00f3xico para os organismos do solo.<br \/>\nR57 : T\u00f3xico para as abelhas.<br \/>\nR58 : Pode causar efeitos nefastos a longo prazo no ambiente.<br \/>\nR59 : Perigoso para a camada de oz\u00f4nio.<br \/>\nR60 : Pode comprometer a fertilidade.<br \/>\nR61 : Risco durante a gravidez com efeitos adversos na descend\u00eancia.<br \/>\nR62 : Poss\u00edveis riscos de comprometer a fertilidade.<br \/>\nR63 : Poss\u00edveis riscos durante a gravidez com efeitos adversos na descend\u00eancia.<br \/>\nR64 : Pode causar danos \u00e0s crian\u00e7as alimentadas com leite materno.<br \/>\nR65 : Nocivo: pode causar danos nos pulm\u00f5es se ingerido.<br \/>\nR66 : Pode provocar secura da pele ou fissuras, por exposi\u00e7\u00e3o repetida.<br \/>\nR67 : Pode provocar sonol\u00eancia e vertigens, por inala\u00e7\u00e3o dos vapores.<br \/>\nR68 : Possibilidade de efeitos irrevers\u00edveis.<\/p>\n<p>&nbsp;<\/p>\n<p><strong>Frases R Combinadas:<\/strong><br \/>\nR14\/15 : Reage violentamente com a \u00e1gua libertando gases extremamente inflam\u00e1veis.<br \/>\nR15\/29 : Em contacto com a \u00e1gua liberta gases t\u00f3xicos e extremamente inflam\u00e1veis.<br \/>\nR20\/21 : Nocivo por inala\u00e7\u00e3o e em contacto com a pele.<br \/>\nR20\/22 : Nocivo por inala\u00e7\u00e3o e ingest\u00e3o.<br \/>\nR20\/21\/22 : Nocivo por inala\u00e7\u00e3o, em contacto com a pele e por ingest\u00e3o.<br \/>\nR21\/22 : Nocivo em contacto com a pele e por ingest\u00e3o.<br \/>\nR23\/24 : T\u00f3xico por inala\u00e7\u00e3o e em contacto com a pele.<br \/>\nR23\/25 : T\u00f3xico por inala\u00e7\u00e3o e ingest\u00e3o.<br \/>\nR23\/24\/25 : T\u00f3xico por inala\u00e7\u00e3o, em contacto com a pele e por ingest\u00e3o.<br \/>\nR24\/25 : T\u00f3xico em contacto com a pele e por ingest\u00e3o.<br \/>\nR26\/27 : Muito t\u00f3xico por inala\u00e7\u00e3o e em contacto com a pele.<br \/>\nR26\/28 : Muito t\u00f3xico por inala\u00e7\u00e3o e ingest\u00e3o.<br \/>\nR26\/27\/28 : Muito t\u00f3xico por inala\u00e7\u00e3o, em contacto com a pele e por ingest\u00e3o.<br \/>\nR27\/28 : Muito t\u00f3xico em contacto com a pele e por ingest\u00e3o.<br \/>\nR36\/37 : Irritante para os olhos e vias respirat\u00f3rias.<br \/>\nR36\/38 : Irritante para os olhos e pele.<br \/>\nR36\/37\/38 : Irritante para os olhos, vias respirat\u00f3rias e pele.<br \/>\nR37\/38 : Irritante para as vias respirat\u00f3rias e pele.<br \/>\nR39\/23 : T\u00f3xico: perigo de efeitos irrevers\u00edveis muito graves por inala\u00e7\u00e3o.<br \/>\nR39\/24 : T\u00f3xico: perigo de efeitos irrevers\u00edveis muito graves em contacto com a pele.<br \/>\nR39\/25 : T\u00f3xico: perigo de efeitos irrevers\u00edveis muito graves por ingest\u00e3o.<\/p>\n<p><strong>Frases S:<\/strong><br \/>\nS1 : Conservar bem trancado<br \/>\nS2 : Manter fora do alcance das crian\u00e7as<br \/>\nS3 : Conservar em lugar fresco<br \/>\nS4 : Manter longe de lugares habitados<br \/>\nS5 : Conservar em\u2026 (l\u00edquido apropriado a especificar pelo fabricante) (1)<br \/>\nS6 : Conservar em \u2026 (g\u00e1s inerte a especificar pelo fabricante) (2)<br \/>\nS7 : Manter o recipiente bem fechado<br \/>\nS8 : Manter o recipiente ao abrigo da umidade<br \/>\nS9 : Manter o recipiente num lugar bem ventilado<br \/>\nS10 : Manter o conte\u00fado \u00famido<br \/>\nS11 : Evitar o contacto com o ar<br \/>\nS12 : N\u00e3o fechar o recipiente hermeticamente<br \/>\nS13 : Manter longe de comida, bebidas incluindo os dos animais<br \/>\nS14 : Manter afastado de\u2026 (materiais incompat\u00edveis a indicar pelo fabricante)<br \/>\nS15 : Conservar longe do calor<br \/>\nS16 : Conservar longe de fontes de igni\u00e7\u00e3o \u2013 N\u00e3o fumar<br \/>\nS17 : Manter longe de materiais combust\u00edveis<br \/>\nS18 : Abrir manipular o recipiente com cautela<br \/>\nS20 : N\u00e3o comer nem beber durante a utiliza\u00e7\u00e3o<br \/>\nS21 : N\u00e3o fumar durante a utiliza\u00e7\u00e3o<br \/>\nS22 : N\u00e3o respirar o p\u00f3<br \/>\nS23 : N\u00e3o respirar o vapor\/g\u00e1s\/fumo\/aerossol<br \/>\nS24 : Evitar o contacto com a pele<br \/>\nS25 : Evitar o contacto com os olhos<br \/>\nS26 : Em caso de contacto com os olhos lavar imediata abundantemente em \u00e1gua e chamar um m\u00e9dico<br \/>\nS27 : Retirar imediatamente a roupa contaminada<br \/>\nS28 : Em caso de contacto com a pele lavar imediata e abundantemente com\u2026 (produto adequado a indicar pelo fabricante) (3)<br \/>\nS29 : N\u00e3o atirar os res\u00edduos para os esgotos<br \/>\nS30 : Nunca adicionar \u00e1gua ao produto<br \/>\nS33 : Evitar a acumula\u00e7\u00e3o de cargas eletrost\u00e1ticas<br \/>\nS34 : Evitar choques e fric\u00e7\u00f5es<br \/>\nS35 : Eliminar os res\u00edduos do produto e os seus recipientes com todas as precau\u00e7\u00f5es poss\u00edveis<br \/>\nS36 : Usar vestu\u00e1rio de prote\u00e7\u00e3o adequado<br \/>\nS37 :Usar luvas adequadas<br \/>\nS38 : Em caso de ventila\u00e7\u00e3o insuficiente usar equipamento respirat\u00f3rio adequado<br \/>\nS39 : Usar prote\u00e7\u00e3o adequada para os olhos\/cara<br \/>\nS40 : Para limpar os solos e os objetos contaminados com este produto utilizar \u2026(a especificar pelo fabricante)<br \/>\nS41 : Em caso de inc\u00eandio e\/ou explos\u00e3o n\u00e3o respirar os fumos<br \/>\nS42 : Durante as fumiga\u00e7\u00f5es\/pulveriza\u00e7\u00f5es, usar equipamento respirat\u00f3rio adequado (denomina\u00e7\u00e3o(\u00f5es) adequada(s) a especificar pelo fabricante<br \/>\nS43 : Em caso de inc\u00eandio usar\u2026 (meios de extin\u00e7\u00e3o a especificar pelo fabricante. Se a \u00e1gua aumentar os riscos acrescentar \u201cN\u00e3o utilizar \u00e1gua\u201d)<br \/>\nS44 : Em caso de indisposi\u00e7\u00e3o consultar um m\u00e9dico (se poss\u00edvel mostrar-lhe o r\u00f3tulo do produto)<br \/>\nS45 : Em caso de acidente ou indisposi\u00e7\u00e3o consultar imediatamente um m\u00e9dico (se poss\u00edvel mostrar-lhe o r\u00f3tulo do produto)<br \/>\nS46 : Em caso de ingest\u00e3o consultar imediatamente um m\u00e9dico e mostrar o r\u00f3tulo ou a embalagem<br \/>\nS47 : Conservar a uma temperatura inferior a \u2026 \u00baC (a especificar pelo fabricante)<br \/>\nS48 : Conservar \u00famido com \u2026 (meio apropriado a especificar pelo fabricante) (4)<br \/>\nS49 : Conservar unicamente no recipiente de origem<br \/>\nS50 : N\u00e3o misturar com \u2026 (a especificar pelo fabricante)<br \/>\nS51 : Usar unicamente em locais bem ventilados<br \/>\nS52 : N\u00e3o usar sobre grandes superf\u00edcies em lugares habitados<br \/>\nS53 : Evitar a exposi\u00e7\u00e3o \u2013 obter instru\u00e7\u00f5es especiais antes de usar<br \/>\nS54 : Obter autoriza\u00e7\u00e3o das autoridades de controlo de contamina\u00e7\u00e3o antes de despejar nas esta\u00e7\u00f5es de tratamento de \u00e1guas residuais<br \/>\nS55 : Utilizar as melhores t\u00e9cnicas de tratamento antes de despejar na rede de esgotos ou no meio aqu\u00e1tico<br \/>\nS56 : N\u00e3o despejar na rede de esgotos nem no meio aqu\u00e1tico. Utilizar para o efeito um local apropriado para o tratamento dos res\u00edduos<br \/>\nS57 : Utilizar um contentor adequado para evitar a contamina\u00e7\u00e3o do meio ambiente<br \/>\nS58 : Elimina-se como res\u00edduo perigoso<br \/>\nS59 : Informar-se junto do fabricante de como reciclar e recuperar o produto<br \/>\nS60 : Elimina-se o produto e o recipiente como res\u00edduos perigosos<br \/>\nS61 : Evitar a sua liberta\u00e7\u00e3o para o meio ambiente. Ter em aten\u00e7\u00e3o as instru\u00e7\u00f5es espec\u00edficas das fichas de dados de seguran\u00e7a<br \/>\nS62 : Em caso de ingest\u00e3o n\u00e3o provocar o v\u00f4mito: consultar imediatamente um m\u00e9dico e mostrar o r\u00f3tulo ou a embalagem<\/p>\n<p><strong>Frases S Combinadas:<\/strong><br \/>\nS1\/2 : Conservar bem trancado e manter fora do alcance das crian\u00e7as<br \/>\nS3\/7\/9 : Conservar o recipiente num lugar fresco, bem ventilado e manter bem encerrado<br \/>\nS3\/9 : Conservar o recipiente num lugar fresco e bem ventilado<br \/>\nS3\/9\/14 : Conservar num local fresco, bem ventilado e longe de \u2026 (materiais incompat\u00edveis a especificar pelo fabricante)<br \/>\nS3\/9\/14\/49 : Conservar unicamente no recipiente original num local fresco, bem ventilado e longe de \u2026 (materiais incompat\u00edveis a especificar pelo fabricante)<br \/>\nS3\/9\/49 : Conservar unicamente no recipiente original, em lugar fresco e bem ventilado<br \/>\nS3\/14 : Conservar em lugar fresco e longe de \u2026 (materiais incompat\u00edveis a especificar pelo fabricante)<br \/>\nS7\/8 : Manter o recipiente bem fechado e num local fresco<br \/>\nS7\/9 : Manter o recipiente bem fechado e num local ventilado<br \/>\nS20\/21 : N\u00e3o comer, beber ou fumar durante a sua utiliza\u00e7\u00e3o<br \/>\nS24\/25 : Evitar o contacto com o s olhos e com a pele<br \/>\nS36\/37 : Usar luvas e vestu\u00e1rio de prote\u00e7\u00e3o adequados<br \/>\nS36\/37\/39 : Usar luvas e vestu\u00e1rio de prote\u00e7\u00e3o adequados bem como prote\u00e7\u00e3o para os olhos\/cara<br \/>\nS36\/39 : Usar vestu\u00e1rio adequado e prote\u00e7\u00e3o para os olhos\/cara<br \/>\nS37\/39 : Usar luvas adequadas e prote\u00e7\u00e3o para os olhos\/cara<br \/>\nS47\/49 : Conservar unicamente no recipiente original e a temperatura inferior a \u2026\u00baC (a especificar pelo fabricante) .<\/p>\n<p>&nbsp;<\/p>\n<p>&nbsp;<\/p>\n<p>Notas:<br \/>\n(1) poder\u00e1 ser \u00e1gua, parafina l\u00edquida, petr\u00f3leo ou outro, dependendo da subst\u00e2ncia em causa.<br \/>\n(2) poder\u00e1 ser nitrog\u00eanio, arg\u00f4nio ou outro, dependendo da subst\u00e2ncia em causa.<br \/>\n(3) poder\u00e1 ser \u00e1gua, solu\u00e7\u00e3o de sulfato de cobre a 2%, propilenoglicol, polietilenglicol\/etanol (1:1), \u00e1gua e sab\u00e3o ou outro, dependendo da subst\u00e2ncia em causa.<br \/>\n(4) poder\u00e1 ser \u00e1gua, petr\u00f3leo, parafina l\u00edquida ou outro, dependendo da subst\u00e2ncia em causa.<\/p>\n","protected":false},"excerpt":{"rendered":"<p>Tamb\u00e9m conhecidas como frases R\/S , \u00e9 um sistema de c\u00f3digos de risco e frases para descri\u00e7\u00e3o de compostos qu\u00edmicos perigosos. As frases R\/S consistem de frases indicadoras de riscos espec\u00edficos (frases R), indicado pela letra R , e frases de recomenda\u00e7\u00f5es de prud\u00eancia (frases S) indicadas pela letra S . Essas letras s\u00e3o seguidas&nbsp;&hellip;<\/p>\n","protected":false},"author":305,"featured_media":0,"parent":0,"menu_order":0,"comment_status":"closed","ping_status":"closed","template":"","meta":[],"_links":{"self":[{"href":"https:\/\/www2.uepg.br\/crrq\/wp-json\/wp\/v2\/pages\/159"}],"collection":[{"href":"https:\/\/www2.uepg.br\/crrq\/wp-json\/wp\/v2\/pages"}],"about":[{"href":"https:\/\/www2.uepg.br\/crrq\/wp-json\/wp\/v2\/types\/page"}],"author":[{"embeddable":true,"href":"https:\/\/www2.uepg.br\/crrq\/wp-json\/wp\/v2\/users\/305"}],"replies":[{"embeddable":true,"href":"https:\/\/www2.uepg.br\/crrq\/wp-json\/wp\/v2\/comments?post=159"}],"version-history":[{"count":2,"href":"https:\/\/www2.uepg.br\/crrq\/wp-json\/wp\/v2\/pages\/159\/revisions"}],"predecessor-version":[{"id":258,"href":"https:\/\/www2.uepg.br\/crrq\/wp-json\/wp\/v2\/pages\/159\/revisions\/258"}],"wp:attachment":[{"href":"https:\/\/www2.uepg.br\/crrq\/wp-json\/wp\/v2\/media?parent=159"}],"curies":[{"name":"wp","href":"https:\/\/api.w.org\/{rel}","templated":true}]}}