{"id":161,"date":"2021-04-05T09:18:00","date_gmt":"2021-04-05T12:18:00","guid":{"rendered":"https:\/\/www2.uepg.br\/crrq\/?page_id=161"},"modified":"2021-04-05T16:18:58","modified_gmt":"2021-04-05T19:18:58","slug":"o-que-sao","status":"publish","type":"page","link":"https:\/\/www2.uepg.br\/crrq\/o-que-sao\/","title":{"rendered":"O que s\u00e3o?"},"content":{"rendered":"<p><strong>EPI:<\/strong>\u00a0Os equipamentos de prote\u00e7\u00e3o individual s\u00e3o todos os dispositivos ou produtos utilizados individualmente pelo trabalhador, com a finalidade de proteg\u00ea-lo contra poss\u00edveis riscos \u00e0 sua sa\u00fade ou seguran\u00e7a durante a realiza\u00e7\u00e3o de determinada atividade. Um equipamento de prote\u00e7\u00e3o individual pode ser constitu\u00eddo de um ou mais dispositivos que, associados, protegem o utilizador contra diferentes riscos. O uso desses equipamentos s\u00f3 deve ser adotado em ambientes em que n\u00e3o \u00e9 poss\u00edvel eliminar os riscos sem comprometer a atividade, sendo sua utiliza\u00e7\u00e3o obrigat\u00f3ria. Os EPIs n\u00e3o reduzem o \u201crisco e\/ou perigo\u201d, apenas adequam o indiv\u00edduo ao meio ambiente e ao grau de exposi\u00e7\u00e3o.<\/p>\n<p><strong>EPR:<\/strong>\u00a0Os equipamentos de prote\u00e7\u00e3o respirat\u00f3ria s\u00e3o respiradores ou m\u00e1scaras, que protegem os trabalhadores contra a inala\u00e7\u00e3o de contaminantes gerados por agentes qu\u00edmicos como poeiras, n\u00e9voas, fumos, gases e vapores e tamb\u00e9m usados em caso de defici\u00eancia de oxig\u00eanio.<\/p>\n<p><strong>EPC:<\/strong>\u00a0Os equipamentos de prote\u00e7\u00e3o coletiva, por sua vez, s\u00e3o aplicados no ambiente de trabalho com o objetivo de proteger o coletivo. Muitas vezes, podem ser dispositivos individuais, mas compartilhados pelo grupo, como m\u00e1scara de solda, chuveiros de seguran\u00e7a e kit de primeiros-socorros. S\u00e3o itens fixos ou m\u00f3veis, instalados no local de trabalho para a prote\u00e7\u00e3o coletiva de toda a empresa.<\/p>\n","protected":false},"excerpt":{"rendered":"<p>EPI:\u00a0Os equipamentos de prote\u00e7\u00e3o individual s\u00e3o todos os dispositivos ou produtos utilizados individualmente pelo trabalhador, com a finalidade de proteg\u00ea-lo contra poss\u00edveis riscos \u00e0 sua sa\u00fade ou seguran\u00e7a durante a realiza\u00e7\u00e3o de determinada atividade. Um equipamento de prote\u00e7\u00e3o individual pode ser constitu\u00eddo de um ou mais dispositivos que, associados, protegem o utilizador contra diferentes riscos.&nbsp;&hellip;<\/p>\n","protected":false},"author":305,"featured_media":0,"parent":0,"menu_order":0,"comment_status":"closed","ping_status":"closed","template":"","meta":[],"_links":{"self":[{"href":"https:\/\/www2.uepg.br\/crrq\/wp-json\/wp\/v2\/pages\/161"}],"collection":[{"href":"https:\/\/www2.uepg.br\/crrq\/wp-json\/wp\/v2\/pages"}],"about":[{"href":"https:\/\/www2.uepg.br\/crrq\/wp-json\/wp\/v2\/types\/page"}],"author":[{"embeddable":true,"href":"https:\/\/www2.uepg.br\/crrq\/wp-json\/wp\/v2\/users\/305"}],"replies":[{"embeddable":true,"href":"https:\/\/www2.uepg.br\/crrq\/wp-json\/wp\/v2\/comments?post=161"}],"version-history":[{"count":2,"href":"https:\/\/www2.uepg.br\/crrq\/wp-json\/wp\/v2\/pages\/161\/revisions"}],"predecessor-version":[{"id":259,"href":"https:\/\/www2.uepg.br\/crrq\/wp-json\/wp\/v2\/pages\/161\/revisions\/259"}],"wp:attachment":[{"href":"https:\/\/www2.uepg.br\/crrq\/wp-json\/wp\/v2\/media?parent=161"}],"curies":[{"name":"wp","href":"https:\/\/api.w.org\/{rel}","templated":true}]}}