{"id":167,"date":"2021-04-05T09:19:02","date_gmt":"2021-04-05T12:19:02","guid":{"rendered":"https:\/\/www2.uepg.br\/crrq\/?page_id=167"},"modified":"2021-04-06T22:29:32","modified_gmt":"2021-04-07T01:29:32","slug":"roupas-de-protecao-quimica","status":"publish","type":"page","link":"https:\/\/www2.uepg.br\/crrq\/roupas-de-protecao-quimica\/","title":{"rendered":"Roupas de Prote\u00e7\u00e3o Qu\u00edmica"},"content":{"rendered":"<p>Existem diversas roupas de prote\u00e7\u00e3o para o manuseio das in\u00fameras subst\u00e2ncias qu\u00edmicas existentes. Existem duas classifica\u00e7\u00f5es para os n\u00edveis de prote\u00e7\u00e3o oferecidos pelas roupas: a classifica\u00e7\u00e3o europ\u00e9ia e a americana.<\/p>\n<p>A Classifica\u00e7\u00e3o Europ\u00e9ia foi estabelecida atrav\u00e9s do Comit\u00ea de Padroniza\u00e7\u00e3o de Produtos para o Mercado Comum Europeu,. Essa classifica\u00e7\u00e3o apresenta 6 n\u00edveis de prote\u00e7\u00e3o, que variam do Tipo 1 (maior n\u00edvel de prote\u00e7\u00e3o) ao Tipo 6 (menor n\u00edvel de prote\u00e7\u00e3o). Al\u00e9m do Teste de Permeabilidade, os produtos (roupas e materiais de prote\u00e7\u00e3o) europeus devem passar por testes de cabine, onde s\u00e3o avaliados a partir da simula\u00e7\u00e3o da atividade f\u00edsica do trabalhador.<\/p>\n<p><strong>Tipo 1:<\/strong>\u00a0Mais alto n\u00edvel de prote\u00e7\u00e3o. Roupas de prote\u00e7\u00e3o contra gases.<\/p>\n<p><strong>Tipo 2:<\/strong>\u00a0Alto n\u00edvel de prote\u00e7\u00e3o. Roupas de prote\u00e7\u00e3o exceto para gases;<\/p>\n<p><strong>Tipo 3:<\/strong>\u00a0N\u00edvel m\u00e9dio de prote\u00e7\u00e3o. Roupas de prote\u00e7\u00e3o contra l\u00edquidos ;<\/p>\n<p><strong>Tipo 4:<\/strong>\u00a0N\u00edvel regular de prote\u00e7\u00e3o. Roupas de prote\u00e7\u00e3o contra respingos.<\/p>\n<p><strong>Tipo 5:<\/strong>\u00a0Baixo n\u00edvel de prote\u00e7\u00e3o. Roupas de prote\u00e7\u00e3o contra part\u00edculas.<\/p>\n<p><strong>Tipo 6:<\/strong>\u00a0Mais baixo n\u00edvel de prote\u00e7\u00e3o. Roupas de prote\u00e7\u00e3o contra leves respingos.<\/p>\n<p>A Classifica\u00e7\u00e3o Americana, estabelecida pela EPA (Environmental Protection Agency) por sua vez, estabelece n\u00edveis de prote\u00e7\u00e3o de A (n\u00edvel m\u00e1ximo) a D (n\u00edvel m\u00ednimo).<\/p>\n<p><strong>Prote\u00e7\u00e3o N\u00edvel A: N\u00edvel M\u00e1ximo de Prote\u00e7\u00e3o<\/strong><\/p>\n<p>Para quando ocorrer o grau m\u00e1ximo poss\u00edvel de exposi\u00e7\u00e3o do trabalhador a materiais t\u00f3xicos. \u00c9 necess\u00e1ria a prote\u00e7\u00e3o total para a pele, para as vias respirat\u00f3rias e para os olhos.<\/p>\n<p><b>Quando utilizar:<\/b><\/p>\n<ul>\n<li>Ap\u00f3s mensurar, ou potencialmente analisar, uma alta concentra\u00e7\u00e3o atmosf\u00e9rica de vapores, gases ou part\u00edculas;<\/li>\n<li>Em locais de trabalho ou trabalhos envolvendo um alto risco potencial para derramamentos, imers\u00e3o ou exposi\u00e7\u00e3o a vapores, gases ou part\u00edculas de materiais que sejam extremamente danosos \u00e0 pele ou que possam ser absorvidas por ela.<\/li>\n<li>No contato ou suspeita de contato com subst\u00e2ncias que provoquem um alto grau de les\u00e3o \u00e0 pele;<\/li>\n<li>Em opera\u00e7\u00f5es que devam ser executadas em locais confinados e\/ou pouco ventilados onde exista a presen\u00e7a de materiais t\u00f3xicos.<img loading=\"lazy\" class=\"alignnone size-full wp-image-279\" src=\"http:\/\/www2.uepg.br\/crrq\/wp-content\/uploads\/sites\/181\/2021\/04\/figura3.png\" alt=\"\" width=\"452\" height=\"296\" srcset=\"https:\/\/www2.uepg.br\/crrq\/wp-content\/uploads\/sites\/181\/2021\/04\/figura3.png 452w, https:\/\/www2.uepg.br\/crrq\/wp-content\/uploads\/sites\/181\/2021\/04\/figura3-300x196.png 300w\" sizes=\"(max-width: 452px) 100vw, 452px\" \/><\/li>\n<\/ul>\n<p><strong>Prote\u00e7\u00e3o N\u00edvel B: N\u00edvel Alto de Prote\u00e7\u00e3o:<\/strong><\/p>\n<ul>\n<li>Requer o mesmo n\u00edvel de prote\u00e7\u00e3o respirat\u00f3ria que o n\u00edvel A, por\u00e9m um n\u00edvel menor para prote\u00e7\u00e3o da pele.<\/li>\n<li>N\u00e3o exige uma roupa de prote\u00e7\u00e3o totalmente encapsulada para prote\u00e7\u00e3o contra gases\/vapores.<\/li>\n<li>\u00c9 uma prote\u00e7\u00e3o contra derramamento e contato com agentes qu\u00edmicos na forma l\u00edquida.<\/li>\n<li>As roupas de prote\u00e7\u00e3o para esse n\u00edvel podem ser apresentadas de duas formas: encapsulada ou n\u00e3o-encapsulada.<\/li>\n<\/ul>\n<p><strong>Quando utilizar:<\/strong><\/p>\n<ul>\n<li>Na presen\u00e7a imediata de concentra\u00e7\u00f5es qu\u00edmicas de certas subst\u00e2ncias que possam colocar em risco a vida de pessoas, atrav\u00e9s de inala\u00e7\u00e3o, mas que n\u00e3o representem o mesmo risco quanto ao contato com a pele.<\/li>\n<li>Em atmosfera que contenha menos que 19,5% de oxig\u00eanio ou na presen\u00e7a de vapores n\u00e3o totalmente identificados, mas identificados em instrumentos de medi\u00e7\u00e3o de vapores com leitores de vapores org\u00e2nicos.<\/li>\n<\/ul>\n<p><img loading=\"lazy\" class=\"alignnone size-full wp-image-281\" src=\"http:\/\/www2.uepg.br\/crrq\/wp-content\/uploads\/sites\/181\/2021\/04\/figura4-1.png\" alt=\"\" width=\"452\" height=\"280\" srcset=\"https:\/\/www2.uepg.br\/crrq\/wp-content\/uploads\/sites\/181\/2021\/04\/figura4-1.png 452w, https:\/\/www2.uepg.br\/crrq\/wp-content\/uploads\/sites\/181\/2021\/04\/figura4-1-300x186.png 300w\" sizes=\"(max-width: 452px) 100vw, 452px\" \/><\/p>\n<p><strong>Prote\u00e7\u00e3o N\u00edvel C: N\u00edvel M\u00e9dio de Prote\u00e7\u00e3o:<\/strong><\/p>\n<ul>\n<li>Exigi-se menor prote\u00e7\u00e3o respirat\u00f3ria e menor prote\u00e7\u00e3o da pele.<\/li>\n<li>A diferen\u00e7a entre o n\u00edvel B e C \u00e9 o tipo de equipamento respirat\u00f3rio exigido.<\/li>\n<\/ul>\n<p><strong>Quando Utilizar:<\/strong><\/p>\n<ul>\n<li>Os contaminantes presentes na atmosfera, derramamento de l\u00edquidos ou outro tipo de contato direto com a pele n\u00e3o tem poder para lesar a pele ou serem absorvidos por ela;<\/li>\n<li>Os tipos de contaminantes foram identificados, as concentra\u00e7\u00f5es foram medidas, a ventila\u00e7\u00e3o e purifica\u00e7\u00e3o do ar s\u00e3o suficientes para remover os contaminantes e todos os crit\u00e9rios de purifica\u00e7\u00e3o de ar est\u00e3o em ordem.<\/li>\n<\/ul>\n<p><img loading=\"lazy\" class=\"size-full wp-image-280 alignleft\" src=\"http:\/\/www2.uepg.br\/crrq\/wp-content\/uploads\/sites\/181\/2021\/04\/figura5.png\" alt=\"\" width=\"420\" height=\"293\" srcset=\"https:\/\/www2.uepg.br\/crrq\/wp-content\/uploads\/sites\/181\/2021\/04\/figura5.png 420w, https:\/\/www2.uepg.br\/crrq\/wp-content\/uploads\/sites\/181\/2021\/04\/figura5-300x209.png 300w\" sizes=\"(max-width: 420px) 100vw, 420px\" \/><\/p>\n<p>&nbsp;<\/p>\n<p>&nbsp;<\/p>\n<p>&nbsp;<\/p>\n<p>&nbsp;<\/p>\n<p>&nbsp;<\/p>\n<p>&nbsp;<\/p>\n<p>&nbsp;<\/p>\n<p>&nbsp;<\/p>\n<p><strong>Prote\u00e7\u00e3o N\u00edvel D: Menor N\u00edvel de Prote\u00e7\u00e3o:<\/strong><\/p>\n<ul>\n<li>Exigi-se o menor n\u00edvel de prote\u00e7\u00e3o respirat\u00f3ria e de prote\u00e7\u00e3o para a pele.<\/li>\n<li>\u00c9 a menor prote\u00e7\u00e3o poss\u00edvel quando h\u00e1 manipula\u00e7\u00e3o de qualquer agente qu\u00edmico.<\/li>\n<\/ul>\n<p><strong>Quando utilizar:<\/strong><\/p>\n<ul>\n<li>A atmosfera n\u00e3o cont\u00e9m produtos qu\u00edmicos;<\/li>\n<li>Trabalho n\u00e3o implica em nenhum contato com derramamentos, imers\u00f5es ou inala\u00e7\u00f5es inesperadas com qualquer produto qu\u00edmico<\/li>\n<\/ul>\n<p>Nos laborat\u00f3rios de ensino e pesquisa, a roupa de prote\u00e7\u00e3o utilizada \u00e9 o avental ou jaleco (n\u00edvel m\u00ednimo de prote\u00e7\u00e3o) confeccionado nos mais diversos tipos de tecido, o que n\u00e3o \u00e9 correto. O avental recomendado para manuseio de subst\u00e2ncias qu\u00edmicas deve ser confeccionado em algod\u00e3o grosso, pois esse al\u00e9m de queimar mais devagar, reage com \u00e1cidos e bases protegendo efetivamente a pele.<\/p>\n<p>O modelo tamb\u00e9m \u00e9 importante, pois, al\u00e9m de proteger, deve ser f\u00e1cil de ser retirado em caso de acidente. Considerando a prote\u00e7\u00e3o da pele, o jaleco deve ter as mangas longas e fechadas nos punhos com el\u00e1stico ou velcro e o comprimento deve ser pelo menos at\u00e9 os joelhos. Considerando a necessidade de ser retirado rapidamente, o fechamento frontal deve ser preferencialmente em velcro ao inv\u00e9s de bot\u00f5es.<\/p>\n","protected":false},"excerpt":{"rendered":"<p>Existem diversas roupas de prote\u00e7\u00e3o para o manuseio das in\u00fameras subst\u00e2ncias qu\u00edmicas existentes. Existem duas classifica\u00e7\u00f5es para os n\u00edveis de prote\u00e7\u00e3o oferecidos pelas roupas: a classifica\u00e7\u00e3o europ\u00e9ia e a americana. A Classifica\u00e7\u00e3o Europ\u00e9ia foi estabelecida atrav\u00e9s do Comit\u00ea de Padroniza\u00e7\u00e3o de Produtos para o Mercado Comum Europeu,. Essa classifica\u00e7\u00e3o apresenta 6 n\u00edveis de prote\u00e7\u00e3o, que&nbsp;&hellip;<\/p>\n","protected":false},"author":305,"featured_media":0,"parent":0,"menu_order":0,"comment_status":"closed","ping_status":"closed","template":"","meta":[],"_links":{"self":[{"href":"https:\/\/www2.uepg.br\/crrq\/wp-json\/wp\/v2\/pages\/167"}],"collection":[{"href":"https:\/\/www2.uepg.br\/crrq\/wp-json\/wp\/v2\/pages"}],"about":[{"href":"https:\/\/www2.uepg.br\/crrq\/wp-json\/wp\/v2\/types\/page"}],"author":[{"embeddable":true,"href":"https:\/\/www2.uepg.br\/crrq\/wp-json\/wp\/v2\/users\/305"}],"replies":[{"embeddable":true,"href":"https:\/\/www2.uepg.br\/crrq\/wp-json\/wp\/v2\/comments?post=167"}],"version-history":[{"count":4,"href":"https:\/\/www2.uepg.br\/crrq\/wp-json\/wp\/v2\/pages\/167\/revisions"}],"predecessor-version":[{"id":284,"href":"https:\/\/www2.uepg.br\/crrq\/wp-json\/wp\/v2\/pages\/167\/revisions\/284"}],"wp:attachment":[{"href":"https:\/\/www2.uepg.br\/crrq\/wp-json\/wp\/v2\/media?parent=167"}],"curies":[{"name":"wp","href":"https:\/\/api.w.org\/{rel}","templated":true}]}}