{"id":171,"date":"2021-04-05T09:19:46","date_gmt":"2021-04-05T12:19:46","guid":{"rendered":"https:\/\/www2.uepg.br\/crrq\/?page_id=171"},"modified":"2021-04-06T22:32:25","modified_gmt":"2021-04-07T01:32:25","slug":"capela","status":"publish","type":"page","link":"https:\/\/www2.uepg.br\/crrq\/capela\/","title":{"rendered":"Capela"},"content":{"rendered":"<p>A Capela de exaust\u00e3o \u00e9 um equipamento de prote\u00e7\u00e3o coletiva essencial em todos os laborat\u00f3rios que tenham algum tipo de trabalho com manipula\u00e7\u00e3o de produtos qu\u00edmicos t\u00f3xicos, vapores agressivos, part\u00edculas ou l\u00edquidos em quantidades e concentra\u00e7\u00f5es perigosas prejudiciais \u00e0 sa\u00fade. Por isso a sua import\u00e2ncia no laborat\u00f3rio e a obrigatoriedade de toda manipula\u00e7\u00e3o que possa ocasionar uma rea\u00e7\u00e3o perigosa ser feita dentro da capela.<\/p>\n<p>A principal fun\u00e7\u00e3o de uma capela de exaust\u00e3o \u00e9 exaurir vapores, gases e fumos, mas serve tamb\u00e9m como uma barreira f\u00edsica entre as rea\u00e7\u00f5es qu\u00edmicas eo ambiente do laborat\u00f3rio, oferecendo assim uma prote\u00e7\u00e3o aos usu\u00e1rios e ao ambiente contra a exposi\u00e7\u00e3o de gases nocivos, t\u00f3xicos, derramamento de produtos qu\u00edmicos e fogo.<\/p>\n<p>A Capela de exaust\u00e3o \u00e9 considerada um equipamento de seguran\u00e7a que por si s\u00f3 n\u00e3o garante a prote\u00e7\u00e3o se o operador n\u00e3o estiver familiarizado com as t\u00e9cnicas corretas de uso.<\/p>\n<p>Para aferir a velocidade de exaust\u00e3o deve-se usar um anem\u00f4metro com a janela ou anteparo completamente aberto, fazendo a leitura a uns 20 cent\u00edmetros dentro da capela. Uma velocidade entre 0,6 e 1,0 m\/s (metros por segundo) \u00e9 adequada; abaixo do limite inferior n\u00e3o faz a retirada eficiente do ar, e acima de 1,0 m\/s a turbul\u00eancia pode prejudicar sua efici\u00eancia. A velocidade de exaust\u00e3o deve dar conta de retirar aeross\u00f3is, gases e vapores.<\/p>\n<p>O efeito do movimento do ar dentro do laborat\u00f3rio afeta o rendimento das capelas. Elas devem estar localizadas longe de portas, ar condicionado, janelas, e passagem de pessoas. O ar dessas fontes pode ter velocidades bastante acima daquela da capela, criando o potencial de retirar ar de dentro da capela para o laborat\u00f3rio.<\/p>\n<p>&nbsp;<\/p>\n<p><strong>TIPOS DE CAPELAS<\/strong><\/p>\n<p>H\u00e1 muitos tios de capelas, cada uma com seu pr\u00f3prio projeto e funcionalidade. Abaixo uma lista de defini\u00e7\u00f5es, descri\u00e7\u00f5es e caracter\u00edsticas t\u00e9cnicas, suas vantagens e desvantagens.<\/p>\n<p><strong>1. Capelas de Bancada<\/strong><\/p>\n<p>Uma capela de exaust\u00e3o de bancada \u00e9 uma capela que \u00e9 geralmente colocada em uma bancada ou sobre um gabinete de armazenagem, de produtos qu\u00edmicos. Capelas de exaust\u00e3o de bancada est\u00e3o dispon\u00edveis em v\u00e1rios tamanhos para acomodar uma grande variedade de processos qu\u00edmicos. As principais dimens\u00f5es de uma capela s\u00e3o: largura, profundidade e altura, entretanto o tamanho da capela \u00e9 geralmente determinado pela largura da capela, que inclui a largura da janela mais os pain\u00e9is laterais.<\/p>\n<p><strong>2. Capelas para Destila\u00e7\u00e3o<\/strong><\/p>\n<p>As capelas de destila\u00e7\u00e3o s\u00e3o constru\u00eddas para serem usadas com grandes equipamentos, e os procedimentos envolvem pequenos ou grandes volumes de materiais t\u00f3xicos. Uma capela de destila\u00e7\u00e3o possui os mesmos componentes de uma capela de bancada com exce\u00e7\u00e3o de que o projeto prev\u00ea que a capela deve comportar em seu interior grandes equipamentos. A capela \u00e9 apropriada para experimentos que podem ser conduzidos em uma capela de bancada, entretanto, o grande interior pode abrigar grandes equipamentos. As capelas de destila\u00e7\u00e3o s\u00e3o montadas em um pedestal elevado e a superf\u00edcie de trabalho fica entre 300 e 450 mm do piso. Capelas de destila\u00e7\u00e3o podem ter janelas verticais ou horizontais. Geralmente, mais do que um painel de vidro \u00e9 usado em uma janela vertical, este conjunto determina tamb\u00e9m a altura dispon\u00edvel para a \u00e1rea de trabalho.<\/p>\n<p><strong>3. Capelas de Piso \u2013 \u201cWALK IN\u201d<\/strong><\/p>\n<p>Uma Capela de Piso \u00e9 usada para acomodar grandes equipamentos e armazenar tambores que possam apresentar algum risco, mas n\u00e3o deve ser usada como um arm\u00e1rio de ARMAZENAGEM. Uma capela de piso \u00e9 utilizada para os mesmos tipos de trabalho efetuados em uma Capela de Bancada e na Capela de Destila\u00e7\u00e3o. Capelas de Piso s\u00e3o equipadas com janelas horizontais. Embora alguns modelos, sejam equipados com m\u00faltiplas janelas verticais, janelas horizontais s\u00e3o recomendadas em Capelas com largura maior do que 2,40 metros. O nome Capela de Piso ou \u201cWalk-In\u201d implica que o operador pode entrar dentro da capela, entretanto o nome dado a ela n\u00e3o \u00e9 correto afinal, os mesmos cuidados de seguran\u00e7a que s\u00e3o aplicadas para as Capelas de Bancada tamb\u00e9m s\u00e3o exigidos por este modelo, por exemplo, nunca entrar no interior da capela durante a gera\u00e7\u00e3o de gases perigosos, ou enquanto exibir uma alta concentra\u00e7\u00e3o de g\u00e1s. Por esta raz\u00e3o, nos referimos a estas estruturas como Capela de Piso. Estas s\u00e3o suscet\u00edveis a varia\u00e7\u00f5es de velocidade de face pois a \u00e1rea da janela \u00e9 muito grande e a abertura da janela provoca turbul\u00eancia no interior da capela. Por esta raz\u00e3o, \u00e9 prudente n\u00e3o usar Capela de Piso para procedimentos com materiais altamente t\u00f3xicos. \u00c9 recomendado portanto abertura de somente uma janela por vez.<\/p>\n<p><strong>4. Capela Exclusiva para \u00c1cido Percl\u00f3rico<\/strong><\/p>\n<p>Uma capela para acido percl\u00f3rico tem as caracter\u00edsticas gerais de uma capela de Bancada, entretanto, o revestimento interior deve ser de a\u00e7o inox ou de um material n\u00e3o reativo tal como o PVC e o polipropileno que tem a desvantagem n\u00e3o corrosiva e n\u00e3o reativos devem ser usados no sistema de exaust\u00e3o. A capela, os dutos e o exaustor devem possuir um sistema de lavagem para remover os percloratos e prevenir o ac\u00famulo dos potencialmente exclusivos sais de perclorato. Os sistemas de lavagem devem ser projetados para ter, no m\u00ednimo, 56,8 litros\/min (15 gal\u00f5es) de vaz\u00e3o. A superf\u00edcie de trabalho das capelas de \u00e1cido percl\u00f3rico deve possuir um bojo de descarte no canto da capela abaixo do defletor. As capelas de \u00e1cido percl\u00f3rico n\u00e3o devem possuir furos para passagem de cabos de energia ou acess\u00f3rios. Todas as utilidades devem ser acessadas pelo painel externo da capela, as outras caracter\u00edsticas de constru\u00e7\u00e3o s\u00e3o as mesmas das Capelas de Bancada.<\/p>\n<p><strong>5. Capela Exclusiva para \u00c1cido Percl\u00f3rico &amp; Digest\u00e3o \u00c1cida<\/strong><\/p>\n<p>Uma capela para acido percl\u00f3rico tem as caracter\u00edsticas gerais de uma capela de Bancada, entretanto, o revestimento interior deve ser de a\u00e7o inox ou de um material n\u00e3o reativo tal como o PVC e o polipropileno que tem a desvantagem n\u00e3o corrosiva e n\u00e3o reativos devem ser usados no sistema de exaust\u00e3o. A capela, os dutos e o exaustor devem possuir um sistema de lavagem para remover os percloratos e prevenir o ac\u00famulo dos potencialmente exclusivos sais de perclorato. Os sistemas de lavagem devem ser projetados para ter no, m\u00ednimo, 56,8 litros\/min (15 gal\u00f5es) de vaz\u00e3o. A superf\u00edcie de trabalho das capelas de \u00e1cido percl\u00f3rico deve possuir um bojo de descarte no canto da capela abaixo do defletor. As capelas de \u00e1cido percl\u00f3rico n\u00e3o devem possuir furos para passagem de cabos de energia ou acess\u00f3rios.<\/p>\n<p>Todas as utilidades devem ser acessadas pelo painel externo da capela, as outras caracter\u00edsticas de constru\u00e7\u00e3o s\u00e3o as mesmas das capelas de Bancada.<\/p>\n<p><strong>6. Capela Exclusiva para Radiois\u00f3topos<\/strong><\/p>\n<p>Uma capela de Exaust\u00e3o usada com Radia\u00e7\u00e3o Beta ou Gama pode ser chamada de uma Capela para Radiois\u00f3topos, uma Capela para Radiois\u00f3topos tem as caracter\u00edsticas gerais das Capelas de Bancada exceto a superf\u00edcie de trabalho e o revestimento inferior deve ser de a\u00e7o inox 304, soldada para f\u00e1cil limpeza e descontamina\u00e7\u00e3o. A estrutura da capela \u00e9 id\u00eantica aos outros tipos de capela.<\/p>\n<p><strong>Como Usar Corretamente a Capela:<\/strong><\/p>\n<ul>\n<li>Coloque a fonte de emana\u00e7\u00f5es a pelo menos 20 cm dentro da capela (Veja a figura abaixo; a recomenda\u00e7\u00e3o seria a primeira situa\u00e7\u00e3o representada)<\/li>\n<\/ul>\n<p><img loading=\"lazy\" class=\"alignnone size-full wp-image-287\" src=\"http:\/\/www2.uepg.br\/crrq\/wp-content\/uploads\/sites\/181\/2021\/04\/figura6.png\" alt=\"\" width=\"545\" height=\"173\" srcset=\"https:\/\/www2.uepg.br\/crrq\/wp-content\/uploads\/sites\/181\/2021\/04\/figura6.png 545w, https:\/\/www2.uepg.br\/crrq\/wp-content\/uploads\/sites\/181\/2021\/04\/figura6-300x95.png 300w\" sizes=\"(max-width: 545px) 100vw, 545px\" \/><\/p>\n<ul>\n<li>Mantenha a \u00e1rea de trabalho limpa de contaminantes e de recipientes. O ac\u00famulo de recipientes e equipamentos prejudica o fluxo de ar na capela, criando tamb\u00e9m situa\u00e7\u00f5es de retorno do contaminante para a atmosfera do laborat\u00f3rio (veja figura abaixo). Em adi\u00e7\u00e3o, a presen\u00e7a de reagentes, res\u00edduos e, sabe l\u00e1 mais o que, cria uma situa\u00e7\u00e3o real de acidente grave.<\/li>\n<\/ul>\n<p><img loading=\"lazy\" class=\"alignnone size-full wp-image-286\" src=\"http:\/\/www2.uepg.br\/crrq\/wp-content\/uploads\/sites\/181\/2021\/04\/figura8.png\" alt=\"\" width=\"310\" height=\"244\" srcset=\"https:\/\/www2.uepg.br\/crrq\/wp-content\/uploads\/sites\/181\/2021\/04\/figura8.png 310w, https:\/\/www2.uepg.br\/crrq\/wp-content\/uploads\/sites\/181\/2021\/04\/figura8-300x236.png 300w\" sizes=\"(max-width: 310px) 100vw, 310px\" \/><\/p>\n<ul>\n<li>Sua capela deve ter os controles de exaust\u00e3o, g\u00e1s, ilumina\u00e7\u00e3o e eletricidade do lado de fora! (veja exemplo na figura 2 ao lado). Prefira comprar a capela de uma firma id\u00f4nea, e exija a aferi\u00e7\u00e3o \u2018antes de pagar a conta\u201d.<\/li>\n<\/ul>\n<p><img loading=\"lazy\" class=\"alignnone size-full wp-image-285\" src=\"http:\/\/www2.uepg.br\/crrq\/wp-content\/uploads\/sites\/181\/2021\/04\/figura9.png\" alt=\"\" width=\"250\" height=\"180\" \/><\/p>\n<ul>\n<li>No caso de qualquer mau funcionamento da exaust\u00e3o ou do mecanismo que permite subir e descer o anteparo, solicite o conserto imediatamente, n\u00e3o usando a capela at\u00e9 regularizar sua condi\u00e7\u00e3o adequada.<\/li>\n<li>Solicite a aferi\u00e7\u00e3o da exaust\u00e3o \u00e0 CIPA.<\/li>\n<li>Quando for usar a capela use tamb\u00e9m equipamentos de prote\u00e7\u00e3o (luvas, \u00f3culos de prote\u00e7\u00e3o, jaleco)<\/li>\n<li>Se o laborat\u00f3rio usar \u00e1cido percl\u00f3rico ou inflam\u00e1veis, por exemplo, a capela deve ser espec\u00edfica com cuidados especiais.<\/li>\n<\/ul>\n","protected":false},"excerpt":{"rendered":"<p>A Capela de exaust\u00e3o \u00e9 um equipamento de prote\u00e7\u00e3o coletiva essencial em todos os laborat\u00f3rios que tenham algum tipo de trabalho com manipula\u00e7\u00e3o de produtos qu\u00edmicos t\u00f3xicos, vapores agressivos, part\u00edculas ou l\u00edquidos em quantidades e concentra\u00e7\u00f5es perigosas prejudiciais \u00e0 sa\u00fade. Por isso a sua import\u00e2ncia no laborat\u00f3rio e a obrigatoriedade de toda manipula\u00e7\u00e3o que possa&nbsp;&hellip;<\/p>\n","protected":false},"author":305,"featured_media":0,"parent":0,"menu_order":0,"comment_status":"closed","ping_status":"closed","template":"","meta":[],"_links":{"self":[{"href":"https:\/\/www2.uepg.br\/crrq\/wp-json\/wp\/v2\/pages\/171"}],"collection":[{"href":"https:\/\/www2.uepg.br\/crrq\/wp-json\/wp\/v2\/pages"}],"about":[{"href":"https:\/\/www2.uepg.br\/crrq\/wp-json\/wp\/v2\/types\/page"}],"author":[{"embeddable":true,"href":"https:\/\/www2.uepg.br\/crrq\/wp-json\/wp\/v2\/users\/305"}],"replies":[{"embeddable":true,"href":"https:\/\/www2.uepg.br\/crrq\/wp-json\/wp\/v2\/comments?post=171"}],"version-history":[{"count":3,"href":"https:\/\/www2.uepg.br\/crrq\/wp-json\/wp\/v2\/pages\/171\/revisions"}],"predecessor-version":[{"id":289,"href":"https:\/\/www2.uepg.br\/crrq\/wp-json\/wp\/v2\/pages\/171\/revisions\/289"}],"wp:attachment":[{"href":"https:\/\/www2.uepg.br\/crrq\/wp-json\/wp\/v2\/media?parent=171"}],"curies":[{"name":"wp","href":"https:\/\/api.w.org\/{rel}","templated":true}]}}