{"id":226,"date":"2021-04-05T09:36:52","date_gmt":"2021-04-05T12:36:52","guid":{"rendered":"https:\/\/www2.uepg.br\/crrq\/?page_id=226"},"modified":"2021-04-06T22:25:13","modified_gmt":"2021-04-07T01:25:13","slug":"luvas-2","status":"publish","type":"page","link":"https:\/\/www2.uepg.br\/crrq\/luvas-2\/","title":{"rendered":"Luvas"},"content":{"rendered":"<p><strong>Luvas de seguran\u00e7a<\/strong>, ou\u00a0<strong>luvas de prote\u00e7\u00e3o<\/strong>, s\u00e3o\u00a0luvas\u00a0espec\u00edficas para muitas atividades profissionais, tanto comerciais como industriais, que requerem o uso recomend\u00e1vel ou obrigat\u00f3rio destas.\u00a0Cada tipo de luva possui diversas op\u00e7\u00f5es de tamanho, material e tipo de punho, pigmenta\u00e7\u00e3o anti-derrapante, assim como tipos de refor\u00e7os na palma e dedos, conforme seu uso.<\/p>\n<p>A efici\u00eancia das luvas \u00e9 medida atrav\u00e9s de 3 par\u00e2metros:<\/p>\n<p><strong>Degrada\u00e7\u00e3o:\u00a0<\/strong>mudan\u00e7a em alguma das caracter\u00edsticas f\u00edsicas da luva.<\/p>\n<p><strong>Permea\u00e7\u00e3o:<\/strong>\u00a0velocidade com que um produto qu\u00edmico permeia atrav\u00e9s da luva.<\/p>\n<p><strong>Tempo de Resist\u00eancia:<\/strong>\u00a0tempo decorrido entre o contato inicial com o lado externo da luva e a ocorr\u00eancia do produto qu\u00edmico no seu interior.<\/p>\n<p>Quando usar luvas, siga os seguintes procedimentos de seguran\u00e7a:<\/p>\n<ul>\n<li style=\"list-style-type: none;\">\n<ul>\n<li>Tenha certeza que o material da luva \u00e9 resistente e compat\u00edvel com a subst\u00e2ncia em uso.<\/li>\n<li>Procure por buracos e rasgos na luva antes de cada uso.<\/li>\n<li>Lave as luvas apropriadamente antes de remov\u00ea-las.<\/li>\n<li>Para prevenir a dispers\u00e3o n\u00e3o intencional de subst\u00e2ncias nocivas, retire as luvas antes de manusear objetos como ma\u00e7anetas, telefones, canetas e etc. e antes de deixar o laborat\u00f3rio.<\/li>\n<li>Troque as luvas periodicamente, dependendo das caracter\u00edsticas de permeabilidade e degrada\u00e7\u00e3o.<\/li>\n<\/ul>\n<\/li>\n<\/ul>\n<p>&nbsp;<\/p>\n<p>Conserva\u00e7\u00e3o e Manuten\u00e7\u00e3o:<\/p>\n<ul>\n<li>Devem ser inspecionadas antes e depois do uso quanto a sinais de deteriora\u00e7\u00e3o, pequenos orif\u00edcios, descolora \u00e7\u00e3o, ressecamento, etc;<\/li>\n<li>Luvas descart\u00e1veis n\u00e3o devem ser limpas ou reutilizadas.<br \/>\nAs luvas n\u00e3o descart\u00e1veis devem ser lavadas, secas e guardadas longe do local onde s\u00e3o manipulados produtos qu\u00edmicos;<\/li>\n<li>Lavar as m\u00e3os sempre que retirar as luvas.<\/li>\n<\/ul>\n<p><strong>Guia Geral para a Sele\u00e7\u00e3o de Luvas<\/strong><\/p>\n<p>As informa\u00e7\u00f5es a seguir s\u00e3o fornecidas como um guia para escolha correta do material da luva. A performance da luva varia entre fabricantes, ent\u00e3o antes de trabalhar com qualquer subst\u00e2ncia qu\u00edmica de risco consulte o fabricante para ter certeza que as luvas corretas ser\u00e3o utilizadas na aplica\u00e7\u00e3o.<\/p>\n<p>As tabelas de compatibilidade de luvas s\u00e3o apenas um guia gen\u00e9rico para a sele\u00e7\u00e3o e uso de luvas. Frequentemente, t\u00eam de ser feitos testes para determinar a aplicabilidade para uma situa\u00e7\u00e3o real.<\/p>\n<p>Se as luvas ou a situa\u00e7\u00e3o que voc\u00ea requer n\u00e3o est\u00e3o descritas nestas informa\u00e7\u00f5es ou, no caso de d\u00favidas, procure a assist\u00eancia de um profissional de seguran\u00e7a .<\/p>\n<p>Tipos de Luvas:<\/p>\n<ul>\n<li><strong>Couro:<\/strong>\u00a0podem ser usadas para proteger as m\u00e3os contra abrasivos e manuseio de materiais em geral. Luvas de couro n\u00e3o d\u00e3o prote\u00e7\u00e3o contra objetos perigosos ou subst\u00e2ncias qu\u00edmicas. Nunca use luvas de couro para manipula\u00e7\u00e3o de subst\u00e2ncias qu\u00edmicas.<\/li>\n<li><strong>Nylon: (100%):<\/strong>\u00a0podem ser usadas quando manuseadas pe\u00e7as sem contamina\u00e7\u00e3o qu\u00edmica e com pontas afiadas ou grosseiras em salas limpas e \u00e1reas de montagem. As luvas tamb\u00e9m protegem o corpo da contamina\u00e7\u00e3o, por desfiarem pouco. Luvas de nylon n\u00e3o oferecem prote\u00e7\u00e3o contra exposi\u00e7\u00e3o qu\u00edmica e podem se dissolver em contato com algumas subst\u00e2ncias.<\/li>\n<li><strong>Neoprene:<\/strong>\u00a0podem ser usadas para prote\u00e7\u00e3o das m\u00e3os contra \u00e1cidos fracos e fortes, cetonas, sab\u00f5es e detergentes. Essas luvas s\u00e3o grossas e n\u00e3o s\u00e3o apropriadas para prolongada exposi\u00e7\u00e3o para solventes halogenados ou arom\u00e1ticos.<\/li>\n<li><strong>Buna-N (nitrila):<\/strong>\u00a0podem ser usadas para proteger contra solventes alif\u00e1ticos, incluindo Freon TF, \u00e1lcool isoprop\u00edlico, resinas ep\u00f3xi e PCBs. Uma prote\u00e7\u00e3o limitada \u00e9 provida contra solventes halogenados. Luvas de nitrila n\u00e3o s\u00e3o adequadas para usar com cetonas, tais como acetona, MEK e MIBK. N\u00e3o use por mais de cinco minutos com solventes halogenados. Para aplica\u00e7\u00f5es extremas, procure luvas de nitrila para trabalho pesado (heavy duty); estas oferecem maior prote\u00e7\u00e3o do que as luvas comuns de Buna-N, mas afetam a destreza.<\/li>\n<li><strong>PVC:<\/strong>\u00a0s\u00e3o muito boas para prote\u00e7\u00e3o contra corrosivos como o hidr\u00f3xido de am\u00f4nio, hidr\u00f3xido de s\u00f3dio, e hidr\u00f3xido de pot\u00e1ssio. Luvas de PVC n\u00e3o s\u00e3o apropriadas para usar com solventes halogenados ou cetonas. S\u00e3o luvas leves, descart\u00e1veis. H\u00e1 tamb\u00e9m luvas mais pesadas, por\u00e9m as luvas leves tendem a prover boa destreza manual. Algumas possuem maior comprimento, dando prote\u00e7\u00e3o aos pulsos e antebra\u00e7os.<\/li>\n<li><strong>Viton:<\/strong>\u00a0podem ser usadas para prote\u00e7\u00e3o das m\u00e3os contra solventes arom\u00e1ticos, tais como tolueno e xileno e de solventes halogenados, como metil clorof\u00f3rmio ou cloreto de metileno. N\u00e3o mergulhe em solventes halogenados por mais do que 30 minutos.<\/li>\n<li><strong>Kevlar:<\/strong>\u00a0podem ser usadas para prote\u00e7\u00e3o da m\u00e3o contra extremos de temperatura e materiais abrasivos\/cortantes. Estas luvas n\u00e3o cont\u00eam amianto. Luvas de Kevlar tamb\u00e9m oferecem prote\u00e7\u00e3o contra FF at\u00e9 1000abras\u00e3o e corte. Podem ser usadas na faixa entre -400 (-240oC at\u00e9 537oC). Come\u00e7am a sofrer degrada\u00e7\u00e3o acima de 426oC, por isso n\u00e3o devem ser usadas para contato prolongado com materiais muito quentes. Estas luvas n\u00e3o s\u00e3o adequadas para uso com produtos qu\u00edmicos.<\/li>\n<li><strong>Butila:<\/strong>\u00a0podem usadas para prote\u00e7\u00e3o de m\u00e3os contra oxidantes fortes (\u00e1cido n\u00edtrico fumegante, fl\u00faor e cloro na forma gasosa, e per\u00f3xido de hidrog\u00eanio concentrado). \u00c9 uma luva grosseira, prejudicando a destreza.<\/li>\n<li><strong>L\u00e1tex:<\/strong>\u00a0podem ser usadas para lidar com materiais radioativos. Estas luvas tamb\u00e9m podem ser usadas por baixo de outras luvas. No mercado h\u00e1 luvas de l\u00e1tex para trabalho pesado, que oferecem prote\u00e7\u00e3o maior contra cortes e abras\u00e3o.<\/li>\n<li><strong>Neoprene-L\u00e1tex:<\/strong>\u00a0servem para proteger as m\u00e3os contra \u00e1cidos ou bases diluidos (concentra\u00e7\u00e3o menor que 5%). Nessas condi\u00e7\u00f5es, estas luvas n\u00e3o t\u00eam nenhuma limita\u00e7\u00e3o.<\/li>\n<li><strong>PVA:<\/strong>\u00a0proveem prote\u00e7\u00e3o contra solventes halogenados como tricloroetano ou cloreto de metileno. Elas nunca devem ser expostas \u00e0 \u00e1gua ou umidade e, n\u00e3o devem ser usadas com solu\u00e7\u00f5es aquosas ou subst\u00e2ncias qu\u00edmicas dispersas em \u00e1gua. Luvas de PVA s\u00e3o grosseiras e n\u00e3o servem para opera\u00e7\u00f5es que requerem boa destreza manual.<\/li>\n<li><strong>Malha de a\u00e7o ou de cer\u00e2mica:<\/strong>\u00a0oferecem boa prote\u00e7\u00e3o contra abras\u00f5es e cortes, e \u00e9 recomendada por controlar materiais afiados, pontudos. Estas luvas n\u00e3o devem ser usadas no manuseio de produtos qu\u00edmicos.<\/li>\n<\/ul>\n<p>&nbsp;<\/p>\n<p>&nbsp;<\/p>\n<p><img loading=\"lazy\" class=\"size-full wp-image-270 alignleft\" src=\"http:\/\/www2.uepg.br\/crrq\/wp-content\/uploads\/sites\/181\/2021\/04\/1.png\" alt=\"\" width=\"651\" height=\"404\" srcset=\"https:\/\/www2.uepg.br\/crrq\/wp-content\/uploads\/sites\/181\/2021\/04\/1.png 651w, https:\/\/www2.uepg.br\/crrq\/wp-content\/uploads\/sites\/181\/2021\/04\/1-300x186.png 300w\" sizes=\"(max-width: 651px) 100vw, 651px\" \/><\/p>\n<p>&nbsp;<\/p>\n<p>&nbsp;<\/p>\n<p>&nbsp;<\/p>\n<p>&nbsp;<\/p>\n<p>&nbsp;<\/p>\n<p>&nbsp;<\/p>\n<p>&nbsp;<\/p>\n<p>&nbsp;<\/p>\n<p>&nbsp;<\/p>\n<p>&nbsp;<\/p>\n<p>&nbsp;<\/p>\n<p><img loading=\"lazy\" class=\"size-full wp-image-271 alignnone\" src=\"http:\/\/www2.uepg.br\/crrq\/wp-content\/uploads\/sites\/181\/2021\/04\/2.png\" alt=\"\" width=\"658\" height=\"221\" srcset=\"https:\/\/www2.uepg.br\/crrq\/wp-content\/uploads\/sites\/181\/2021\/04\/2.png 658w, https:\/\/www2.uepg.br\/crrq\/wp-content\/uploads\/sites\/181\/2021\/04\/2-300x101.png 300w\" sizes=\"(max-width: 658px) 100vw, 658px\" \/><\/p>\n<p>&nbsp;<\/p>\n<p><img loading=\"lazy\" class=\"size-full wp-image-272 alignleft\" src=\"http:\/\/www2.uepg.br\/crrq\/wp-content\/uploads\/sites\/181\/2021\/04\/acidorganicos.png\" alt=\"\" width=\"656\" height=\"2764\" srcset=\"https:\/\/www2.uepg.br\/crrq\/wp-content\/uploads\/sites\/181\/2021\/04\/acidorganicos.png 656w, https:\/\/www2.uepg.br\/crrq\/wp-content\/uploads\/sites\/181\/2021\/04\/acidorganicos-71x300.png 71w, https:\/\/www2.uepg.br\/crrq\/wp-content\/uploads\/sites\/181\/2021\/04\/acidorganicos-243x1024.png 243w, https:\/\/www2.uepg.br\/crrq\/wp-content\/uploads\/sites\/181\/2021\/04\/acidorganicos-486x2048.png 486w, https:\/\/www2.uepg.br\/crrq\/wp-content\/uploads\/sites\/181\/2021\/04\/acidorganicos-256x1080.png 256w\" sizes=\"(max-width: 656px) 100vw, 656px\" \/><\/p>\n","protected":false},"excerpt":{"rendered":"<p>Luvas de seguran\u00e7a, ou\u00a0luvas de prote\u00e7\u00e3o, s\u00e3o\u00a0luvas\u00a0espec\u00edficas para muitas atividades profissionais, tanto comerciais como industriais, que requerem o uso recomend\u00e1vel ou obrigat\u00f3rio destas.\u00a0Cada tipo de luva possui diversas op\u00e7\u00f5es de tamanho, material e tipo de punho, pigmenta\u00e7\u00e3o anti-derrapante, assim como tipos de refor\u00e7os na palma e dedos, conforme seu uso. A efici\u00eancia das luvas \u00e9&nbsp;&hellip;<\/p>\n","protected":false},"author":305,"featured_media":0,"parent":0,"menu_order":0,"comment_status":"closed","ping_status":"closed","template":"","meta":[],"_links":{"self":[{"href":"https:\/\/www2.uepg.br\/crrq\/wp-json\/wp\/v2\/pages\/226"}],"collection":[{"href":"https:\/\/www2.uepg.br\/crrq\/wp-json\/wp\/v2\/pages"}],"about":[{"href":"https:\/\/www2.uepg.br\/crrq\/wp-json\/wp\/v2\/types\/page"}],"author":[{"embeddable":true,"href":"https:\/\/www2.uepg.br\/crrq\/wp-json\/wp\/v2\/users\/305"}],"replies":[{"embeddable":true,"href":"https:\/\/www2.uepg.br\/crrq\/wp-json\/wp\/v2\/comments?post=226"}],"version-history":[{"count":5,"href":"https:\/\/www2.uepg.br\/crrq\/wp-json\/wp\/v2\/pages\/226\/revisions"}],"predecessor-version":[{"id":276,"href":"https:\/\/www2.uepg.br\/crrq\/wp-json\/wp\/v2\/pages\/226\/revisions\/276"}],"wp:attachment":[{"href":"https:\/\/www2.uepg.br\/crrq\/wp-json\/wp\/v2\/media?parent=226"}],"curies":[{"name":"wp","href":"https:\/\/api.w.org\/{rel}","templated":true}]}}