{"id":125,"date":"2022-08-12T11:36:26","date_gmt":"2022-08-12T14:36:26","guid":{"rendered":"https:\/\/www2.uepg.br\/culturaplural\/?page_id=125"},"modified":"2022-08-17T09:30:29","modified_gmt":"2022-08-17T12:30:29","slug":"equipe","status":"publish","type":"page","link":"https:\/\/www2.uepg.br\/culturaplural\/equipe\/","title":{"rendered":"Equipe"},"content":{"rendered":"<h2 style=\"color: #ff9a43; text-align: center;\">Equipe<\/h2>\n<p>&nbsp;<\/p>\n<h3>Coordenadores:<\/h3>\n<hr \/>\n<p><img loading=\"lazy\" class=\"avatar avatar-96 wp-user-avatar wp-user-avatar-96 alignnone photo lazy loaded\" src=\"https:\/\/www2.uepg.br\/culturaplural\/wp-content\/uploads\/sites\/254\/2022\/08\/ivan_bomfim.jpg\" alt=\"Ivan Bomfim\" width=\"96\" height=\"96\" data-src=\"https:\/\/www2.uepg.br\/culturaplural\/wp-content\/uploads\/sites\/254\/2022\/08\/ivan_bomfim.jpg\" data-was-processed=\"true\" \/>\u00a0\u00a0\u00a0 \u00a0 <strong>Ivan Bomfim<\/strong><\/p>\n<p>Jornalista, professor do departamento de Jornalismo e do Mestrado em Jornalismo da UEPG. Coordenador dos projetos de extens\u00e3o Cultura Plural e N\u00facleo de Apoio \u00e0 Hiperm\u00eddia (NAPHI) e do Grupo de Estudos e Pesquisas em M\u00eddias Digitais (GEMIDI). Transita entre tem\u00e1ticas como identidade cultural, jornalismo e m\u00eddias digitais, hist\u00f3ria, discursos e representa\u00e7\u00f5es midi\u00e1ticas.<\/p>\n<hr \/>\n<p><img loading=\"lazy\" class=\"avatar avatar-96 wp-user-avatar wp-user-avatar-96 alignnone photo lazy loaded\" src=\"https:\/\/www2.uepg.br\/culturaplural\/wp-content\/uploads\/sites\/254\/2022\/08\/karina-janz-woitowicz.jpg\" alt=\"Karina Janz Woitowicz\" width=\"96\" height=\"96\" data-src=\"https:\/\/www2.uepg.br\/culturaplural\/wp-content\/uploads\/sites\/254\/2022\/08\/karina-janz-woitowicz.jpg\" data-was-processed=\"true\" \/>\u00a0\u00a0 \u00a0 <strong>Karina Janz Woitowicz<\/strong><\/p>\n<p>Jornalista, professora do Curso de Jornalismo e do Programa de P\u00f3s-Gradua\u00e7\u00e3o (Mestrado) em Jornalismo da Universidade Estadual de Ponta Grossa, \u00e9 coordenadora dos grupos de pesquisa Jornalismo Cultural e Folkcomunica\u00e7\u00e3o e Jornalismo e G\u00eanero, editora da Revista Internacional de Folkcomunica\u00e7\u00e3o e coordenadora do projeto de extens\u00e3o Cultura Plural. Interessada em tem\u00e1ticas ligadas \u00e0 cultura, \u00e0 m\u00eddia democr\u00e1tica e \u00e0s quest\u00f5es de g\u00eanero, defende a igualdade de direitos para todas e todos e uma sociedade livre de racismo, machismo, LBGTfobias e todas as formas de discrimina\u00e7\u00e3o.<\/p>\n<hr \/>\n<p><img loading=\"lazy\" class=\"avatar avatar-96 wp-user-avatar wp-user-avatar-96 alignnone photo lazy loaded\" src=\"https:\/\/www2.uepg.br\/culturaplural\/wp-content\/uploads\/sites\/254\/2022\/08\/kevin-william-kossar.jpg\" alt=\"Kevin Willian Kossar\" width=\"96\" height=\"96\" data-src=\"https:\/\/www2.uepg.br\/culturaplural\/wp-content\/uploads\/sites\/254\/2022\/08\/kevin-william-kossar.jpg\" data-was-processed=\"true\" \/>\u00a0\u00a0 \u00a0 <strong>Kevin Willian Kossar<\/strong><\/p>\n<p>Jornalista, te\u00f3logo e colaborador do projeto de extens\u00e3o Cultura Plural. Edita a Caminhos de Di\u00e1logo &#8211; Revista Brasileira de Di\u00e1logo Ecum\u00eanico e Inter-religioso. Interessa-se por m\u00eddia e religi\u00e3o, folkcomunica\u00e7\u00e3o e temas da teologia (ecumenismo, di\u00e1logo inter-religioso e pluralismo religioso). Em um relacionamento s\u00e9rio com a teologia da liberta\u00e7\u00e3o.<\/p>\n<hr \/>\n<p><img loading=\"lazy\" class=\"avatar avatar-96 wp-user-avatar wp-user-avatar-96 alignnone photo lazy loaded\" src=\"https:\/\/www2.uepg.br\/culturaplural\/wp-content\/uploads\/sites\/254\/2022\/08\/marizandra-rutilli.jpg\" alt=\"Marizandra Rutilli\" width=\"96\" height=\"96\" data-src=\"https:\/\/www2.uepg.br\/culturaplural\/wp-content\/uploads\/sites\/254\/2022\/08\/marizandra-rutilli.jpg\" data-was-processed=\"true\" \/>\u00a0\u00a0 \u00a0 <strong>Marizandra Rutilli<\/strong><\/p>\n<p>Doutora em Comunica\u00e7\u00e3o pela Universidade Federal de Santa Maria. Professora colaboradora do Curso de Jornalismo da Universidade Estadual de Ponta Grossa e do Projeto Cultura Plural. Integrante do Leme &#8211; Laborat\u00f3rio de Estudos de M\u00eddia e Esporte da UERJ. Pesquisadora de r\u00e1dio ligada ao GP de R\u00e1dio e M\u00eddia Sonora da Intercom.<\/p>\n<hr \/>\n<p><img loading=\"lazy\" class=\"avatar avatar-96 wp-user-avatar wp-user-avatar-96 alignnone photo lazy loaded\" src=\"https:\/\/www2.uepg.br\/culturaplural\/wp-content\/uploads\/sites\/254\/2022\/08\/rafael-schoenherr.jpg\" alt=\"Rafael Schoenherr\" width=\"96\" height=\"96\" data-src=\"https:\/\/www2.uepg.br\/culturaplural\/wp-content\/uploads\/sites\/254\/2022\/08\/rafael-schoenherr.jpg\" data-was-processed=\"true\" \/>\u00a0\u00a0 \u00a0 <strong>Rafael Schoenherr<\/strong><\/p>\n<p>Jornalista e professor do Departamento de Jornalismo da Universidade Estadual de Ponta Grossa e do Mestrado em Jornalismo. Doutor em Geografia pela UEPG. Pesquisa Cultura e Espa\u00e7o P\u00fablico nas cidades, fotojornalismo, jornalismo cultural e l\u00f3gicas de produ\u00e7\u00e3o e consumo em Jornalismo. Desde 2010, coordena o coletivo (extensionista) de fot\u00f3grafos Lente Quente. Representa o setor de Cine, Foto e V\u00eddeo no Conselho Municipal de Pol\u00edtica Cultural de Ponta Grossa (PR). Tem experi\u00eancia na \u00e1rea de Jornalismo, com \u00eanfase em produ\u00e7\u00e3o cultural e estrat\u00e9gias editoriais, atuando principalmente nos seguintes temas: geografia da comunica\u00e7\u00e3o, jornalismo cultural, fotojornalismo, jornalismo impresso, pol\u00edticas culturais e o espa\u00e7o p\u00fablico. Diretor de acervo do Museu Campos Gerais.<\/p>\n<hr \/>\n<p><a href=\"https:\/\/www2.uepg.br\/culturaplural\/author\/sergio-gadini\/\"><img loading=\"lazy\" class=\"avatar avatar-96 wp-user-avatar wp-user-avatar-96 alignnone photo lazy loaded\" src=\"https:\/\/www2.uepg.br\/culturaplural\/wp-content\/uploads\/sites\/254\/2022\/08\/sergio-gadini.jpg\" alt=\"S\u00e9rgio Gadini\" width=\"96\" height=\"96\" data-src=\"https:\/\/www2.uepg.br\/culturaplural\/wp-content\/uploads\/sites\/254\/2022\/08\/sergio-gadini.jpg\" data-was-processed=\"true\" \/>\u00a0\u00a0 \u00a0 S\u00e9rgio Gadini<br \/>\n<\/a><br \/>\nJornalista e professor do curso de Jornalismo e do Programa de P\u00f3s-Gradua\u00e7\u00e3o (Mestrado) em Jornalismo da Universidade Estadual de Ponta Grossa (UEPG), desenvolve a\u00e7\u00f5es extensionistas e pesquisas sobre produ\u00e7\u00e3o jornal\u00edstica, com \u00eanfase no campo cultural e representa\u00e7\u00f5es de m\u00eddia e atores pol\u00edticos, al\u00e9m de trabalhar com cr\u00edtica editorial (tendo exercido a fun\u00e7\u00e3o de ombudsman em um di\u00e1rio regional nos Campos Gerais do Paran\u00e1, de 2007\/2008). O autor, que tamb\u00e9m participa de movimentos sociais, atualmente integra o grupo gestor da Associa\u00e7\u00e3o as Entidades Usu\u00e1rias do Canal Comunit\u00e1rio de Ponta Grossa (TVCOM PG). Coordena o projeto Ag\u00eancia de Jornalismo e integra equipe do projeto Cultura Plural.<\/p>\n<p>&nbsp;<\/p>\n<h3>Bolsistas:<\/h3>\n<hr \/>\n<p><a href=\"https:\/\/www2.uepg.br\/culturaplural\/author\/manuela-roque\/\"><img loading=\"lazy\" class=\"avatar avatar-96 wp-user-avatar wp-user-avatar-96 alignnone photo lazy loaded\" src=\"https:\/\/www2.uepg.br\/culturaplural\/wp-content\/uploads\/sites\/254\/2022\/08\/manuele-roque.jpeg\" alt=\"Manuela Roque\" width=\"96\" height=\"96\" data-src=\"https:\/\/www2.uepg.br\/culturaplural\/wp-content\/uploads\/sites\/254\/2022\/08\/manuele-roque.jpeg\" data-was-processed=\"true\" \/>\u00a0\u00a0 \u00a0 Manuela Roque<br \/>\n<\/a><br \/>\nEu sou Manuela Roque Ferreira, tenho 20 anos, sou aluna do 4\u00ba ano de Jornalismo da UEPG e fa\u00e7o parte da equipe de bolsistas e rep\u00f3rteres do Cultura Plural. Sou apaixonada por todas as \u00e1reas da cultura, e acredito que ela \u00e9 a respons\u00e1vel por fazer do nosso mundo um lugar melhor.<\/p>\n<hr \/>\n<p><a href=\"https:\/\/www2.uepg.br\/culturaplural\/author\/malu-pontaldi\/\"><img loading=\"lazy\" class=\"avatar avatar-96 wp-user-avatar wp-user-avatar-96 alignnone photo lazy loaded\" src=\"https:\/\/www2.uepg.br\/culturaplural\/wp-content\/uploads\/sites\/254\/2022\/08\/maria-luiza-pontaldi.jpg\" alt=\"Maria Luiza Pontaldi\" width=\"96\" height=\"96\" data-src=\"https:\/\/www2.uepg.br\/culturaplural\/wp-content\/uploads\/sites\/254\/2022\/08\/maria-luiza-pontaldi.jpg\" data-was-processed=\"true\" \/>\u00a0\u00a0 \u00a0 Maria Luiza Pontaldi<br \/>\n<\/a><br \/>\nOl\u00e1! Meu nome \u00e9 Maria Luiza Pontaldi, tenho 20 anos e sou estudante do 3\u00ba ano de Jornalismo na UEPG. Apaixonada por livros e pela arte de escrever, me encontrei no Cultura Plural pela diversidade de conte\u00fados e pela oportunidade de poder compartilhar a import\u00e2ncia da cultura para a sociedade.<\/p>\n<hr \/>\n<p><a href=\"https:\/\/www2.uepg.br\/culturaplural\/author\/matheus-g\/\"><img loading=\"lazy\" class=\"avatar avatar-96 wp-user-avatar wp-user-avatar-96 alignnone photo lazy loaded\" src=\"https:\/\/www2.uepg.br\/culturaplural\/wp-content\/uploads\/sites\/254\/2022\/08\/matheus-gaston.jpg\" alt=\"Matheus Gaston\" width=\"96\" height=\"96\" data-src=\"https:\/\/www2.uepg.br\/culturaplural\/wp-content\/uploads\/sites\/254\/2022\/08\/matheus-gaston.jpg\" data-was-processed=\"true\" \/>\u00a0\u00a0 \u00a0 Matheus Gaston<br \/>\n<\/a><br \/>\nOi! Meu nome \u00e9 Matheus, tenho 22 anos e sou acad\u00eamico do 4\u00b0 ano de Jornalismo na UEPG. Sou de Paranava\u00ed, no noroeste do Paran\u00e1. Participo do Cultura Plural desde a minha entrada no curso, em 2019. Apaixonado por fotografar o clima, principalmente tempestades. Nas horas vagas, escuto repetidamente minha \u00fanica playlist, com as m\u00fasicas mais aleat\u00f3rias poss\u00edveis.<\/p>\n<hr \/>\n<p><a href=\"https:\/\/www2.uepg.br\/culturaplural\/author\/yasmin-orlowski\/\"><img loading=\"lazy\" class=\"avatar avatar-96 wp-user-avatar wp-user-avatar-96 alignnone photo lazy loaded\" src=\"https:\/\/www2.uepg.br\/culturaplural\/wp-content\/uploads\/sites\/254\/2022\/08\/yasmin-orlowski.jpg\" alt=\"Yasmin Orlowski\" width=\"96\" height=\"96\" data-src=\"https:\/\/www2.uepg.br\/culturaplural\/wp-content\/uploads\/sites\/254\/2022\/08\/yasmin-orlowski.jpg\" data-was-processed=\"true\" \/>\u00a0\u00a0 \u00a0 Yasmin Orlowski<br \/>\n<\/a><br \/>\nEu sou Yasmin Orlowski, tenho 21 anos e sou acad\u00eamica do 4\u00ba ano de Jornalismo, totalmente apaixonada pela vida, pela arte, pelo cinema e pela m\u00fasica.<\/p>\n<p>&nbsp;<\/p>\n<h3>Rep\u00f3rteres:<\/h3>\n<hr \/>\n<p><a href=\"https:\/\/www2.uepg.br\/culturaplural\/author\/gabriel-aparecido\/\"><img loading=\"lazy\" class=\"avatar avatar-96 wp-user-avatar wp-user-avatar-96 alignnone photo lazy loaded\" src=\"https:\/\/www2.uepg.br\/culturaplural\/wp-content\/uploads\/sites\/254\/2022\/08\/gabriel-aparecido.jpg\" alt=\"Gabriel Aparecido\" width=\"96\" height=\"96\" data-src=\"https:\/\/www2.uepg.br\/culturaplural\/wp-content\/uploads\/sites\/254\/2022\/08\/gabriel-aparecido.jpg\" data-was-processed=\"true\" \/>\u00a0\u00a0 \u00a0 Gabriel Aparecido<br \/>\n<\/a><br \/>\nOl\u00e1! Sou Gabriel Aparecido, tenho 18 anos e curso o primeiro ano de Jornalismo na UEPG. Curitibano da gema, vivo \u00e0 base de m\u00fasica, \u00e1gua e sol; mas prometo que n\u00e3o sou (t\u00e3o) hippie. A cultura, em suas mais diversas express\u00f5es, \u00e9 o meu significado de liberdade.<\/p>\n<hr \/>\n<p><img loading=\"lazy\" class=\"avatar avatar-96 wp-user-avatar wp-user-avatar-96 alignnone photo lazy loaded\" src=\"https:\/\/www2.uepg.br\/culturaplural\/wp-content\/uploads\/sites\/254\/2022\/08\/iolando-lima.jpg\" alt=\"Iolanda Lima\" width=\"96\" height=\"96\" data-src=\"https:\/\/www2.uepg.br\/culturaplural\/wp-content\/uploads\/sites\/254\/2022\/08\/iolando-lima.jpg\" data-was-processed=\"true\" \/>\u00a0\u00a0 \u00a0 <strong>Iolanda Lima<\/strong><\/p>\n<p>Oi! Me chamo Iolanda Lima e estou no primeiro ano de jornalismo na UEPG. Sou de Tel\u00eamaco Borba e desde pequena me interesso pela arte e pela cultura paranaense. As representa\u00e7\u00f5es culturais e art\u00edsticas s\u00e3o, pra mim, o que mant\u00e9m a sociedade maquinando. Arte \u00e9 resist\u00eancia!<\/p>\n<hr \/>\n<p><a href=\"https:\/\/www2.uepg.br\/culturaplural\/author\/joyce-clara\/\"><img loading=\"lazy\" class=\"avatar avatar-96 wp-user-avatar wp-user-avatar-96 alignnone photo lazy loaded\" src=\"https:\/\/www2.uepg.br\/culturaplural\/wp-content\/uploads\/sites\/254\/2022\/08\/joyce-clara.jpg\" alt=\"Joyce Clara\" width=\"96\" height=\"96\" data-src=\"https:\/\/www2.uepg.br\/culturaplural\/wp-content\/uploads\/sites\/254\/2022\/08\/joyce-clara.jpg\" data-was-processed=\"true\" \/>\u00a0\u00a0 \u00a0 Joyce Clara<br \/>\n<\/a><br \/>\nOl\u00e1! Meu nome \u00e9 Joyce Clara, sou acad\u00eamica do 1\u00b0 ano de jornalismo e vivo em dois mundos: o real e o que a arte cria em mim. Entusiasta das diversas faces da cultura e de toda catarse que me envolve atrav\u00e9s dela.<\/p>\n<hr \/>\n<p><a href=\"https:\/\/www2.uepg.br\/culturaplural\/author\/lilian-magalhaes\/\"><img loading=\"lazy\" class=\"avatar avatar-96 wp-user-avatar wp-user-avatar-96 alignnone photo lazy loaded\" src=\"https:\/\/www2.uepg.br\/culturaplural\/wp-content\/uploads\/sites\/254\/2022\/08\/lilian-magalhaes.jpg\" alt=\"Lilian Magalh\u00e3es\" width=\"96\" height=\"96\" data-src=\"https:\/\/www2.uepg.br\/culturaplural\/wp-content\/uploads\/sites\/254\/2022\/08\/lilian-magalhaes.jpg\" data-was-processed=\"true\" \/>\u00a0\u00a0 \u00a0 Lilian Magalh\u00e3es<br \/>\n<\/a><br \/>\nMe chamo Lilian Ferreira Magalh\u00e3es, estou no terceiro ano de jornalismo na UEPG. Desde pequena estou no meio art\u00edstico pela dan\u00e7a e sou encantada por tudo que envolve esta arte, assim como o teatro, cinema e m\u00fasica. Me apaixonei pelo jornalismo ao ver algo t\u00e3o incr\u00edvel no ato de ouvir, interpretar e contar hist\u00f3rias.<\/p>\n<hr \/>\n<p><a href=\"https:\/\/www2.uepg.br\/culturaplural\/author\/manuela-roque\/\"><img loading=\"lazy\" class=\"avatar avatar-96 wp-user-avatar wp-user-avatar-96 alignnone photo lazy loaded\" src=\"https:\/\/www2.uepg.br\/culturaplural\/wp-content\/uploads\/sites\/254\/2022\/08\/manuele-roque.jpeg\" alt=\"Manuela Roque\" width=\"96\" height=\"96\" data-src=\"https:\/\/www2.uepg.br\/culturaplural\/wp-content\/uploads\/sites\/254\/2022\/08\/manuele-roque.jpeg\" data-was-processed=\"true\" \/>\u00a0\u00a0 \u00a0 Manuela Roque<br \/>\n<\/a><br \/>\nEu sou Manuela Roque Ferreira, tenho 20 anos, sou aluna do 4\u00ba ano de Jornalismo da UEPG e fa\u00e7o parte da equipe de bolsistas e rep\u00f3rteres do Cultura Plural. Sou apaixonada por todas as \u00e1reas da cultura, e acredito que ela \u00e9 a respons\u00e1vel por fazer do nosso mundo um lugar melhor.<\/p>\n<hr \/>\n<p><a href=\"https:\/\/www2.uepg.br\/culturaplural\/author\/maria-helena-denck-almeida\/\"><img loading=\"lazy\" class=\"avatar avatar-96 wp-user-avatar wp-user-avatar-96 alignnone photo lazy loaded\" src=\"https:\/\/www2.uepg.br\/culturaplural\/wp-content\/uploads\/sites\/254\/2022\/08\/maria-helena-denck.jpg\" alt=\"Maria Helena Denck\" width=\"96\" height=\"96\" data-src=\"https:\/\/www2.uepg.br\/culturaplural\/wp-content\/uploads\/sites\/254\/2022\/08\/maria-helena-denck.jpg\" data-was-processed=\"true\" \/>\u00a0\u00a0 \u00a0 Maria Helena Denck<br \/>\n<\/a><br \/>\nMeu nome \u00e9 Maria Helena Denck Almeida, estudante do terceiro ano de jornalismo na UEPG. Sempre tive um afeto muito grande pela cultura brasileira e pela arte. Encontrei meu amor pelo jornalismo a partir do momento em que percebi que poderia contar hist\u00f3rias e dar uma voz para as pessoas que nunca tiveram essa oportunidade.<\/p>\n<hr \/>\n<p><a href=\"https:\/\/www2.uepg.br\/culturaplural\/author\/malu-pontaldi\/\"><img loading=\"lazy\" class=\"avatar avatar-96 wp-user-avatar wp-user-avatar-96 alignnone photo lazy loaded\" src=\"https:\/\/www2.uepg.br\/culturaplural\/wp-content\/uploads\/sites\/254\/2022\/08\/maria-luiza-pontaldi.jpg\" alt=\"Maria Luiza Pontaldi\" width=\"96\" height=\"96\" data-src=\"https:\/\/www2.uepg.br\/culturaplural\/wp-content\/uploads\/sites\/254\/2022\/08\/maria-luiza-pontaldi.jpg\" data-was-processed=\"true\" \/>\u00a0\u00a0 \u00a0 Maria Luiza Pontaldi<br \/>\n<\/a><br \/>\nOl\u00e1! Meu nome \u00e9 Maria Luiza Pontaldi, tenho 20 anos e sou estudante do 3\u00ba ano de Jornalismo na UEPG. Apaixonada por livros e pela arte de escrever, me encontrei no Cultura Plural pela diversidade de conte\u00fados e pela oportunidade de poder compartilhar a import\u00e2ncia da cultura para a sociedade.<\/p>\n<hr \/>\n<p><a href=\"https:\/\/www2.uepg.br\/culturaplural\/author\/matheus-g\/\"><img loading=\"lazy\" class=\"avatar avatar-96 wp-user-avatar wp-user-avatar-96 alignnone photo lazy loaded\" src=\"https:\/\/www2.uepg.br\/culturaplural\/wp-content\/uploads\/sites\/254\/2022\/08\/matheus-gaston.jpg\" alt=\"Matheus Gaston\" width=\"96\" height=\"96\" data-src=\"https:\/\/www2.uepg.br\/culturaplural\/wp-content\/uploads\/sites\/254\/2022\/08\/matheus-gaston.jpg\" data-was-processed=\"true\" \/>\u00a0\u00a0 \u00a0 Matheus Gaston<br \/>\n<\/a><br \/>\nOi! Meu nome \u00e9 Matheus, tenho 22 anos e sou acad\u00eamico do 4\u00b0 ano de Jornalismo na UEPG. Sou de Paranava\u00ed, no noroeste do Paran\u00e1. Participo do Cultura Plural desde a minha entrada no curso, em 2019. Apaixonado por fotografar o clima, principalmente tempestades. Nas horas vagas, escuto repetidamente minha \u00fanica playlist, com as m\u00fasicas mais aleat\u00f3rias poss\u00edveis.<\/p>\n<hr \/>\n<p><a href=\"https:\/\/www2.uepg.br\/culturaplural\/author\/quiara-camargo\/\"><img loading=\"lazy\" class=\"avatar avatar-96 wp-user-avatar wp-user-avatar-96 alignnone photo lazy loaded\" src=\"https:\/\/www2.uepg.br\/culturaplural\/wp-content\/uploads\/sites\/254\/2022\/08\/quiara-camargo.png\" alt=\"Quiara Camargo\" width=\"96\" height=\"96\" data-src=\"https:\/\/www2.uepg.br\/culturaplural\/wp-content\/uploads\/sites\/254\/2022\/08\/quiara-camargo.png\" data-was-processed=\"true\" \/>\u00a0\u00a0 \u00a0 Quiara Camargo<br \/>\n<\/a><br \/>\nMeu nome \u00e9 Quiara Camargo, sou estudante do primeiro ano de jornalismo UEPG. Tamb\u00e9m sou poeta e slammer. Eu vejo a arte como um agente de revolu\u00e7\u00e3o que tanto permite imaginar novos mundos poss\u00edveis como construi-los! Assim como jornalismo, a arte \u00e9 um espa\u00e7o de di\u00e1logo aberto, entre quem produz e quem consome. O jornalismo cultural me encanta por poder unir as duas coisas.<\/p>\n<hr \/>\n<p><a href=\"https:\/\/www2.uepg.br\/culturaplural\/author\/yasmin-orlowski\/\"><img loading=\"lazy\" class=\"avatar avatar-96 wp-user-avatar wp-user-avatar-96 alignnone photo lazy loaded\" src=\"https:\/\/www2.uepg.br\/culturaplural\/wp-content\/uploads\/sites\/254\/2022\/08\/yasmin-orlowski.jpg\" alt=\"Yasmin Orlowski\" width=\"96\" height=\"96\" data-src=\"https:\/\/www2.uepg.br\/culturaplural\/wp-content\/uploads\/sites\/254\/2022\/08\/yasmin-orlowski.jpg\" data-was-processed=\"true\" \/>\u00a0\u00a0 \u00a0 Yasmin Orlowski<br \/>\n<\/a><br \/>\nEu sou Yasmin Orlowski, tenho 21 anos e sou acad\u00eamica do 4\u00ba ano de Jornalismo, totalmente apaixonada pela vida, pela arte, pelo cinema e pela m\u00fasica.<\/p>\n<hr \/>\n<p><a href=\"https:\/\/www2.uepg.br\/culturaplural\/author\/yuri-a-f-marcinik\/\"><img loading=\"lazy\" class=\"avatar avatar-96 wp-user-avatar wp-user-avatar-96 alignnone photo lazy loaded\" src=\"https:\/\/www2.uepg.br\/culturaplural\/wp-content\/uploads\/sites\/254\/2022\/08\/yuri-a-f-marcinik.jpeg\" alt=\"Yuri A.F. Marcinik\" width=\"96\" height=\"96\" data-src=\"https:\/\/www2.uepg.br\/culturaplural\/wp-content\/uploads\/sites\/254\/2022\/08\/yuri-a-f-marcinik.jpeg\" data-was-processed=\"true\" \/>\u00a0\u00a0 \u00a0 Yuri A.F. Marcinik<br \/>\n<\/a><br \/>\nYuri A.F. Marcinik, 22 anos, aluno do 4\u00ba ano do curso de Bacharelado em Jornalismo. Amante da m\u00fasica, da pintura e principalmente do cinema, vejo na escrita sobre a cultura uma celebra\u00e7\u00e3o de tra\u00e7os genuinamente humanos em toda sua mis\u00e9ria e esplendor.<br \/>\n<span><br \/>\n<spam><\/p>\n","protected":false},"excerpt":{"rendered":"<p>Equipe &nbsp; Coordenadores: \u00a0\u00a0\u00a0 \u00a0 Ivan Bomfim Jornalista, professor do departamento de Jornalismo e do Mestrado em Jornalismo da UEPG. Coordenador dos projetos de extens\u00e3o Cultura Plural e N\u00facleo de Apoio \u00e0 Hiperm\u00eddia (NAPHI) e do Grupo de Estudos e Pesquisas em M\u00eddias Digitais (GEMIDI). Transita entre tem\u00e1ticas como identidade cultural, jornalismo e m\u00eddias digitais,&nbsp;&hellip;<\/p>\n","protected":false},"author":483,"featured_media":0,"parent":0,"menu_order":0,"comment_status":"closed","ping_status":"closed","template":"page-templates\/homepage.php","meta":[],"_links":{"self":[{"href":"https:\/\/www2.uepg.br\/culturaplural\/wp-json\/wp\/v2\/pages\/125"}],"collection":[{"href":"https:\/\/www2.uepg.br\/culturaplural\/wp-json\/wp\/v2\/pages"}],"about":[{"href":"https:\/\/www2.uepg.br\/culturaplural\/wp-json\/wp\/v2\/types\/page"}],"author":[{"embeddable":true,"href":"https:\/\/www2.uepg.br\/culturaplural\/wp-json\/wp\/v2\/users\/483"}],"replies":[{"embeddable":true,"href":"https:\/\/www2.uepg.br\/culturaplural\/wp-json\/wp\/v2\/comments?post=125"}],"version-history":[{"count":18,"href":"https:\/\/www2.uepg.br\/culturaplural\/wp-json\/wp\/v2\/pages\/125\/revisions"}],"predecessor-version":[{"id":144,"href":"https:\/\/www2.uepg.br\/culturaplural\/wp-json\/wp\/v2\/pages\/125\/revisions\/144"}],"wp:attachment":[{"href":"https:\/\/www2.uepg.br\/culturaplural\/wp-json\/wp\/v2\/media?parent=125"}],"curies":[{"name":"wp","href":"https:\/\/api.w.org\/{rel}","templated":true}]}}