{"id":144,"date":"2022-04-26T15:04:00","date_gmt":"2022-04-26T18:04:00","guid":{"rendered":"https:\/\/www2.uepg.br\/dea\/?page_id=144"},"modified":"2022-04-26T15:56:15","modified_gmt":"2022-04-26T18:56:15","slug":"historico","status":"publish","type":"page","link":"https:\/\/www2.uepg.br\/dea\/historico\/","title":{"rendered":"Hist\u00f3rico"},"content":{"rendered":"<p>O Departamento de Engenharia de Alimentos (DEA) foi criado pela Resolu\u00e7\u00e3o UNIV 36 de 17 de dezembro de 2002 e o Curso de Gradua\u00e7\u00e3o em Engenharia de Alimentos foi reconhecido pelo decreto 6642, publicado no Di\u00e1rio Oficial do Estado do Paran\u00e1 em 29 de novembro de 2002.<\/p>\n","protected":false},"excerpt":{"rendered":"<p>O Departamento de Engenharia de Alimentos (DEA) foi criado pela Resolu\u00e7\u00e3o UNIV 36 de 17 de dezembro de 2002 e o Curso de Gradua\u00e7\u00e3o em Engenharia de Alimentos foi reconhecido pelo decreto 6642, publicado no Di\u00e1rio Oficial do Estado do Paran\u00e1 em 29 de novembro de 2002.<\/p>\n","protected":false},"author":378,"featured_media":0,"parent":0,"menu_order":0,"comment_status":"closed","ping_status":"closed","template":"","meta":[],"_links":{"self":[{"href":"https:\/\/www2.uepg.br\/dea\/wp-json\/wp\/v2\/pages\/144"}],"collection":[{"href":"https:\/\/www2.uepg.br\/dea\/wp-json\/wp\/v2\/pages"}],"about":[{"href":"https:\/\/www2.uepg.br\/dea\/wp-json\/wp\/v2\/types\/page"}],"author":[{"embeddable":true,"href":"https:\/\/www2.uepg.br\/dea\/wp-json\/wp\/v2\/users\/378"}],"replies":[{"embeddable":true,"href":"https:\/\/www2.uepg.br\/dea\/wp-json\/wp\/v2\/comments?post=144"}],"version-history":[{"count":4,"href":"https:\/\/www2.uepg.br\/dea\/wp-json\/wp\/v2\/pages\/144\/revisions"}],"predecessor-version":[{"id":187,"href":"https:\/\/www2.uepg.br\/dea\/wp-json\/wp\/v2\/pages\/144\/revisions\/187"}],"wp:attachment":[{"href":"https:\/\/www2.uepg.br\/dea\/wp-json\/wp\/v2\/media?parent=144"}],"curies":[{"name":"wp","href":"https:\/\/api.w.org\/{rel}","templated":true}]}}