{"id":145,"date":"2022-04-26T15:04:01","date_gmt":"2022-04-26T18:04:01","guid":{"rendered":"https:\/\/www2.uepg.br\/dea\/?page_id=145"},"modified":"2022-04-26T15:58:02","modified_gmt":"2022-04-26T18:58:02","slug":"estrutura","status":"publish","type":"page","link":"https:\/\/www2.uepg.br\/dea\/estrutura\/","title":{"rendered":"Estrutura"},"content":{"rendered":"<p style=\"text-align: center;\" align=\"center\"><strong><span style=\"font-size: small;\">ESTRUTURA ADMINISTRATIVA<\/span><\/strong><\/p>\n<p style=\"text-align: center;\" align=\"center\">Chefe do Departamento<br \/>\nProf. Dr. Luiz Gustavo Lacerda<br \/>\nluizgustavo75@gmail.com<br \/>\n<a href=\"mailto:lglacerda@uepg.br\">lglacerda@uepg.br<\/a><\/p>\n<p style=\"text-align: center;\">Chefe Adjunto<br \/>\nProfa. Dra. Renata Dinnies Santos Salem<br \/>\n<a href=\"mailto:renatadinnies@gmail.com\">renatadinnies@gmail.com<\/a><br \/>\n<a href=\"mailto:rdsantos@uepg.br\">rdsantos@uepg.br<\/a><\/p>\n<p style=\"text-align: center;\">Coordenador do Curso de Engenharia de Alimentos<br \/>\nProf. Dr. Marco Aur\u00e9lio Praxedes<br \/>\n<a href=\"mailto:profpraxedes@hotmail.com\" target=\"_blank\" rel=\"noopener\">profpraxedes@hotmail.com<br \/>\n<\/a><br \/>\nVice-Coordenadora<br \/>\nProfa. Dra. Deise Rosana Silva Sim\u00f5es<br \/>\n<a href=\"mailto:deise.rsimoes@gmail.com\">deise.rsimoes@gmail.com<br \/>\n<\/a><\/p>\n<p style=\"text-align: center;\">Coordenador do Programa de P\u00f3s-Gradua\u00e7\u00e3o\u00a0\u00a0Strictu Sensu\u00a0\u00a0em Ci\u00eancia e Tecnologia de<br \/>\nAlimentos<br \/>\nProf. Dr. Alessandro Nogueira<br \/>\n<a href=\"mailto:alessandronog@yahoo.com.br\">alessandronog@yahoo.com.br<\/a><\/p>\n<p style=\"text-align: center;\">Vice-Coordenador<br \/>\nProfa. Dra. Aline Alberti<br \/>\n<a href=\"mailto:%20alinealberti@gmail.com\">alinealberti@gmail.com<\/a><\/p>\n","protected":false},"excerpt":{"rendered":"<p>ESTRUTURA ADMINISTRATIVA Chefe do Departamento Prof. Dr. Luiz Gustavo Lacerda luizgustavo75@gmail.com lglacerda@uepg.br Chefe Adjunto Profa. Dra. Renata Dinnies Santos Salem renatadinnies@gmail.com rdsantos@uepg.br Coordenador do Curso de Engenharia de Alimentos Prof. Dr. Marco Aur\u00e9lio Praxedes profpraxedes@hotmail.com Vice-Coordenadora Profa. Dra. Deise Rosana Silva Sim\u00f5es deise.rsimoes@gmail.com Coordenador do Programa de P\u00f3s-Gradua\u00e7\u00e3o\u00a0\u00a0Strictu Sensu\u00a0\u00a0em Ci\u00eancia e Tecnologia de Alimentos Prof.&nbsp;&hellip;<\/p>\n","protected":false},"author":378,"featured_media":0,"parent":0,"menu_order":0,"comment_status":"closed","ping_status":"closed","template":"","meta":[],"_links":{"self":[{"href":"https:\/\/www2.uepg.br\/dea\/wp-json\/wp\/v2\/pages\/145"}],"collection":[{"href":"https:\/\/www2.uepg.br\/dea\/wp-json\/wp\/v2\/pages"}],"about":[{"href":"https:\/\/www2.uepg.br\/dea\/wp-json\/wp\/v2\/types\/page"}],"author":[{"embeddable":true,"href":"https:\/\/www2.uepg.br\/dea\/wp-json\/wp\/v2\/users\/378"}],"replies":[{"embeddable":true,"href":"https:\/\/www2.uepg.br\/dea\/wp-json\/wp\/v2\/comments?post=145"}],"version-history":[{"count":3,"href":"https:\/\/www2.uepg.br\/dea\/wp-json\/wp\/v2\/pages\/145\/revisions"}],"predecessor-version":[{"id":189,"href":"https:\/\/www2.uepg.br\/dea\/wp-json\/wp\/v2\/pages\/145\/revisions\/189"}],"wp:attachment":[{"href":"https:\/\/www2.uepg.br\/dea\/wp-json\/wp\/v2\/media?parent=145"}],"curies":[{"name":"wp","href":"https:\/\/api.w.org\/{rel}","templated":true}]}}