{"id":147,"date":"2022-04-26T15:04:01","date_gmt":"2022-04-26T18:04:01","guid":{"rendered":"https:\/\/www2.uepg.br\/dea\/?page_id=147"},"modified":"2023-10-30T15:52:10","modified_gmt":"2023-10-30T18:52:10","slug":"professores","status":"publish","type":"page","link":"https:\/\/www2.uepg.br\/dea\/professores\/","title":{"rendered":"Professores"},"content":{"rendered":"<table border=\"0\" width=\"100%\" cellspacing=\"0\" cellpadding=\"0\">\n<tbody>\n<tr>\n<td align=\"center\">Alessandro Nogueira<\/td>\n<\/tr>\n<tr>\n<td align=\"center\">Chefe do Departamento de Engenharia de Alimentos<\/td>\n<\/tr>\n<\/tbody>\n<\/table>\n<p>&nbsp;<\/p>\n<table border=\"0\" width=\"100%\" cellspacing=\"0\" cellpadding=\"0\">\n<tbody>\n<tr>\n<td align=\"center\">Marina Tolentino Marinho<\/td>\n<\/tr>\n<tr>\n<td align=\"center\">Chefe Adjunto<\/td>\n<\/tr>\n<\/tbody>\n<\/table>\n<p>&nbsp;<\/p>\n<table border=\"0\" width=\"100%\" cellspacing=\"0\" cellpadding=\"0\">\n<tbody>\n<tr>\n<td align=\"center\">Endere\u00e7o: Av. Carlos Cavalcanti, 4748 &#8211; Uvaranas &#8211; Ponta Grossa &#8211; PR &#8211; CEP: 84.030-900<\/td>\n<\/tr>\n<tr>\n<td align=\"center\">Telefone: (42) 3220-3768<\/td>\n<\/tr>\n<tr>\n<td align=\"center\">Site Oficial:\u00a0<a href=\"http:\/\/pitangui.uepg.br\/departamentos\/dealim\/\" target=\"_blank\" rel=\"noopener\">http:\/\/pitangui.uepg.br\/departamentos\/dealim\/<\/a><\/td>\n<\/tr>\n<tr>\n<td align=\"center\">E-Mail:\u00a0<a href=\"mailto:labalim@uepg.br\" target=\"_blank\" rel=\"noopener\">labalim@uepg.br<\/a><\/td>\n<\/tr>\n<tr>\n<td align=\"center\">Hor\u00e1rio de Atendimento: 8:00 \u00e0s 12:00 &#8211; 13:00 \u00e0s 17:00<\/td>\n<\/tr>\n<\/tbody>\n<\/table>\n<p>&nbsp;<\/p>\n<table border=\"0\" width=\"100%\" cellspacing=\"0\" cellpadding=\"0\">\n<tbody>\n<tr>\n<td align=\"center\">Servidores Lotados<\/td>\n<\/tr>\n<\/tbody>\n<\/table>\n<p>&nbsp;<\/p>\n<table border=\"0\" width=\"100%\" cellspacing=\"0\" cellpadding=\"0\">\n<tbody>\n<tr>\n<td align=\"center\" width=\"35%\">Nome<\/td>\n<td align=\"center\" width=\"35%\">Cargo<\/td>\n<td align=\"center\" width=\"15%\">Titula\u00e7\u00e3o<\/td>\n<td align=\"center\" width=\"15%\">Carga Hor\u00e1ria<\/td>\n<\/tr>\n<\/tbody>\n<\/table>\n<table width=\"100%\">\n<tbody>\n<tr>\n<td width=\"35%\">Alessandro Nogueira<\/td>\n<td width=\"35%\">Professor de Ensino Superior &#8211; Carreira<\/td>\n<td width=\"15%\">Doutorado<\/td>\n<td width=\"15%\">Dedica\u00e7\u00e3o Excl.<\/td>\n<\/tr>\n<tr>\n<td width=\"35%\">Aline Alberti<\/td>\n<td width=\"35%\">Professor de Ensino Superior &#8211; Carreira<\/td>\n<td width=\"15%\">Doutorado<\/td>\n<td width=\"15%\">Dedica\u00e7\u00e3o Excl.<\/td>\n<\/tr>\n<tr>\n<td width=\"35%\">Ana Claudia Barana<\/td>\n<td width=\"35%\">Professor de Ensino Superior &#8211; Carreira<\/td>\n<td width=\"15%\">Doutorado<\/td>\n<td width=\"15%\">Dedica\u00e7\u00e3o Excl.<\/td>\n<\/tr>\n<tr>\n<td width=\"35%\">Deise Rosana Silva Sim\u00f5es<\/td>\n<td width=\"35%\">Professor de Ensino Superior &#8211; Carreira<\/td>\n<td width=\"15%\">Doutorado<\/td>\n<td width=\"15%\">Dedica\u00e7\u00e3o Excl.<\/td>\n<\/tr>\n<tr>\n<td width=\"35%\">Eliane Dalva Godoy<\/td>\n<td width=\"35%\">Professor de Ensino Superior &#8211; Carreira<\/td>\n<td width=\"15%\">Doutorado<\/td>\n<td width=\"15%\">Dedica\u00e7\u00e3o Excl.<\/td>\n<\/tr>\n<tr>\n<td width=\"35%\">Jos\u00e9 Pedro Wojeicchowski<\/td>\n<td width=\"35%\">Professor de Ensino Superior \u2013 Colaborador<\/td>\n<td width=\"15%\">Doutorado<\/td>\n<td width=\"15%\">20 horas<\/td>\n<\/tr>\n<tr>\n<td width=\"35%\">Guilherme de Almeida Souza Tedrus<\/td>\n<td width=\"35%\">Professor de Ensino Superior &#8211; Carreira<\/td>\n<td width=\"15%\">Doutorado<\/td>\n<td width=\"15%\">Dedica\u00e7\u00e3o Excl.<\/td>\n<\/tr>\n<tr>\n<td width=\"35%\">Ivo Mottin Demiate<\/td>\n<td width=\"35%\">Professor de Ensino Superior &#8211; Carreira<\/td>\n<td width=\"15%\">Doutorado<\/td>\n<td width=\"15%\">Dedica\u00e7\u00e3o Excl.<\/td>\n<\/tr>\n<tr>\n<td width=\"35%\">Lizandra Kamradt Savi<\/td>\n<td width=\"35%\">Professor de Ensino Superior \u2013 Colaboradora<\/td>\n<td width=\"15%\">Doutorado<\/td>\n<td width=\"15%\">20 horas<\/td>\n<\/tr>\n<tr>\n<td width=\"35%\">Lara Tschopoko Pedroso Pereira<\/td>\n<td width=\"35%\">Professor de Ensino Superior \u2013 Carreira<\/td>\n<td width=\"15%\">Doutorado<\/td>\n<td width=\"15%\">Dedica\u00e7\u00e3o Excl.<\/td>\n<\/tr>\n<tr>\n<td width=\"35%\">Luiz Gustavo Lacerda<\/td>\n<td width=\"35%\">Professor de Ensino Superior \u2013 Carreira<\/td>\n<td width=\"15%\">Doutorado<\/td>\n<td width=\"15%\">Dedica\u00e7\u00e3o Excl.<\/td>\n<\/tr>\n<tr>\n<td width=\"35%\">Marco Aur\u00e9lio Praxedes<\/td>\n<td width=\"35%\">Professor de Ensino Superior \u2013 Carreira<\/td>\n<td width=\"15%\">Doutorado<\/td>\n<td width=\"15%\">Dedica\u00e7\u00e3o Excl.<\/td>\n<\/tr>\n<tr>\n<td width=\"35%\">Mareci Mendes de Almeida<\/td>\n<td width=\"35%\">Professor de Ensino Superior \u2013 Carreira<\/td>\n<td width=\"15%\">Doutorado<\/td>\n<td width=\"15%\">Dedica\u00e7\u00e3o Excl.<\/td>\n<\/tr>\n<tr>\n<td width=\"35%\">Marina Tolentino Marinho<\/td>\n<td width=\"35%\">Professor de Ensino Superior \u2013 Carreira<\/td>\n<td width=\"15%\">Doutorado<\/td>\n<td width=\"15%\">Dedica\u00e7\u00e3o Excl.<\/td>\n<\/tr>\n<tr>\n<td width=\"35%\">Nelci Catarina Chiquetto<\/td>\n<td width=\"35%\">Professor de Ensino Superior \u2013 Carreira<\/td>\n<td width=\"15%\">Doutorado<\/td>\n<td width=\"15%\">Dedica\u00e7\u00e3o Excl.<\/td>\n<\/tr>\n<tr>\n<td width=\"35%\">Radla Zabian Bassetto Bisinella<\/td>\n<td width=\"35%\">Professor de Ensino Superior \u2013 Colaboradora<\/td>\n<td width=\"15%\">Doutorada<\/td>\n<td width=\"15%\">20 horas<\/td>\n<\/tr>\n<tr>\n<td width=\"35%\">Renata Dinnies Santos Salem<\/td>\n<td width=\"35%\">Professor de Ensino Superior \u2013 Carreira<\/td>\n<td width=\"15%\">Doutorado<\/td>\n<td width=\"15%\">Dedica\u00e7\u00e3o Excl.<\/td>\n<\/tr>\n<\/tbody>\n<\/table>\n<p>17 Professores<\/p>\n","protected":false},"excerpt":{"rendered":"<p>Alessandro Nogueira Chefe do Departamento de Engenharia de Alimentos &nbsp; Marina Tolentino Marinho Chefe Adjunto &nbsp; Endere\u00e7o: Av. Carlos Cavalcanti, 4748 &#8211; Uvaranas &#8211; Ponta Grossa &#8211; PR &#8211; CEP: 84.030-900 Telefone: (42) 3220-3768 Site Oficial:\u00a0http:\/\/pitangui.uepg.br\/departamentos\/dealim\/ E-Mail:\u00a0labalim@uepg.br Hor\u00e1rio de Atendimento: 8:00 \u00e0s 12:00 &#8211; 13:00 \u00e0s 17:00 &nbsp; Servidores Lotados &nbsp; Nome Cargo Titula\u00e7\u00e3o Carga&nbsp;&hellip;<\/p>\n","protected":false},"author":378,"featured_media":0,"parent":0,"menu_order":0,"comment_status":"closed","ping_status":"closed","template":"","meta":[],"_links":{"self":[{"href":"https:\/\/www2.uepg.br\/dea\/wp-json\/wp\/v2\/pages\/147"}],"collection":[{"href":"https:\/\/www2.uepg.br\/dea\/wp-json\/wp\/v2\/pages"}],"about":[{"href":"https:\/\/www2.uepg.br\/dea\/wp-json\/wp\/v2\/types\/page"}],"author":[{"embeddable":true,"href":"https:\/\/www2.uepg.br\/dea\/wp-json\/wp\/v2\/users\/378"}],"replies":[{"embeddable":true,"href":"https:\/\/www2.uepg.br\/dea\/wp-json\/wp\/v2\/comments?post=147"}],"version-history":[{"count":5,"href":"https:\/\/www2.uepg.br\/dea\/wp-json\/wp\/v2\/pages\/147\/revisions"}],"predecessor-version":[{"id":232,"href":"https:\/\/www2.uepg.br\/dea\/wp-json\/wp\/v2\/pages\/147\/revisions\/232"}],"wp:attachment":[{"href":"https:\/\/www2.uepg.br\/dea\/wp-json\/wp\/v2\/media?parent=147"}],"curies":[{"name":"wp","href":"https:\/\/api.w.org\/{rel}","templated":true}]}}