{"id":148,"date":"2022-04-26T15:04:01","date_gmt":"2022-04-26T18:04:01","guid":{"rendered":"https:\/\/www2.uepg.br\/dea\/?page_id=148"},"modified":"2022-04-26T16:15:29","modified_gmt":"2022-04-26T19:15:29","slug":"onde-atua","status":"publish","type":"page","link":"https:\/\/www2.uepg.br\/dea\/onde-atua\/","title":{"rendered":"Onde Atua"},"content":{"rendered":"<div align=\"justify\">\n<blockquote>\n<p align=\"left\">O Departamento de Engenharia de Alimentos atua com seus docentes junto aos Cursos de:<\/p>\n<\/blockquote>\n<p align=\"center\"><strong><span style=\"font-size: small;\">GRADUA\u00c7\u00c3O<\/span><\/strong><\/p>\n<\/div>\n<div align=\"justify\">\n<ul>\n<li><a href=\"https:\/\/www.uepg.br\/colegiados\/colagro\/home.html\" target=\"_blank\" rel=\"noopener\">Agronomia<\/a><\/li>\n<\/ul>\n<\/div>\n<div align=\"justify\">\n<ul>\n<li><a href=\"http:\/\/www.uepg.br\/Catalogo\/setor2\/engenhariadealimentos.pdf\" target=\"_blank\" rel=\"noopener\">Engenharia de Alimentos<\/a><\/li>\n<\/ul>\n<\/div>\n<div align=\"justify\">\n<ul>\n<li><a href=\"https:\/\/www2.uepg.br\/sebisa\/defar\/\" target=\"_blank\" rel=\"noopener\">Farm\u00e1cia<\/a><\/li>\n<\/ul>\n<\/div>\n<div align=\"justify\">\n<ul>\n<li><a href=\"https:\/\/www2.uepg.br\/portaldaslicenciaturas\/ciencias-biologicas\/\" target=\"_blank\" rel=\"noopener\">Licenciatura em Ci\u00eancias Biol\u00f3gicas<\/a><\/li>\n<\/ul>\n<\/div>\n<div align=\"justify\">\n<ul>\n<li><a href=\"https:\/\/www2.uepg.br\/zootecnia\/\" target=\"_blank\" rel=\"noopener\">Zootecnia<\/a><\/li>\n<\/ul>\n<\/div>\n<div align=\"justify\">\n<div align=\"justify\"><\/div>\n<\/div>\n<p align=\"left\">Obs: Clique sobre os cursos para obter informa\u00e7\u00f5es referentes a grade curricular, \u00e1reas de atua\u00e7\u00e3o, entre outras informa\u00e7\u00f5es.<\/p>\n","protected":false},"excerpt":{"rendered":"<p>O Departamento de Engenharia de Alimentos atua com seus docentes junto aos Cursos de: GRADUA\u00c7\u00c3O Agronomia Engenharia de Alimentos Farm\u00e1cia Licenciatura em Ci\u00eancias Biol\u00f3gicas Zootecnia Obs: Clique sobre os cursos para obter informa\u00e7\u00f5es referentes a grade curricular, \u00e1reas de atua\u00e7\u00e3o, entre outras informa\u00e7\u00f5es.<\/p>\n","protected":false},"author":378,"featured_media":0,"parent":0,"menu_order":0,"comment_status":"closed","ping_status":"closed","template":"","meta":[],"_links":{"self":[{"href":"https:\/\/www2.uepg.br\/dea\/wp-json\/wp\/v2\/pages\/148"}],"collection":[{"href":"https:\/\/www2.uepg.br\/dea\/wp-json\/wp\/v2\/pages"}],"about":[{"href":"https:\/\/www2.uepg.br\/dea\/wp-json\/wp\/v2\/types\/page"}],"author":[{"embeddable":true,"href":"https:\/\/www2.uepg.br\/dea\/wp-json\/wp\/v2\/users\/378"}],"replies":[{"embeddable":true,"href":"https:\/\/www2.uepg.br\/dea\/wp-json\/wp\/v2\/comments?post=148"}],"version-history":[{"count":4,"href":"https:\/\/www2.uepg.br\/dea\/wp-json\/wp\/v2\/pages\/148\/revisions"}],"predecessor-version":[{"id":196,"href":"https:\/\/www2.uepg.br\/dea\/wp-json\/wp\/v2\/pages\/148\/revisions\/196"}],"wp:attachment":[{"href":"https:\/\/www2.uepg.br\/dea\/wp-json\/wp\/v2\/media?parent=148"}],"curies":[{"name":"wp","href":"https:\/\/api.w.org\/{rel}","templated":true}]}}