{"id":149,"date":"2022-04-26T15:04:01","date_gmt":"2022-04-26T18:04:01","guid":{"rendered":"https:\/\/www2.uepg.br\/dea\/?page_id=149"},"modified":"2022-04-26T16:18:43","modified_gmt":"2022-04-26T19:18:43","slug":"eventos","status":"publish","type":"page","link":"https:\/\/www2.uepg.br\/dea\/eventos\/","title":{"rendered":"Eventos"},"content":{"rendered":"<p>Desde 1999 os alunos do Curso de Engenharia de Alimentos da UEPG promovem, anualmente, a Semana de Engenharia de Alimentos \u2013 SEMEA.<br \/>\nEste evento tem por objetivo possibilitar aos acad\u00eamicos a conviv\u00eancia com profissionais da \u00e1rea, a troca de experi\u00eancias e a intera\u00e7\u00e3o entre os alunos das diferentes s\u00e9ries e de outras universidades.<br \/>\nNo ano de 2016 ser\u00e1 realizada a XVII SEMEA, nos dias 29\/08 a 02\/09. Maiores informa\u00e7\u00f5es podem ser obtidas no site:<a href=\"http:\/\/sites.uepg.br\/semea\/\" target=\"_blank\" rel=\"noopener\">\u00a0http:\/\/sites.uepg.br\/semea\/<\/a><\/p>\n","protected":false},"excerpt":{"rendered":"<p>Desde 1999 os alunos do Curso de Engenharia de Alimentos da UEPG promovem, anualmente, a Semana de Engenharia de Alimentos \u2013 SEMEA. Este evento tem por objetivo possibilitar aos acad\u00eamicos a conviv\u00eancia com profissionais da \u00e1rea, a troca de experi\u00eancias e a intera\u00e7\u00e3o entre os alunos das diferentes s\u00e9ries e de outras universidades. No ano&nbsp;&hellip;<\/p>\n","protected":false},"author":378,"featured_media":0,"parent":0,"menu_order":0,"comment_status":"closed","ping_status":"closed","template":"","meta":[],"_links":{"self":[{"href":"https:\/\/www2.uepg.br\/dea\/wp-json\/wp\/v2\/pages\/149"}],"collection":[{"href":"https:\/\/www2.uepg.br\/dea\/wp-json\/wp\/v2\/pages"}],"about":[{"href":"https:\/\/www2.uepg.br\/dea\/wp-json\/wp\/v2\/types\/page"}],"author":[{"embeddable":true,"href":"https:\/\/www2.uepg.br\/dea\/wp-json\/wp\/v2\/users\/378"}],"replies":[{"embeddable":true,"href":"https:\/\/www2.uepg.br\/dea\/wp-json\/wp\/v2\/comments?post=149"}],"version-history":[{"count":2,"href":"https:\/\/www2.uepg.br\/dea\/wp-json\/wp\/v2\/pages\/149\/revisions"}],"predecessor-version":[{"id":197,"href":"https:\/\/www2.uepg.br\/dea\/wp-json\/wp\/v2\/pages\/149\/revisions\/197"}],"wp:attachment":[{"href":"https:\/\/www2.uepg.br\/dea\/wp-json\/wp\/v2\/media?parent=149"}],"curies":[{"name":"wp","href":"https:\/\/api.w.org\/{rel}","templated":true}]}}