{"id":150,"date":"2022-04-26T15:04:01","date_gmt":"2022-04-26T18:04:01","guid":{"rendered":"https:\/\/www2.uepg.br\/dea\/?page_id=150"},"modified":"2022-04-26T16:20:07","modified_gmt":"2022-04-26T19:20:07","slug":"pesquisa","status":"publish","type":"page","link":"https:\/\/www2.uepg.br\/dea\/pesquisa\/","title":{"rendered":"Pesquisa"},"content":{"rendered":"<p>Os trabalhos de pesquisa sempre foram uma constante entre os professores do Departamento de Engenharia de Alimentos da UEPG. S\u00e3o v\u00e1rios os temas trabalhados, desde a caracteriza\u00e7\u00e3o e modifica\u00e7\u00e3o de mat\u00e9rias primas, passando pelo desenvolvimento de produtos e processos tecnol\u00f3gicos, at\u00e9 o aproveitamento de subprodutos e tratamento de res\u00edduos.<br \/>\nApresenta-se na sequ\u00eancia as linhas de pesquisa desenvolvidas por nossos professores:<\/p>\n<p>&nbsp;<\/p>\n<blockquote><p>&#8211;\u00a0<a href=\"http:\/\/lattes.cnpq.br\/4765044162346741\" target=\"_blank\" rel=\"noopener\">Prof. Dr. Alessandro Nogueira<\/a><br \/>\nNa linha de pesquisa Bioprocessos e Alimentos Fermentados e no Grupo de Trabalho sobre a ma\u00e7\u00e3 estuda os seguintes temas: aptid\u00e3o de cultivares de ma\u00e7\u00e3s para processamento; desenvolvimento de novos produtos; bebidas n\u00e3o-alco\u00f3licas; bebidas alco\u00f3licas; tecnologia de fermenta\u00e7\u00f5es; microbiologia industrial; bioaromas; compostos bioativos; processamento, matura\u00e7\u00e3o e qualidade de queijos convencionais e maturados. O professor \u00e9 bolsista em Desenvolvimento Tecnol\u00f3gico e Extens\u00e3o Inovadora (DT-II\/CNPq) e atua como docente permanente no Programa de P\u00f3s-Gradua\u00e7\u00e3o em Ci\u00eancia e Tecnologia de Alimentos da UEPG orientando alunos de Mestrado e de Doutorado.<\/p>\n<p>&#8211;\u00a0<a href=\"http:\/\/lattes.cnpq.br\/7547001513943582\" target=\"_blank\" rel=\"noopener\">Prof a. Dr a. Aline Alberti<\/a><br \/>\nTem projetos na \u00e1rea de Ci\u00eancia, Tecnologia e Engenharia de Alimentos, com \u00eanfase em Tecnologia de Bebidas, Fermenta\u00e7\u00f5es e An\u00e1lises por Cromatografia L\u00edquida (HPLC). Atua, principalmente, nos seguintes temas: processamento e qualidade de suco de ma\u00e7\u00e3 e da sidra, fermenta\u00e7\u00e3o alco\u00f3lica, compostos fen\u00f3licos e atividade antioxidante. A professora atua como docente permanente no Programa de P\u00f3s-Gradua\u00e7\u00e3o em Ci\u00eancia e Tecnologia de Alimentos da UEPG orientando alunos de Mestrado.<\/p>\n<p>&#8211;\u00a0<a href=\"http:\/\/lattes.cnpq.br\/1251375044697776\" target=\"_blank\" rel=\"noopener\">Prof a. Dr a. Ana Cl\u00e1udia Barana<\/a><br \/>\nEstuda o tratamento biol\u00f3gico de res\u00edduos visando a remo\u00e7\u00e3o de mat\u00e9ria org\u00e2nica e nutrientes. Tamb\u00e9m estuda o aproveitamento de subprodutos agroindustriais no desenvolvimento de novos produtos. A professora atua como docente permanente no Programa de P\u00f3s-Gradua\u00e7\u00e3o em Ci\u00eancia e Tecnologia de Alimentos da UEPG orientando alunos de Mestrado e de Doutorado.<\/p>\n<p>&#8211;\u00a0<a href=\"http:\/\/lattes.cnpq.br\/9703319571233797\" target=\"_blank\" rel=\"noopener\">Prof. Dr. Daniel Granato<\/a><br \/>\nEstuda a composi\u00e7\u00e3o fen\u00f3lica e a funcionalidade \u00a0<em>in vitro<\/em>\u00a0\u00a0de extratos vegetais para desenvolvimento de alimentos de origem vegetal e animal bem como estuda a compara\u00e7\u00e3o de diferentes m\u00e9todos estat\u00edsticos para an\u00e1lise de dados. A padroniza\u00e7\u00e3o e valida\u00e7\u00e3o de m\u00e9todos anal\u00edticos para avalia\u00e7\u00e3o da atividade antioxidante e composi\u00e7\u00e3o fen\u00f3lica tamb\u00e9m s\u00e3o parte da pesquisa. O professor atua como docente permanente no Programa de P\u00f3s-Gradua\u00e7\u00e3o em Ci\u00eancia e Tecnologia de Alimentos da UEPG orientando alunos de Mestrado e de Doutorado.<\/p>\n<p>&#8211;\u00a0<a href=\"http:\/\/lattes.cnpq.br\/6769881275854295\" target=\"_blank\" rel=\"noopener\">Prof a. Dr a. Deise Rosana Silva Sim\u00f5es<\/a><br \/>\nEstudos e aplica\u00e7\u00e3o de t\u00e9cnicas de an\u00e1lise sensorial em produtos aliment\u00edcios e desenvolvimento de produtos de origem animal.<\/p>\n<p>&#8211;\u00a0<a href=\"http:\/\/lattes.cnpq.br\/2251300666644713\" target=\"_blank\" rel=\"noopener\">Prof a. Dr a. Eliane Dalva Godoy<\/a><br \/>\nEstudos para aplica\u00e7\u00e3o da biomassa de \u00a0<em>Spirulina platensis<\/em>\u00a0\u00a0e subprodutos agroindustriais no desenvolvimento de alimentos funcionais. A professora atua como docente permanente no Programa de P\u00f3s-Gradua\u00e7\u00e3o em Ci\u00eancia e Tecnologia de Alimentos da UEPG orientando alunos de Mestrado.<\/p>\n<p>&#8211;\u00a0<a href=\"http:\/\/lattes.cnpq.br\/8401937455714095\" target=\"_blank\" rel=\"noopener\">Prof. MSc. Guilherme de Almeida Souza Tedrus<\/a><br \/>\nEstuda os temas legisla\u00e7\u00e3o de alimentos, tecnologia de leite e derivados, panifica\u00e7\u00e3o, seguran\u00e7a dos alimentos, qualidade e boas pr\u00e1ticas de fabrica\u00e7\u00e3o. Trabalha mais especificamente com desenvolvimento de tecnologia de fabrica\u00e7\u00e3o de queijo maturado por bact\u00e9rias e fungos na superf\u00edcie.<\/p>\n<p>&#8211;\u00a0<a href=\"http:\/\/lattes.cnpq.br\/7271461019945310\" target=\"_blank\" rel=\"noopener\">Prof. Dr. Ivo Mottin Demiate<\/a><br \/>\nO professor \u00e9 bolsista de produtividade em pesquisa do CNPq \u2013 N\u00edvel 2 na \u00e1rea de Ci\u00eancia e Tecnologia de Alimentos. Estuda as propriedades t\u00e9rmicas e estruturais de pastas de amido de diferentes fontes modificadas por tratamentos qu\u00edmicos e\/ou f\u00edsicos. O professor atua como docente permanente nos Programas de P\u00f3s-Gradua\u00e7\u00e3o em Ci\u00eancia e Tecnologia de Alimentos e de Zootecnia da UEPG orientando alunos de Mestrado e de Doutorado.<\/p>\n<p>&#8211;\u00a0<a href=\"http:\/\/lattes.cnpq.br\/4087652071439950\" target=\"_blank\" rel=\"noopener\">Prof a. Dr a. Lara Tschopoko Pedroso Pereira<\/a><br \/>\nTrabalha com avalia\u00e7\u00e3o e controle de qualidade dos alimentos, atuando, principalmente com qualidade, seguran\u00e7a de alimentos e valida\u00e7\u00e3o de metodologia anal\u00edtica. A professora tamb\u00e9m coordena de projeto de pesquisa desoxinivalenol em farinha de trigo e participa de projeto de Pesquisa sobre desenvolvimento de tecnologia de fabrica\u00e7\u00e3o de queijo maturado por bact\u00e9rias e fungos na superf\u00edcie.<\/p>\n<p>&#8211;\u00a0<a href=\"http:\/\/lattes.cnpq.br\/3009139629539928\" target=\"_blank\" rel=\"noopener\">Prof a. Dr a. Luana Carolina Bosmuler Z\u00fcge<\/a><br \/>\nParticipa de projeto de pesquisa, em conjunto com outros professores do Departamento de Engenharia de Alimentos,\u00a0sobre fabrica\u00e7\u00e3o de queijo maturado por bact\u00e9rias e fungos na superf\u00edcie, com foco na \u00e1rea microbiol\u00f3gica.<\/p>\n<p>&#8211;\u00a0<a href=\"http:\/\/lattes.cnpq.br\/0289495208554953\" target=\"_blank\" rel=\"noopener\">Prof. Dr. Luiz Gustavo Lacerda<\/a><br \/>\nEstudos das propriedades t\u00e9rmicas e estruturais de pastas de amido de diferentes fontes modificadas por tratamentos qu\u00edmicos e\/ou f\u00edsicos. Aproveitamento de mat\u00e9rias-primas funcionais para obten\u00e7\u00e3o de cerveja.\u00a0 O professor atua como docente permanente no Programa de P\u00f3s-Gradua\u00e7\u00e3o em Ci\u00eancia e Tecnologia de Alimentos da UEPG orientando alunos de Mestrado e de Doutorado.<\/p>\n<p>&#8211;\u00a0<a href=\"http:\/\/lattes.cnpq.br\/1141917421063008\" target=\"_blank\" rel=\"noopener\">Prof. Dr. Marco Aur\u00e9lio Praxedes<\/a><br \/>\nCoordena projeto de pesquisa que estuda aplica\u00e7\u00e3o de modelagem matem\u00e1tica e computa\u00e7\u00e3o na ci\u00eancia e tecnologia de alimentos.<\/p>\n<p>&#8211;\u00a0<a href=\"http:\/\/lattes.cnpq.br\/1652522578617700\" target=\"_blank\" rel=\"noopener\">Prof a. Dr a. Mareci Mendes de Almeida<\/a><br \/>\nAtua na \u00e1rea de enzimologia e alimentos funcionais. Estuda a produ\u00e7\u00e3o de enzimas microbianas, utilizando subprodutos agroindustriais, com atividade hidrol\u00edtica como lipases e com atividade de transglicosila\u00e7\u00e3o, para produ\u00e7\u00e3o de oligossacar\u00eddeos prebi\u00f3ticos. E atua no controle de qualidade do mel atrav\u00e9s de an\u00e1lises f\u00edsico-qu\u00edmicas e determina\u00e7\u00e3o de atividade antimicrobiana, antioxidante e perfil de fen\u00f3licos.<\/p>\n<p>&#8211;\u00a0<a href=\"http:\/\/lattes.cnpq.br\/2948006079949306\" target=\"_blank\" rel=\"noopener\">Prof a. Dr a. Marina Tolentino Marinho<\/a><br \/>\nEstuda Tecnologia de \u00d3leos e Gorduras, Tecnologia de Produtos de Origem Animal e An\u00e1lise Instrumental de Alimentos. A professora atua como docente colaboradora no Programa de P\u00f3s-Gradua\u00e7\u00e3o em Ci\u00eancia e Tecnologia de Alimentos da UEPG.<\/p>\n<p>&#8211;\u00a0<a href=\"http:\/\/lattes.cnpq.br\/0532107897609782\" target=\"_blank\" rel=\"noopener\">Prof a. Dr a. Renata Dinnies Santos Salem<\/a><br \/>\nAtua nos temas: avalia\u00e7\u00e3o f\u00edsica, qu\u00edmica e f\u00edsico-qu\u00edmica de alimentos, antioxidantes naturais, compostos fen\u00f3licos, tecnologia de \u00f3leos e gorduras, tecnologia de leite e derivados com \u00eanfase em produ\u00e7\u00e3o de queijos e bebidas \u00e0 base de soro de leite, e seguran\u00e7a alimentar. A professora atua como docente colaboradora no Programa de P\u00f3s-Gradua\u00e7\u00e3o em Ci\u00eancia e Tecnologia de Alimentos da UEPG.<\/p><\/blockquote>\n","protected":false},"excerpt":{"rendered":"<p>Os trabalhos de pesquisa sempre foram uma constante entre os professores do Departamento de Engenharia de Alimentos da UEPG. S\u00e3o v\u00e1rios os temas trabalhados, desde a caracteriza\u00e7\u00e3o e modifica\u00e7\u00e3o de mat\u00e9rias primas, passando pelo desenvolvimento de produtos e processos tecnol\u00f3gicos, at\u00e9 o aproveitamento de subprodutos e tratamento de res\u00edduos. Apresenta-se na sequ\u00eancia as linhas de&nbsp;&hellip;<\/p>\n","protected":false},"author":378,"featured_media":0,"parent":0,"menu_order":0,"comment_status":"closed","ping_status":"closed","template":"","meta":[],"_links":{"self":[{"href":"https:\/\/www2.uepg.br\/dea\/wp-json\/wp\/v2\/pages\/150"}],"collection":[{"href":"https:\/\/www2.uepg.br\/dea\/wp-json\/wp\/v2\/pages"}],"about":[{"href":"https:\/\/www2.uepg.br\/dea\/wp-json\/wp\/v2\/types\/page"}],"author":[{"embeddable":true,"href":"https:\/\/www2.uepg.br\/dea\/wp-json\/wp\/v2\/users\/378"}],"replies":[{"embeddable":true,"href":"https:\/\/www2.uepg.br\/dea\/wp-json\/wp\/v2\/comments?post=150"}],"version-history":[{"count":2,"href":"https:\/\/www2.uepg.br\/dea\/wp-json\/wp\/v2\/pages\/150\/revisions"}],"predecessor-version":[{"id":198,"href":"https:\/\/www2.uepg.br\/dea\/wp-json\/wp\/v2\/pages\/150\/revisions\/198"}],"wp:attachment":[{"href":"https:\/\/www2.uepg.br\/dea\/wp-json\/wp\/v2\/media?parent=150"}],"curies":[{"name":"wp","href":"https:\/\/api.w.org\/{rel}","templated":true}]}}