{"id":152,"date":"2022-04-26T15:04:01","date_gmt":"2022-04-26T18:04:01","guid":{"rendered":"https:\/\/www2.uepg.br\/dea\/?page_id=152"},"modified":"2022-04-26T16:27:59","modified_gmt":"2022-04-26T19:27:59","slug":"laboratorios","status":"publish","type":"page","link":"https:\/\/www2.uepg.br\/dea\/laboratorios\/","title":{"rendered":"Laborat\u00f3rios"},"content":{"rendered":"<p>O Departamento de Engenharia de Alimentos tem suas atividades did\u00e1ticas, de pesquisa e de extens\u00e3o distribu\u00eddas em 15 laborat\u00f3rios que est\u00e3o localizados no Bloco do Centro de Tecnologia Agroalimentar (CTA) e no Centro Interdisciplinar de Pesquisa e P\u00f3s-Gradua\u00e7\u00e3o (CIPP), todos no Campus Uvaranas.<br \/>\n&#8211; CTA1 \u2013 Laborat\u00f3rio de An\u00e1lises F\u00edsico-Qu\u00edmicas de Alimentos<br \/>\n&#8211; CTA2 \u2013 Laborat\u00f3rio de Microbiologia de Alimentos<br \/>\n&#8211; CTA3 \u2013 Laborat\u00f3rio de Tecnologia de Fermenta\u00e7\u00f5es<br \/>\n&#8211; CTA4 \u2013 Laborat\u00f3rio de Tecnologia de Fermenta\u00e7\u00f5es<br \/>\n&#8211; CTA5 \u2013 Laborat\u00f3rio de Tecnologia de Cereais, Ra\u00edzes e Tub\u00e9rculos<br \/>\n&#8211; CTA6 \u2013 Laborat\u00f3rio de Tecnologia de Frutas e Hortali\u00e7as<br \/>\n&#8211; CTA7 \u2013 Laborat\u00f3rio de An\u00e1lise Sensorial de Alimentos<br \/>\n&#8211; CTA8 \u2013 Laborat\u00f3rio de Tratamento e Aproveitamento de Res\u00edduos<br \/>\n&#8211; CTA9 \u2013 Laborat\u00f3rio de Processamento de Frutas e Hortali\u00e7as<br \/>\n&#8211; CTA10- Laborat\u00f3rio de Ci\u00eancia e Tecnologia de Alimentos<br \/>\n&#8211; Padaria Experimental<br \/>\n&#8211; Planta Piloto de Processamento de Carnes<br \/>\n&#8211; Planta Piloto de Processamento de Leite<br \/>\n&#8211; Laborat\u00f3rio de Inform\u00e1tica<br \/>\n&#8211; Laborat\u00f3rio do Programa de P\u00f3s-Gradua\u00e7\u00e3o em Ci\u00eancia e Tecnologia de Alimentos<\/p>\n<p>&nbsp;<br \/>\n\n\t\t<style type=\"text\/css\">\n\t\t\t#gallery-1 {\n\t\t\t\tmargin: auto;\n\t\t\t}\n\t\t\t#gallery-1 .gallery-item {\n\t\t\t\tfloat: left;\n\t\t\t\tmargin-top: 10px;\n\t\t\t\ttext-align: center;\n\t\t\t\twidth: 33%;\n\t\t\t}\n\t\t\t#gallery-1 img {\n\t\t\t\tborder: 2px solid #cfcfcf;\n\t\t\t}\n\t\t\t#gallery-1 .gallery-caption {\n\t\t\t\tmargin-left: 0;\n\t\t\t}\n\t\t\t\/* see gallery_shortcode() in wp-includes\/media.php *\/\n\t\t<\/style>\n\t\t<div id='gallery-1' class='gallery galleryid-152 gallery-columns-3 gallery-size-thumbnail'><dl class='gallery-item'>\n\t\t\t<dt class='gallery-icon landscape'>\n\t\t\t\t<a href='https:\/\/www2.uepg.br\/dea\/wp-content\/uploads\/sites\/242\/2022\/04\/Foto-CTA-1.jpg'><img width=\"150\" height=\"150\" src=\"https:\/\/www2.uepg.br\/dea\/wp-content\/uploads\/sites\/242\/2022\/04\/Foto-CTA-1-150x150.jpg\" class=\"attachment-thumbnail size-thumbnail\" alt=\"\" loading=\"lazy\" \/><\/a>\n\t\t\t<\/dt><\/dl><dl class='gallery-item'>\n\t\t\t<dt class='gallery-icon landscape'>\n\t\t\t\t<a href='https:\/\/www2.uepg.br\/dea\/wp-content\/uploads\/sites\/242\/2022\/04\/Foto-CTA-2.jpg'><img width=\"150\" height=\"150\" src=\"https:\/\/www2.uepg.br\/dea\/wp-content\/uploads\/sites\/242\/2022\/04\/Foto-CTA-2-150x150.jpg\" class=\"attachment-thumbnail size-thumbnail\" alt=\"\" loading=\"lazy\" \/><\/a>\n\t\t\t<\/dt><\/dl><dl class='gallery-item'>\n\t\t\t<dt class='gallery-icon landscape'>\n\t\t\t\t<a href='https:\/\/www2.uepg.br\/dea\/wp-content\/uploads\/sites\/242\/2022\/04\/Foto-CTA-3.jpg'><img width=\"150\" height=\"150\" src=\"https:\/\/www2.uepg.br\/dea\/wp-content\/uploads\/sites\/242\/2022\/04\/Foto-CTA-3-150x150.jpg\" class=\"attachment-thumbnail size-thumbnail\" alt=\"\" loading=\"lazy\" \/><\/a>\n\t\t\t<\/dt><\/dl><br style=\"clear: both\" \/><dl class='gallery-item'>\n\t\t\t<dt class='gallery-icon landscape'>\n\t\t\t\t<a href='https:\/\/www2.uepg.br\/dea\/wp-content\/uploads\/sites\/242\/2022\/04\/Foto-CTA-4.jpg'><img width=\"150\" height=\"150\" src=\"https:\/\/www2.uepg.br\/dea\/wp-content\/uploads\/sites\/242\/2022\/04\/Foto-CTA-4-150x150.jpg\" class=\"attachment-thumbnail size-thumbnail\" alt=\"\" loading=\"lazy\" \/><\/a>\n\t\t\t<\/dt><\/dl><dl class='gallery-item'>\n\t\t\t<dt class='gallery-icon landscape'>\n\t\t\t\t<a href='https:\/\/www2.uepg.br\/dea\/wp-content\/uploads\/sites\/242\/2022\/04\/Foto-CTA-5-a.jpg'><img width=\"150\" height=\"150\" src=\"https:\/\/www2.uepg.br\/dea\/wp-content\/uploads\/sites\/242\/2022\/04\/Foto-CTA-5-a-150x150.jpg\" class=\"attachment-thumbnail size-thumbnail\" alt=\"\" loading=\"lazy\" \/><\/a>\n\t\t\t<\/dt><\/dl><dl class='gallery-item'>\n\t\t\t<dt class='gallery-icon landscape'>\n\t\t\t\t<a href='https:\/\/www2.uepg.br\/dea\/wp-content\/uploads\/sites\/242\/2022\/04\/Foto-CTA-5.jpg'><img width=\"150\" height=\"150\" src=\"https:\/\/www2.uepg.br\/dea\/wp-content\/uploads\/sites\/242\/2022\/04\/Foto-CTA-5-150x150.jpg\" class=\"attachment-thumbnail size-thumbnail\" alt=\"\" loading=\"lazy\" \/><\/a>\n\t\t\t<\/dt><\/dl><br style=\"clear: both\" \/><dl class='gallery-item'>\n\t\t\t<dt class='gallery-icon landscape'>\n\t\t\t\t<a href='https:\/\/www2.uepg.br\/dea\/wp-content\/uploads\/sites\/242\/2022\/04\/Foto-CTA-6.jpg'><img width=\"150\" height=\"150\" src=\"https:\/\/www2.uepg.br\/dea\/wp-content\/uploads\/sites\/242\/2022\/04\/Foto-CTA-6-150x150.jpg\" class=\"attachment-thumbnail size-thumbnail\" alt=\"\" loading=\"lazy\" \/><\/a>\n\t\t\t<\/dt><\/dl><dl class='gallery-item'>\n\t\t\t<dt class='gallery-icon landscape'>\n\t\t\t\t<a href='https:\/\/www2.uepg.br\/dea\/wp-content\/uploads\/sites\/242\/2022\/04\/Foto-CTA-7.jpg'><img width=\"150\" height=\"150\" src=\"https:\/\/www2.uepg.br\/dea\/wp-content\/uploads\/sites\/242\/2022\/04\/Foto-CTA-7-150x150.jpg\" class=\"attachment-thumbnail size-thumbnail\" alt=\"\" loading=\"lazy\" \/><\/a>\n\t\t\t<\/dt><\/dl><dl class='gallery-item'>\n\t\t\t<dt class='gallery-icon landscape'>\n\t\t\t\t<a href='https:\/\/www2.uepg.br\/dea\/wp-content\/uploads\/sites\/242\/2022\/04\/Foto-CTA-8.jpg'><img width=\"150\" height=\"150\" src=\"https:\/\/www2.uepg.br\/dea\/wp-content\/uploads\/sites\/242\/2022\/04\/Foto-CTA-8-150x150.jpg\" class=\"attachment-thumbnail size-thumbnail\" alt=\"\" loading=\"lazy\" \/><\/a>\n\t\t\t<\/dt><\/dl><br style=\"clear: both\" \/><dl class='gallery-item'>\n\t\t\t<dt class='gallery-icon landscape'>\n\t\t\t\t<a href='https:\/\/www2.uepg.br\/dea\/wp-content\/uploads\/sites\/242\/2022\/04\/Foto-CTA-9.png'><img width=\"150\" height=\"150\" src=\"https:\/\/www2.uepg.br\/dea\/wp-content\/uploads\/sites\/242\/2022\/04\/Foto-CTA-9-150x150.png\" class=\"attachment-thumbnail size-thumbnail\" alt=\"\" loading=\"lazy\" \/><\/a>\n\t\t\t<\/dt><\/dl><dl class='gallery-item'>\n\t\t\t<dt class='gallery-icon landscape'>\n\t\t\t\t<a href='https:\/\/www2.uepg.br\/dea\/wp-content\/uploads\/sites\/242\/2022\/04\/Foto-CTA-10-a.jpg'><img width=\"150\" height=\"150\" src=\"https:\/\/www2.uepg.br\/dea\/wp-content\/uploads\/sites\/242\/2022\/04\/Foto-CTA-10-a-150x150.jpg\" class=\"attachment-thumbnail size-thumbnail\" alt=\"\" loading=\"lazy\" \/><\/a>\n\t\t\t<\/dt><\/dl><dl class='gallery-item'>\n\t\t\t<dt class='gallery-icon landscape'>\n\t\t\t\t<a href='https:\/\/www2.uepg.br\/dea\/wp-content\/uploads\/sites\/242\/2022\/04\/Foto-CTA-10.png'><img width=\"150\" height=\"150\" src=\"https:\/\/www2.uepg.br\/dea\/wp-content\/uploads\/sites\/242\/2022\/04\/Foto-CTA-10-150x150.png\" class=\"attachment-thumbnail size-thumbnail\" alt=\"\" loading=\"lazy\" \/><\/a>\n\t\t\t<\/dt><\/dl><br style=\"clear: both\" \/><dl class='gallery-item'>\n\t\t\t<dt class='gallery-icon landscape'>\n\t\t\t\t<a href='https:\/\/www2.uepg.br\/dea\/wp-content\/uploads\/sites\/242\/2022\/04\/Foto-laboratorio-informatica.png'><img width=\"150\" height=\"150\" src=\"https:\/\/www2.uepg.br\/dea\/wp-content\/uploads\/sites\/242\/2022\/04\/Foto-laboratorio-informatica-150x150.png\" class=\"attachment-thumbnail size-thumbnail\" alt=\"\" loading=\"lazy\" \/><\/a>\n\t\t\t<\/dt><\/dl><dl class='gallery-item'>\n\t\t\t<dt class='gallery-icon landscape'>\n\t\t\t\t<a href='https:\/\/www2.uepg.br\/dea\/wp-content\/uploads\/sites\/242\/2022\/04\/Foto-laboratorio-pos-graduacao.jpg'><img width=\"150\" height=\"150\" src=\"https:\/\/www2.uepg.br\/dea\/wp-content\/uploads\/sites\/242\/2022\/04\/Foto-laboratorio-pos-graduacao-150x150.jpg\" class=\"attachment-thumbnail size-thumbnail\" alt=\"\" loading=\"lazy\" \/><\/a>\n\t\t\t<\/dt><\/dl><dl class='gallery-item'>\n\t\t\t<dt class='gallery-icon landscape'>\n\t\t\t\t<a href='https:\/\/www2.uepg.br\/dea\/wp-content\/uploads\/sites\/242\/2022\/04\/Foto-padaria-experimental.jpg'><img width=\"150\" height=\"150\" src=\"https:\/\/www2.uepg.br\/dea\/wp-content\/uploads\/sites\/242\/2022\/04\/Foto-padaria-experimental-150x150.jpg\" class=\"attachment-thumbnail size-thumbnail\" alt=\"\" loading=\"lazy\" \/><\/a>\n\t\t\t<\/dt><\/dl><br style=\"clear: both\" \/><dl class='gallery-item'>\n\t\t\t<dt class='gallery-icon landscape'>\n\t\t\t\t<a href='https:\/\/www2.uepg.br\/dea\/wp-content\/uploads\/sites\/242\/2022\/04\/Foto-planta-processamento-carne.png'><img width=\"150\" height=\"150\" src=\"https:\/\/www2.uepg.br\/dea\/wp-content\/uploads\/sites\/242\/2022\/04\/Foto-planta-processamento-carne-150x150.png\" class=\"attachment-thumbnail size-thumbnail\" alt=\"\" loading=\"lazy\" \/><\/a>\n\t\t\t<\/dt><\/dl><dl class='gallery-item'>\n\t\t\t<dt class='gallery-icon landscape'>\n\t\t\t\t<a href='https:\/\/www2.uepg.br\/dea\/wp-content\/uploads\/sites\/242\/2022\/04\/Foto-planta-processamento-leite.jpg'><img width=\"150\" height=\"150\" src=\"https:\/\/www2.uepg.br\/dea\/wp-content\/uploads\/sites\/242\/2022\/04\/Foto-planta-processamento-leite-150x150.jpg\" class=\"attachment-thumbnail size-thumbnail\" alt=\"\" loading=\"lazy\" \/><\/a>\n\t\t\t<\/dt><\/dl>\n\t\t\t<br style='clear: both' \/>\n\t\t<\/div>\n<\/p>\n","protected":false},"excerpt":{"rendered":"<p>O Departamento de Engenharia de Alimentos tem suas atividades did\u00e1ticas, de pesquisa e de extens\u00e3o distribu\u00eddas em 15 laborat\u00f3rios que est\u00e3o localizados no Bloco do Centro de Tecnologia Agroalimentar (CTA) e no Centro Interdisciplinar de Pesquisa e P\u00f3s-Gradua\u00e7\u00e3o (CIPP), todos no Campus Uvaranas. &#8211; CTA1 \u2013 Laborat\u00f3rio de An\u00e1lises F\u00edsico-Qu\u00edmicas de Alimentos &#8211; CTA2 \u2013&nbsp;&hellip;<\/p>\n","protected":false},"author":378,"featured_media":0,"parent":0,"menu_order":0,"comment_status":"closed","ping_status":"closed","template":"","meta":[],"_links":{"self":[{"href":"https:\/\/www2.uepg.br\/dea\/wp-json\/wp\/v2\/pages\/152"}],"collection":[{"href":"https:\/\/www2.uepg.br\/dea\/wp-json\/wp\/v2\/pages"}],"about":[{"href":"https:\/\/www2.uepg.br\/dea\/wp-json\/wp\/v2\/types\/page"}],"author":[{"embeddable":true,"href":"https:\/\/www2.uepg.br\/dea\/wp-json\/wp\/v2\/users\/378"}],"replies":[{"embeddable":true,"href":"https:\/\/www2.uepg.br\/dea\/wp-json\/wp\/v2\/comments?post=152"}],"version-history":[{"count":5,"href":"https:\/\/www2.uepg.br\/dea\/wp-json\/wp\/v2\/pages\/152\/revisions"}],"predecessor-version":[{"id":217,"href":"https:\/\/www2.uepg.br\/dea\/wp-json\/wp\/v2\/pages\/152\/revisions\/217"}],"wp:attachment":[{"href":"https:\/\/www2.uepg.br\/dea\/wp-json\/wp\/v2\/media?parent=152"}],"curies":[{"name":"wp","href":"https:\/\/api.w.org\/{rel}","templated":true}]}}