{"id":153,"date":"2022-04-26T15:04:01","date_gmt":"2022-04-26T18:04:01","guid":{"rendered":"https:\/\/www2.uepg.br\/dea\/?page_id=153"},"modified":"2022-04-26T16:29:43","modified_gmt":"2022-04-26T19:29:43","slug":"servicos","status":"publish","type":"page","link":"https:\/\/www2.uepg.br\/dea\/servicos\/","title":{"rendered":"Servi\u00e7os"},"content":{"rendered":"<p>O Departamento de Engenharia de Alimentos realiza o trabalho de presta\u00e7\u00e3o de servi\u00e7os em garantia da qualidade de alimentos. Esse trabalho \u00e9 um Projeto de Extens\u00e3o coordenado pela Profa. Renata Dinnies Santos Salem, com participa\u00e7\u00e3o da t\u00e9cnica de laborat\u00f3rio Denise Mendes.<\/p>\n<p>Esse projeto ajuda na divulga\u00e7\u00e3o do Curso de Engenharia de Alimentos e na arrecada\u00e7\u00e3o de recursos que s\u00e3o utilizados na aquisi\u00e7\u00e3o de material de consumo e na manuten\u00e7\u00e3o de equipamentos dos laborat\u00f3rios de aulas pr\u00e1ticas. No ano de 2016 foram atendidas por esse servi\u00e7o mais de 50 empresas.<\/p>\n<p>A an\u00e1lise de alimentos desempenha importante papel avaliador da qualidade e seguran\u00e7a dos alimentos e \u00e9 uma \u00e1rea em constante evolu\u00e7\u00e3o, especialmente impulsionada pela crescente demanda dos consumidores por qualidade e seguran\u00e7a alimentar. Em determinados momentos, a sua utiliza\u00e7\u00e3o torna-se decisiva para equacionar e resolver problemas de sa\u00fade p\u00fablica e tamb\u00e9m para definir e complementar a\u00e7\u00f5es de vigil\u00e2ncia sanit\u00e1ria, al\u00e9m de atuar tamb\u00e9m como coadjuvante nas inova\u00e7\u00f5es tecnol\u00f3gicas de alimentos. O controle de qualidade de alimentos fundamenta-se no controle das mat\u00e9rias-primas, insumos, embalagens, fornecedores, acompanhamento dos produtos ao longo dos processos e avalia\u00e7\u00e3o do produto final, de modo a avaliar o seu padr\u00e3o de integridade e sanit\u00e1rio por meio de an\u00e1lises f\u00edsico-qu\u00edmicas, microbiol\u00f3gicas, macrosc\u00f3picas, dentre outras.<\/p>\n<p>Atualmente, s\u00e3o oferecidas as seguintes determina\u00e7\u00f5es:<\/p>\n<p>An\u00e1lises f\u00edsico-qu\u00edmicas e instrumentais:<\/p>\n<p>Acidez<br \/>\nAcidez da gordura<br \/>\nAcidez graus Dornic<br \/>\nAcidez vol\u00e1til<br \/>\nAmido qualitativo<br \/>\nAmido<br \/>\nA\u00e7\u00facares redutores<br \/>\nA\u00e7\u00facares totais<br \/>\nAlcalinidade<br \/>\nAtividade de \u00e1gua<br \/>\nBrix<br \/>\nC\u00e1lcio<br \/>\nCinzas<br \/>\nCinzas sol\u00faveis em \u00e1gua<br \/>\nCinzas sol\u00faveis em HCl<br \/>\nCloretos<br \/>\nCloro<br \/>\nComposi\u00e7\u00e3o centesimal<br \/>\nComposi\u00e7\u00e3o centesimal &#8211; com fibra alimentar<br \/>\nCrioscopia<br \/>\nCor (mel)<br \/>\nDensidade<br \/>\nDQO &#8211; \u00e1gua<br \/>\nDQO &#8211; efluente<br \/>\nDureza<br \/>\nExtrato et\u00e9reo<br \/>\nExtrato seco desengordurado<br \/>\nFen\u00f3is totais<br \/>\nFerro<br \/>\nFDA<br \/>\nFDN<br \/>\nFibra alimentar (isolada)<br \/>\nFibra bruta<br \/>\nFibra bruta &#8211; amostra desengordurada<br \/>\nFosfatase<br \/>\nF\u00f3sforo<br \/>\nGlicose<br \/>\nGranulometria<br \/>\nGordura totais<br \/>\nGordura Gerber<br \/>\nGrau alco\u00f3lico &#8211; destila\u00e7\u00e3o<br \/>\nGrau alco\u00f3lico &#8211; ebuli\u00f4metro<br \/>\nHidroximetilfurfural (HMF)<br \/>\n\u00cdndice de iodo<br \/>\n\u00cdndice de diastase<br \/>\n\u00cdndice de per\u00f3xido<br \/>\n\u00cdndice de refra\u00e7\u00e3o<br \/>\n\u00cdndice de saponifica\u00e7\u00e3o<br \/>\nInsol\u00faveis em \u00e9ter, acetona, hexano<br \/>\nMat\u00e9ria seca<br \/>\nOxig\u00eanio dissolvido<br \/>\npH<br \/>\nPeroxidase<br \/>\nProte\u00edna<br \/>\nRea\u00e7\u00e3o de Fischer<br \/>\nRea\u00e7\u00e3o de Lund<br \/>\nSacarose aparente<br \/>\nS\u00f3dio<br \/>\nS\u00f3lidos insol\u00faveis<br \/>\nS\u00f3lidos suspensos &#8211; totais, fixos e vol\u00e1teis<br \/>\nSolubilidade em KOH<br \/>\nTeor de \u00f3leo por centrifuga\u00e7\u00e3o<br \/>\nUmidade<br \/>\nUrease<br \/>\nVitamina C<br \/>\nAn\u00e1lises microbiol\u00f3gicas:<\/p>\n<p>Contagem de Coliformes Totais<br \/>\nContagem de Coliformes Fecais<br \/>\nPesquisa de Eschericchia coli<br \/>\nContagem padr\u00e3o em placas -aer\u00f3bios mes\u00f3filos<br \/>\nContagem de esporos termorresistentes<br \/>\nContagem de bact\u00e9rias l\u00e1cticas<br \/>\nContagem de bolores e leveduras<br \/>\nPesquisa de S. aureus coagulase positiva<br \/>\nPesquisa de Salmonella<br \/>\nMaiores informa\u00e7\u00f5es com:<br \/>\n&#8211; Denise Maria de Souza Mendes \u2013 T\u00e9cnica de Laborat\u00f3rio.<br \/>\nTelefone: 42-3220 3269<\/p>\n<p>&#8211; Profa. Dra. Renata Dinnies Santos Salem.<br \/>\nTelefone: 42-3220 3725<\/p>\n<p>Hor\u00e1rio de atendimento:<br \/>\n&#8211; Segunda \u00e0 sexta-feira das 8:00 \u00e0s 11:30 e das 13:30 \u00e0s 17:30<br \/>\nMASTER ALIMENTOS<br \/>\nEMPRESA J\u00daNIOR DA ENGENHARIA DE ALIMENTOS<\/p>\n<p>A Master, Empresa J\u00fanior da Engenharia de Alimentos da UEPG, tem uma hist\u00f3ria de 15 anos. Tem como fun\u00e7\u00f5es prestar consultorias a pequenos produtores e empresas na \u00e1rea de alimentos. No seu portf\u00f3lio, destaca-se a realiza\u00e7\u00e3o de an\u00e1lises f\u00edsico-qu\u00edmicas, treinamento de funcion\u00e1rios, desenvolvimento de cursos e protocolos de boas pr\u00e1ticas, conforme a legisla\u00e7\u00e3o vigente.<br \/>\nOs professores do Departamento de Engenharia de Alimentos participam da Master auxiliando e orientando os alunos em suas atividades.<\/p>\n<p>Para maiores informa\u00e7\u00f5es favor consultar:<br \/>\nhttp:\/\/www.facebook.com\/MasterAlimentosJr\/<\/p>\n<div class='embed-container'>\n<blockquote class=\"wp-embedded-content\" data-secret=\"RsKa13ykeB\"><p><a href=\"https:\/\/masteralimentosjr.com.br\/\">HOME<\/a><\/p><\/blockquote>\n<p><iframe class=\"wp-embedded-content\" sandbox=\"allow-scripts\" security=\"restricted\" style=\"position: absolute; clip: rect(1px, 1px, 1px, 1px);\" title=\"&#8220;HOME&#8221; &#8212; Master Alimentos J\u00fanior\" src=\"https:\/\/masteralimentosjr.com.br\/?embed=true#?secret=RsKa13ykeB\" data-secret=\"RsKa13ykeB\" width=\"600\" height=\"338\" frameborder=\"0\" marginwidth=\"0\" marginheight=\"0\" scrolling=\"no\"><\/iframe><\/div>\n","protected":false},"excerpt":{"rendered":"<p>O Departamento de Engenharia de Alimentos realiza o trabalho de presta\u00e7\u00e3o de servi\u00e7os em garantia da qualidade de alimentos. Esse trabalho \u00e9 um Projeto de Extens\u00e3o coordenado pela Profa. Renata Dinnies Santos Salem, com participa\u00e7\u00e3o da t\u00e9cnica de laborat\u00f3rio Denise Mendes. Esse projeto ajuda na divulga\u00e7\u00e3o do Curso de Engenharia de Alimentos e na arrecada\u00e7\u00e3o&nbsp;&hellip;<\/p>\n","protected":false},"author":378,"featured_media":0,"parent":0,"menu_order":0,"comment_status":"closed","ping_status":"closed","template":"","meta":[],"_links":{"self":[{"href":"https:\/\/www2.uepg.br\/dea\/wp-json\/wp\/v2\/pages\/153"}],"collection":[{"href":"https:\/\/www2.uepg.br\/dea\/wp-json\/wp\/v2\/pages"}],"about":[{"href":"https:\/\/www2.uepg.br\/dea\/wp-json\/wp\/v2\/types\/page"}],"author":[{"embeddable":true,"href":"https:\/\/www2.uepg.br\/dea\/wp-json\/wp\/v2\/users\/378"}],"replies":[{"embeddable":true,"href":"https:\/\/www2.uepg.br\/dea\/wp-json\/wp\/v2\/comments?post=153"}],"version-history":[{"count":2,"href":"https:\/\/www2.uepg.br\/dea\/wp-json\/wp\/v2\/pages\/153\/revisions"}],"predecessor-version":[{"id":220,"href":"https:\/\/www2.uepg.br\/dea\/wp-json\/wp\/v2\/pages\/153\/revisions\/220"}],"wp:attachment":[{"href":"https:\/\/www2.uepg.br\/dea\/wp-json\/wp\/v2\/media?parent=153"}],"curies":[{"name":"wp","href":"https:\/\/api.w.org\/{rel}","templated":true}]}}