{"id":154,"date":"2022-04-26T15:04:01","date_gmt":"2022-04-26T18:04:01","guid":{"rendered":"https:\/\/www2.uepg.br\/dea\/?page_id=154"},"modified":"2026-02-24T10:40:56","modified_gmt":"2026-02-24T13:40:56","slug":"contato","status":"publish","type":"page","link":"https:\/\/www2.uepg.br\/dea\/contato\/","title":{"rendered":"Contato"},"content":{"rendered":"<p align=\"center\"><strong><span style=\"font-size: small;\">DEPARTAMENTO DE ENGENHARIA DE ALIMENTOS<\/span><\/strong><br \/>\nda Universidade Estadual de Ponta Grossa<\/p>\n<p align=\"center\">O hor\u00e1rio de atendimento \u00e9 das 08:00 \u00e0s 12:00 e das 13:00 \u00e0s 17:00 horas<\/p>\n<p align=\"center\">Campus Uvaranas &#8211; Centro de Tecnologia Agroalimentar (Anexo ao CIPP)<br \/>\nAvenida General Carlos Cavalcanti, 4748 &#8211; Ponta Grossa &#8211; PR<br \/>\nTelefones: 3220-3768 (Departamento) \/ 3220 3768 (Colegiado)<br \/>\nE-mail:\u00a0<a href=\"mailto:dealim@uepg.br\">dealim@uepg.br<\/a><\/p>\n","protected":false},"excerpt":{"rendered":"<p>DEPARTAMENTO DE ENGENHARIA DE ALIMENTOS da Universidade Estadual de Ponta Grossa O hor\u00e1rio de atendimento \u00e9 das 08:00 \u00e0s 12:00 e das 13:00 \u00e0s 17:00 horas Campus Uvaranas &#8211; Centro de Tecnologia Agroalimentar (Anexo ao CIPP) Avenida General Carlos Cavalcanti, 4748 &#8211; Ponta Grossa &#8211; PR Telefones: 3220-3768 (Departamento) \/ 3220 3768 (Colegiado) E-mail:\u00a0dealim@uepg.br<\/p>\n","protected":false},"author":378,"featured_media":0,"parent":0,"menu_order":0,"comment_status":"closed","ping_status":"closed","template":"","meta":[],"_links":{"self":[{"href":"https:\/\/www2.uepg.br\/dea\/wp-json\/wp\/v2\/pages\/154"}],"collection":[{"href":"https:\/\/www2.uepg.br\/dea\/wp-json\/wp\/v2\/pages"}],"about":[{"href":"https:\/\/www2.uepg.br\/dea\/wp-json\/wp\/v2\/types\/page"}],"author":[{"embeddable":true,"href":"https:\/\/www2.uepg.br\/dea\/wp-json\/wp\/v2\/users\/378"}],"replies":[{"embeddable":true,"href":"https:\/\/www2.uepg.br\/dea\/wp-json\/wp\/v2\/comments?post=154"}],"version-history":[{"count":3,"href":"https:\/\/www2.uepg.br\/dea\/wp-json\/wp\/v2\/pages\/154\/revisions"}],"predecessor-version":[{"id":248,"href":"https:\/\/www2.uepg.br\/dea\/wp-json\/wp\/v2\/pages\/154\/revisions\/248"}],"wp:attachment":[{"href":"https:\/\/www2.uepg.br\/dea\/wp-json\/wp\/v2\/media?parent=154"}],"curies":[{"name":"wp","href":"https:\/\/api.w.org\/{rel}","templated":true}]}}