{"id":11,"date":"2020-04-20T14:57:56","date_gmt":"2020-04-20T17:57:56","guid":{"rendered":"http:\/\/www2.uepg.br\/deadm\/?page_id=11"},"modified":"2024-04-02T09:14:36","modified_gmt":"2024-04-02T12:14:36","slug":"editais","status":"publish","type":"page","link":"https:\/\/www2.uepg.br\/deadm\/editais\/","title":{"rendered":"Editais"},"content":{"rendered":"<div id=\"pl-11\"  class=\"panel-layout\" ><div id=\"pg-11-0\"  class=\"panel-grid panel-no-style\" ><div id=\"pgc-11-0-0\"  class=\"panel-grid-cell\" ><div id=\"panel-11-0-0-0\" class=\"so-panel widget widget_sow-accordion panel-first-child panel-last-child\" data-index=\"0\" ><div\n\t\t\t\n\t\t\tclass=\"so-widget-sow-accordion so-widget-sow-accordion-default-7f158b849c7f-11\"\n\t\t\t\n\t\t><div>\n\t<div class=\"sow-accordion\">\n\t\t\t<div class=\"sow-accordion-panel\"\n\t\t\t data-anchor=\"2024\">\n\t\t\t\t<div class=\"sow-accordion-panel-header-container\" role=\"heading\" aria-level=\"2\">\n\t\t\t\t\t<div class=\"sow-accordion-panel-header\" tabindex=\"0\" role=\"button\" id=\"accordion-label-2024\" aria-controls=\"accordion-content-2024\" aria-expanded=\"false\">\n\t\t\t\t\t\t<div class=\"sow-accordion-title sow-accordion-title-icon-left\">\n\t\t\t\t\t\t\t\t\t\t\t\t\t\t2024\t\t\t\t\t\t\t\t\t\t\t\t\t<\/div>\n\t\t\t\t\t\t<div class=\"sow-accordion-open-close-button\">\n\t\t\t\t\t\t\t<div class=\"sow-accordion-open-button\">\n\t\t\t\t\t\t\t\t<span class=\"sow-icon-ionicons\" data-sow-icon=\"&#xf218;\"\n\t\t \n\t\taria-hidden=\"true\"><\/span>\t\t\t\t\t\t\t<\/div>\n\t\t\t\t\t\t\t<div class=\"sow-accordion-close-button\">\n\t\t\t\t\t\t\t\t<span class=\"sow-icon-ionicons\" data-sow-icon=\"&#xf209;\"\n\t\t \n\t\taria-hidden=\"true\"><\/span>\t\t\t\t\t\t\t<\/div>\n\t\t\t\t\t\t<\/div>\n\t\t\t\t\t<\/div>\n\t\t\t\t<\/div>\n\n\t\t\t<div\n\t\t\t\tclass=\"sow-accordion-panel-content\"\n\t\t\t\trole=\"region\"\n\t\t\t\taria-labelledby=\"accordion-label-2024\"\n\t\t\t\tid=\"accordion-content-2024\"\n\t\t\t\tstyle=\"display: none;\"\t\t\t>\n\t\t\t\t<div class=\"sow-accordion-panel-border\" tabindex=\"0\">\n\t\t\t\t\t<p><a href=\"https:\/\/www2.uepg.br\/deadm\/wp-content\/uploads\/sites\/263\/2024\/03\/EDITAL_01_-_2024_-_PEM_-_PROFESSOR_assinado.pdf\" target=\"_blank\" rel=\"noopener\">EDITAL 01\/2024 - PEM\/UEPG<\/a><\/p>\n<p><a href=\"https:\/\/www2.uepg.br\/deadm\/wp-content\/uploads\/sites\/263\/2024\/04\/EDITAL_02_-_2024_-_PEM_-_RESULTADO_assinado-1.pdf\" target=\"_blank\" rel=\"noopener\">EDITAL 02\/2024 - PEM\/UEPG<\/a><\/p>\n\t\t\t\t<\/div>\n\t\t\t<\/div>\n\t\t<\/div>\n\t\t\t<div class=\"sow-accordion-panel\"\n\t\t\t data-anchor=\"2023\">\n\t\t\t\t<div class=\"sow-accordion-panel-header-container\" role=\"heading\" aria-level=\"2\">\n\t\t\t\t\t<div class=\"sow-accordion-panel-header\" tabindex=\"0\" role=\"button\" id=\"accordion-label-2023\" aria-controls=\"accordion-content-2023\" aria-expanded=\"false\">\n\t\t\t\t\t\t<div class=\"sow-accordion-title sow-accordion-title-icon-left\">\n\t\t\t\t\t\t\t\t\t\t\t\t\t\t2023\t\t\t\t\t\t\t\t\t\t\t\t\t<\/div>\n\t\t\t\t\t\t<div class=\"sow-accordion-open-close-button\">\n\t\t\t\t\t\t\t<div class=\"sow-accordion-open-button\">\n\t\t\t\t\t\t\t\t<span class=\"sow-icon-ionicons\" data-sow-icon=\"&#xf218;\"\n\t\t \n\t\taria-hidden=\"true\"><\/span>\t\t\t\t\t\t\t<\/div>\n\t\t\t\t\t\t\t<div class=\"sow-accordion-close-button\">\n\t\t\t\t\t\t\t\t<span class=\"sow-icon-ionicons\" data-sow-icon=\"&#xf209;\"\n\t\t \n\t\taria-hidden=\"true\"><\/span>\t\t\t\t\t\t\t<\/div>\n\t\t\t\t\t\t<\/div>\n\t\t\t\t\t<\/div>\n\t\t\t\t<\/div>\n\n\t\t\t<div\n\t\t\t\tclass=\"sow-accordion-panel-content\"\n\t\t\t\trole=\"region\"\n\t\t\t\taria-labelledby=\"accordion-label-2023\"\n\t\t\t\tid=\"accordion-content-2023\"\n\t\t\t\tstyle=\"display: none;\"\t\t\t>\n\t\t\t\t<div class=\"sow-accordion-panel-border\" tabindex=\"0\">\n\t\t\t\t\t<p><a href=\"https:\/\/www2.uepg.br\/deadm\/wp-content\/uploads\/sites\/263\/2023\/04\/EDITAL-DE-SELECAO-Empreendedorismo-Social.docx\" target=\"_blank\" rel=\"noopener\">EDITAL DE SELE\u00c7\u00c3O - Empreendedorismo Social<\/a><\/p>\n<p><a href=\"https:\/\/www2.uepg.br\/deadm\/wp-content\/uploads\/sites\/263\/2023\/04\/EDITAL-FAUEPG-No-036-2023-SELECAO-DE-ESTAGIARIO-NA-AREA-DE-ADMINISTRACAO-1.pdf\" target=\"_blank\" rel=\"noopener\">EDITAL FAUEPG N\u00ba 036-2023 SELE\u00c7\u00c3O DE ESTAGI\u00c1RIO NA \u00c1REA DE ADMINISTRA\u00c7\u00c3O - ADM 2023<\/a><\/p>\n<p><a href=\"https:\/\/www2.uepg.br\/deadm\/wp-content\/uploads\/sites\/263\/2023\/02\/EDITAL-2-D-GRADUANDOS-RESULTADO.pdf\" target=\"_blank\" rel=\"noopener\">EDITAL 2 D - GRADUANDOS RESULTADO<\/a><\/p>\n<p><a href=\"https:\/\/www2.uepg.br\/deadm\/wp-content\/uploads\/sites\/263\/2023\/02\/EDITAL-2-D-GRADUANDOS-CLASSIFICACAO.pdf\" target=\"_blank\" rel=\"noopener\">EDITAL 2 D - GRADUANDOS CLASSIFICA\u00c7\u00c3O<\/a><\/p>\n<p><a href=\"https:\/\/www2.uepg.br\/deadm\/wp-content\/uploads\/sites\/263\/2023\/02\/EDITAL-2-D-GRADUANDOS-PR-Empreende-Mais.pdf\" target=\"_blank\" rel=\"noopener\">EDITAL 2D - GRADUANDOS - PR Empreende Mais<\/a><\/p>\n<p><a href=\"https:\/\/www2.uepg.br\/deadm\/wp-content\/uploads\/sites\/263\/2024\/02\/EDITAL_01-2023-PEM-1.pdf\" target=\"_blank\" rel=\"noopener\">EDITAL 01\/2023 - PEM\/UEPG<\/a><\/p>\n<p><a href=\"https:\/\/www2.uepg.br\/deadm\/wp-content\/uploads\/sites\/263\/2024\/02\/EDITAL_02-2023-PEM-RESULTADO.pdf\" target=\"_blank\" rel=\"noopener\">EDITAL 02\/2023 - PEM\/UEPG - RESULTADO<\/a><\/p>\n<p>\u00a0<\/p>\n\t\t\t\t<\/div>\n\t\t\t<\/div>\n\t\t<\/div>\n\t\t\t<div class=\"sow-accordion-panel\"\n\t\t\t data-anchor=\"2022\">\n\t\t\t\t<div class=\"sow-accordion-panel-header-container\" role=\"heading\" aria-level=\"2\">\n\t\t\t\t\t<div class=\"sow-accordion-panel-header\" tabindex=\"0\" role=\"button\" id=\"accordion-label-2022\" aria-controls=\"accordion-content-2022\" aria-expanded=\"false\">\n\t\t\t\t\t\t<div class=\"sow-accordion-title sow-accordion-title-icon-left\">\n\t\t\t\t\t\t\t\t\t\t\t\t\t\t2022\t\t\t\t\t\t\t\t\t\t\t\t\t<\/div>\n\t\t\t\t\t\t<div class=\"sow-accordion-open-close-button\">\n\t\t\t\t\t\t\t<div class=\"sow-accordion-open-button\">\n\t\t\t\t\t\t\t\t<span class=\"sow-icon-ionicons\" data-sow-icon=\"&#xf218;\"\n\t\t \n\t\taria-hidden=\"true\"><\/span>\t\t\t\t\t\t\t<\/div>\n\t\t\t\t\t\t\t<div class=\"sow-accordion-close-button\">\n\t\t\t\t\t\t\t\t<span class=\"sow-icon-ionicons\" data-sow-icon=\"&#xf209;\"\n\t\t \n\t\taria-hidden=\"true\"><\/span>\t\t\t\t\t\t\t<\/div>\n\t\t\t\t\t\t<\/div>\n\t\t\t\t\t<\/div>\n\t\t\t\t<\/div>\n\n\t\t\t<div\n\t\t\t\tclass=\"sow-accordion-panel-content\"\n\t\t\t\trole=\"region\"\n\t\t\t\taria-labelledby=\"accordion-label-2022\"\n\t\t\t\tid=\"accordion-content-2022\"\n\t\t\t\tstyle=\"display: none;\"\t\t\t>\n\t\t\t\t<div class=\"sow-accordion-panel-border\" tabindex=\"0\">\n\t\t\t\t\t<p><a href=\"https:\/\/www2.uepg.br\/deadm\/wp-content\/uploads\/sites\/263\/2022\/12\/Edital-projeto-de-extensao.docx\" target=\"_blank\" rel=\"noopener\">Edital 001\/2022 Lageis<\/a><\/p>\n<p><a href=\"https:\/\/www2.uepg.br\/deadm\/wp-content\/uploads\/sites\/263\/2022\/12\/EDITAL-2-B-GRADUANDOS.pdf\" target=\"_blank\" rel=\"noopener\">Paran\u00e1 Empreende Mais - Graduandos - 2B<\/a><\/p>\n<p><a href=\"https:\/\/www2.uepg.br\/deadm\/wp-content\/uploads\/sites\/263\/2022\/12\/EDITAL-2-C-GRADUANDOS-1.pdf\" target=\"_blank\" rel=\"noopener\">Paran\u00e1 Empreende Mais - Graduandos 2C<\/a><\/p>\n<p><a href=\"https:\/\/www2.uepg.br\/deadm\/wp-content\/uploads\/sites\/263\/2022\/12\/EDITAL-2-C-GRADUANDOS-CLASSIFICAO-1.pdf\" target=\"_blank\" rel=\"noopener\">Edital 2C - Graduando - Classifica\u00e7\u00e3o<\/a><\/p>\n\t\t\t\t<\/div>\n\t\t\t<\/div>\n\t\t<\/div>\n\t\t<\/div>\n<\/div>\n<\/div><\/div><\/div><\/div><\/div>","protected":false},"excerpt":{"rendered":"<p>2024 EDITAL 01\/2024 &#8211; PEM\/UEPG EDITAL 02\/2024 &#8211; PEM\/UEPG 2023 EDITAL DE SELE\u00c7\u00c3O &#8211; Empreendedorismo Social EDITAL FAUEPG N\u00ba 036-2023 SELE\u00c7\u00c3O DE ESTAGI\u00c1RIO NA \u00c1REA DE ADMINISTRA\u00c7\u00c3O &#8211; ADM 2023 EDITAL 2 D &#8211; GRADUANDOS RESULTADO EDITAL 2 D &#8211; GRADUANDOS CLASSIFICA\u00c7\u00c3O EDITAL 2D &#8211; GRADUANDOS &#8211; PR Empreende Mais EDITAL 01\/2023 &#8211; PEM\/UEPG EDITAL&nbsp;&hellip;<\/p>\n","protected":false},"author":24,"featured_media":0,"parent":0,"menu_order":0,"comment_status":"closed","ping_status":"closed","template":"","meta":[],"_links":{"self":[{"href":"https:\/\/www2.uepg.br\/deadm\/wp-json\/wp\/v2\/pages\/11"}],"collection":[{"href":"https:\/\/www2.uepg.br\/deadm\/wp-json\/wp\/v2\/pages"}],"about":[{"href":"https:\/\/www2.uepg.br\/deadm\/wp-json\/wp\/v2\/types\/page"}],"author":[{"embeddable":true,"href":"https:\/\/www2.uepg.br\/deadm\/wp-json\/wp\/v2\/users\/24"}],"replies":[{"embeddable":true,"href":"https:\/\/www2.uepg.br\/deadm\/wp-json\/wp\/v2\/comments?post=11"}],"version-history":[{"count":22,"href":"https:\/\/www2.uepg.br\/deadm\/wp-json\/wp\/v2\/pages\/11\/revisions"}],"predecessor-version":[{"id":479,"href":"https:\/\/www2.uepg.br\/deadm\/wp-json\/wp\/v2\/pages\/11\/revisions\/479"}],"wp:attachment":[{"href":"https:\/\/www2.uepg.br\/deadm\/wp-json\/wp\/v2\/media?parent=11"}],"curies":[{"name":"wp","href":"https:\/\/api.w.org\/{rel}","templated":true}]}}