{"id":130,"date":"2022-12-13T10:10:06","date_gmt":"2022-12-13T13:10:06","guid":{"rendered":"https:\/\/www2.uepg.br\/deadm\/?page_id=130"},"modified":"2025-09-24T19:55:09","modified_gmt":"2025-09-24T22:55:09","slug":"administrativa","status":"publish","type":"page","link":"https:\/\/www2.uepg.br\/deadm\/administrativa\/","title":{"rendered":"Administrativa"},"content":{"rendered":"<div id=\"pl-130\"  class=\"panel-layout\" ><div id=\"pg-130-0\"  class=\"panel-grid panel-no-style\" ><div id=\"pgc-130-0-0\"  class=\"panel-grid-cell\" ><div id=\"panel-130-0-0-0\" class=\"so-panel widget widget_sow-editor panel-first-child panel-last-child\" data-index=\"0\" ><div\n\t\t\t\n\t\t\tclass=\"so-widget-sow-editor so-widget-sow-editor-base\"\n\t\t\t\n\t\t>\n<div class=\"siteorigin-widget-tinymce textwidget\">\n\t<h5 style=\"text-align: center\"><strong><u>CHEFE DO DEPARTAMENTO<\/u><\/strong><\/h5>\n<p style=\"text-align: center\">Dr. Osvaldo Malta Callegari<\/p>\n<p style=\"text-align: center\"><a href=\"mailto:osvaldo.callegari1@uepg.br\">osvaldo.callegari1@uepg.br<\/a><\/p>\n<h5 style=\"text-align: center\"><strong><u>CHEFE ADJUNTO<\/u><\/strong><\/h5>\n<p style=\"text-align: center\">Msc. Livio Marcel Queji<\/p>\n<p style=\"text-align: center\"><a href=\"mailto:queji@uepg.br\">queji@uepg.br<\/a><\/p>\n<h5 style=\"text-align: center\"><strong><u>SECRETARIA DO DEPARTAMENTO<\/u><\/strong><\/h5>\n<p style=\"text-align: center\">Lucia Helena de Oliveira<\/p>\n<p style=\"text-align: center\"><a href=\"mailto:deadmpg@gmail.com\">deadmpg@gmail.com<\/a><\/p>\n<h5 style=\"text-align: center\"><strong><u>COORDENA\u00c7\u00c3O DO CURSO DE ADMINISTRA\u00c7\u00c3O<\/u><\/strong><\/h5>\n<p style=\"text-align: center\">Dr. Eug\u00eanio Maur\u00edcio da Silva Neto<\/p>\n<p style=\"text-align: center\"><a href=\"mailto:silvaneto10@hotmail.com\">silvaneto10@hotmail.com<\/a><\/p>\n<h5 style=\"text-align: center\"><strong><u>COORDENA\u00c7\u00c3O ADJUNTA DO CURSO DE ADMINISTRA\u00c7\u00c3O\u00a0<\/u><\/strong><\/h5>\n<p style=\"text-align: center\">Dra. Sirlei Moletta<\/p>\n<p style=\"text-align: center\"><a href=\"mailto:sirleimoletta@yahoo.com.br\">sirleimoletta@yahoo.com.br<\/a><\/p>\n<h5 style=\"text-align: center\"><strong><u>COORDENA\u00c7\u00c3O DO CURSO DE ADMINISTRA\u00c7\u00c3O COM LINHA DE FORMA\u00c7\u00c3O EM COM\u00c9RCIO EXTERIOR<\/u><\/strong><\/h5>\n<p style=\"text-align: center\">Dra. Adriana Gresielly Fabrini<\/p>\n<p style=\"text-align: center\"><a href=\"mailto:adriana.fabrini@yahoo.com\">adriana.fabrini@yahoo.com<\/a><\/p>\n<h5 style=\"text-align: center\"><strong><u>COORDENA\u00c7\u00c3O ADJUNTA DO CURSO DE ADMINISTRA\u00c7\u00c3O<\/u><\/strong><strong><u> COM LINHA DE FORMA\u00c7\u00c3O EM COM\u00c9RCIO EXTERIOR<\/u><\/strong><\/h5>\n<p style=\"text-align: center\">Msc. Joselton Jos\u00e9 de Almeida Rocha<\/p>\n<p style=\"text-align: center\"><a href=\"mailto:joseltonrocha@gmail.com\">joseltonrocha@gmail.com<\/a><\/p>\n<h5 style=\"text-align: center\"><u><strong>SECRETARIA DO COLEGIADO DE CURSOS ADMINISTRA\u00c7\u00c3O E ADMINISTRA\u00c7\u00c3O COM LINHA DE FORMA\u00c7\u00c3O EM COM\u00c9RCIO EXTERIOR<\/strong><\/u><\/h5>\n<p style=\"text-align: center\">Mauricio Jos\u00e9 Kaczamarech<\/p>\n<p style=\"text-align: center\"><a href=\"mailto:coladm@uepg.br\">coladm@uepg.br<\/a><\/p>\n<h5 style=\"text-align: center\"><u><strong>COORDENA\u00c7\u00c3O DO CURSO DE ADMINISTRA\u00c7\u00c3O P\u00daBLICA EaD<\/strong><\/u><\/h5>\n<p style=\"text-align: center\">Dra. Rubia Carla Maier Biscaia<\/p>\n<p style=\"text-align: center\"><a href=\"mailto:coordc.adp.luiz@ead.uepg.br\">rubiacmaier@yahoo.com.br<\/a><\/p>\n<h5 style=\"text-align: center\"><u><strong>COORDENA\u00c7\u00c3O DO CURSO SUPERIOR DE TECNOLOGIA EM GEST\u00c3O P\u00daBLICA EaD<\/strong><\/u><\/h5>\n<p style=\"text-align: center\">Dra. Marilisa do Rocio Oliveira<\/p>\n<p style=\"text-align: center\"><a href=\"mailto:marilisa2@bol.com.br\">marilisa2@bol.com.br<\/a><\/p>\n<h5 style=\"text-align: center\"><u><strong>COORDENA\u00c7\u00c3O DO CURSO SUPERIOR DE TECNOLOGIA EM LOG\u00cdSTICA EaD<\/strong><\/u><\/h5>\n<p style=\"text-align: center\">Msc. L\u00edvio Marcel Queji<\/p>\n<p style=\"text-align: center\"><a href=\"mailto:queji@uepg.br\">queji@uepg.br<\/a><\/p>\n<h5 style=\"text-align: center\"><u><strong>COORDENA\u00c7\u00c3O DE EST\u00c1GIO SUPERVISIONADO DO CURSO DE ADMINISTRA\u00c7\u00c3O<\/strong><\/u><\/h5>\n<p style=\"text-align: center\">Dra. Carolina Scalise Taques Fonseca<\/p>\n<p style=\"text-align: center\"><span id=\"cloak98830cc6bb789a572a9f6aa1109a1566\"><span id=\"cloak3f40a4ba2e3d6f73a5b8521a4dbf2e01\"><a href=\"mailto:carolinastfonseca@gmail.com\">carolinastfonseca@gmail.com<\/a><\/span><\/span><\/p>\n<h5 style=\"text-align: center\"><u><strong>COORDENA\u00c7\u00c3O DE EST\u00c1GIO SUPERVISIONADO DO CURSO DE ADMINISTRA\u00c7\u00c3O COM LINHA DE FORMA\u00c7\u00c3O EM COM\u00c9RCIO EXTERIOR<\/strong><\/u><\/h5>\n<p style=\"text-align: center\">Dr. Luiz Fernando Lara<\/p>\n<p style=\"text-align: center\"><span id=\"cloak98830cc6bb789a572a9f6aa1109a1566\"><span id=\"cloak3f40a4ba2e3d6f73a5b8521a4dbf2e01\"><a href=\"mailto:lflara2010@gmail.com\">lflara2010@gmail.com<\/a><\/span><\/span><\/p>\n<h5 style=\"text-align: center\"><u><strong>COORDENA\u00c7\u00c3O DE EXTENS\u00c3O DO CURSO DE ADMINISTRA\u00c7\u00c3O<\/strong><\/u><\/h5>\n<p style=\"text-align: center\">Dra. Marilisa do Rocio Oliveira<\/p>\n<p style=\"text-align: center\"><a href=\"mailto:marilisa2@bol.com.br\">marilisa2@bol.com.br<\/a><\/p>\n<h5 style=\"text-align: center\"><u><strong>COORDENA\u00c7\u00c3O DE EXTENS\u00c3O DO CURSO DE ADMINISTRA\u00c7\u00c3O COM LINHA DE FORMA\u00c7\u00c3O EM COM\u00c9RCIO EXTERIOR<\/strong><\/u><\/h5>\n<p style=\"text-align: center\">Dra. Rubia Carla Maier Biscaia<\/p>\n<p style=\"text-align: center\"><a href=\"mailto:coordc.adp.luiz@ead.uepg.br\">rubiacmaier@yahoo.com.br<\/a><\/p>\n<h5 style=\"text-align: center\"><u><strong>COORDENA\u00c7\u00c3O DE TUTORIA DE ADMINISTRA\u00c7\u00c3O P\u00daBLICA EaD<\/strong><\/u><\/h5>\n<p style=\"text-align: center\">Dra. Leozenir Mendes Betim<\/p>\n<p style=\"text-align: center\"><a href=\"mailto:leobetim0802@gmail.com\">leobetim0802@gmail.com<\/a><\/p>\n<p>&nbsp;<\/p>\n<p>&nbsp;<\/p>\n<\/div>\n<\/div><\/div><\/div><\/div><\/div>","protected":false},"excerpt":{"rendered":"<p>CHEFE DO DEPARTAMENTO Dr. Osvaldo Malta Callegari osvaldo.callegari1@uepg.br CHEFE ADJUNTO Msc. Livio Marcel Queji queji@uepg.br SECRETARIA DO DEPARTAMENTO Lucia Helena de Oliveira deadmpg@gmail.com COORDENA\u00c7\u00c3O DO CURSO DE ADMINISTRA\u00c7\u00c3O Dr. Eug\u00eanio Maur\u00edcio da Silva Neto silvaneto10@hotmail.com COORDENA\u00c7\u00c3O ADJUNTA DO CURSO DE ADMINISTRA\u00c7\u00c3O\u00a0 Dra. Sirlei Moletta sirleimoletta@yahoo.com.br COORDENA\u00c7\u00c3O DO CURSO DE ADMINISTRA\u00c7\u00c3O COM LINHA DE FORMA\u00c7\u00c3O EM&nbsp;&hellip;<\/p>\n","protected":false},"author":582,"featured_media":275,"parent":0,"menu_order":0,"comment_status":"closed","ping_status":"closed","template":"","meta":[],"_links":{"self":[{"href":"https:\/\/www2.uepg.br\/deadm\/wp-json\/wp\/v2\/pages\/130"}],"collection":[{"href":"https:\/\/www2.uepg.br\/deadm\/wp-json\/wp\/v2\/pages"}],"about":[{"href":"https:\/\/www2.uepg.br\/deadm\/wp-json\/wp\/v2\/types\/page"}],"author":[{"embeddable":true,"href":"https:\/\/www2.uepg.br\/deadm\/wp-json\/wp\/v2\/users\/582"}],"replies":[{"embeddable":true,"href":"https:\/\/www2.uepg.br\/deadm\/wp-json\/wp\/v2\/comments?post=130"}],"version-history":[{"count":19,"href":"https:\/\/www2.uepg.br\/deadm\/wp-json\/wp\/v2\/pages\/130\/revisions"}],"predecessor-version":[{"id":622,"href":"https:\/\/www2.uepg.br\/deadm\/wp-json\/wp\/v2\/pages\/130\/revisions\/622"}],"wp:featuredmedia":[{"embeddable":true,"href":"https:\/\/www2.uepg.br\/deadm\/wp-json\/wp\/v2\/media\/275"}],"wp:attachment":[{"href":"https:\/\/www2.uepg.br\/deadm\/wp-json\/wp\/v2\/media?parent=130"}],"curies":[{"name":"wp","href":"https:\/\/api.w.org\/{rel}","templated":true}]}}