{"id":131,"date":"2022-12-13T10:10:06","date_gmt":"2022-12-13T13:10:06","guid":{"rendered":"https:\/\/www2.uepg.br\/deadm\/?page_id=131"},"modified":"2025-09-24T19:51:24","modified_gmt":"2025-09-24T22:51:24","slug":"colegiado","status":"publish","type":"page","link":"https:\/\/www2.uepg.br\/deadm\/colegiado\/","title":{"rendered":"Colegiado"},"content":{"rendered":"<div id=\"pl-131\"  class=\"panel-layout\" ><div id=\"pg-131-0\"  class=\"panel-grid panel-no-style\" ><div id=\"pgc-131-0-0\"  class=\"panel-grid-cell\" ><div id=\"panel-131-0-0-0\" class=\"so-panel widget widget_sow-editor panel-first-child panel-last-child\" data-index=\"0\" ><div\n\t\t\t\n\t\t\tclass=\"so-widget-sow-editor so-widget-sow-editor-base\"\n\t\t\t\n\t\t>\n<div class=\"siteorigin-widget-tinymce textwidget\">\n\t<h5 style=\"text-align: center\"><strong><u>MEMBROS DO COLEGIADO DO CURSO DE ADMINISTRA\u00c7\u00c3O<\/u><\/strong><\/h5>\n<p style=\"text-align: center\">Dr. Eug\u00eanio Maur\u00edcio da Silva Neto - Coordenador<\/p>\n<p style=\"text-align: center\">Dra. Sirlei Moletta - Coordenadora Adjunta<\/p>\n<p style=\"text-align: center\">Dra. Rubia Carla Maier Biscaia - Coordenadora do Curso de Administra\u00e7\u00e3o P\u00fablica<\/p>\n<p style=\"text-align: center\">Dra. Marilisa do Rocio Oliveira - Coordenadora do Curso Tecn\u00f3logo em Administra\u00e7\u00e3o P\u00fablica<\/p>\n<p style=\"text-align: center\">Dra. Carolina Scalise Taques Fonseca - Coordenadora de Est\u00e1gio dos Cursos de Administra\u00e7\u00e3o<\/p>\n<p style=\"text-align: center\">Dra. Rosemary Aparecida Martins Roberto<\/p>\n<p style=\"text-align: center\">Dra. Taciana Cordazzo<\/p>\n<p style=\"text-align: center\">Msc. Silas Guimar\u00e3es Moro<\/p>\n<h5><\/h5>\n<h5 style=\"text-align: center\"><strong><u>MEMBROS DO COLEGIADO DO CURSO DE ADMINISTRA\u00c7\u00c3O COM LINHA DE FORMA\u00c7\u00c3O EM COM\u00c9RCIO EXTERIOR<\/u><\/strong><\/h5>\n<p style=\"text-align: center\">Dra. Adriana Gresielly Fabrini - Coordenadora<\/p>\n<p style=\"text-align: center\">Dr. Cesar Eduardo Abud Limas<\/p>\n<p style=\"text-align: center\">Dra. Gislaine Martinelli Baniski<\/p>\n<p style=\"text-align: center\">Dr. Luiz Fernando Lara - Coordenador de Est\u00e1gio dos Cursos de Administra\u00e7\u00e3o e Comex<\/p>\n<p style=\"text-align: center\">Dr. Osvaldo Malta Callegari<\/p>\n<h5><\/h5>\n<h5 style=\"text-align: center\"><strong><u>COMPOSI\u00c7\u00c3O DO N\u00daCLEO DOCENTE ESTRUTURANTE\u00a0<\/u><\/strong><\/h5>\n<p style=\"text-align: center\">Dr. Carlos Ubiratan da Costa Schier<\/p>\n<p style=\"text-align: center\">Dra. Carolina Scalise Taques Fonseca<\/p>\n<p style=\"text-align: center\">\u00a0Dra. R\u00fabia Carla Maier Biscaia<\/p>\n<p style=\"text-align: center\">Dra. Taciana Cordazzo<\/p>\n<p>&nbsp;<\/p>\n<\/div>\n<\/div><\/div><\/div><\/div><\/div>","protected":false},"excerpt":{"rendered":"<p>MEMBROS DO COLEGIADO DO CURSO DE ADMINISTRA\u00c7\u00c3O Dr. Eug\u00eanio Maur\u00edcio da Silva Neto &#8211; Coordenador Dra. Sirlei Moletta &#8211; Coordenadora Adjunta Dra. Rubia Carla Maier Biscaia &#8211; Coordenadora do Curso de Administra\u00e7\u00e3o P\u00fablica Dra. Marilisa do Rocio Oliveira &#8211; Coordenadora do Curso Tecn\u00f3logo em Administra\u00e7\u00e3o P\u00fablica Dra. Carolina Scalise Taques Fonseca &#8211; Coordenadora de Est\u00e1gio&nbsp;&hellip;<\/p>\n","protected":false},"author":582,"featured_media":0,"parent":0,"menu_order":0,"comment_status":"closed","ping_status":"closed","template":"","meta":[],"_links":{"self":[{"href":"https:\/\/www2.uepg.br\/deadm\/wp-json\/wp\/v2\/pages\/131"}],"collection":[{"href":"https:\/\/www2.uepg.br\/deadm\/wp-json\/wp\/v2\/pages"}],"about":[{"href":"https:\/\/www2.uepg.br\/deadm\/wp-json\/wp\/v2\/types\/page"}],"author":[{"embeddable":true,"href":"https:\/\/www2.uepg.br\/deadm\/wp-json\/wp\/v2\/users\/582"}],"replies":[{"embeddable":true,"href":"https:\/\/www2.uepg.br\/deadm\/wp-json\/wp\/v2\/comments?post=131"}],"version-history":[{"count":15,"href":"https:\/\/www2.uepg.br\/deadm\/wp-json\/wp\/v2\/pages\/131\/revisions"}],"predecessor-version":[{"id":619,"href":"https:\/\/www2.uepg.br\/deadm\/wp-json\/wp\/v2\/pages\/131\/revisions\/619"}],"wp:attachment":[{"href":"https:\/\/www2.uepg.br\/deadm\/wp-json\/wp\/v2\/media?parent=131"}],"curies":[{"name":"wp","href":"https:\/\/api.w.org\/{rel}","templated":true}]}}