{"id":133,"date":"2022-12-13T10:10:06","date_gmt":"2022-12-13T13:10:06","guid":{"rendered":"https:\/\/www2.uepg.br\/deadm\/?page_id=133"},"modified":"2023-12-20T18:09:38","modified_gmt":"2023-12-20T21:09:38","slug":"titulares","status":"publish","type":"page","link":"https:\/\/www2.uepg.br\/deadm\/titulares\/","title":{"rendered":"Titulares"},"content":{"rendered":"<table width=\"100%\" cellspacing=\"0\" cellpadding=\"4\">\n<tbody>\n<tr>\n<td><img loading=\"lazy\" class=\"alignnone size-full wp-image-279\" src=\"https:\/\/www2.uepg.br\/deadm\/wp-content\/uploads\/sites\/263\/2022\/12\/Adriana-Diniz.jpg\" alt=\"\" width=\"150\" height=\"180\" \/><\/td>\n<td style=\"text-align: left\"><strong>NOME: <\/strong>ADRIANA GRESIELLY FABRINI<br \/>\n<strong>TITULA\u00c7\u00c3O: <\/strong>DOUTORA &#8211; ADMINISTRA\u00c7\u00c3O &#8211; UP &#8211; UNIVERSIDADE POSITIVO<br \/>\n<strong>REGIME: <\/strong>DEDICA\u00c7\u00c3O EXCLUSIVA<br \/>\n<strong>E-MAIL: <\/strong><a href=\"mailto:adrianafabrini@uepg.br\">adrianafabrini@uepg.br<\/a><br \/>\n<strong>LATTES: <\/strong><a href=\"http:\/\/lattes.cnpq.br\/2302891923201822\" target=\"_blank\" rel=\"noopener\">http:\/\/lattes.cnpq.br\/2302891923201822<\/a><\/td>\n<\/tr>\n<tr>\n<td><img loading=\"lazy\" class=\"alignnone size-full wp-image-281\" src=\"https:\/\/www2.uepg.br\/deadm\/wp-content\/uploads\/sites\/263\/2022\/12\/Carlos150x180.jpg\" alt=\"\" width=\"150\" height=\"180\" \/><\/td>\n<td style=\"text-align: left\"><strong>NOME: <\/strong>CARLOS UBIRATAN DA COSTA SCHIER<br \/>\n<strong>TITULA\u00c7\u00c3O: <\/strong>DOUTOR &#8211; ENGENHARIA DE PRODU\u00c7\u00c3O &#8211; UFSC<br \/>\n<strong>REGIME: <\/strong>DEDICA\u00c7\u00c3O EXCLUSIVA<br \/>\n<strong>E-MAIL: <\/strong><a href=\"mailto:ubiratanschier@hotmail.com\">ubiratanschier@hotmail.com<\/a><br \/>\n<strong>LATTES: <\/strong><a href=\"http:\/\/lattes.cnpq.br\/7694038830640167\" target=\"_blank\" rel=\"noopener\">http:\/\/lattes.cnpq.br\/7694038830640167<\/a><\/td>\n<\/tr>\n<tr>\n<td><img loading=\"lazy\" class=\"alignnone size-full wp-image-282\" src=\"https:\/\/www2.uepg.br\/deadm\/wp-content\/uploads\/sites\/263\/2022\/12\/Carolina-Taques.jpg\" alt=\"\" width=\"150\" height=\"180\" \/><\/td>\n<td style=\"text-align: left\"><strong>NOME: <\/strong>CAROLINA SCALISE TAQUES FONSECA<br \/>\n<strong>TITULA\u00c7\u00c3O: <\/strong>DOUTORA &#8211; ADMINISTRA\u00c7\u00c3O &#8211; UP &#8211; UNIVERSIDADE POSITIVO<br \/>\n<strong>REGIME: <\/strong>DEDICA\u00c7\u00c3O EXCLUSIVA<br \/>\n<strong>E-MAIL: <\/strong><a href=\"mailto:carolinaschlumberger@terra.com.br\">carolinaschlumberger@terra.com.br<\/a><br \/>\n<strong>LATTES: <\/strong><a href=\"http:\/\/lattes.cnpq.br\/0315847847144479\" target=\"_blank\" rel=\"noopener\">http:\/\/lattes.cnpq.br\/0315847847144479<\/a><\/td>\n<\/tr>\n<tr>\n<td><img loading=\"lazy\" class=\"alignnone size-full wp-image-284\" src=\"https:\/\/www2.uepg.br\/deadm\/wp-content\/uploads\/sites\/263\/2022\/12\/Cesar.jpg\" alt=\"\" width=\"150\" height=\"180\" \/><\/td>\n<td style=\"text-align: left\"><strong>NOME: <\/strong>CESAR EDUARDO ABUD LIMAS<br \/>\n<strong>TITULA\u00c7\u00c3O: <\/strong>DOUTOR &#8211; ADMINISTRA\u00c7\u00c3O &#8211; UP &#8211; UNIVERSIDADE POSITIVO<br \/>\n<strong>REGIME: <\/strong>DEDICA\u00c7\u00c3O EXCLUSIVA<br \/>\n<strong>E-MAIL: <\/strong><a href=\"mailto:cesar@cesarabud.com.br\">cesar@cesarabud.com.br<\/a><br \/>\n<strong>LATTES: <\/strong><a href=\"http:\/\/lattes.cnpq.br\/3688856471393430\" target=\"_blank\" rel=\"noopener\">http:\/\/lattes.cnpq.br\/3688856471393430<\/a><br \/>\n<strong>SITE: <\/strong><a href=\"https:\/\/www.cesarabud.com.br\/\" target=\"_blank\" rel=\"noopener\">https:\/\/www.cesarabud.com.br\/<\/a><\/td>\n<\/tr>\n<tr>\n<td><img loading=\"lazy\" class=\"alignnone size-full wp-image-285\" src=\"https:\/\/www2.uepg.br\/deadm\/wp-content\/uploads\/sites\/263\/2022\/12\/Eliane.jpg\" alt=\"\" width=\"150\" height=\"180\" \/><\/td>\n<td style=\"text-align: left\"><strong>NOME: <\/strong>ELIANE DE F\u00c1TIMA RAUSKI<br \/>\n<strong>TITULA\u00c7\u00c3O: <\/strong>DOUTORA &#8211; CI\u00caNCIAS SOCIAIS APLICADAS &#8211; UEPG<br \/>\n<strong>REGIME: <\/strong>DEDICA\u00c7\u00c3O EXCLUSIVA<br \/>\n<strong>E-MAIL: <\/strong><a href=\"mailto:erauski@uepg.br\">erauski@uepg.br<\/a><br \/>\n<strong>LATTES: <\/strong><a href=\"http:\/\/lattes.cnpq.br\/3069417421152500\" target=\"_blank\" rel=\"noopener\">http:\/\/lattes.cnpq.br\/3069417421152500<\/a><\/td>\n<\/tr>\n<tr>\n<td><img loading=\"lazy\" class=\"alignnone size-full wp-image-286\" src=\"https:\/\/www2.uepg.br\/deadm\/wp-content\/uploads\/sites\/263\/2022\/12\/Eugenio.jpg\" alt=\"\" width=\"150\" height=\"180\" \/><\/td>\n<td style=\"text-align: left\"><strong>NOME: <\/strong>EUG\u00caNIO MAUR\u00cdCIO DA SILVA NETO<br \/>\n<strong>TITULA\u00c7\u00c3O: <\/strong>MESTRE &#8211; ENGENHARIA DE PRODU\u00c7\u00c3O- UTFPR<br \/>\n<strong>REGIME: <\/strong>DEDICA\u00c7\u00c3O EXCLUSIVA<br \/>\n<strong>E-MAIL: <\/strong><a href=\"mailto:silvaneto10@hotmail.com\">silvaneto10@hotmail.com<\/a><br \/>\n<strong>LATTES: <\/strong><a href=\"http:\/\/lattes.cnpq.br\/4377783025025926\" target=\"_blank\" rel=\"noopener\">http:\/\/lattes.cnpq.br\/4377783025025926<\/a><\/td>\n<\/tr>\n<tr>\n<td><img loading=\"lazy\" class=\"alignnone size-full wp-image-287\" src=\"https:\/\/www2.uepg.br\/deadm\/wp-content\/uploads\/sites\/263\/2022\/12\/Gislaine.jpg\" alt=\"\" width=\"150\" height=\"180\" \/><\/td>\n<td style=\"text-align: left\"><strong>NOME: <\/strong>GISLAINE MARTINELLI BANISKI<br \/>\n<strong>TITULA\u00c7\u00c3O: <\/strong>DOUTORA &#8211; ADMINISTRA\u00c7\u00c3O &#8211; UP &#8211; UNIVERSIDADE POSITIVO<br \/>\n<strong>REGIME: <\/strong>DEDICA\u00c7\u00c3O EXCLUSIVA<br \/>\n<strong>E-MAIL: <\/strong><a href=\"mailto:gislainebaniski@hotmail.com\">gislainebaniski@hotmail.com<\/a><br \/>\n<strong>LATTES: <\/strong><a href=\"http:\/\/lattes.cnpq.br\/2203579803150674\" target=\"_blank\" rel=\"noopener\">http:\/\/lattes.cnpq.br\/2203579803150674<\/a><\/td>\n<\/tr>\n<tr>\n<td><img loading=\"lazy\" class=\"alignnone size-full wp-image-288\" src=\"https:\/\/www2.uepg.br\/deadm\/wp-content\/uploads\/sites\/263\/2022\/12\/Joselton.jpg\" alt=\"\" width=\"150\" height=\"180\" \/><\/td>\n<td style=\"text-align: left\"><strong>NOME: <\/strong>JOSELTON JOS\u00c9 DE ALMEIDA ROCHA<br \/>\n<strong>TITULA\u00c7\u00c3O: <\/strong>MESTRE &#8211; CI\u00caNCIAS SOCIAIS APLICADAS &#8211; UEPG<br \/>\n<strong>REGIME: <\/strong>DEDICA\u00c7\u00c3O EXCLUSIVA<br \/>\n<strong>E-MAIL: <\/strong><a href=\"mailto:joselton@uepg.br\">joselton@uepg.br<\/a><br \/>\n<strong>LATTES: <\/strong><a href=\"http:\/\/lattes.cnpq.br\/6728509075980824\" target=\"_blank\" rel=\"noopener\">http:\/\/lattes.cnpq.br\/6728509075980824<\/a><\/td>\n<\/tr>\n<tr>\n<td><img loading=\"lazy\" class=\"alignnone size-full wp-image-289\" src=\"https:\/\/www2.uepg.br\/deadm\/wp-content\/uploads\/sites\/263\/2022\/12\/Juvancir.jpg\" alt=\"\" width=\"150\" height=\"180\" \/><\/td>\n<td style=\"text-align: left\"><strong>NOME: <\/strong>JUVANCIR DA SILVA<br \/>\n<strong>TITULA\u00c7\u00c3O: <\/strong>DOUTOR &#8211; GEST\u00c3O AMBIENTAL &#8211; UP &#8211; UNIVERSIDADE POSITIVO<br \/>\n<strong>REGIME: <\/strong>DEDICA\u00c7\u00c3O EXCLUSIVA<br \/>\n<strong>E-MAIL: <\/strong><a href=\"mailto:juvancirsilva@uepg.br\">juvancirsilva@uepg.br<\/a><br \/>\n<strong>LATTES: <\/strong><a href=\"http:\/\/lattes.cnpq.br\/2547562131527998\" target=\"_blank\" rel=\"noopener\">http:\/\/lattes.cnpq.br\/2547562131527998<\/a><\/td>\n<\/tr>\n<tr>\n<td><img loading=\"lazy\" class=\"alignnone size-full wp-image-290\" src=\"https:\/\/www2.uepg.br\/deadm\/wp-content\/uploads\/sites\/263\/2022\/12\/Livio.jpg\" alt=\"\" width=\"150\" height=\"180\" \/><\/td>\n<td style=\"text-align: left\"><strong>NOME: <\/strong>L\u00cdVIO MARCEL QUEJI<br \/>\n<strong>TITULA\u00c7\u00c3O: <\/strong>MESTRE &#8211; ENGENHARIA DE PRODU\u00c7\u00c3O &#8211; UFSC<br \/>\n<strong>REGIME: <\/strong>DEDICA\u00c7\u00c3O EXCLUSIVA<br \/>\n<strong>E-MAIL: <\/strong><a href=\"mailto:queji@uepg.br\">queji@uepg.br<\/a><br \/>\n<strong>LATTES: <\/strong><a href=\"http:\/\/lattes.cnpq.br\/0414227511020931\" target=\"_blank\" rel=\"noopener\">http:\/\/lattes.cnpq.br\/0414227511020931<\/a><\/td>\n<\/tr>\n<tr>\n<td><img loading=\"lazy\" class=\"alignnone size-full wp-image-291\" src=\"https:\/\/www2.uepg.br\/deadm\/wp-content\/uploads\/sites\/263\/2022\/12\/LuizAlexandre.jpg\" alt=\"\" width=\"150\" height=\"180\" \/><\/td>\n<td style=\"text-align: left\"><strong>NOME: <\/strong>LUIZ ALEXANDRE BARBOSA PINTO<br \/>\n<strong>TITULA\u00c7\u00c3O: <\/strong>MESTRE &#8211; ENGENHARIA DE PRODU\u00c7\u00c3O &#8211; UTFPR<br \/>\n<strong>REGIME: <\/strong>20 HORAS<br \/>\n<strong>E-MAIL: <\/strong><a href=\"mailto:lap@smagon.com.br\">lap@smagon.com.br<\/a><br \/>\n<strong>LATTES: <\/strong><a href=\"http:\/\/lattes.cnpq.br\/7167150926227913\" target=\"_blank\" rel=\"noopener\">http:\/\/lattes.cnpq.br\/7167150926227913<\/a><\/td>\n<\/tr>\n<tr>\n<td><img loading=\"lazy\" class=\"alignnone size-full wp-image-292\" src=\"https:\/\/www2.uepg.br\/deadm\/wp-content\/uploads\/sites\/263\/2022\/12\/Lara.jpg\" alt=\"\" width=\"150\" height=\"180\" \/><\/td>\n<td style=\"text-align: left\"><strong>NOME: <\/strong>LUIZ FERNANDO LARA<br \/>\n<strong>TITULA\u00c7\u00c3O: <\/strong>DOUTOR &#8211; CI\u00caNCIAS SOCIAIS &#8211; PUC-SP<br \/>\n<strong>REGIME: <\/strong>DEDICA\u00c7\u00c3O EXCLUSIVA<br \/>\n<strong>E-MAIL: <\/strong><a href=\"mailto:lflara2010@gmail.com\">lflara2010@gmail.com<\/a><br \/>\n<strong>LATTES: <\/strong><a href=\"http:\/\/lattes.cnpq.br\/6593298432478710\" target=\"_blank\" rel=\"noopener\">http:\/\/lattes.cnpq.br\/6593298432478710<\/a><\/td>\n<\/tr>\n<tr>\n<td><img loading=\"lazy\" class=\"alignnone size-full wp-image-294\" src=\"https:\/\/www2.uepg.br\/deadm\/wp-content\/uploads\/sites\/263\/2022\/12\/Marilisa.jpg\" alt=\"\" width=\"150\" height=\"180\" \/><\/td>\n<td style=\"text-align: left\"><strong>NOME: <\/strong>MARILISA DO ROCIO OLIVEIRA<br \/>\n<strong>TITULA\u00c7\u00c3O: <\/strong>DOUTORA &#8211; ADMINISTRA\u00c7\u00c3O &#8211; UNAM<br \/>\n<strong>REGIME: <\/strong>DEDICA\u00c7\u00c3O EXCLUSIVA<br \/>\n<strong>E-MAIL: <\/strong><a href=\"mailto:marilisa2@bol.com.br\">marilisa2@bol.com.br<\/a><br \/>\n<strong>LATTES: <\/strong><a href=\"http:\/\/lattes.cnpq.br\/2507329619723035\" target=\"_blank\" rel=\"noopener\">http:\/\/lattes.cnpq.br\/2507329619723035<\/a><\/td>\n<\/tr>\n<tr>\n<td><img loading=\"lazy\" class=\"alignnone size-full wp-image-295\" src=\"https:\/\/www2.uepg.br\/deadm\/wp-content\/uploads\/sites\/263\/2022\/12\/Osvaldo.jpg\" alt=\"\" width=\"150\" height=\"180\" \/><\/td>\n<td style=\"text-align: left\"><strong>NOME: <\/strong>OSVALDO MALTA CALLEGARI<br \/>\n<strong>TITULA\u00c7\u00c3O: <\/strong>DOUTOR &#8211; ADMINISTRA\u00c7\u00c3O &#8211; UNAM<br \/>\n<strong>REGIME: <\/strong>DEDICA\u00c7\u00c3O EXCLUSIVA<br \/>\n<strong>E-MAIL: <\/strong><a href=\"mailto:osvaldo1264@hotmail.com\">osvaldo1264@hotmail.com<\/a><br \/>\n<strong>LATTES: <\/strong><a href=\"http:\/\/lattes.cnpq.br\/4121518602530752\" target=\"_blank\" rel=\"noopener\">http:\/\/lattes.cnpq.br\/4121518602530752<\/a><\/td>\n<\/tr>\n<tr>\n<td><img loading=\"lazy\" class=\"alignnone size-full wp-image-296\" src=\"https:\/\/www2.uepg.br\/deadm\/wp-content\/uploads\/sites\/263\/2022\/12\/meire.jpg\" alt=\"\" width=\"150\" height=\"180\" \/><\/td>\n<td style=\"text-align: left\"><strong>NOME: <\/strong>ROSEMARY APARECIDA MARTINS ROBERTO<br \/>\n<strong>TITULA\u00c7\u00c3O: <\/strong>DOUTORA &#8211; ADMINISTRA\u00c7\u00c3O &#8211; UP &#8211; UNIVERSIDADE POSITIVO<br \/>\n<strong>REGIME: <\/strong>DEDICA\u00c7\u00c3O EXCLUSIVA<br \/>\n<strong>E-MAIL: <\/strong><a href=\"mailto:meiremartins@uepg.br\">meiremartins@uepg.br<\/a><br \/>\n<strong>LATTES: <\/strong><a href=\"http:\/\/lattes.cnpq.br\/2855122391048136\" target=\"_blank\" rel=\"noopener\">http:\/\/lattes.cnpq.br\/2855122391048136<\/a><\/td>\n<\/tr>\n<tr>\n<td><img loading=\"lazy\" class=\"alignnone size-full wp-image-297\" src=\"https:\/\/www2.uepg.br\/deadm\/wp-content\/uploads\/sites\/263\/2022\/12\/Rubia.jpg\" alt=\"\" width=\"150\" height=\"180\" \/><\/td>\n<td style=\"text-align: left\"><strong>NOME: <\/strong>R\u00daBIA CARLA MAIER BISCAIA<br \/>\n<strong>TITULA\u00c7\u00c3O: <\/strong>DOUTORA &#8211; ADMINISTRA\u00c7\u00c3O &#8211; UP &#8211; UNIVERSIDADE POSITIVO<br \/>\n<strong>REGIME: <\/strong>DEDICA\u00c7\u00c3O EXCLUSIVA<br \/>\n<strong>E-MAIL: <\/strong><a href=\"mailto:rubiacmaier@yahoo.com.br\">rubiacmaier@yahoo.com.br<\/a><br \/>\n<strong>LATTES: <\/strong><a href=\"http:\/\/lattes.cnpq.br\/4107303288301303\" target=\"_blank\" rel=\"noopener\">http:\/\/lattes.cnpq.br\/4107303288301303<\/a><\/td>\n<\/tr>\n<tr>\n<td><img loading=\"lazy\" class=\"alignnone size-full wp-image-298\" src=\"https:\/\/www2.uepg.br\/deadm\/wp-content\/uploads\/sites\/263\/2022\/12\/Silas.jpg\" alt=\"\" width=\"150\" height=\"180\" \/><\/td>\n<td style=\"text-align: left\"><strong>NOME: <\/strong>SILAS GUIMAR\u00c3ES MORO<br \/>\n<strong>TITULA\u00c7\u00c3O: <\/strong>MESTRE &#8211; ENGENHARIA DE PRODU\u00c7\u00c3O &#8211; UFSC<br \/>\n<strong>REGIME: <\/strong>DEDICA\u00c7\u00c3O EXCLUSIVA<br \/>\n<strong>E-MAIL: <\/strong><a href=\"mailto:smoro@uepg.br\">smoro@uepg.br<\/a><br \/>\n<strong>LATTES: <\/strong><a href=\"http:\/\/lattes.cnpq.br\/0975314192296642\" target=\"_blank\" rel=\"noopener\">http:\/\/lattes.cnpq.br\/0975314192296642<\/a><\/td>\n<\/tr>\n<tr>\n<td><img loading=\"lazy\" class=\"alignnone size-full wp-image-299\" src=\"https:\/\/www2.uepg.br\/deadm\/wp-content\/uploads\/sites\/263\/2022\/12\/Sirlei.jpg\" alt=\"\" width=\"150\" height=\"180\" \/><\/td>\n<td style=\"text-align: left\"><strong>NOME: <\/strong>SIRLEI MOLETTA<br \/>\n<strong>TITULA\u00c7\u00c3O: <\/strong>DOUTORA &#8211; CI\u00caNCIAS SOCIAIS APLICADAS &#8211; UEPG<br \/>\n<strong>REGIME: <\/strong>DEDICA\u00c7\u00c3O EXCLUSIVA<br \/>\n<strong>E-MAIL: <\/strong><a href=\"mailto:sirleimoletta@yahoo.com.br\">sirleimoletta@yahoo.com.br<\/a><br \/>\n<strong>LATTES: <\/strong><a href=\"http:\/\/lattes.cnpq.br\/1521800485229829\" target=\"_blank\" rel=\"noopener\">http:\/\/lattes.cnpq.br\/1521800485229829<\/a><\/td>\n<\/tr>\n<tr>\n<td><img loading=\"lazy\" class=\"alignnone size-full wp-image-300\" src=\"https:\/\/www2.uepg.br\/deadm\/wp-content\/uploads\/sites\/263\/2022\/12\/Taciana.jpg\" alt=\"\" width=\"150\" height=\"180\" \/><\/td>\n<td style=\"text-align: left\"><strong>NOME: <\/strong>TACIANA CORDAZZO<br \/>\n<strong>TITULA\u00c7\u00c3O: <\/strong>DOUTORA &#8211; CI\u00caNCIAS SOCIAIS APLICADAS &#8211; UEPG<br \/>\n<strong>REGIME: <\/strong>DEDICA\u00c7\u00c3O EXCLUSIVA<br \/>\n<strong>E-MAIL: <\/strong><a href=\"mailto:tacianauepg@hotmail.com\">tacianauepg@hotmail.com<\/a><br \/>\n<strong>LATTES: <\/strong><a href=\"http:\/\/lattes.cnpq.br\/4168038174436722\" target=\"_blank\" rel=\"noopener\">http:\/\/lattes.cnpq.br\/4168038174436722<\/a><\/td>\n<\/tr>\n<\/tbody>\n<\/table>\n","protected":false},"excerpt":{"rendered":"<p>NOME: ADRIANA GRESIELLY FABRINI TITULA\u00c7\u00c3O: DOUTORA &#8211; ADMINISTRA\u00c7\u00c3O &#8211; UP &#8211; UNIVERSIDADE POSITIVO REGIME: DEDICA\u00c7\u00c3O EXCLUSIVA E-MAIL: adrianafabrini@uepg.br LATTES: http:\/\/lattes.cnpq.br\/2302891923201822 NOME: CARLOS UBIRATAN DA COSTA SCHIER TITULA\u00c7\u00c3O: DOUTOR &#8211; ENGENHARIA DE PRODU\u00c7\u00c3O &#8211; UFSC REGIME: DEDICA\u00c7\u00c3O EXCLUSIVA E-MAIL: ubiratanschier@hotmail.com LATTES: http:\/\/lattes.cnpq.br\/7694038830640167 NOME: CAROLINA SCALISE TAQUES FONSECA TITULA\u00c7\u00c3O: DOUTORA &#8211; ADMINISTRA\u00c7\u00c3O &#8211; UP &#8211; UNIVERSIDADE POSITIVO&nbsp;&hellip;<\/p>\n","protected":false},"author":582,"featured_media":0,"parent":0,"menu_order":0,"comment_status":"closed","ping_status":"closed","template":"","meta":[],"_links":{"self":[{"href":"https:\/\/www2.uepg.br\/deadm\/wp-json\/wp\/v2\/pages\/133"}],"collection":[{"href":"https:\/\/www2.uepg.br\/deadm\/wp-json\/wp\/v2\/pages"}],"about":[{"href":"https:\/\/www2.uepg.br\/deadm\/wp-json\/wp\/v2\/types\/page"}],"author":[{"embeddable":true,"href":"https:\/\/www2.uepg.br\/deadm\/wp-json\/wp\/v2\/users\/582"}],"replies":[{"embeddable":true,"href":"https:\/\/www2.uepg.br\/deadm\/wp-json\/wp\/v2\/comments?post=133"}],"version-history":[{"count":9,"href":"https:\/\/www2.uepg.br\/deadm\/wp-json\/wp\/v2\/pages\/133\/revisions"}],"predecessor-version":[{"id":613,"href":"https:\/\/www2.uepg.br\/deadm\/wp-json\/wp\/v2\/pages\/133\/revisions\/613"}],"wp:attachment":[{"href":"https:\/\/www2.uepg.br\/deadm\/wp-json\/wp\/v2\/media?parent=133"}],"curies":[{"name":"wp","href":"https:\/\/api.w.org\/{rel}","templated":true}]}}