{"id":134,"date":"2022-12-13T10:10:06","date_gmt":"2022-12-13T13:10:06","guid":{"rendered":"https:\/\/www2.uepg.br\/deadm\/?page_id=134"},"modified":"2023-09-26T18:05:15","modified_gmt":"2023-09-26T21:05:15","slug":"projetos-de-pesquisa","status":"publish","type":"page","link":"https:\/\/www2.uepg.br\/deadm\/projetos-de-pesquisa\/","title":{"rendered":"Projetos de Pesquisa"},"content":{"rendered":"<table style=\"border-collapse: collapse\" border=\"1\" width=\"100%\" cellspacing=\"0\" cellpadding=\"4\">\n<tbody>\n<tr>\n<td style=\"border: 1px solid black\" width=\"25%\"><strong>Docente<\/strong><\/td>\n<td style=\"border: 1px solid black\" width=\"50%\"><strong>Pesquisa<\/strong><\/td>\n<td style=\"border: 1px solid black\" width=\"25%\"><strong>Per\u00edodo<\/strong><\/td>\n<\/tr>\n<tr>\n<td style=\"vertical-align: middle;border: 1px solid black\">Adriana Gresielly Fabrini<\/td>\n<td style=\"vertical-align: middle;border: 1px solid black\">Gest\u00e3o Estrat\u00e9gica de Neg\u00f3cios Internacionais &#8211; Pesquisa Continuada<\/p>\n<p>Um Estudo Multin\u00edvel Sobre a Din\u00e2mica da Vitalidade Setorial de Organiza\u00e7\u00f5es no Brasil no Per\u00edodo de 2007 at\u00e9 2019<\/td>\n<td style=\"vertical-align: middle;border: 1px solid black\">12\/09\/2018 a 12\/09\/2026<\/p>\n<p>21\/07\/2021 a 21\/07\/2023<\/td>\n<\/tr>\n<tr>\n<td style=\"vertical-align: middle;border: 1px solid black\">Carlos Ubiratan da Costa Schier<\/td>\n<td style=\"vertical-align: middle;border: 1px solid black\">An\u00e1lise das estrat\u00e9gias utilizadas na forma\u00e7\u00e3o do sucessor de empresas familiares localizadas na cidade de Ponta Grossa<\/p>\n<p>An\u00e1lise de demanda e viabilidade de implementa\u00e7\u00e3o de Cursos Superiores de Tecnologia (CST) em Gest\u00e3o nas \u00e1reas espec\u00edficas de: Agroneg\u00f3cios\/Cooperativas; Com\u00e9rcio Exterior; Produ\u00e7\u00e3o Industrial nas modalidades Presencial, a Dist\u00e2ncia e Semi-presencial<\/p>\n<p>Pesquisa de Clima Organizacional aplicado na Pro- Reitoria de Administra\u00e7\u00e3o (PROAD) da UEPG<\/td>\n<td style=\"vertical-align: middle;border: 1px solid black\">05\/10\/2018 a 05\/10\/2021<\/p>\n<p>&nbsp;<\/p>\n<p>01\/07\/2019 a 03\/06\/2022<\/p>\n<p>&nbsp;<\/p>\n<p>23\/06\/2021 a 23\/06\/2023<\/td>\n<\/tr>\n<tr>\n<td style=\"vertical-align: middle;border: 1px solid black\">Cesar Eduardo Abud Limas<\/td>\n<td style=\"vertical-align: middle;border: 1px solid black\">Um Estudo Multin\u00edvel Sobre a Din\u00e2mica da Vitalidade Setorial de Organiza\u00e7\u00f5es no Brasil no Per\u00edodo de 2007 at\u00e9 2019<\/p>\n<p>Gest\u00e3o Estrat\u00e9gica de Neg\u00f3cios Internacionais &#8211; Pesquisa Continuada<\/td>\n<td style=\"vertical-align: middle;border: 1px solid black\">21\/07\/2021 a 21\/07\/2023<\/p>\n<p>12\/04\/2019 a 12\/04\/2027<\/td>\n<\/tr>\n<tr>\n<td style=\"vertical-align: middle;border: 1px solid black\">Gislaine Martinelli Baniski<\/td>\n<td style=\"vertical-align: middle;border: 1px solid black\">Ensino em Administra\u00e7\u00e3o: metodologias ativas e pr\u00e1ticas did\u00e1ticas inovadoras<\/p>\n<p>Gest\u00e3o Estrat\u00e9gica de Neg\u00f3cios Internacionais &#8211; Pesquisa Continuada<\/td>\n<td style=\"vertical-align: middle;border: 1px solid black\">05\/10\/2018 a 05\/10\/2021<\/p>\n<p>27\/05\/2019 a 27\/05\/2027<\/td>\n<\/tr>\n<tr>\n<td style=\"vertical-align: middle;border: 1px solid black\">Joselton Jos\u00e9 de Almeida Rocha<\/td>\n<td style=\"vertical-align: middle;border: 1px solid black\">An\u00e1lise de demanda e viabilidade de implementa\u00e7\u00e3o de Cursos Superiores de Tecnologia (CST) em Gest\u00e3o nas \u00e1reas espec\u00edficas de: Agroneg\u00f3cios\/Cooperativas; Com\u00e9rcio Exterior; Produ\u00e7\u00e3o Industrial nas modalidades Presencial, a Dist\u00e2ncia e Semi-presencial<\/td>\n<td style=\"vertical-align: middle;border: 1px solid black\">01\/07\/2019 a 03\/06\/2022<\/td>\n<\/tr>\n<tr>\n<td style=\"vertical-align: middle;border: 1px solid black\">Juvancir da Silva<\/td>\n<td style=\"vertical-align: middle;border: 1px solid black\">Perspectivas do Desenvolvimento Sustent\u00e1vel para a Administra\u00e7\u00e3o de Log\u00edstica<\/td>\n<td style=\"vertical-align: middle;border: 1px solid black\">27\/06\/2019 a 27\/06\/2021<\/td>\n<\/tr>\n<tr>\n<td style=\"vertical-align: middle;border: 1px solid black\">L\u00edvio Marcel Queji<\/td>\n<td style=\"vertical-align: middle;border: 1px solid black\">Ensino em administra\u00e7\u00e3o: metodologias ativas e pr\u00e1ticas did\u00e1ticas inovadoras<\/p>\n<p>An\u00e1lise de demanda e viabilidade de implementa\u00e7\u00e3o de Cursos Superiores de Tecnologia (CST) em Gest\u00e3o nas \u00e1reas espec\u00edficas de: Agroneg\u00f3cios\/Cooperativas; Com\u00e9rcio Exterior; Produ\u00e7\u00e3o Industrial nas modalidades Presencial, a Dist\u00e2ncia e Semi-presencial<\/td>\n<td style=\"vertical-align: middle;border: 1px solid black\">05\/10\/2018 a 05\/10\/2021<\/p>\n<p>&nbsp;<\/p>\n<p>01\/07\/2019 a 03\/06\/2022<\/td>\n<\/tr>\n<tr>\n<td style=\"vertical-align: middle;border: 1px solid black\">Luiz Fernando Lara<\/td>\n<td style=\"vertical-align: middle;border: 1px solid black\">Condi\u00e7\u00f5es e especificidades das mulheres no contexto organizacional das empresas afiliadas \u00e0 Associa\u00e7\u00e3o Comercial e Industrial de Ponta Grossa<\/td>\n<td style=\"vertical-align: middle;border: 1px solid black\">28\/03\/2018 a 28\/03\/2021<\/td>\n<\/tr>\n<tr>\n<td style=\"vertical-align: middle;border: 1px solid black\">Luiz Omar Set\u00fabal Gabardo<\/td>\n<td style=\"vertical-align: middle;border: 1px solid black\">Um Estudo Multin\u00edvel Sobre a Din\u00e2mica da Vitalidade Setorial de Organiza\u00e7\u00f5es no Brasil no Per\u00edodo de 2007 at\u00e9 2019<\/td>\n<td style=\"vertical-align: middle;border: 1px solid black\">21\/07\/2021 a 21\/07\/2023<\/td>\n<\/tr>\n<tr>\n<td style=\"vertical-align: middle;border: 1px solid black\">Marilisa do Rocio Oliveira<\/td>\n<td style=\"vertical-align: middle;border: 1px solid black\">An\u00e1lise de demanda e viabilidade de implementa\u00e7\u00e3o de Cursos Superiores de Tecnologia (CST) em Gest\u00e3o nas \u00e1reas espec\u00edficas de: Agroneg\u00f3cios\/Cooperativas; Com\u00e9rcio Exterior; Produ\u00e7\u00e3o Industrial nas modalidades Presencial, a Dist\u00e2ncia e Semi-presencial<\/td>\n<td style=\"vertical-align: middle;border: 1px solid black\">01\/07\/2019 a 03\/06\/2022<\/td>\n<\/tr>\n<tr>\n<td style=\"vertical-align: middle;border: 1px solid black\">Osvaldo Malta Callegari<\/td>\n<td style=\"vertical-align: middle;border: 1px solid black\">Impactos econ\u00f4micos e financeiros das Incubadoras e Parques Tecnol\u00f3gicos do Paran\u00e1<\/td>\n<td style=\"vertical-align: middle;border: 1px solid black\">01\/09\/2019 a 01\/09\/2021<\/td>\n<\/tr>\n<tr>\n<td style=\"vertical-align: middle;border: 1px solid black\">Rosemary Aparecida Martins Roberto<\/td>\n<td style=\"vertical-align: middle;border: 1px solid black\">An\u00e1lise das estrat\u00e9gias utilizadas na forma\u00e7\u00e3o do sucessor de empresas familiares localizadas na cidade de Ponta Grossa<\/p>\n<p>Pesquisa de Clima Organizacional aplicado na Pro- Reitoria de Administra\u00e7\u00e3o (PROAD) da UEPG<\/td>\n<td style=\"vertical-align: middle;border: 1px solid black\">05\/10\/2018 a 05\/10\/2021<\/p>\n<p>&nbsp;<\/p>\n<p>23\/06\/2021 a 23\/06\/2023<\/td>\n<\/tr>\n<tr>\n<td style=\"vertical-align: middle;border: 1px solid black\">Rubia Carla Maier Biscaia<\/td>\n<td style=\"vertical-align: middle;border: 1px solid black\">An\u00e1lise de demanda e viabilidade de implementa\u00e7\u00e3o de Cursos Superiores de Tecnologia (CST) em Gest\u00e3o nas \u00e1reas espec\u00edficas de: Agroneg\u00f3cios\/Cooperativas; Com\u00e9rcio Exterior; Produ\u00e7\u00e3o Industrial nas modalidades Presencial, a Dist\u00e2ncia e Semi-presencial<\/p>\n<p>Pesquisa de Clima Organizacional aplicado na Pro- Reitoria de Administra\u00e7\u00e3o (PROAD) da UEPG<\/td>\n<td style=\"vertical-align: middle;border: 1px solid black\">01\/07\/2019 a 03\/06\/2022<\/p>\n<p>&nbsp;<\/p>\n<p>23\/06\/2021 a 23\/06\/2023<\/td>\n<\/tr>\n<tr>\n<td style=\"vertical-align: middle;border: 1px solid black\">Silas Guimar\u00e3es Moro<\/td>\n<td style=\"vertical-align: middle;border: 1px solid black\">An\u00e1lise das estrat\u00e9gias utilizadas na forma\u00e7\u00e3o do sucessor de empresas familiares localizadas na cidade de Ponta Grossa<\/p>\n<p>An\u00e1lise de demanda e viabilidade de implementa\u00e7\u00e3o de Cursos Superiores de Tecnologia (CST) em Gest\u00e3o nas \u00e1reas espec\u00edficas de: Agroneg\u00f3cios\/Cooperativas; Com\u00e9rcio Exterior; Produ\u00e7\u00e3o Industrial nas modalidades Presencial, a Dist\u00e2ncia e Semi-presencial<\/td>\n<td style=\"vertical-align: middle;border: 1px solid black\">05\/10\/2018 a 05\/10\/2021<\/p>\n<p>&nbsp;<\/p>\n<p>01\/07\/2019 a 03\/06\/2022<\/td>\n<\/tr>\n<tr>\n<td style=\"vertical-align: middle;border: 1px solid black\">Sirlei Molleta<\/td>\n<td style=\"vertical-align: middle;border: 1px solid black\">An\u00e1lise das estrat\u00e9gias utilizadas na forma\u00e7\u00e3o do sucessor de empresas familiares localizadas na cidade de Ponta Grossa<\/p>\n<p>An\u00e1lise de demanda e viabilidade de implementa\u00e7\u00e3o de Cursos Superiores de Tecnologia (CST) em Gest\u00e3o nas \u00e1reas espec\u00edficas de: Agroneg\u00f3cios\/Cooperativas; Com\u00e9rcio Exterior; Produ\u00e7\u00e3o Industrial nas modalidades Presencial, a Dist\u00e2ncia e Semi-presencial<\/td>\n<td style=\"vertical-align: middle;border: 1px solid black\">05\/10\/2018 a 05\/10\/2021<\/p>\n<p>&nbsp;<\/p>\n<p>01\/07\/2019 a 03\/06\/2022<\/td>\n<\/tr>\n<tr>\n<td style=\"vertical-align: middle;border: 1px solid black\">Taciana Cordazzo<\/td>\n<td style=\"vertical-align: middle;border: 1px solid black\">Dimens\u00f5es sociais e pol\u00edticas da forma\u00e7\u00e3o profissional: avalia\u00e7\u00e3o da educa\u00e7\u00e3o superior pelo mercado de trabalho um es&#8230;<\/td>\n<td style=\"vertical-align: middle;border: 1px solid black\">18\/10\/2019 a 18\/10\/2021<\/td>\n<\/tr>\n<\/tbody>\n<\/table>\n","protected":false},"excerpt":{"rendered":"<p>Docente Pesquisa Per\u00edodo Adriana Gresielly Fabrini Gest\u00e3o Estrat\u00e9gica de Neg\u00f3cios Internacionais &#8211; Pesquisa Continuada Um Estudo Multin\u00edvel Sobre a Din\u00e2mica da Vitalidade Setorial de Organiza\u00e7\u00f5es no Brasil no Per\u00edodo de 2007 at\u00e9 2019 12\/09\/2018 a 12\/09\/2026 21\/07\/2021 a 21\/07\/2023 Carlos Ubiratan da Costa Schier An\u00e1lise das estrat\u00e9gias utilizadas na forma\u00e7\u00e3o do sucessor de empresas familiares&nbsp;&hellip;<\/p>\n","protected":false},"author":582,"featured_media":0,"parent":0,"menu_order":0,"comment_status":"closed","ping_status":"closed","template":"","meta":[],"_links":{"self":[{"href":"https:\/\/www2.uepg.br\/deadm\/wp-json\/wp\/v2\/pages\/134"}],"collection":[{"href":"https:\/\/www2.uepg.br\/deadm\/wp-json\/wp\/v2\/pages"}],"about":[{"href":"https:\/\/www2.uepg.br\/deadm\/wp-json\/wp\/v2\/types\/page"}],"author":[{"embeddable":true,"href":"https:\/\/www2.uepg.br\/deadm\/wp-json\/wp\/v2\/users\/582"}],"replies":[{"embeddable":true,"href":"https:\/\/www2.uepg.br\/deadm\/wp-json\/wp\/v2\/comments?post=134"}],"version-history":[{"count":10,"href":"https:\/\/www2.uepg.br\/deadm\/wp-json\/wp\/v2\/pages\/134\/revisions"}],"predecessor-version":[{"id":430,"href":"https:\/\/www2.uepg.br\/deadm\/wp-json\/wp\/v2\/pages\/134\/revisions\/430"}],"wp:attachment":[{"href":"https:\/\/www2.uepg.br\/deadm\/wp-json\/wp\/v2\/media?parent=134"}],"curies":[{"name":"wp","href":"https:\/\/api.w.org\/{rel}","templated":true}]}}