{"id":136,"date":"2022-12-13T10:10:06","date_gmt":"2022-12-13T13:10:06","guid":{"rendered":"https:\/\/www2.uepg.br\/deadm\/?page_id=136"},"modified":"2022-12-15T13:56:53","modified_gmt":"2022-12-15T16:56:53","slug":"historico","status":"publish","type":"page","link":"https:\/\/www2.uepg.br\/deadm\/historico\/","title":{"rendered":"Hist\u00f3rico"},"content":{"rendered":"<div style=\"text-align: justify; text-justify: inter-word;\">\n<p>Durante o ano de 1965, em encontros de amigos nos pontos da Rua XV de novembro de Ponta Grossa, o coment\u00e1rio predominante era o da necessidade de profissionais liberais nos campos das ci\u00eancias atuariais, cont\u00e1beis, econ\u00f4micas, e de administra\u00e7\u00e3o de empresas. Entre essas pessoas encontrava-se o Economista Jos\u00e9 Gomes do Amaral, funcion\u00e1rio do Banco do Brasil, que mantinha estreitos la\u00e7os de amizade com o Governador do Paran\u00e1 Paulo Cruz Pimentel.<\/p>\n<p>Esses encontros prosperaram tanto que o Governo do Estado nomeou um Conselho de Curadores, constitu\u00eddo de Jos\u00e9 Gomes do Amaral \u2013 Presidente, Ant\u00f4nio Jos\u00e9 Fran\u00e7a Satyro e Henrique Dinyevicz, membros Titulares, e Roberval Carvalho, Osires Juraszek e Jos\u00e9 Herley Stachowiack, membros Suplentes, que ao final do ano de 1965, encaminhou ao Governador Projeto de cria\u00e7\u00e3o dos cursos de Ci\u00eancias Econ\u00f4micas, Cont\u00e1beis e Atuariais na cidade de Ponta Grossa, projeto esse reencaminhado pela Casa Civil \u00e0 Assembl\u00e9ia Legislativa do Estado do Paran\u00e1.<\/p>\n<p>No dia 12 de janeiro de 1966, o senhor Presidente da Assembl\u00e9ia, Deputado Ant\u00f4nio Ferreira Ruppel, promulgou a Lei n\u00ba. 3\/66, que criava a Faculdade de Ci\u00eancias Econ\u00f4micas de Ponta Grossa, constitu\u00edda dos cursos de Ci\u00eancias Econ\u00f4micas, Ci\u00eancias Cont\u00e1beis e Ci\u00eancias Atuariais.<\/p>\n<p>A Lei n\u00ba. 3\/66 foi regulamentada pela Ler n\u00ba. 5.506, de 03-02-67, do Governo do Estado do Paran\u00e1, que deu \u00e0 nova Faculdade a forma de estabelecimento isolado de ensino superior de natureza aut\u00e1rquica, com a transforma\u00e7\u00e3o da nomenclatura inicial para Faculdade de Ci\u00eancias Econ\u00f4micas e Administra\u00e7\u00e3o, que ofertava os cursos de Ci\u00eancias Econ\u00f4micas e Administra\u00e7\u00e3o \u2013 FACEA, esse \u00faltimo com as habilita\u00e7\u00f5es de Administra\u00e7\u00e3o de Empresas e Administra\u00e7\u00e3o P\u00fablica, sendo que as vagas iniciais eram quarenta (40), com a op\u00e7\u00e3o pelo curso a partir do in\u00edcio da 3.\u00aa s\u00e9rie.<br \/>\nAtrav\u00e9s da Resolu\u00e7\u00e3o n\u00ba. 9\/67, de 03-03-67, o Conselho Estadual de Educa\u00e7\u00e3o concedeu a autoriza\u00e7\u00e3o oficial de funcionamento da Faculdade e de seus cursos, com aprova\u00e7\u00e3o do projeto pedag\u00f3gico dos cursos, cujo curr\u00edculo pleno do curso foi convalidado pelo Decreto n\u00ba. 5.692, de 20-06-67.<\/p>\n<p>Como a nova Faculdade n\u00e3o dispunha de instala\u00e7\u00f5es f\u00edsicas, todas as atividades iniciais relativas ao projeto de cria\u00e7\u00e3o, ao projeto pedag\u00f3gico e ao or\u00e7amento plurianual, necess\u00e1rio pelo fato de a Faculdade ser instalada como Autarquia Estadual, foram confeccionadas nas salas 41 e 42 do 7.\u00ba andar do Edif\u00edcio Dr.Elizeu Campos Melo, na Rua XV de Novembro n.\u00ba 301, ent\u00e3o Escrit\u00f3rio de Contabilidade  de Roberval Carvalho, que as cedeu gentilmente, na condi\u00e7\u00e3o de um dos membros fundadores da Institui\u00e7\u00e3o e Presidente do Instituto Paranaense de Auditores \u2013 Sociedade Civil, cuja mudan\u00e7a de sede da Faculdade para o terceiro pavimento do Bloco das Faculdades na Pra\u00e7a Santos Andrade ocorreu \u00e0s v\u00e9speras do concurso de habilita\u00e7\u00e3o.<\/p>\n<p>Desde 04 de fevereiro de 1967, a Diretoria da Faculdade, constitu\u00edda de Jos\u00e9 Gomes do Amaral \u2013 Diretor, e de M\u00e1rio Urbano Canteri \u2013 Secret\u00e1rio, mesmo com apenas a promessa de nomea\u00e7\u00e3o para o cargo por parte da Superintend\u00eancia do Ensino Superior do Paran\u00e1, passaram a exercer suas atividades, em termos de tarefas administrativas, pedag\u00f3gicas e or\u00e7ament\u00e1rias, visando a implanta\u00e7\u00e3o efetiva e definitiva da Faculdade.<br \/>\nNos dias 27, 28 29 e 30 de mar\u00e7o foi realizado o 1.\u00ba Concurso de Habilita\u00e7\u00e3o (vestibular) para quarenta (40) vagas, comuns para os dois cursos, para o qual haviam se inscrito oitenta e dois (82) candidatos.<\/p>\n<p>Na 1.\u00aa quinzena do m\u00eas de abril foi iniciado o ano letivo com calend\u00e1rio pr\u00f3prio que amortizava as f\u00e9rias regulamentares do m\u00eas de julho, praticado por outras Faculdades sediadas no mesmo edif\u00edcio, com quarenta alunos matriculados na 1.\u00aa s\u00e9rie.<br \/>\nA partir do m\u00eas de abril de 1967, a Faculdade se estruturou e, embora n\u00e3o tivessem ainda sido nomeados, passaram a exercer suas fun\u00e7\u00f5es efetivamente os professores fundadores da 1.\u00aa s\u00e9rie:  Jos\u00e9 Gomes do Amaral, Edilon Joaquim Teixeira Biscaia, Roberval Carvalho, Manoel Pedro Ferreira dos Santos, Ercindo Batista Valentim e Jos\u00e9 Ely Stadler,  posteriormente nomeados pelo Decreto n\u00ba. 6.789, de 18 de setembro de 1967.<br \/>\nO pessoal administrativo, designado pela Superintend\u00eancia ficou assim constitu\u00eddo: escritur\u00e1rias: Herondina Gobbo Schavaroski e Anast\u00e1cia Romanowski; Bibliotec\u00e1ria: Krystyna Helena Estivaletti; inspetores de alunos: Georges Pana\u00edte Gueorghiou e Calixto Em\u00edlio Neme.<\/p>\n<p>A Faculdade consolidou-se efetivamente com a nomea\u00e7\u00e3o do Diretor e Vice-Diretor, respectivamente, Edilon Joaquim Teixeira Biscaia e Jos\u00e9 Ely Stadler, atrav\u00e9s do Decreto n\u00ba. 7.671, de 23-11-67,  e do primeiro Secret\u00e1rio Geral, M\u00e1rio Urbano Canteri, atrav\u00e9s do Decreto n\u00ba. 8.017, de 21-12-67, da Lei n\u00ba. 5.709, de 27-12-67, concedendo os recursos financeiros para a cobertura das despesas antecipadas da Faculdade, do Decreto n\u00ba. 10.181, de 15-05-68, aprovando o Or\u00e7amento Pr\u00f3prio da Faculdade na condi\u00e7\u00e3o de Autarquia Estadual, e o Decreto Federal n\u00ba. 69.697, de 03-12-71, que reconheceu a Faculdade e seus cursos ofertados.<\/p>\n<p>Assim, no dia 08 de janeiro de 1971, graduou-se a primeira turma de Administra\u00e7\u00e3o, constitu\u00edda de 10 (dez) Bachar\u00e9is, entre os quais, \u00c1lvaro Benedito Di Piero, C\u00e9sar Vicente Motti, Luiz Alberto Motti e Jord\u00e3o Bahls de Almeida, bem como a primeira turma de Ci\u00eancias Econ\u00f4micas, constitu\u00edda de 18 (dezoito) Bachar\u00e9is, entre os quais, Carlos Benedito da Costa Pinto, Ed\u00edlson Luis Carneiro Baggio e  Fl\u00e1vio Ribas Tebcherani.<br \/>\nConcluindo, considerando que, conforme normas do MEC da \u00e9poca, s\u00f3 poderia constituir uma Universidade a cidade que possu\u00edsse cinco (5) Faculdades, a Faculdade de Ci\u00eancias Econ\u00f4micas e Administra\u00e7\u00e3o \u2013 FACEA foi de suma import\u00e2ncia e fundamental para a implanta\u00e7\u00e3o de uma Universidade em Ponta Grossa. Tanto isso \u00e9 ver\u00eddico que a Lei n.\u00ba 3\/66 em seu artigo 1.\u00ba criou a FACEA e no seu artigo 2.\u00ba criou a Universidade Estadual de Ponta Grossa \u2013 UEPG, tr\u00eas anos e dez meses depois recriada com as coirm\u00e3s de Londrina e de Maring\u00e1.<\/p>\n<p>Ponta Grossa, 20 de mar\u00e7o de 2009.<\/p>\n<p>Autor: Mario Urbano Canteri &#8211; 1\u00ba Secret\u00e1rio<\/p>\n<\/div>\n","protected":false},"excerpt":{"rendered":"<p>Durante o ano de 1965, em encontros de amigos nos pontos da Rua XV de novembro de Ponta Grossa, o coment\u00e1rio predominante era o da necessidade de profissionais liberais nos campos das ci\u00eancias atuariais, cont\u00e1beis, econ\u00f4micas, e de administra\u00e7\u00e3o de empresas. Entre essas pessoas encontrava-se o Economista Jos\u00e9 Gomes do Amaral, funcion\u00e1rio do Banco do&nbsp;&hellip;<\/p>\n","protected":false},"author":582,"featured_media":275,"parent":0,"menu_order":0,"comment_status":"closed","ping_status":"closed","template":"","meta":[],"_links":{"self":[{"href":"https:\/\/www2.uepg.br\/deadm\/wp-json\/wp\/v2\/pages\/136"}],"collection":[{"href":"https:\/\/www2.uepg.br\/deadm\/wp-json\/wp\/v2\/pages"}],"about":[{"href":"https:\/\/www2.uepg.br\/deadm\/wp-json\/wp\/v2\/types\/page"}],"author":[{"embeddable":true,"href":"https:\/\/www2.uepg.br\/deadm\/wp-json\/wp\/v2\/users\/582"}],"replies":[{"embeddable":true,"href":"https:\/\/www2.uepg.br\/deadm\/wp-json\/wp\/v2\/comments?post=136"}],"version-history":[{"count":3,"href":"https:\/\/www2.uepg.br\/deadm\/wp-json\/wp\/v2\/pages\/136\/revisions"}],"predecessor-version":[{"id":313,"href":"https:\/\/www2.uepg.br\/deadm\/wp-json\/wp\/v2\/pages\/136\/revisions\/313"}],"wp:featuredmedia":[{"embeddable":true,"href":"https:\/\/www2.uepg.br\/deadm\/wp-json\/wp\/v2\/media\/275"}],"wp:attachment":[{"href":"https:\/\/www2.uepg.br\/deadm\/wp-json\/wp\/v2\/media?parent=136"}],"curies":[{"name":"wp","href":"https:\/\/api.w.org\/{rel}","templated":true}]}}