{"id":137,"date":"2022-12-13T10:10:06","date_gmt":"2022-12-13T13:10:06","guid":{"rendered":"https:\/\/www2.uepg.br\/deadm\/?page_id=137"},"modified":"2022-12-15T14:30:52","modified_gmt":"2022-12-15T17:30:52","slug":"a-profissao","status":"publish","type":"page","link":"https:\/\/www2.uepg.br\/deadm\/a-profissao\/","title":{"rendered":"A Profiss\u00e3o"},"content":{"rendered":"<div style=\"text-align: justify; text-justify: inter-word;\">\n<p>Os primeiros administradores profissionais (administrador contratado, que n\u00e3o \u00e9 o dono do neg\u00f3cio) foram os que geriam as companhias de navega\u00e7\u00e3o inglesas a partir do s\u00e9culo XVII. Estas empresas foram as primeiras sociedades an\u00f4nimas que se tem not\u00edcia.<\/p>\n<p>Administrar envolve a elabora\u00e7\u00e3o de planos, pareceres, relat\u00f3rios, projetos, arbitragens e laudos, em que se exija a aplica\u00e7\u00e3o de conhecimentos inerentes \u00e0s t\u00e9cnicas de administra\u00e7\u00e3o.<\/p>\n<p>A profiss\u00e3o de Administrador \u00e9 relativamente nova e foi regulamentada no Brasil em 9 de setembro de 1965, data que se comemora o dia do Administrador.<\/p>\n<h4><u><strong>Habilidades do Administrador<\/strong><\/u><\/h4>\n<ul>\n<li>Habilidades T\u00e9cnicas: Saber utilizar princ\u00edpios, t\u00e9cnicas e ferramentas administrativas. Saber decidir e solucionar problemas.<\/li>\n<li>Habilidades Humanas: Saber lidar com pessoas, comunicando-se eficientemente, negociando, conduzindo mudan\u00e7as, obtendo coopera\u00e7\u00e3o e solucionando conflitos.<\/li>\n<li>Habilidades Conceituais: Ter Vis\u00e3o sist\u00eamica.<\/li>\n<li>Atitudes do Administrador: Proativo, ousado, criativo, bom exemplo, cumpridor das promessas, saber utilizar seus princ\u00edpios, ser cooperativo e ser um bom l\u00edder ajudando os funcion\u00e1rios para que eles possam crescer junto com a empresa.<\/li>\n<\/ul>\n<p style=\"font-size: 12px;\">Fonte: administradores.com.br<\/p>\n<h4><u><strong>O que faz um Administrador?<\/strong><\/u><\/h4>\n<p>O administrador desempenha fun\u00e7\u00f5es estrat\u00e9gicas em empresas de todos os portes, em qualquer setor da economia. Ele pode tamb\u00e9m atuar como aut\u00f4nomo, prestando consultorias, e at\u00e9 abrir seu pr\u00f3prio neg\u00f3cio.<\/p>\n<p>Sua forma\u00e7\u00e3o passa pelo estudo de mat\u00e9rias em diferentes \u00e1reas do conhecimento, o que torna seu mercado de trabalho muito amplo.<\/p>\n<p>O curso de Administra\u00e7\u00e3o prepara profissionais para gerenciar setores como Marketing, Produ\u00e7\u00e3o, Servi\u00e7os, Recursos Humanos e Finan\u00e7as.<\/p>\n<p style=\"font-size: 12px;\">Fonte: guidacarreira.com.br<\/p>\n<h4><u><strong>Dia do Administrador<\/strong><\/u><\/h4>\n<p>Nove de setembro \u00e9 o &#8220;Dia Nacional do Administrador&#8221;, por ser a data de assinatura da Lei n\u00ba 4769, de 9 de setembro de 1965, que criou a profiss\u00e3o de Administrador. O dia do Administrador foi institu\u00eddo pela Resolu\u00e7\u00e3o CFA n\u00ba 65\/68, de 09\/12\/68.<\/p>\n<h4><u><strong>Juramento do Administrador<\/strong><\/u><\/h4>\n<blockquote><p>&#8220;Prometo dignificar minha profiss\u00e3o, consciente de minhas responsabilidades legais, observar o C\u00f3digo de \u00c9tica, objetivando o aperfei\u00e7oamento da Ci\u00eancia da Administra\u00e7\u00e3o, o desenvolvimento das Institui\u00e7\u00f5es e a grandeza do homem e da p\u00e1tria&#8221;.<\/p><\/blockquote>\n<blockquote style=\"font-style: normal;\"><p>O juramento foi oficializado pela RN CFA n\u00ba 201, de 19\/12\/97<\/p><\/blockquote>\n<h4><u><strong>Ora\u00e7\u00e3o do Administrador<\/strong><\/u><\/h4>\n<blockquote><p>&#8220;Senhor, diante das organiza\u00e7\u00f5es devo ter CONSCI\u00caNCIA de minhas responsabilidades como ADMINISTRADOR. Reconhe\u00e7o minhas limita\u00e7\u00f5es, mas, humildemente, junto com meus companheiros de trabalho busco o consenso para alcan\u00e7ar a SOLU\u00c7\u00c3O e tornar o trabalho menos penoso e mais produtivo; Senhor, despido do ego\u00edsmo, quero crescer, fazendo crescer, tamb\u00e9m, os que me cercam e que s\u00e3o a raz\u00e3o de minha escolha profissional; Senhor, ADMINISTRE o meu cora\u00e7\u00e3o para que ele siga o caminho do bem, pois, a mim caber\u00e1 realizar obras sadias para tornar as organiza\u00e7\u00f5es cada vez melhores e mais humanas.&#8221;<\/p><\/blockquote>\n<blockquote style=\"font-style: normal;\"><p>Adm. Rui Ribeiro de Ara\u00fajo CRA\/DF n\u00ba 2285<\/p><\/blockquote>\n<p style=\"font-size: 12px;\">Fonte: CFA<\/p>\n<\/div>\n","protected":false},"excerpt":{"rendered":"<p>Os primeiros administradores profissionais (administrador contratado, que n\u00e3o \u00e9 o dono do neg\u00f3cio) foram os que geriam as companhias de navega\u00e7\u00e3o inglesas a partir do s\u00e9culo XVII. Estas empresas foram as primeiras sociedades an\u00f4nimas que se tem not\u00edcia. Administrar envolve a elabora\u00e7\u00e3o de planos, pareceres, relat\u00f3rios, projetos, arbitragens e laudos, em que se exija a&nbsp;&hellip;<\/p>\n","protected":false},"author":582,"featured_media":0,"parent":0,"menu_order":0,"comment_status":"closed","ping_status":"closed","template":"","meta":[],"_links":{"self":[{"href":"https:\/\/www2.uepg.br\/deadm\/wp-json\/wp\/v2\/pages\/137"}],"collection":[{"href":"https:\/\/www2.uepg.br\/deadm\/wp-json\/wp\/v2\/pages"}],"about":[{"href":"https:\/\/www2.uepg.br\/deadm\/wp-json\/wp\/v2\/types\/page"}],"author":[{"embeddable":true,"href":"https:\/\/www2.uepg.br\/deadm\/wp-json\/wp\/v2\/users\/582"}],"replies":[{"embeddable":true,"href":"https:\/\/www2.uepg.br\/deadm\/wp-json\/wp\/v2\/comments?post=137"}],"version-history":[{"count":6,"href":"https:\/\/www2.uepg.br\/deadm\/wp-json\/wp\/v2\/pages\/137\/revisions"}],"predecessor-version":[{"id":330,"href":"https:\/\/www2.uepg.br\/deadm\/wp-json\/wp\/v2\/pages\/137\/revisions\/330"}],"wp:attachment":[{"href":"https:\/\/www2.uepg.br\/deadm\/wp-json\/wp\/v2\/media?parent=137"}],"curies":[{"name":"wp","href":"https:\/\/api.w.org\/{rel}","templated":true}]}}