{"id":138,"date":"2022-12-13T10:10:06","date_gmt":"2022-12-13T13:10:06","guid":{"rendered":"https:\/\/www2.uepg.br\/deadm\/?page_id=138"},"modified":"2022-12-15T14:33:53","modified_gmt":"2022-12-15T17:33:53","slug":"mercado-de-trabalho","status":"publish","type":"page","link":"https:\/\/www2.uepg.br\/deadm\/mercado-de-trabalho\/","title":{"rendered":"Mercado de Trabalho"},"content":{"rendered":"<div style=\"text-align: justify; text-justify: inter-word;\">\n<p>O mercado de trabalho para o profissional formado em Administra\u00e7\u00e3o est\u00e1 em constante expans\u00e3o. Ele encontra oportunidades de emprego tanto no setor privado quanto no p\u00fablico. H\u00e1 perspectivas crescentes tamb\u00e9m em outros pa\u00edses para profissionais formados que dominam outros idiomas. Confira as caracter\u00edsticas principais de cada setor:<\/p>\n<h4><u><strong>Setor p\u00fablico<\/strong><\/u><\/h4>\n<p>O administrador que opta por trabalhar no setor p\u00fablico pode conseguir uma estabilidade financeira mais rapidamente. Mas \u00e9 necess\u00e1rio fazer a prova do concurso p\u00fablico, que costuma exigir um n\u00edvel elevado de conhecimento sobre as disciplinas estudadas durante o curso. Veja onde h\u00e1 oportunidades neste setor:<\/p>\n<ul>\n<li>Hospitais<\/li>\n<li>Centros municipais, estaduais e federais<\/li>\n<li>Bancos<\/li>\n<li>Universidades<\/li>\n<\/ul>\n<h4><u><strong>Setor privado<\/strong><\/u><\/h4>\n<p>Os administradores que optarem por seguir a carreira no setor privado encontram muitas oportunidades de emprego em diferentes setores. Veja alguns exemplos:<\/p>\n<ul>\n<li>Hotelaria<\/li>\n<li>Com\u00e9rcio<\/li>\n<li>Hospitais<\/li>\n<li>Empresas de pequeno, m\u00e9dio e grande porte<\/li>\n<li>Universidades<\/li>\n<li>Bancos<\/li>\n<li>Empresa pr\u00f3pria<\/li>\n<\/ul>\n<h4><u><strong>Exterior<\/strong><\/u><\/h4>\n<p>O mercado de trabalho no exterior para os profissionais formados em Administra\u00e7\u00e3o \u00e9 vasto. Existem tamb\u00e9m vagas de emprego no Brasil que proporcionam ao contratado entrar em contato com diversos pa\u00edses, desde que ele domine um segundo ou terceiro idioma. Veja algumas oportunidades:<\/p>\n<ul>\n<li>Empresas de com\u00e9rcio exterior<\/li>\n<li>Hospitais<\/li>\n<li>Redes de hotelaria<\/li>\n<li>Empresas multinacionais<\/li>\n<li>Universidades<\/li>\n<li>Bancos<\/li>\n<\/ul>\n<p>Veja mais em: <a href=\"https:\/\/www.guiadacarreira.com.br\/blog\/coisas-que-todo-futuro-estudante-de-administracao-deve-saber\" target=\"_blank\" rel=\"noopener\">Coisas que todo futuro estudante de administra\u00e7\u00e3o deve saber<\/a><\/p>\n<\/div>\n","protected":false},"excerpt":{"rendered":"<p>O mercado de trabalho para o profissional formado em Administra\u00e7\u00e3o est\u00e1 em constante expans\u00e3o. Ele encontra oportunidades de emprego tanto no setor privado quanto no p\u00fablico. H\u00e1 perspectivas crescentes tamb\u00e9m em outros pa\u00edses para profissionais formados que dominam outros idiomas. Confira as caracter\u00edsticas principais de cada setor: Setor p\u00fablico O administrador que opta por trabalhar&nbsp;&hellip;<\/p>\n","protected":false},"author":582,"featured_media":0,"parent":0,"menu_order":0,"comment_status":"closed","ping_status":"closed","template":"","meta":[],"_links":{"self":[{"href":"https:\/\/www2.uepg.br\/deadm\/wp-json\/wp\/v2\/pages\/138"}],"collection":[{"href":"https:\/\/www2.uepg.br\/deadm\/wp-json\/wp\/v2\/pages"}],"about":[{"href":"https:\/\/www2.uepg.br\/deadm\/wp-json\/wp\/v2\/types\/page"}],"author":[{"embeddable":true,"href":"https:\/\/www2.uepg.br\/deadm\/wp-json\/wp\/v2\/users\/582"}],"replies":[{"embeddable":true,"href":"https:\/\/www2.uepg.br\/deadm\/wp-json\/wp\/v2\/comments?post=138"}],"version-history":[{"count":4,"href":"https:\/\/www2.uepg.br\/deadm\/wp-json\/wp\/v2\/pages\/138\/revisions"}],"predecessor-version":[{"id":329,"href":"https:\/\/www2.uepg.br\/deadm\/wp-json\/wp\/v2\/pages\/138\/revisions\/329"}],"wp:attachment":[{"href":"https:\/\/www2.uepg.br\/deadm\/wp-json\/wp\/v2\/media?parent=138"}],"curies":[{"name":"wp","href":"https:\/\/api.w.org\/{rel}","templated":true}]}}