{"id":141,"date":"2022-12-13T10:10:06","date_gmt":"2022-12-13T13:10:06","guid":{"rendered":"https:\/\/www2.uepg.br\/deadm\/?page_id=141"},"modified":"2022-12-15T16:27:24","modified_gmt":"2022-12-15T19:27:24","slug":"matriz-curricular-adm-publica-ead","status":"publish","type":"page","link":"https:\/\/www2.uepg.br\/deadm\/matriz-curricular-adm-publica-ead\/","title":{"rendered":"Matriz Curricular Adm. P\u00fablica EaD"},"content":{"rendered":"<style>\ntd {border: 1px solid black;}<br \/><\/style>\n<div style=\"text-align: justify; text-justify: inter-word;\">\n<h5>ADMINISTRA\u00c7\u00c3O P\u00daBLICA \u2013 Curr\u00edculo n\u00ba 1<\/h5>\n<p>Autorizado pela Resolu\u00e7\u00e3o CEPE n.o 017, de 09 de maio de 2013.<\/p>\n<p>Para completar o curr\u00edculo pleno do curso superior de gradua\u00e7\u00e3o a dist\u00e2ncia em Bacharelado em Administra\u00e7\u00e3o P\u00fablica, o acad\u00eamico dever\u00e1 perfazer um total m\u00ednimo de 3.413 (tr\u00eas mil, quatrocentas e treze) horas, sendo 1.071 (mil e setenta e uma) horas em disciplinas de Forma\u00e7\u00e3o B\u00e1sica Geral, 1.666 (mil, seiscentas e sessenta e seis) horas em disciplinas de Forma\u00e7\u00e3o Espec\u00edfica Profissional, 306 (trezentas e seis) horas em disciplinas de Est\u00e1gio Curricular Supervisionado), 170 (cento e setenta) horas em disciplinas de Diversifica\u00e7\u00e3o ou Aprofundamento e 200 (duzentas) horas de Atividades Complementares, distribu\u00eddas em, no m\u00ednimo, 08 (oito) semestres e, no m\u00e1ximo, 12 (doze) semestres letivos.<\/p>\n<p>\u00c9 o seguinte o elenco de disciplinas que comp\u00f5e o curso:<\/p>\n<p>&nbsp;<\/p>\n<\/div>\n<table style=\"border-collapse: collapse;\" border=\"1\" cellspacing=\"0\" cellpadding=\"4\">\n<tbody>\n<tr>\n<td colspan=\"3\" valign=\"top\">\n<p align=\"center\"><b>DISCIPLINAS DE FORMA\u00c7\u00c3O B\u00c1SICA GERAL<\/b><\/p>\n<\/td>\n<\/tr>\n<tr valign=\"top\">\n<td>\n<p align=\"center\"><b>C\u00d3DIGO<\/b><\/p>\n<\/td>\n<td>\n<p align=\"center\"><b>DISCIPLINA<\/b><\/p>\n<\/td>\n<td>\n<p align=\"center\"><b>CARGA HOR\u00c1RIA<\/b><\/p>\n<\/td>\n<\/tr>\n<tr valign=\"top\">\n<td>\n<p align=\"center\">403501<\/p>\n<\/td>\n<td>\n<p align=\"justify\">Auditoria e Controladoria<\/p>\n<\/td>\n<td>\n<p align=\"center\">68<\/p>\n<\/td>\n<\/tr>\n<tr valign=\"top\">\n<td>\n<p align=\"center\">403502<\/p>\n<\/td>\n<td>\n<p align=\"justify\">Ci\u00eancia Pol\u00edtica<\/p>\n<\/td>\n<td>\n<p align=\"center\">68<\/p>\n<\/td>\n<\/tr>\n<tr valign=\"top\">\n<td>\n<p align=\"center\">403503<\/p>\n<\/td>\n<td>\n<p align=\"justify\">Filosofia e \u00c9tica<\/p>\n<\/td>\n<td>\n<p align=\"center\">68<\/p>\n<\/td>\n<\/tr>\n<tr valign=\"top\">\n<td>\n<p align=\"center\">403504<\/p>\n<\/td>\n<td>\n<p align=\"justify\">Or\u00e7amento P\u00fablico<\/p>\n<\/td>\n<td>\n<p align=\"center\">68<\/p>\n<\/td>\n<\/tr>\n<tr valign=\"top\">\n<td>\n<p align=\"center\">403505<\/p>\n<\/td>\n<td>\n<p align=\"justify\">Pol\u00edticas P\u00fablicas e Sociedade<\/p>\n<\/td>\n<td>\n<p align=\"center\">68<\/p>\n<\/td>\n<\/tr>\n<tr valign=\"top\">\n<td>\n<p align=\"center\">403506<\/p>\n<\/td>\n<td>\n<p align=\"justify\">Psicologia Organizacional<\/p>\n<\/td>\n<td>\n<p align=\"center\">68<\/p>\n<\/td>\n<\/tr>\n<tr valign=\"top\">\n<td>\n<p align=\"center\">403507<\/p>\n<\/td>\n<td>\n<p align=\"justify\">Sociologia Organizacional<\/p>\n<\/td>\n<td>\n<p align=\"center\">68<\/p>\n<\/td>\n<\/tr>\n<tr valign=\"top\">\n<td>\n<p align=\"center\">404501<\/p>\n<\/td>\n<td>\n<p align=\"justify\">Economia Brasileira<\/p>\n<\/td>\n<td>\n<p align=\"center\">68<\/p>\n<\/td>\n<\/tr>\n<tr valign=\"top\">\n<td>\n<p align=\"center\">404502<\/p>\n<\/td>\n<td>\n<p align=\"justify\">Introdu\u00e7\u00e3o \u00e0 Economia<\/p>\n<\/td>\n<td>\n<p align=\"center\">68<\/p>\n<\/td>\n<\/tr>\n<tr valign=\"top\">\n<td>\n<p align=\"center\">404503<\/p>\n<\/td>\n<td>\n<p align=\"justify\">Macroeconomia<\/p>\n<\/td>\n<td>\n<p align=\"center\">68<\/p>\n<\/td>\n<\/tr>\n<tr valign=\"top\">\n<td>\n<p align=\"center\">406501<\/p>\n<\/td>\n<td>\n<p align=\"justify\">Contabilidade Geral<\/p>\n<\/td>\n<td>\n<p align=\"center\">68<\/p>\n<\/td>\n<\/tr>\n<tr valign=\"top\">\n<td>\n<p align=\"center\">406502<\/p>\n<\/td>\n<td>\n<p align=\"justify\">Contabilidade P\u00fablica<\/p>\n<\/td>\n<td>\n<p align=\"center\">68<\/p>\n<\/td>\n<\/tr>\n<tr valign=\"top\">\n<td>\n<p align=\"center\">503563<\/p>\n<\/td>\n<td>\n<p align=\"justify\">Introdu\u00e7\u00e3o \u00e0 Educa\u00e7\u00e3o a Dist\u00e2ncia<\/p>\n<\/td>\n<td>\n<p align=\"center\">51<\/p>\n<\/td>\n<\/tr>\n<tr valign=\"top\">\n<td>\n<p align=\"center\">603501<\/p>\n<\/td>\n<td>\n<p align=\"justify\">Direito Administrativo<\/p>\n<\/td>\n<td>\n<p align=\"center\">68<\/p>\n<\/td>\n<\/tr>\n<tr valign=\"top\">\n<td>\n<p align=\"center\">603502<\/p>\n<\/td>\n<td>\n<p align=\"justify\">Institui\u00e7\u00f5es de Direito P\u00fablico e Privado<\/p>\n<\/td>\n<td>\n<p align=\"center\">68<\/p>\n<\/td>\n<\/tr>\n<tr valign=\"top\">\n<td>\n<p align=\"center\">603503<\/p>\n<\/td>\n<td>\n<p align=\"justify\">Legisla\u00e7\u00e3o Tribut\u00e1ria e Comercial<\/p>\n<\/td>\n<td>\n<p align=\"center\">68<\/p>\n<\/td>\n<\/tr>\n<tr valign=\"top\">\n<td colspan=\"2\">\n<p align=\"right\"><b>SubTotal<\/b><\/p>\n<\/td>\n<td>\n<p align=\"center\"><b>1.071<\/b><\/p>\n<\/td>\n<\/tr>\n<\/tbody>\n<\/table>\n<p>&nbsp;<\/p>\n<table style=\"border-collapse: collapse;\" border=\"1\" cellspacing=\"0\" cellpadding=\"4\">\n<tbody>\n<tr>\n<td colspan=\"3\" valign=\"top\">\n<p align=\"center\"><b>DISCIPLINAS DE FORMA\u00c7\u00c3O ESPEC\u00cdFICA PROFISSIONAL<\/b><\/p>\n<\/td>\n<\/tr>\n<tr valign=\"top\">\n<td>\n<p align=\"center\"><b>C\u00d3DIGO<\/b><\/p>\n<\/td>\n<td>\n<p align=\"center\"><b>DISCIPLINA<\/b><\/p>\n<\/td>\n<td>\n<p align=\"center\"><b>CARGA HOR\u00c1RIA<\/b><\/p>\n<\/td>\n<\/tr>\n<tr valign=\"top\">\n<td>\n<p align=\"center\">101534<\/p>\n<\/td>\n<td>\n<p align=\"justify\">Estat\u00edstica Aplicada \u00e0 Administra\u00e7\u00e3o<\/p>\n<\/td>\n<td>\n<p align=\"center\">68<\/p>\n<\/td>\n<\/tr>\n<tr valign=\"top\">\n<td>\n<p align=\"center\">101535<\/p>\n<\/td>\n<td>\n<p align=\"justify\">Matem\u00e1tica Financeira e An\u00e1lise de Investimentos<\/p>\n<\/td>\n<td>\n<p align=\"center\">68<\/p>\n<\/td>\n<\/tr>\n<tr valign=\"top\">\n<td>\n<p align=\"center\">101536<\/p>\n<\/td>\n<td>\n<p align=\"justify\">Matem\u00e1tica para Administradores<\/p>\n<\/td>\n<td>\n<p align=\"center\">68<\/p>\n<\/td>\n<\/tr>\n<tr valign=\"top\">\n<td>\n<p align=\"center\">403508<\/p>\n<\/td>\n<td>\n<p align=\"justify\">Administra\u00e7\u00e3o Estrat\u00e9gica<\/p>\n<\/td>\n<td>\n<p align=\"center\">68<\/p>\n<\/td>\n<\/tr>\n<tr valign=\"top\">\n<td>\n<p align=\"center\">403509<\/p>\n<\/td>\n<td>\n<p align=\"justify\">Elabora\u00e7\u00e3o e Gest\u00e3o de Projetos<\/p>\n<\/td>\n<td>\n<p align=\"center\">68<\/p>\n<\/td>\n<\/tr>\n<tr valign=\"top\">\n<td>\n<p align=\"center\">403510<\/p>\n<\/td>\n<td>\n<p align=\"justify\">Gest\u00e3o Ambiental e Sustentabilidade<\/p>\n<\/td>\n<td>\n<p align=\"center\">68<\/p>\n<\/td>\n<\/tr>\n<tr valign=\"top\">\n<td>\n<p align=\"center\">403511<\/p>\n<\/td>\n<td>\n<p align=\"justify\">Gest\u00e3o da Regula\u00e7\u00e3o<\/p>\n<\/td>\n<td>\n<p align=\"center\">34<\/p>\n<\/td>\n<\/tr>\n<tr valign=\"top\">\n<td>\n<p align=\"center\">403512<\/p>\n<\/td>\n<td>\n<p align=\"justify\">Gest\u00e3o de Opera\u00e7\u00f5es e Log\u00edstica I<\/p>\n<\/td>\n<td>\n<p align=\"center\">68<\/p>\n<\/td>\n<\/tr>\n<tr valign=\"top\">\n<td>\n<p align=\"center\">403513<\/p>\n<\/td>\n<td>\n<p align=\"justify\">Gest\u00e3o de Opera\u00e7\u00f5es e Log\u00edstica II<\/p>\n<\/td>\n<td>\n<p align=\"center\">68<\/p>\n<\/td>\n<\/tr>\n<tr valign=\"top\">\n<td>\n<p align=\"center\">403514<\/p>\n<\/td>\n<td>\n<p align=\"justify\">Gest\u00e3o de Pessoas no Setor P\u00fablico<\/p>\n<\/td>\n<td>\n<p align=\"center\">68<\/p>\n<\/td>\n<\/tr>\n<tr valign=\"top\">\n<td>\n<p align=\"center\">403515<\/p>\n<\/td>\n<td>\n<p align=\"justify\">Metodologia de Estudo e de Pesquisa em Administra\u00e7\u00e3o<\/p>\n<\/td>\n<td>\n<p align=\"center\">68<\/p>\n<\/td>\n<\/tr>\n<tr valign=\"top\">\n<td>\n<p align=\"center\">403516<\/p>\n<\/td>\n<td>\n<p align=\"justify\">Negocia\u00e7\u00e3o e Arbitragem<\/p>\n<\/td>\n<td>\n<p align=\"center\">68<\/p>\n<\/td>\n<\/tr>\n<tr valign=\"top\">\n<td>\n<p align=\"center\">403517<\/p>\n<\/td>\n<td>\n<p align=\"justify\">Planejamento e Programa\u00e7\u00e3o na Administra\u00e7\u00e3o P\u00fablica<\/p>\n<\/td>\n<td>\n<p align=\"center\">51<\/p>\n<\/td>\n<\/tr>\n<tr valign=\"top\">\n<td>\n<p align=\"center\">403518<\/p>\n<\/td>\n<td>\n<p align=\"justify\">Organiza\u00e7\u00e3o, Processoe Tomada de Decis\u00e3o<\/p>\n<\/td>\n<td>\n<p align=\"center\">68<\/p>\n<\/td>\n<\/tr>\n<tr valign=\"top\">\n<td>\n<p align=\"center\">403519<\/p>\n<\/td>\n<td>\n<p align=\"justify\">Rela\u00e7\u00f5es Internacionais<\/p>\n<\/td>\n<td>\n<p align=\"center\">68<\/p>\n<\/td>\n<\/tr>\n<tr valign=\"top\">\n<td>\n<p align=\"center\">403520<\/p>\n<\/td>\n<td>\n<p align=\"justify\">Seminario Integrador<\/p>\n<\/td>\n<td>\n<p align=\"center\">34<\/p>\n<\/td>\n<\/tr>\n<tr valign=\"top\">\n<td>\n<p align=\"center\">403521<\/p>\n<\/td>\n<td>\n<p align=\"justify\">Semin\u00e1rio Tem\u00e1tico I<\/p>\n<\/td>\n<td>\n<p align=\"center\">34<\/p>\n<\/td>\n<\/tr>\n<tr valign=\"top\">\n<td>\n<p align=\"center\">403522<\/p>\n<\/td>\n<td>\n<p align=\"justify\">Semin\u00e1rio Tem\u00e1tico II<\/p>\n<\/td>\n<td>\n<p align=\"center\">34<\/p>\n<\/td>\n<\/tr>\n<tr valign=\"top\">\n<td>\n<p align=\"center\">403523<\/p>\n<\/td>\n<td>\n<p align=\"justify\">Semin\u00e1rio Tem\u00e1tico III<\/p>\n<\/td>\n<td>\n<p align=\"center\">34<\/p>\n<\/td>\n<\/tr>\n<tr valign=\"top\">\n<td>\n<p align=\"center\">403524<\/p>\n<\/td>\n<td>\n<p align=\"justify\">Semin\u00e1rio Tem\u00e1ticos I na Linha de Forma\u00e7\u00e3o Espec\u00edfica I\/II\/III<\/p>\n<\/td>\n<td>\n<p align=\"center\">34<\/p>\n<\/td>\n<\/tr>\n<tr valign=\"top\">\n<td>\n<p align=\"center\">403525<\/p>\n<\/td>\n<td>\n<p align=\"justify\">Semin\u00e1rio Tem\u00e1ticos II na Linha de Forma\u00e7\u00e3o Espec\u00edfica I\/II\/III<\/p>\n<\/td>\n<td>\n<p align=\"center\">34<\/p>\n<\/td>\n<\/tr>\n<tr valign=\"top\">\n<td>\n<p align=\"center\">403526<\/p>\n<\/td>\n<td>\n<p align=\"justify\">Semin\u00e1rio Tem\u00e1ticos III na Linha de Forma\u00e7\u00e3o Espec\u00edfica I\/II\/III<\/p>\n<\/td>\n<td>\n<p align=\"center\">34<\/p>\n<\/td>\n<\/tr>\n<tr valign=\"top\">\n<td>\n<p align=\"center\">403527<\/p>\n<\/td>\n<td>\n<p align=\"justify\">Orienta\u00e7\u00e3o de Trabalho de Conclus\u00e3o de Curso \u2013 OTCC<\/p>\n<\/td>\n<td>\n<p align=\"center\">34<\/p>\n<\/td>\n<\/tr>\n<tr valign=\"top\">\n<td>\n<p align=\"center\">403528<\/p>\n<\/td>\n<td>\n<p align=\"justify\">Sistemas de Informa\u00e7\u00e3o e Comunica\u00e7\u00e3o no Setor P\u00fablico<\/p>\n<\/td>\n<td>\n<p align=\"center\">68<\/p>\n<\/td>\n<\/tr>\n<tr valign=\"top\">\n<td>\n<p align=\"center\">403529<\/p>\n<\/td>\n<td>\n<p align=\"justify\">Tecnologia e Inova\u00e7\u00e3o<\/p>\n<\/td>\n<td>\n<p align=\"center\">68<\/p>\n<\/td>\n<\/tr>\n<tr valign=\"top\">\n<td>\n<p align=\"center\">403530<\/p>\n<\/td>\n<td>\n<p align=\"justify\">Teoria das Finan\u00e7as P\u00fablicas<\/p>\n<\/td>\n<td>\n<p align=\"center\">68<\/p>\n<\/td>\n<\/tr>\n<tr valign=\"top\">\n<td>\n<p align=\"center\">403531<\/p>\n<\/td>\n<td>\n<p align=\"justify\">Teorias da Administra\u00e7\u00e3o I<\/p>\n<\/td>\n<td>\n<p align=\"center\">68<\/p>\n<\/td>\n<\/tr>\n<tr valign=\"top\">\n<td>\n<p align=\"center\">403532<\/p>\n<\/td>\n<td>\n<p align=\"justify\">Teorias da Administra\u00e7\u00e3o II<\/p>\n<\/td>\n<td>\n<p align=\"center\">68<\/p>\n<\/td>\n<\/tr>\n<tr valign=\"top\">\n<td>\n<p align=\"center\">403533<\/p>\n<\/td>\n<td>\n<p align=\"justify\">Teorias da Administra\u00e7\u00e3o P\u00fablica<\/p>\n<\/td>\n<td>\n<p align=\"center\">68<\/p>\n<\/td>\n<\/tr>\n<tr valign=\"top\">\n<td colspan=\"2\">\n<p align=\"right\"><b>SubTotal<\/b><\/p>\n<\/td>\n<td>\n<p align=\"center\"><b>1.666<\/b><\/p>\n<\/td>\n<\/tr>\n<\/tbody>\n<\/table>\n<p>&nbsp;<\/p>\n<table style=\"border-collapse: collapse;\" border=\"1\" cellspacing=\"0\" cellpadding=\"4\">\n<tbody>\n<tr>\n<td colspan=\"3\" valign=\"top\">\n<p align=\"center\"><b>DISCIPLINAS DE DIVERSIFICA\u00c7\u00c3O OU APROFUNDAMENTO<\/b><\/p>\n<\/td>\n<\/tr>\n<tr valign=\"top\">\n<td>\n<p align=\"center\"><b>C\u00d3DIGO<\/b><\/p>\n<\/td>\n<td>\n<p align=\"center\"><b>DISCIPLINA<\/b><\/p>\n<\/td>\n<td>\n<p align=\"center\"><b>CARGA HOR\u00c1RIA<\/b><\/p>\n<\/td>\n<\/tr>\n<tr valign=\"top\">\n<td>\n<p align=\"center\">101539<\/p>\n<\/td>\n<td>\n<p align=\"justify\">Matem\u00e1tica B\u00e1sica<\/p>\n<\/td>\n<td>\n<p align=\"center\">68<\/p>\n<\/td>\n<\/tr>\n<tr valign=\"top\">\n<td>\n<p align=\"center\">203501<\/p>\n<\/td>\n<td>\n<p align=\"justify\">Inform\u00e1tica para Administradores<\/p>\n<\/td>\n<td>\n<p align=\"center\">51<\/p>\n<\/td>\n<\/tr>\n<tr valign=\"top\">\n<td>\n<p align=\"center\">403540<\/p>\n<\/td>\n<td>\n<p align=\"justify\">Compercio Internacional<\/p>\n<\/td>\n<td>\n<p align=\"center\">51<\/p>\n<\/td>\n<\/tr>\n<tr valign=\"top\">\n<td>\n<p align=\"center\">403541<\/p>\n<\/td>\n<td>\n<p align=\"justify\">Empreendedorismo Governamental<\/p>\n<\/td>\n<td>\n<p align=\"center\">51<\/p>\n<\/td>\n<\/tr>\n<tr valign=\"top\">\n<td>\n<p align=\"center\">403542<\/p>\n<\/td>\n<td>\n<p align=\"justify\">Gest\u00e3o da Qualidade no Setor P\u00fablico<\/p>\n<\/td>\n<td>\n<p align=\"center\">51<\/p>\n<\/td>\n<\/tr>\n<tr valign=\"top\">\n<td>\n<p align=\"center\">403543<\/p>\n<\/td>\n<td>\n<p align=\"justify\">Jogos Organizacionais para o Setor P\u00fablico<\/p>\n<\/td>\n<td>\n<p align=\"center\">51<\/p>\n<\/td>\n<\/tr>\n<tr valign=\"top\">\n<td>\n<p align=\"center\">403544<\/p>\n<\/td>\n<td>\n<p align=\"justify\">Marketing Governamental<\/p>\n<\/td>\n<td>\n<p align=\"center\">51<\/p>\n<\/td>\n<\/tr>\n<tr valign=\"top\">\n<td>\n<p align=\"center\">403545<\/p>\n<\/td>\n<td>\n<p align=\"justify\">Responsabilidade Social e Terceiro Setor<\/p>\n<\/td>\n<td>\n<p align=\"center\">51<\/p>\n<\/td>\n<\/tr>\n<tr valign=\"top\">\n<td>\n<p align=\"center\">506537<\/p>\n<\/td>\n<td>\n<p align=\"justify\">Reda\u00e7\u00e3o Oficial<\/p>\n<\/td>\n<td>\n<p align=\"center\">51<\/p>\n<\/td>\n<\/tr>\n<tr valign=\"top\">\n<td colspan=\"2\">\n<p align=\"right\"><b>SubTotal<\/b><\/p>\n<\/td>\n<td>\n<p align=\"center\"><b>170<\/b><\/p>\n<\/td>\n<\/tr>\n<\/tbody>\n<\/table>\n<p>&nbsp;<\/p>\n<p style=\"text-align: justify; text-justify: inter-word;\"><strong>Obs.:<\/strong>\u00a0O acad\u00eamico dever\u00e1 escolher do rol das Disciplinas de Diversifica\u00e7\u00e3o ou Aprofundamento no m\u00ednimo 03 (tr\u00eas) disciplinas uma de 68 (sessenta e oito) horas fixada no segundo semestre e duas de 51 (cinquenta e uma) horas, num total de 170 (cento e setenta) horas, conforme especifica\u00e7\u00e3o no fluxograma.<\/p>\n<p>&nbsp;<\/p>\n<table style=\"border-collapse: collapse;\" border=\"1\" cellspacing=\"0\" cellpadding=\"4\">\n<tbody>\n<tr>\n<td colspan=\"3\" valign=\"top\">\n<p align=\"center\"><b>DISCIPLINAS DE EST\u00c1GIO CURRICULAR SUPERVISIONADO<\/b><\/p>\n<\/td>\n<\/tr>\n<tr valign=\"top\">\n<td>\n<p align=\"center\"><b>C\u00d3DIGO<\/b><\/p>\n<\/td>\n<td>\n<p align=\"center\"><b>DISCIPLINA<\/b><\/p>\n<\/td>\n<td>\n<p align=\"center\"><b>CARGA HOR\u00c1RIA<\/b><\/p>\n<\/td>\n<\/tr>\n<tr valign=\"top\">\n<td>\n<p align=\"center\">403534<\/p>\n<\/td>\n<td>\n<p align=\"justify\">Est\u00e1gio I<\/p>\n<\/td>\n<td>\n<p align=\"center\">51<\/p>\n<\/td>\n<\/tr>\n<tr valign=\"top\">\n<td>\n<p align=\"center\">403535<\/p>\n<\/td>\n<td>\n<p align=\"justify\">Est\u00e1gio II<\/p>\n<\/td>\n<td>\n<p align=\"center\">51<\/p>\n<\/td>\n<\/tr>\n<tr valign=\"top\">\n<td>\n<p align=\"center\">403536<\/p>\n<\/td>\n<td>\n<p align=\"justify\">Est\u00e1gio III<\/p>\n<\/td>\n<td>\n<p align=\"center\">51<\/p>\n<\/td>\n<\/tr>\n<tr valign=\"top\">\n<td>\n<p align=\"center\">403537<\/p>\n<\/td>\n<td>\n<p align=\"justify\">Est\u00e1gio IV<\/p>\n<\/td>\n<td>\n<p align=\"center\">51<\/p>\n<\/td>\n<\/tr>\n<tr valign=\"top\">\n<td>\n<p align=\"center\">403538<\/p>\n<\/td>\n<td>\n<p align=\"justify\">Est\u00e1gio V<\/p>\n<\/td>\n<td>\n<p align=\"center\">51<\/p>\n<\/td>\n<\/tr>\n<tr valign=\"top\">\n<td>\n<p align=\"center\">403539<\/p>\n<\/td>\n<td>\n<p align=\"justify\">Est\u00e1gio VI<\/p>\n<\/td>\n<td>\n<p align=\"center\">51<\/p>\n<\/td>\n<\/tr>\n<tr valign=\"top\">\n<td colspan=\"2\">\n<p align=\"right\"><b>SubTotal<\/b><\/p>\n<\/td>\n<td>\n<p align=\"center\"><b>306<\/b><\/p>\n<\/td>\n<\/tr>\n<\/tbody>\n<\/table>\n<p>&nbsp;<\/p>\n<div style=\"text-align: justify; text-justify: inter-word;\">\n<h5>EST\u00c1GIO SUPERVISIONADO<\/h5>\n<p>O est\u00e1gio supervisionado ser\u00e1 desenvolvido de conformidade com o respectivo regulamento aprovado pelo Conselho de Ensino, Pesquisa e Extens\u00e3o. Resolu\u00e7\u00e3o CEPE no 086 de 14\/12\/2011.<\/p>\n<h5>TRABALHO DE CONCLUS\u00c3O DE CURSO<\/h5>\n<p>Requisito essencial e obrigat\u00f3rio para obten\u00e7\u00e3o do diploma, desenvolvido mediante controle, orienta\u00e7\u00e3o e avalia\u00e7\u00e3o docente, por meio da disciplina de Orienta\u00e7\u00e3o de Trabalho de Conclus\u00e3o de Curso e de defesa do trabalho perante Banca Examinadora, conforme regulamento espec\u00edfico.<\/p>\n<h5>ATIVIDADES COMPLEMENTARES<\/h5>\n<p>Para obter a sua gradua\u00e7\u00e3o, o acad\u00eamico dever\u00e1 cumprir, no m\u00ednimo, 200 (duzentas) horas em atividades complementares, regulamentados pelo Colegiado de Curso.<\/p>\n<h5>PR\u00c1TICA ESPORTIVA<\/h5>\n<p>A atividade de Pr\u00e1tica Esportiva ser\u00e1 desenvolvida pelo acad\u00eamico como atividade opcional.<\/p>\n<\/div>\n<p>&nbsp;<\/p>\n<h5 style=\"text-align: center;\"><u>MATRIZ POR SEMESTRE<\/u><\/h5>\n<p>&nbsp;<\/p>\n<table style=\"border-collapse: collapse;\" border=\"1\" width=\"880\" cellspacing=\"0\" cellpadding=\"4\">\n<tbody>\n<tr>\n<td>\n<p align=\"center\"><b>1\u00ba SEMESTRE<\/b><\/p>\n<\/td>\n<td>\n<p align=\"center\"><b>2\u00ba SEMESTRE<\/b><\/p>\n<\/td>\n<td>\n<p align=\"center\"><b>3\u00ba SEMESTRE<\/b><\/p>\n<\/td>\n<td>\n<p align=\"center\"><b>4\u00ba SEMESTRE<\/b><\/p>\n<\/td>\n<td>\n<p align=\"center\"><b>5\u00ba SEMESTRE<\/b><\/p>\n<\/td>\n<td>\n<p align=\"center\"><b>6\u00ba SEMESTRE<\/b><\/p>\n<\/td>\n<td>\n<p align=\"center\"><b>7\u00ba SEMESTRE<\/b><\/p>\n<\/td>\n<td>\n<p align=\"center\"><b>8\u00ba SEMESTRE<\/b><\/p>\n<\/td>\n<\/tr>\n<tr>\n<td>\n<p align=\"center\"><b>Filosofia e \u00c9tica<\/b><\/p>\n<\/td>\n<td>\n<p align=\"center\"><b>Ci\u00eancia Pol\u00edtica<\/b><\/p>\n<\/td>\n<td>\n<p align=\"center\"><b>Teorias da Administra\u00e7\u00e3o P\u00fablica<\/b><\/p>\n<\/td>\n<td>\n<p align=\"center\"><b>Teoria das Finan\u00e7as P\u00fablicas<\/b><\/p>\n<\/td>\n<td>\n<p align=\"center\"><b>Plan.eProg. na Administra\u00e7\u00e3o P\u00fablica<\/b><\/p>\n<\/td>\n<td>\n<p align=\"center\"><b>Or\u00e7amento P\u00fablico<\/b><\/p>\n<\/td>\n<td>\n<p align=\"center\"><b>Auditoria e Controladoria<\/b><\/p>\n<\/td>\n<td>\n<p align=\"center\"><b>Pol\u00edticas P\u00fablicas e Sociedade<\/b><\/p>\n<\/td>\n<\/tr>\n<tr>\n<td>\n<p align=\"center\"><b>Introdu\u00e7\u00e3o \u00e0 Educa\u00e7\u00e3o a Dist\u00e2ncia<\/b><\/p>\n<\/td>\n<td>\n<p align=\"center\"><b>Macroeconomia<\/b><\/p>\n<\/td>\n<td>\n<p align=\"center\"><b>Sociologia Organizacional<\/b><\/p>\n<\/td>\n<td>\n<p align=\"center\"><b>Organiza\u00e7\u00e3o, Processo e Tomada de Decis\u00e3o<\/b><\/p>\n<\/td>\n<td>\n<p align=\"center\"><b>Gest\u00e3o de Pessoas no Setor P\u00fablico<\/b><\/p>\n<\/td>\n<td>\n<p align=\"center\"><b>Administra\u00e7\u00e3o Estrat\u00e9gica<\/b><\/p>\n<\/td>\n<td>\n<p align=\"center\"><b>Negocia\u00e7\u00e3o e Arbitragem<\/b><\/p>\n<\/td>\n<td>\n<p align=\"center\"><b>Gest\u00e3o Ambiental<\/b><\/p>\n<\/td>\n<\/tr>\n<tr>\n<td>\n<p align=\"center\"><b>Teorias da Administra\u00e7\u00e3o I<\/b><\/p>\n<\/td>\n<td>\n<p align=\"center\"><b>Teorias da Administra\u00e7\u00e3o II<\/b><\/p>\n<\/td>\n<td>\n<p align=\"center\"><b>Economia Brasileira<\/b><\/p>\n<\/td>\n<td>\n<p align=\"center\"><b>Sistemas de Informa\u00e7\u00e3o e Comunica\u00e7\u00e3o no Setor P\u00fablico<\/b><\/p>\n<\/td>\n<td>\n<p align=\"center\"><b>Gest\u00e3o de Opera\u00e7\u00f5es e Log\u00edstica I<\/b><\/p>\n<\/td>\n<td>\n<p align=\"center\"><b>Gest\u00e3o de Opera\u00e7\u00f5es e Log\u00edstica II<\/b><\/p>\n<\/td>\n<td>\n<p align=\"center\"><b>Tecnologia e Inova\u00e7\u00e3o<\/b><\/p>\n<\/td>\n<td>\n<p align=\"center\"><b>Rela\u00e7\u00f5es Internacionais<\/b><\/p>\n<\/td>\n<\/tr>\n<tr>\n<td>\n<p align=\"center\"><b>Semin\u00e1rio Integrador<\/b><\/p>\n<\/td>\n<td>\n<p align=\"center\"><b>Seminario Tem\u00e1tico I<\/b><\/p>\n<\/td>\n<td>\n<p align=\"center\"><b>Semin\u00e1rio Tematico II<\/b><\/p>\n<\/td>\n<td>\n<p align=\"center\"><b>Semin\u00e1rio Tem\u00e1tico III<\/b><\/p>\n<\/td>\n<td>\n<p align=\"center\"><b>Semin\u00e1rio Tem\u00e1tico I na LFE I\/II\/III<\/b><\/p>\n<\/td>\n<td>\n<p align=\"center\"><b>Semin\u00e1rio Tem\u00e1tico II na LFE I\/II\/III<\/b><\/p>\n<\/td>\n<td>\n<p align=\"center\"><b>Semin\u00e1rio Tem\u00e1tico III na LFE I\/II\/III<\/b><\/p>\n<\/td>\n<td>\n<p align=\"center\"><b>Orienta\u00e7\u00e3o de Trabalho de Conclus\u00e3o de Curso &#8211; OTCC<\/b><\/p>\n<\/td>\n<\/tr>\n<tr>\n<td>\n<p align=\"center\"><b>Introdu\u00e7\u00e3o \u00e0 Economia<\/b><\/p>\n<\/td>\n<td>\n<p align=\"center\"><b>Contabilidade Geral<\/b><\/p>\n<\/td>\n<td>\n<p align=\"center\"><b>Est\u00e1gio I<\/b><\/p>\n<\/td>\n<td>\n<p align=\"center\"><b>Est\u00e1gio II<\/b><\/p>\n<\/td>\n<td>\n<p align=\"center\"><b>Est\u00e1gio III<\/b><\/p>\n<\/td>\n<td>\n<p align=\"center\"><b>Est\u00e1gio IV<\/b><\/p>\n<\/td>\n<td>\n<p align=\"center\"><b>Est\u00e1gio V<\/b><\/p>\n<\/td>\n<td>\n<p align=\"center\"><b>Est\u00e1gio VI<\/b><\/p>\n<\/td>\n<\/tr>\n<tr>\n<td>\n<p align=\"center\"><b>Psicologia Organizacional<\/b><\/p>\n<\/td>\n<td>\n<p align=\"center\"><b>Matem\u00e1tica para Administradores<\/b><\/p>\n<\/td>\n<td>\n<p align=\"center\"><b>Contabilidade P\u00fablica<\/b><\/p>\n<\/td>\n<td>\n<p align=\"center\"><b>Estat\u00edstica Aplicada \u00e0 Administra\u00e7\u00e3o<\/b><\/p>\n<\/td>\n<td>\n<p align=\"center\"><b>Matem\u00e1tica Finaceira e An\u00e1lise de Investimentos<\/b><\/p>\n<\/td>\n<td>\n<p align=\"center\"><b>Elabora\u00e7\u00e3o e Gest\u00e3o de Projetos<\/b><\/p>\n<\/td>\n<td>\n<p align=\"center\"><b>Gest\u00e3o da Regula\u00e7\u00e3o<\/b><\/p>\n<\/td>\n<td>\n<p align=\"center\"><b>Reda\u00e7\u00e3o Oficial<\/b><\/p>\n<\/td>\n<\/tr>\n<tr>\n<td>\n<p align=\"center\"><b>Metodologia de Estudo e de Pesquisa em Administra\u00e7\u00e3o<\/b><\/p>\n<\/td>\n<td>\n<p align=\"center\"><b>Matem\u00e1tica B\u00e1sica<\/b><\/p>\n<\/td>\n<td>\n<p align=\"center\"><b>Institui\u00e7\u00f5es de Direito P\u00fablico e Privado<\/b><\/p>\n<\/td>\n<td>\n<p align=\"center\"><b>Direito Administrativo<\/b><\/p>\n<\/td>\n<td>\n<p align=\"center\"><b>Legisla\u00e7\u00e3o Tribut\u00e1ria e Comercial<\/b><\/p>\n<\/td>\n<td>\n<p align=\"center\">\n<\/td>\n<td>\n<p align=\"center\">\n<\/td>\n<td><\/td>\n<\/tr>\n<\/tbody>\n<\/table>\n","protected":false},"excerpt":{"rendered":"<p>ADMINISTRA\u00c7\u00c3O P\u00daBLICA \u2013 Curr\u00edculo n\u00ba 1 Autorizado pela Resolu\u00e7\u00e3o CEPE n.o 017, de 09 de maio de 2013. Para completar o curr\u00edculo pleno do curso superior de gradua\u00e7\u00e3o a dist\u00e2ncia em Bacharelado em Administra\u00e7\u00e3o P\u00fablica, o acad\u00eamico dever\u00e1 perfazer um total m\u00ednimo de 3.413 (tr\u00eas mil, quatrocentas e treze) horas, sendo 1.071 (mil e setenta&nbsp;&hellip;<\/p>\n","protected":false},"author":582,"featured_media":0,"parent":0,"menu_order":0,"comment_status":"closed","ping_status":"closed","template":"","meta":[],"_links":{"self":[{"href":"https:\/\/www2.uepg.br\/deadm\/wp-json\/wp\/v2\/pages\/141"}],"collection":[{"href":"https:\/\/www2.uepg.br\/deadm\/wp-json\/wp\/v2\/pages"}],"about":[{"href":"https:\/\/www2.uepg.br\/deadm\/wp-json\/wp\/v2\/types\/page"}],"author":[{"embeddable":true,"href":"https:\/\/www2.uepg.br\/deadm\/wp-json\/wp\/v2\/users\/582"}],"replies":[{"embeddable":true,"href":"https:\/\/www2.uepg.br\/deadm\/wp-json\/wp\/v2\/comments?post=141"}],"version-history":[{"count":3,"href":"https:\/\/www2.uepg.br\/deadm\/wp-json\/wp\/v2\/pages\/141\/revisions"}],"predecessor-version":[{"id":340,"href":"https:\/\/www2.uepg.br\/deadm\/wp-json\/wp\/v2\/pages\/141\/revisions\/340"}],"wp:attachment":[{"href":"https:\/\/www2.uepg.br\/deadm\/wp-json\/wp\/v2\/media?parent=141"}],"curies":[{"name":"wp","href":"https:\/\/api.w.org\/{rel}","templated":true}]}}