{"id":142,"date":"2022-12-13T10:10:06","date_gmt":"2022-12-13T13:10:06","guid":{"rendered":"https:\/\/www2.uepg.br\/deadm\/?page_id=142"},"modified":"2022-12-15T16:36:26","modified_gmt":"2022-12-15T19:36:26","slug":"matriz-curricular-tecnologia-em-gestao-publica-ead","status":"publish","type":"page","link":"https:\/\/www2.uepg.br\/deadm\/matriz-curricular-tecnologia-em-gestao-publica-ead\/","title":{"rendered":"Matriz Curricular Tecnologia em Gest\u00e3o P\u00fablica EaD"},"content":{"rendered":"<style>\ntd {border: 1px solid black;}<br \/><\/style>\n<div style=\"text-align: justify; text-justify: inter-word;\">\n<p>Aprovado pela Portaria R. n\u00ba530, de 18 de novembro de 2015<\/p>\n<p>Para completar o curr\u00edculo pleno do curso superior de Tecnologia em Gest\u00e3o P\u00fablica, o acad\u00eamico dever\u00e1 perfazer um total m\u00ednimo de 1.980 (mil, novecentas e oitenta) horas, sendo 480 (quatrocentas e oitenta) horas em disciplinas do 1\u00ba M\u00f3dulo, 510 (quinhentas e dez) horas em disciplinas do 2\u00ba M\u00f3dulo, 510 (quinhentas e dez) horas em disciplinas do 3\u00ba M\u00f3dulo, 480 (quatrocentas e oitenta) horas em disciplinas do 4\u00ba M\u00f3dulo, sendo 120 (cento e vinte) horas em Carga Hor\u00e1ria do Trabalho de Conclus\u00e3o de Curso, distribu\u00eddas em, no m\u00ednimo, 24 (vinte e quatro) meses e, no m\u00e1ximo, 36 (trinta e seis) meses.<\/p>\n<p>\u00c9 o seguinte o elenco de disciplinas que comp\u00f5e o curso:<\/p>\n<\/div>\n<p>&nbsp;<\/p>\n<p style=\"text-align: center;\"><img loading=\"lazy\" class=\"alignnone size-full wp-image-342\" src=\"https:\/\/www2.uepg.br\/deadm\/wp-content\/uploads\/sites\/263\/2022\/12\/matriz_tecEAD.png\" alt=\"\" width=\"678\" height=\"819\" srcset=\"https:\/\/www2.uepg.br\/deadm\/wp-content\/uploads\/sites\/263\/2022\/12\/matriz_tecEAD.png 678w, https:\/\/www2.uepg.br\/deadm\/wp-content\/uploads\/sites\/263\/2022\/12\/matriz_tecEAD-248x300.png 248w\" sizes=\"(max-width: 678px) 100vw, 678px\" \/><\/p>\n<p>&nbsp;<\/p>\n<h5 style=\"text-align: center;\"><strong><u>MATRIZ POR SEMESTRE<\/u><\/strong><\/h5>\n<p>&nbsp;<\/p>\n<table style=\"border-collapse: collapse;\" border=\"1\">\n<tbody>\n<tr>\n<td style=\"text-align: center;\"><strong>1\u00ba SEMESTRE<\/strong><\/td>\n<td style=\"text-align: center;\"><strong>2\u00ba SEMESTRE<\/strong><\/td>\n<td style=\"text-align: center;\"><strong>3\u00ba SEMESTRE<\/strong><\/td>\n<td style=\"text-align: center;\"><strong>4\u00ba SEMESTRE<\/strong><\/td>\n<\/tr>\n<tr>\n<td style=\"text-align: center;\"><strong>&nbsp;INFORM\u00c1TICA APLICADA AO SETOR P\u00daBLICO<\/strong><\/td>\n<td style=\"text-align: center;\"><strong>MODELO BRASILEIRO DE PLANEJAMENTO, OR\u00c7AMENTO E GEST\u00c3O<\/strong><\/td>\n<td style=\"text-align: center;\"><strong>GEST\u00c3O DO CONHECIMENTO NO SETOR P\u00daBLICO<\/strong><\/td>\n<td style=\"text-align: center;\"><strong>POL\u00cdTICA ECON\u00d4MICA E CONTEMPOR\u00c2NEA<\/strong><\/td>\n<\/tr>\n<tr>\n<td style=\"text-align: center;\"><strong>INTRODU\u00c7\u00c3O \u00c0 EDUCA\u00c7\u00c3O A DIST\u00c2NCIA<\/strong><\/td>\n<td style=\"text-align: center;\"><strong>GEST\u00c3O FINANCEIRA, OR\u00c7AMENT\u00c1RIA E PATRIMONIAL<\/strong><\/td>\n<td style=\"text-align: center;\"><strong>GEST\u00c3O AMBIENTAL E DESENVOLVIMENTO SUSTENT\u00c1VEL NO SETOR P\u00daBLICO<\/strong><\/td>\n<td style=\"text-align: center;\"><strong>LICITA\u00c7\u00c3O<\/strong><\/td>\n<\/tr>\n<tr>\n<td style=\"text-align: center;\"><strong>&nbsp;&nbsp;POL\u00cdTICAS P\u00daBLICAS E SOCIEDADE<\/strong><\/td>\n<td style=\"text-align: center;\"><strong>ECONOMIA BRASILEIRA<\/strong><\/td>\n<td style=\"text-align: center;\"><strong>GEOPOL\u00cdTICA E GEOESTRAT\u00c9GIA INTERNACIONAL<\/strong><\/td>\n<td style=\"text-align: center;\"><strong>ELABORA\u00c7\u00c3O DO OR\u00c7AMENTO P\u00daBLICO<\/strong><\/td>\n<\/tr>\n<tr>\n<td style=\"text-align: center;\"><strong>M\u00c9TODOS E T\u00c9CNICAS DE PESQUISA<\/strong><\/td>\n<td style=\"text-align: center;\"><strong>ECONOMIA E SOCIEDADE DO CONHECIMENTO<\/strong><\/td>\n<td style=\"text-align: center;\"><strong>MARKETING GOVERNAMENTAL<\/strong><\/td>\n<td style=\"text-align: center;\"><strong>AUDITORIA\u00a0 CONTROLADORIA NO SETOR P\u00daBLICO<\/strong><\/td>\n<\/tr>\n<tr>\n<td style=\"text-align: center;\"><strong>GEST\u00c3O DO ESTADO<\/strong><\/td>\n<td style=\"text-align: center;\"><strong>CI\u00caNCIA POL\u00cdTICA<\/strong><\/td>\n<td style=\"text-align: center;\"><strong>LOG\u00cdSTICA APLICADA AO SETOR P\u00daBLICO<\/strong><\/td>\n<td style=\"text-align: center;\"><strong>LIBRAS<\/strong><\/td>\n<\/tr>\n<tr>\n<td style=\"text-align: center;\"><strong>DIREITO CONSTITUCIONAL<\/strong><\/td>\n<td style=\"text-align: center;\"><strong>CONTROLE NAS ORGANIZA\u00c7\u00d5ES P\u00daBLICAS<\/strong><\/td>\n<td style=\"text-align: center;\"><strong>RESPONSABILIDADE SOCIAL NO TERCEIRO SETOR<\/strong><\/td>\n<td style=\"text-align: center;\"><strong>ORGANIZA\u00c7\u00c3O DE EVENTOS CERIMONIAL, PROTOCOLO E ETIQUETA&nbsp;<\/strong><\/td>\n<\/tr>\n<tr>\n<td><strong>DIREITO ADMINISTRATIVO<\/strong><\/td>\n<td><strong>NOVAS TEND\u00caNCIAS DE GEST\u00c3O<\/strong><\/td>\n<td style=\"text-align: center;\"><strong>PLANEJAMENTO URBANO E PLANO DIRETOR<\/strong><\/td>\n<td style=\"text-align: center;\"><strong>TRABALHO DE CONCLUS\u00c3O DE CURSO&nbsp;<\/strong><\/td>\n<\/tr>\n<tr>\n<td style=\"text-align: center;\"><strong>\u00c9TICA NA ADMINISTRA\u00c7\u00c3O P\u00daBLICA<\/strong><\/td>\n<td style=\"text-align: center;\"><strong>GEST\u00c3O DA TECNOLOGIA DA INFORMA\u00c7\u00c3O<\/strong><\/td>\n<td style=\"text-align: center;\"><strong>LEGISLA\u00c7\u00c3O TRABALHISTA PARA AGENTES P\u00daBLICOS<\/strong><\/td>\n<td style=\"text-align: center;\"><strong>\u00a0<\/strong><\/td>\n<\/tr>\n<tr>\n<td style=\"text-align: center;\"><strong>GEST\u00c3O DE DOCUMENTOS E T\u00c9CNICAS DE REDA\u00c7\u00c3O OFICIAL<\/strong><\/td>\n<td style=\"text-align: center;\"><strong>GEST\u00c3O DE PESSOAS NO SETOR P\u00daBLICO<\/strong><\/td>\n<td style=\"text-align: center;\"><strong>PROPOSTA DE PROJETO PARA GEST\u00c3O P\u00daBLICA<\/strong><\/td>\n<td style=\"text-align: center;\"><strong>\u00a0<\/strong><\/td>\n<\/tr>\n<tr>\n<td style=\"text-align: center;\"><strong>\u00a0<\/strong><\/td>\n<td style=\"text-align: center;\"><strong>GEST\u00c3O DA REGULA\u00c7\u00c3O<\/strong><\/td>\n<td style=\"text-align: center;\"><strong>\u00a0<\/strong><\/td>\n<td style=\"text-align: center;\"><strong>\u00a0<\/strong><\/td>\n<\/tr>\n<\/tbody>\n<\/table>\n","protected":false},"excerpt":{"rendered":"<p>Aprovado pela Portaria R. n\u00ba530, de 18 de novembro de 2015 Para completar o curr\u00edculo pleno do curso superior de Tecnologia em Gest\u00e3o P\u00fablica, o acad\u00eamico dever\u00e1 perfazer um total m\u00ednimo de 1.980 (mil, novecentas e oitenta) horas, sendo 480 (quatrocentas e oitenta) horas em disciplinas do 1\u00ba M\u00f3dulo, 510 (quinhentas e dez) horas em&nbsp;&hellip;<\/p>\n","protected":false},"author":582,"featured_media":0,"parent":0,"menu_order":0,"comment_status":"closed","ping_status":"closed","template":"","meta":[],"_links":{"self":[{"href":"https:\/\/www2.uepg.br\/deadm\/wp-json\/wp\/v2\/pages\/142"}],"collection":[{"href":"https:\/\/www2.uepg.br\/deadm\/wp-json\/wp\/v2\/pages"}],"about":[{"href":"https:\/\/www2.uepg.br\/deadm\/wp-json\/wp\/v2\/types\/page"}],"author":[{"embeddable":true,"href":"https:\/\/www2.uepg.br\/deadm\/wp-json\/wp\/v2\/users\/582"}],"replies":[{"embeddable":true,"href":"https:\/\/www2.uepg.br\/deadm\/wp-json\/wp\/v2\/comments?post=142"}],"version-history":[{"count":3,"href":"https:\/\/www2.uepg.br\/deadm\/wp-json\/wp\/v2\/pages\/142\/revisions"}],"predecessor-version":[{"id":343,"href":"https:\/\/www2.uepg.br\/deadm\/wp-json\/wp\/v2\/pages\/142\/revisions\/343"}],"wp:attachment":[{"href":"https:\/\/www2.uepg.br\/deadm\/wp-json\/wp\/v2\/media?parent=142"}],"curies":[{"name":"wp","href":"https:\/\/api.w.org\/{rel}","templated":true}]}}