{"id":143,"date":"2022-12-13T10:10:06","date_gmt":"2022-12-13T13:10:06","guid":{"rendered":"https:\/\/www2.uepg.br\/deadm\/?page_id=143"},"modified":"2022-12-16T09:37:39","modified_gmt":"2022-12-16T12:37:39","slug":"editais-resolucoes","status":"publish","type":"page","link":"https:\/\/www2.uepg.br\/deadm\/editais-resolucoes\/","title":{"rendered":"Editais\/Resolu\u00e7\u00f5es"},"content":{"rendered":"<h5 style=\"text-align: center;\"><strong><u>RESOLU\u00c7\u00d5ES E EDITAIS<\/u><\/strong><\/h5>\n<p>&nbsp;<\/p>\n<p><a title=\"Est\u00e1gio Supervisionado Administra\u00e7\u00e3o\" href=\"https:\/\/www2.uepg.br\/prograd\/wp-content\/uploads\/sites\/19\/2019\/06\/11232005-11-0123.pdf\" target=\"_blank\" rel=\"alternate noopener\">Regulamento do Est\u00e1gio Supervisionado &#8211; Administra\u00e7\u00e3o<\/a><\/p>\n<p><a title=\"Est\u00e1gio Supervisionado Comex\" href=\"http:\/\/sites.uepg.br\/prograd\/wp-content\/uploads\/2013\/09\/Res.-CEPE-n%C3%82%C2%B0-030-de-27.08.2002.pdf\" target=\"_blank\" rel=\"alternate noopener\">Regulamento do Est\u00e1gio Supervisionado &#8211; Comex<\/a><\/p>\n<p><a title=\"Exerc\u00edcios Domiciliares\" href=\"https:\/\/sistemas.uepg.br\/academicoonline\/docs\/ExerciciosDomiciliares.pdf\" target=\"_blank\" rel=\"alternate noopener\">Aviso Exerc\u00edcios Domiciliares &#8211; Prograd<\/a><\/p>\n<p><a title=\"Abono de Faltas\" href=\"http:\/\/pitangui.uepg.br\/secrei\/LegislInicial%20Arquivos\/Resol%20CEPE%20066%202013%20-%20Regul%20de%20Abono%20de%20Faltas.pdf\" target=\"_blank\" rel=\"alternate noopener\">Abono de Faltas<\/a><\/p>\n","protected":false},"excerpt":{"rendered":"<p>RESOLU\u00c7\u00d5ES E EDITAIS &nbsp; Regulamento do Est\u00e1gio Supervisionado &#8211; Administra\u00e7\u00e3o Regulamento do Est\u00e1gio Supervisionado &#8211; Comex Aviso Exerc\u00edcios Domiciliares &#8211; Prograd Abono de Faltas<\/p>\n","protected":false},"author":582,"featured_media":0,"parent":0,"menu_order":0,"comment_status":"closed","ping_status":"closed","template":"","meta":[],"_links":{"self":[{"href":"https:\/\/www2.uepg.br\/deadm\/wp-json\/wp\/v2\/pages\/143"}],"collection":[{"href":"https:\/\/www2.uepg.br\/deadm\/wp-json\/wp\/v2\/pages"}],"about":[{"href":"https:\/\/www2.uepg.br\/deadm\/wp-json\/wp\/v2\/types\/page"}],"author":[{"embeddable":true,"href":"https:\/\/www2.uepg.br\/deadm\/wp-json\/wp\/v2\/users\/582"}],"replies":[{"embeddable":true,"href":"https:\/\/www2.uepg.br\/deadm\/wp-json\/wp\/v2\/comments?post=143"}],"version-history":[{"count":3,"href":"https:\/\/www2.uepg.br\/deadm\/wp-json\/wp\/v2\/pages\/143\/revisions"}],"predecessor-version":[{"id":345,"href":"https:\/\/www2.uepg.br\/deadm\/wp-json\/wp\/v2\/pages\/143\/revisions\/345"}],"wp:attachment":[{"href":"https:\/\/www2.uepg.br\/deadm\/wp-json\/wp\/v2\/media?parent=143"}],"curies":[{"name":"wp","href":"https:\/\/api.w.org\/{rel}","templated":true}]}}