{"id":144,"date":"2022-12-13T10:10:06","date_gmt":"2022-12-13T13:10:06","guid":{"rendered":"https:\/\/www2.uepg.br\/deadm\/?page_id=144"},"modified":"2022-12-16T09:48:52","modified_gmt":"2022-12-16T12:48:52","slug":"atividades-complementares-administracao","status":"publish","type":"page","link":"https:\/\/www2.uepg.br\/deadm\/atividades-complementares-administracao\/","title":{"rendered":"Atividades Complementares &#8211; Administra\u00e7\u00e3o"},"content":{"rendered":"<style>\ntd {border: 1px solid black;}<br \/><\/style>\n<h5 style=\"text-align: center;\"><strong>BACHARELADO EM ADMINISTRA\u00c7\u00c3O LINHA DE FORMA\u00c7\u00c3O EM ADMINISTRA\u00c7\u00c3O<\/strong><\/h5>\n<h5 style=\"text-align: center;\">ATIVIDADES EXTRACURRICULARES<\/h5>\n<p style=\"text-align: center;\">As Atividades Complementares (acad\u00eamicas, cient\u00edficas e culturais) dever\u00e3o totalizar\u00a0<strong><u>250 (duzentas e cinquenta) horas<\/u><\/strong>, a serem cumpridas durante a realiza\u00e7\u00e3o do curso presencial ou \u00e0 dist\u00e2ncia, homologadas pelo Colegiado de Curso, com a finalidade de contribuir na forma\u00e7\u00e3o acad\u00eamica com o respectivo desenvolvimento de habilidades e compet\u00eancias em rela\u00e7\u00e3o ao mundo do trabalho, assim distribu\u00eddas:<\/p>\n<p>&nbsp;<\/p>\n<table style=\"border-collapse: collapse;\" border=\"1\">\n<tbody>\n<tr>\n<td width=\"10%\"><strong>ITEM<\/strong><\/td>\n<td><strong>EVENTO<\/strong><\/td>\n<td><strong>LIMITE<\/strong><\/td>\n<\/tr>\n<tr>\n<td>1<\/td>\n<td style=\"text-align: left;\">Participa\u00e7\u00e3o em projetos de ensino, pesquisa e extens\u00e3o ou curso ou evento de Extens\u00e3o Universit\u00e1ria, quando realizados pela UEPG ou outra institui\u00e7\u00e3o oficial de ensino.<\/td>\n<td>TOTAL<\/td>\n<\/tr>\n<tr>\n<td>2<\/td>\n<td style=\"text-align: left;\">Congressos, confer\u00eancias, eventos internacionais, simp\u00f3sios, palestras, pain\u00e9is e similares, quando realizados por institui\u00e7\u00e3o oficial de ensino, desde que o conte\u00fado program\u00e1tico seja ligado ao curso de Administra\u00e7\u00e3o<\/td>\n<td>TOTAL<\/td>\n<\/tr>\n<tr>\n<td>3<\/td>\n<td style=\"text-align: left;\">Congressos, eventos internacionais, confer\u00eancias, simp\u00f3sios, palestras, pain\u00e9is e similares realizados exclusivamente pela UEPG, CRA, Departamento de Administra\u00e7\u00e3o e\/ou Colegiado do Curso de Administra\u00e7\u00e3o, isoladamente ou em parceria com o Centro Acad\u00eamico de Administra\u00e7\u00e3o ou Empresa J\u00fanior.<\/td>\n<td>TOTAL<\/td>\n<\/tr>\n<tr>\n<td>4<\/td>\n<td style=\"text-align: left;\">Participa\u00e7\u00e3o em Projetos de Responsabilidade Social e a\u00e7\u00f5es de voluntariados desenvolvidas pela UEPG, N\u00facleo de Pol\u00edticas P\u00fablicas \u2013 UEPG, Centro Acad\u00eamico de Administra\u00e7\u00e3o ou Empresa J\u00fanior.<\/td>\n<td>50 Horas<\/td>\n<\/tr>\n<tr>\n<td>5<\/td>\n<td style=\"text-align: left;\">Est\u00e1gios volunt\u00e1rios remunerados ou n\u00e3o, mediante conv\u00eanio comprovado pelo Termo de Compromisso e com certid\u00e3o emitida pela empresa, atestando a conclus\u00e3o do est\u00e1gio (aten\u00e7\u00e3o para n\u00e3o ser o Termo de Est\u00e1gio Obrigat\u00f3rio).<\/td>\n<td>20 Horas<\/td>\n<\/tr>\n<tr>\n<td>6<\/td>\n<td style=\"text-align: left;\">Cursos de idiomas estrangeiros, quando realizados pela UEPG ou por institui\u00e7\u00e3o reconhecida oficialmente.<\/td>\n<td>30 Horas<\/td>\n<\/tr>\n<tr>\n<td>7<\/td>\n<td style=\"text-align: left;\">Monitoria em disciplina ministrada por professores do curso de Administra\u00e7\u00e3o da UEPG.<\/td>\n<td>40 Horas<\/td>\n<\/tr>\n<tr>\n<td>8<\/td>\n<td style=\"text-align: left;\">Programas de inicia\u00e7\u00e3o cient\u00edfica de acordo com normas e regulamentos da UEPG.<\/td>\n<td>40 Horas<\/td>\n<\/tr>\n<tr>\n<td>9<\/td>\n<td style=\"text-align: left;\">Participa\u00e7\u00e3o em visitas t\u00e9cnicas para integra\u00e7\u00e3o e conhecimento de empresas: desde que acompanhadas por professores da UEPG<\/td>\n<td>30 Horas<\/td>\n<\/tr>\n<tr>\n<td>10<\/td>\n<td style=\"text-align: left;\">Cursos e treinamentos presenciais, desde que realizados pela UEPG ou institui\u00e7\u00e3o oficial de ensino e que o conte\u00fado program\u00e1tico seja relacionado ao Curso de Administra\u00e7\u00e3o.<\/td>\n<td>50 Horas<\/td>\n<\/tr>\n<tr>\n<td>11<\/td>\n<td style=\"text-align: left;\">Participa\u00e7\u00e3o em disciplinas eletivas escolhidas pelos acad\u00eamicos dentre as ofertas nos demais cursos superiores de gradua\u00e7\u00e3o da UEPG e o acad\u00eamico deve ser aprovado nas disciplinas.<\/td>\n<td>20% da Carga hor\u00e1ria da disciplina cursada<\/td>\n<\/tr>\n<tr>\n<td>12<\/td>\n<td style=\"text-align: left;\">Disciplinas de cursos sequenciais correlatos \u00e0 \u00e1rea de forma\u00e7\u00e3o.<\/td>\n<td>20% da Carga hor\u00e1ria da disciplina cursada<\/td>\n<\/tr>\n<tr>\n<td>13<\/td>\n<td style=\"text-align: left;\">Disciplinas e\/ou atividades desenvolvidas no Programa de Mobilidade Acad\u00eamica.<\/td>\n<td>20% da Carga hor\u00e1ria da disciplina cursada<\/td>\n<\/tr>\n<tr>\n<td>14<\/td>\n<td style=\"text-align: left;\">Cursos \u00e0 dist\u00e2ncia, desde que oferecidos por institui\u00e7\u00e3o de ensino reconhecida* com conte\u00fado relacionado ao curso de Administra\u00e7\u00e3o.<\/td>\n<td>50 Horas<\/td>\n<\/tr>\n<tr>\n<td>15<\/td>\n<td style=\"text-align: left;\">Curso de Inform\u00e1tica (Excel e Access).<\/td>\n<td>30 Horas<\/td>\n<\/tr>\n<\/tbody>\n<\/table>\n<p style=\"font-size: 14px;\">* Entenda-se como sendo \u201cinstitui\u00e7\u00e3o de ensino oficial\u201d, entidades como o SEBRAE, SENAC, SENAI, SESC e FGV, atribuindo-se carga hor\u00e1ria total aos certificados apresentados.<\/p>\n","protected":false},"excerpt":{"rendered":"<p>BACHARELADO EM ADMINISTRA\u00c7\u00c3O LINHA DE FORMA\u00c7\u00c3O EM ADMINISTRA\u00c7\u00c3O ATIVIDADES EXTRACURRICULARES As Atividades Complementares (acad\u00eamicas, cient\u00edficas e culturais) dever\u00e3o totalizar\u00a0250 (duzentas e cinquenta) horas, a serem cumpridas durante a realiza\u00e7\u00e3o do curso presencial ou \u00e0 dist\u00e2ncia, homologadas pelo Colegiado de Curso, com a finalidade de contribuir na forma\u00e7\u00e3o acad\u00eamica com o respectivo desenvolvimento de habilidades e&nbsp;&hellip;<\/p>\n","protected":false},"author":582,"featured_media":0,"parent":0,"menu_order":0,"comment_status":"closed","ping_status":"closed","template":"","meta":[],"_links":{"self":[{"href":"https:\/\/www2.uepg.br\/deadm\/wp-json\/wp\/v2\/pages\/144"}],"collection":[{"href":"https:\/\/www2.uepg.br\/deadm\/wp-json\/wp\/v2\/pages"}],"about":[{"href":"https:\/\/www2.uepg.br\/deadm\/wp-json\/wp\/v2\/types\/page"}],"author":[{"embeddable":true,"href":"https:\/\/www2.uepg.br\/deadm\/wp-json\/wp\/v2\/users\/582"}],"replies":[{"embeddable":true,"href":"https:\/\/www2.uepg.br\/deadm\/wp-json\/wp\/v2\/comments?post=144"}],"version-history":[{"count":3,"href":"https:\/\/www2.uepg.br\/deadm\/wp-json\/wp\/v2\/pages\/144\/revisions"}],"predecessor-version":[{"id":348,"href":"https:\/\/www2.uepg.br\/deadm\/wp-json\/wp\/v2\/pages\/144\/revisions\/348"}],"wp:attachment":[{"href":"https:\/\/www2.uepg.br\/deadm\/wp-json\/wp\/v2\/media?parent=144"}],"curies":[{"name":"wp","href":"https:\/\/api.w.org\/{rel}","templated":true}]}}