{"id":146,"date":"2022-12-13T10:10:06","date_gmt":"2022-12-13T13:10:06","guid":{"rendered":"https:\/\/www2.uepg.br\/deadm\/?page_id=146"},"modified":"2022-12-16T10:01:29","modified_gmt":"2022-12-16T13:01:29","slug":"tcc-e-estagio-obrigatorio","status":"publish","type":"page","link":"https:\/\/www2.uepg.br\/deadm\/tcc-e-estagio-obrigatorio\/","title":{"rendered":"TCC e Est\u00e1gio Obrigat\u00f3rio"},"content":{"rendered":"<p><a title=\"Est\u00e1gio Supervisionado - Administra\u00e7\u00e3o\" href=\"http:\/\/sites.uepg.br\/prograd\/wp-content\/uploads\/2013\/09\/Res.-CEPE-n%C3%82%C2%B0-123-de-01.11.2005.pdf\" target=\"_blank\" rel=\"alternate noopener noreferrer\">Regulamento do Est\u00e1gio Supervisionado &#8211; Administra\u00e7\u00e3o<\/a><\/p>\n<p><a title=\"Est\u00e1gio Supervisionado\" href=\"http:\/\/sites.uepg.br\/prograd\/wp-content\/uploads\/2013\/09\/Res.-CEPE-n%C3%82%C2%B0-030-de-27.08.2002.pdf\" target=\"_blank\" rel=\"alternate noopener noreferrer\">Regulamento do Est\u00e1gio Supervisionado &#8211; Comex<\/a><\/p>\n<p><img loading=\"lazy\" class=\"size-full wp-image-352 aligncenter\" src=\"https:\/\/www2.uepg.br\/deadm\/wp-content\/uploads\/sites\/263\/2022\/12\/tcc4.png\" alt=\"\" width=\"194\" height=\"259\" \/><\/p>\n","protected":false},"excerpt":{"rendered":"<p>Regulamento do Est\u00e1gio Supervisionado &#8211; Administra\u00e7\u00e3o Regulamento do Est\u00e1gio Supervisionado &#8211; Comex<\/p>\n","protected":false},"author":582,"featured_media":0,"parent":0,"menu_order":0,"comment_status":"closed","ping_status":"closed","template":"","meta":[],"_links":{"self":[{"href":"https:\/\/www2.uepg.br\/deadm\/wp-json\/wp\/v2\/pages\/146"}],"collection":[{"href":"https:\/\/www2.uepg.br\/deadm\/wp-json\/wp\/v2\/pages"}],"about":[{"href":"https:\/\/www2.uepg.br\/deadm\/wp-json\/wp\/v2\/types\/page"}],"author":[{"embeddable":true,"href":"https:\/\/www2.uepg.br\/deadm\/wp-json\/wp\/v2\/users\/582"}],"replies":[{"embeddable":true,"href":"https:\/\/www2.uepg.br\/deadm\/wp-json\/wp\/v2\/comments?post=146"}],"version-history":[{"count":3,"href":"https:\/\/www2.uepg.br\/deadm\/wp-json\/wp\/v2\/pages\/146\/revisions"}],"predecessor-version":[{"id":353,"href":"https:\/\/www2.uepg.br\/deadm\/wp-json\/wp\/v2\/pages\/146\/revisions\/353"}],"wp:attachment":[{"href":"https:\/\/www2.uepg.br\/deadm\/wp-json\/wp\/v2\/media?parent=146"}],"curies":[{"name":"wp","href":"https:\/\/api.w.org\/{rel}","templated":true}]}}