{"id":158,"date":"2022-12-13T10:10:07","date_gmt":"2022-12-13T13:10:07","guid":{"rendered":"https:\/\/www2.uepg.br\/deadm\/?page_id=158"},"modified":"2022-12-16T16:28:29","modified_gmt":"2022-12-16T19:28:29","slug":"lageis","status":"publish","type":"page","link":"https:\/\/www2.uepg.br\/deadm\/lageis\/","title":{"rendered":"Laborat\u00f3rio de Gest\u00e3o, Empreendedorismo, Inova\u00e7\u00e3o e Sustentabilidade"},"content":{"rendered":"<div style=\"text-align: justify; text-justify: inter-word;\">\n<h5 style=\"text-align: center;\"><strong>Sobre o LAGEIS<\/strong><\/h5>\n<p><img loading=\"lazy\" class=\"size-full wp-image-400 aligncenter\" src=\"https:\/\/www2.uepg.br\/deadm\/wp-content\/uploads\/sites\/263\/2022\/12\/logo_lageis.png\" alt=\"\" width=\"439\" height=\"215\" srcset=\"https:\/\/www2.uepg.br\/deadm\/wp-content\/uploads\/sites\/263\/2022\/12\/logo_lageis.png 439w, https:\/\/www2.uepg.br\/deadm\/wp-content\/uploads\/sites\/263\/2022\/12\/logo_lageis-300x147.png 300w\" sizes=\"(max-width: 439px) 100vw, 439px\" \/><\/p>\n<p>&nbsp;<\/p>\n<p>O Laborat\u00f3rio de Gest\u00e3o, Empreendedorismo, Inova\u00e7\u00e3o e Sustentabilidade (LAGEIS) \u00e9 um programa constituido junto ao Departamento de Administra\u00e7\u00e3o da UEPG, que tem por objetivo promover a\u00e7\u00f5es que fomentem o empreendedorismo, inova\u00e7\u00e3o e sustentabilidade junto a comunidade interna e externa \u00e0 universidade, por meio da cria\u00e7\u00e3o de um ambiente prof\u00edcuo para discuss\u00e3o de temas e desenvolvimento de projetos de pesquisa, ensino e extens\u00e3o.<\/p>\n<p>Nossa MISS\u00c3O \u00e9 \u201cPromover a\u00e7\u00f5es de empreendedorismo, inova\u00e7\u00e3o e sustentabilidade junto a comunidade, por meio de atividades de pesquisa, ensino e extens\u00e3o\u201d.<\/p>\n<h5><strong>Projetos em andamento:<\/strong><\/h5>\n<ul>\n<li>Estrat\u00e9gias para minimizar o impacto da Pandemia COVID-19 na gest\u00e3o das MPEs na Regi\u00e3o dos Campos Gerais<\/li>\n<\/ul>\n<h5><strong>Equipe LAGEIS:<\/strong><\/h5>\n<ul>\n<li>Dra. R\u00fabia Carla Maier Biscaia (Coordenadora)<\/li>\n<li>Dr. Carlos Ubiratan da Costa Schier (Vice Coordenador)<\/li>\n<li>Msc. L\u00edvio Marcel Queji<\/li>\n<li>Dr. Luiz Fernando Lara<\/li>\n<li>Dra. Marilisa do Rocio Oliveira<\/li>\n<li>Msc. Silas Moro<\/li>\n<li>Dra. Sirlei Moleta<\/li>\n<\/ul>\n<p>Contato:\u00a0<a href=\"mailto:labgestao.uepg@gmail.com\">labgestao.uepg@gmail.com<\/a><\/p>\n<\/div>\n","protected":false},"excerpt":{"rendered":"<p>Sobre o LAGEIS &nbsp; O Laborat\u00f3rio de Gest\u00e3o, Empreendedorismo, Inova\u00e7\u00e3o e Sustentabilidade (LAGEIS) \u00e9 um programa constituido junto ao Departamento de Administra\u00e7\u00e3o da UEPG, que tem por objetivo promover a\u00e7\u00f5es que fomentem o empreendedorismo, inova\u00e7\u00e3o e sustentabilidade junto a comunidade interna e externa \u00e0 universidade, por meio da cria\u00e7\u00e3o de um ambiente prof\u00edcuo para discuss\u00e3o&nbsp;&hellip;<\/p>\n","protected":false},"author":582,"featured_media":0,"parent":0,"menu_order":0,"comment_status":"closed","ping_status":"closed","template":"","meta":[],"_links":{"self":[{"href":"https:\/\/www2.uepg.br\/deadm\/wp-json\/wp\/v2\/pages\/158"}],"collection":[{"href":"https:\/\/www2.uepg.br\/deadm\/wp-json\/wp\/v2\/pages"}],"about":[{"href":"https:\/\/www2.uepg.br\/deadm\/wp-json\/wp\/v2\/types\/page"}],"author":[{"embeddable":true,"href":"https:\/\/www2.uepg.br\/deadm\/wp-json\/wp\/v2\/users\/582"}],"replies":[{"embeddable":true,"href":"https:\/\/www2.uepg.br\/deadm\/wp-json\/wp\/v2\/comments?post=158"}],"version-history":[{"count":3,"href":"https:\/\/www2.uepg.br\/deadm\/wp-json\/wp\/v2\/pages\/158\/revisions"}],"predecessor-version":[{"id":402,"href":"https:\/\/www2.uepg.br\/deadm\/wp-json\/wp\/v2\/pages\/158\/revisions\/402"}],"wp:attachment":[{"href":"https:\/\/www2.uepg.br\/deadm\/wp-json\/wp\/v2\/media?parent=158"}],"curies":[{"name":"wp","href":"https:\/\/api.w.org\/{rel}","templated":true}]}}