{"id":160,"date":"2022-12-13T10:10:07","date_gmt":"2022-12-13T13:10:07","guid":{"rendered":"https:\/\/www2.uepg.br\/deadm\/?page_id=160"},"modified":"2023-12-27T13:37:54","modified_gmt":"2023-12-27T16:37:54","slug":"links-uteis","status":"publish","type":"page","link":"https:\/\/www2.uepg.br\/deadm\/links-uteis\/","title":{"rendered":"Links \u00dateis"},"content":{"rendered":"<ul>\n<li><a title=\"Administradores.com.br\" href=\"http:\/\/www.administradores.com.br\/\" target=\"_blank\" rel=\"alternate noopener noreferrer\">Administradores.com.br<\/a><\/li>\n<li><a title=\"ADMPg\" href=\"http:\/\/www.admpg.com.br\/\" target=\"_blank\" rel=\"alternate noopener noreferrer\">ADMPg &#8211; Congresso Internacional de Administra\u00e7\u00e3o<\/a><\/li>\n<li><a title=\"ANGRAD\" href=\"http:\/\/www.angrad.org.br\/\" target=\"_blank\" rel=\"alternate noopener noreferrer\">ANGRAD &#8211; Associa\u00e7\u00e3o Nacional dos Cursos de Gradua\u00e7\u00e3o em Administra\u00e7\u00e3o<\/a><\/li>\n<li><a title=\"CFA\" href=\"http:\/\/www.cfa.org.br\/\" target=\"_blank\" rel=\"alternate noopener noreferrer\">Conseho Federal de Administra\u00e7\u00e3o<\/a><\/li>\n<li><a title=\"CRA-PR\" href=\"http:\/\/www.cra-pr.org.br\/\" target=\"_blank\" rel=\"alternate noopener noreferrer\">Conselho Regional de Administra\u00e7\u00e3o &#8211; PR<\/a><\/li>\n<li><a title=\"IBGE\" href=\"http:\/\/www.ibge.gov.br\/home\/\" target=\"_blank\" rel=\"alternate noopener noreferrer\">IBGE<\/a><\/li>\n<li><a title=\"\u00cdndices\" href=\"http:\/\/www.portalbrasil.net\/indices.htm\" target=\"_blank\" rel=\"alternate noopener noreferrer\">\u00cdndices Econ\u00f4micos e Financeiros<\/a><\/li>\n<li><a title=\"INPI\" href=\"https:\/\/www.gov.br\/inpi\/pt-br\" target=\"_blank\" rel=\"alternate noopener noreferrer\">INPI &#8211; Instituto Nacional da Propriedade Industrial<\/a><\/li>\n<li><a title=\"IPARDES\" href=\"https:\/\/www.ipardes.pr.gov.br\/\" target=\"_blank\" rel=\"alternate noopener noreferrer\">IPARDES &#8211; Instituto Paranaense de Desenvolvimento Econ\u00f4mico e Social<\/a><\/li>\n<li><a title=\"MDIC\" href=\"http:\/\/www.mdic.gov.br\/\" target=\"_blank\" rel=\"alternate noopener noreferrer\">MDIC &#8211; Minist\u00e9rio da Ind\u00fastria, Com\u00e9rcio Exterior e Servi\u00e7os<\/a><\/li>\n<li><a title=\"Portal da Transpar\u00eancia\" href=\"https:\/\/www2.uepg.br\/transparencia\/\" target=\"_blank\" rel=\"alternate noopener noreferrer\">Portal da Transpar\u00eancia UEPG<\/a><\/li>\n<li><a title=\"Capes\" href=\"http:\/\/www.periodicos.capes.gov.br\/\" target=\"_blank\" rel=\"alternate noopener noreferrer\">Portal de Per\u00edodicos CAPES<\/a><\/li>\n<li><a title=\"Portal Dominio P\u00fablico\" href=\"http:\/\/www.dominiopublico.gov.br\/pesquisa\/PesquisaObraForm.jsp\" target=\"_blank\" rel=\"alternate noopener noreferrer\">Portal Dom\u00ednio P\u00fablico<\/a><\/li>\n<li><a title=\"PROEX\" href=\"http:\/\/www.uepg.br\/proex\/\" target=\"_blank\" rel=\"alternate noopener noreferrer\">PROEX &#8211; Pr\u00f3-Reitoria de Extens\u00e3o e Assuntos Culturais<\/a><\/li>\n<li><a href=\"https:\/\/www2.uepg.br\/prograd\/\" target=\"_blank\" rel=\"noopener\">PROGRAD &#8211; Pr\u00f3-Reitoria de Gradua\u00e7\u00e3o da UEPG<\/a><\/li>\n<li><a title=\"PROPESP\" href=\"http:\/\/sites.uepg.br\/propesp\/\" target=\"_blank\" rel=\"alternate noopener noreferrer\">PROPESP &#8211; Pr\u00f3-Reitoria de Pesquisa e P\u00f3s-Gradua\u00e7\u00e3o<\/a><\/li>\n<li><a title=\"Sebrae Nacional\" href=\"http:\/\/www.sebrae.com.br\/sites\/PortalSebrae\" target=\"_blank\" rel=\"alternate noopener noreferrer\">Sebrae Nacional<\/a><\/li>\n<li><a title=\"Sebrae PR\" href=\"https:\/\/www.sebraepr.com.br\/\" target=\"_blank\" rel=\"alternate noopener noreferrer\">Sebrae PR<\/a><\/li>\n<li><a title=\"Empreendedor\" href=\"https:\/\/empreendedor.com.br\/\" target=\"_blank\" rel=\"alternate noopener noreferrer\">Site do Empreendedor<\/a><\/li>\n<\/ul>\n","protected":false},"excerpt":{"rendered":"<p>Administradores.com.br ADMPg &#8211; Congresso Internacional de Administra\u00e7\u00e3o ANGRAD &#8211; Associa\u00e7\u00e3o Nacional dos Cursos de Gradua\u00e7\u00e3o em Administra\u00e7\u00e3o Conseho Federal de Administra\u00e7\u00e3o Conselho Regional de Administra\u00e7\u00e3o &#8211; PR IBGE \u00cdndices Econ\u00f4micos e Financeiros INPI &#8211; Instituto Nacional da Propriedade Industrial IPARDES &#8211; Instituto Paranaense de Desenvolvimento Econ\u00f4mico e Social MDIC &#8211; Minist\u00e9rio da Ind\u00fastria, Com\u00e9rcio Exterior&nbsp;&hellip;<\/p>\n","protected":false},"author":582,"featured_media":0,"parent":0,"menu_order":0,"comment_status":"closed","ping_status":"closed","template":"","meta":[],"_links":{"self":[{"href":"https:\/\/www2.uepg.br\/deadm\/wp-json\/wp\/v2\/pages\/160"}],"collection":[{"href":"https:\/\/www2.uepg.br\/deadm\/wp-json\/wp\/v2\/pages"}],"about":[{"href":"https:\/\/www2.uepg.br\/deadm\/wp-json\/wp\/v2\/types\/page"}],"author":[{"embeddable":true,"href":"https:\/\/www2.uepg.br\/deadm\/wp-json\/wp\/v2\/users\/582"}],"replies":[{"embeddable":true,"href":"https:\/\/www2.uepg.br\/deadm\/wp-json\/wp\/v2\/comments?post=160"}],"version-history":[{"count":9,"href":"https:\/\/www2.uepg.br\/deadm\/wp-json\/wp\/v2\/pages\/160\/revisions"}],"predecessor-version":[{"id":563,"href":"https:\/\/www2.uepg.br\/deadm\/wp-json\/wp\/v2\/pages\/160\/revisions\/563"}],"wp:attachment":[{"href":"https:\/\/www2.uepg.br\/deadm\/wp-json\/wp\/v2\/media?parent=160"}],"curies":[{"name":"wp","href":"https:\/\/api.w.org\/{rel}","templated":true}]}}