{"id":319,"date":"2022-12-15T14:18:23","date_gmt":"2022-12-15T17:18:23","guid":{"rendered":"https:\/\/www2.uepg.br\/deadm\/?page_id=319"},"modified":"2022-12-16T16:41:44","modified_gmt":"2022-12-16T19:41:44","slug":"ii-forum-de-internacionalizacao-e-mobilidade","status":"publish","type":"page","link":"https:\/\/www2.uepg.br\/deadm\/ii-forum-de-internacionalizacao-e-mobilidade\/","title":{"rendered":"II F\u00f3rum de Internacionaliza\u00e7\u00e3o e Mobilidade"},"content":{"rendered":"<p>O PRINTe, Programa de Internacionaliza\u00e7\u00e3o e Empreendedorismo, e o projeto\u00a0DEPARTURES\u00a0\u2013\u00a0de Ponta Grossa para o mundo!, convidam\u00a0Va. Sa.\u00a0para relatar seu\u00a0projeto de pesquisa ou extens\u00e3o nos temas:<\/p>\n<p>a)\u00a0Estrat\u00e9gias para a inser\u00e7\u00e3o da internacionaliza\u00e7\u00e3o no projeto pedag\u00f3gico do\u00a0curso de Administra\u00e7\u00e3o e\/ou Ci\u00eancias Sociais Aplicadas.<\/p>\n<p>b)\u00a0Mobilidade internacional de professores e\/ou acad\u00eamicos de Administra\u00e7\u00e3o\u00a0e\/ou em Ci\u00eancias Sociais Aplicadas.<\/p>\n<p>c)\u00a0Estudos interdisciplinares em Administra\u00e7\u00e3o e\/ou em Ci\u00eancias Sociais Aplicadas\u00a0que abordam estrat\u00e9gias de internacionaliza\u00e7\u00e3o em institui\u00e7\u00f5es de ensino superior.<\/p>\n<p>d)\u00a0Estrat\u00e9gias para o desenvolvimento de habilidades comportamentais e t\u00e9cnicas\u00a0para a forma\u00e7\u00e3o profissional internacional em Administra\u00e7\u00e3o e\/ou em Ci\u00eancias\u00a0Sociais Aplicadas.<\/p>\n<p><img loading=\"lazy\" class=\"size-full wp-image-409 aligncenter\" src=\"https:\/\/www2.uepg.br\/deadm\/wp-content\/uploads\/sites\/263\/2022\/12\/departures.png\" alt=\"\" width=\"1201\" height=\"258\" srcset=\"https:\/\/www2.uepg.br\/deadm\/wp-content\/uploads\/sites\/263\/2022\/12\/departures.png 1201w, https:\/\/www2.uepg.br\/deadm\/wp-content\/uploads\/sites\/263\/2022\/12\/departures-300x64.png 300w, https:\/\/www2.uepg.br\/deadm\/wp-content\/uploads\/sites\/263\/2022\/12\/departures-1024x220.png 1024w, https:\/\/www2.uepg.br\/deadm\/wp-content\/uploads\/sites\/263\/2022\/12\/departures-768x165.png 768w\" sizes=\"(max-width: 1201px) 100vw, 1201px\" \/><\/p>\n<p>Informa\u00e7\u00f5es:<\/p>\n<p>\u2022\u00a0Prazo para envio:\u00a002\/06\/2019, domingo.<\/p>\n<p>\u2022\u00a0Os estudos ser\u00e3o\u00a0expostos\u00a0no formato\u00a0de\u00a0banners, modelo anexo.<\/p>\n<p>\u2022\u00a0O\u00a0banner\u00a0[EM PDF]\u00a0ser\u00e1 impresso pela organiza\u00e7\u00e3o do evento.<\/p>\n<p>\u2022\u00a0Para expor seu estudo \u00e9 preciso efetuar o pagamento de R$ 80,00 (oitenta\u00a0reais) via dep\u00f3sito\u00a0banc\u00e1rio\u00a0identificado\u00a0pelo\u00a0CPF\u00a0para:<\/p>\n<blockquote style=\"font-style: normal;\"><p><strong>Banco (104): Caixa Econ\u00f4mica Federal<\/strong><\/p>\n<p><strong>Ag\u00eancia: 3186<\/strong><\/p>\n<p><strong>Opera\u00e7\u00e3o: 003<\/strong><\/p>\n<p><strong>Conta: 74-0<\/strong><\/p>\n<p><strong>FAUEPG CONV\u00caNIOS DIVERSOS\u00a0CNPJ: 08.574.460\/0001-35<\/strong><\/p><\/blockquote>\n<p>\u2022\u00a0Enviar o comprovante de dep\u00f3sito banc\u00e1rio identificado\u00a0junto como banner\u00a0[EM PDF]\u00a0para:\u00a0<span id=\"cloak97156d29f824925b3d341a0522cb8008\"><a href=\"mailto:programainternacionalizacao@gmail.com\">programainternacionalizacao@gmail.com<\/a><\/span><\/p>\n<p>\u2022\u00a0Os banners\u00a0ter\u00e3o\u00a0padr\u00e3o\u00a0(90\u00a0cm largura\u00a0x 120 cm\u00a0altura)\u00a0e ficar\u00e3o expostos\u00a0durante\u00a0todo\u00a0o\u00a0evento.<\/p>\n<p>\u2022\u00a0Os estudos\u00a0expostos\u00a0ter\u00e3o direito a\u00a0certificado\u00a0de\u00a0exposi\u00e7\u00e3o\u00a0no\u00a0evento.<\/p>\n<p>\u2022\u00a0Para\u00a0participar da palestra de abertura,\u00a0preencher a\u00a0ficha\u00a0em\u00a0anexo,\u00a0e efetuar o\u00a0pagamento de\u00a0R$ 20,00 (vinte e\u00a0reais) via dep\u00f3sito\u00a0\u00a0\u00a0\u00a0\u00a0\u00a0\u00a0\u00a0 banc\u00e1rio\u00a0identificado pelo\u00a0CPF\u00a0para:<\/p>\n<blockquote style=\"font-style: normal;\"><p><strong>Banco (104): Caixa Econ\u00f4mica Federal<\/strong><\/p>\n<p><strong>Ag\u00eancia: 3186<\/strong><\/p>\n<p><strong>Opera\u00e7\u00e3o:\u00a0003<\/strong><\/p>\n<p><strong>Conta: 74-0<\/strong><\/p>\n<p><strong>FAUEPG CONV\u00caNIOS DIVERSOS\u00a0CNPJ: 08.574.460\/0001-35<\/strong><\/p><\/blockquote>\n<p>\u2022\u00a0Enviar ficha de inscri\u00e7\u00e3o\u00a0da\u00a0palestra\u00a0junto como\u00a0comprovante de dep\u00f3sito\u00a0banc\u00e1rio identificado para:\u00a0<a href=\"mailto:programainternacionalizacao@gmail.com\">programa<span id=\"cloak6c60a5568470749795ab3c80a3f8ca2d\"><\/span><\/a><a href=\"mailto:internacionalizacao@gmail.com\">internacionalizacao@gmail.com<\/a><\/p>\n<p>Outras informa\u00e7\u00f5es: Prof. Dr. Juvancir da Silva (<span id=\"cloakc529f6d43f74673a1df9d5ef43c6ebff\"><a href=\"mailto:juvancirsilva@uepg.br\">juvancirsilva@uepg.br<\/a><\/span>).<\/p>\n<p>&nbsp;<\/p>\n<p><img loading=\"lazy\" class=\"size-full wp-image-411 aligncenter\" src=\"https:\/\/www2.uepg.br\/deadm\/wp-content\/uploads\/sites\/263\/2022\/12\/modelo_banner.png\" alt=\"\" width=\"1151\" height=\"1241\" srcset=\"https:\/\/www2.uepg.br\/deadm\/wp-content\/uploads\/sites\/263\/2022\/12\/modelo_banner.png 1151w, https:\/\/www2.uepg.br\/deadm\/wp-content\/uploads\/sites\/263\/2022\/12\/modelo_banner-278x300.png 278w, https:\/\/www2.uepg.br\/deadm\/wp-content\/uploads\/sites\/263\/2022\/12\/modelo_banner-950x1024.png 950w, https:\/\/www2.uepg.br\/deadm\/wp-content\/uploads\/sites\/263\/2022\/12\/modelo_banner-768x828.png 768w, https:\/\/www2.uepg.br\/deadm\/wp-content\/uploads\/sites\/263\/2022\/12\/modelo_banner-1002x1080.png 1002w\" sizes=\"(max-width: 1151px) 100vw, 1151px\" \/><\/p>\n","protected":false},"excerpt":{"rendered":"<p>O PRINTe, Programa de Internacionaliza\u00e7\u00e3o e Empreendedorismo, e o projeto\u00a0DEPARTURES\u00a0\u2013\u00a0de Ponta Grossa para o mundo!, convidam\u00a0Va. Sa.\u00a0para relatar seu\u00a0projeto de pesquisa ou extens\u00e3o nos temas: a)\u00a0Estrat\u00e9gias para a inser\u00e7\u00e3o da internacionaliza\u00e7\u00e3o no projeto pedag\u00f3gico do\u00a0curso de Administra\u00e7\u00e3o e\/ou Ci\u00eancias Sociais Aplicadas. b)\u00a0Mobilidade internacional de professores e\/ou acad\u00eamicos de Administra\u00e7\u00e3o\u00a0e\/ou em Ci\u00eancias Sociais Aplicadas. c)\u00a0Estudos interdisciplinares&nbsp;&hellip;<\/p>\n","protected":false},"author":582,"featured_media":409,"parent":0,"menu_order":0,"comment_status":"closed","ping_status":"closed","template":"","meta":[],"_links":{"self":[{"href":"https:\/\/www2.uepg.br\/deadm\/wp-json\/wp\/v2\/pages\/319"}],"collection":[{"href":"https:\/\/www2.uepg.br\/deadm\/wp-json\/wp\/v2\/pages"}],"about":[{"href":"https:\/\/www2.uepg.br\/deadm\/wp-json\/wp\/v2\/types\/page"}],"author":[{"embeddable":true,"href":"https:\/\/www2.uepg.br\/deadm\/wp-json\/wp\/v2\/users\/582"}],"replies":[{"embeddable":true,"href":"https:\/\/www2.uepg.br\/deadm\/wp-json\/wp\/v2\/comments?post=319"}],"version-history":[{"count":3,"href":"https:\/\/www2.uepg.br\/deadm\/wp-json\/wp\/v2\/pages\/319\/revisions"}],"predecessor-version":[{"id":410,"href":"https:\/\/www2.uepg.br\/deadm\/wp-json\/wp\/v2\/pages\/319\/revisions\/410"}],"wp:featuredmedia":[{"embeddable":true,"href":"https:\/\/www2.uepg.br\/deadm\/wp-json\/wp\/v2\/media\/409"}],"wp:attachment":[{"href":"https:\/\/www2.uepg.br\/deadm\/wp-json\/wp\/v2\/media?parent=319"}],"curies":[{"name":"wp","href":"https:\/\/api.w.org\/{rel}","templated":true}]}}