{"id":6,"date":"2020-04-20T14:56:52","date_gmt":"2020-04-20T17:56:52","guid":{"rendered":"http:\/\/www2.uepg.br\/deadm\/?page_id=6"},"modified":"2022-12-13T10:45:44","modified_gmt":"2022-12-13T13:45:44","slug":"home","status":"publish","type":"page","link":"https:\/\/www2.uepg.br\/deadm\/","title":{"rendered":"Home"},"content":{"rendered":"<div id=\"pl-6\"  class=\"panel-layout\" ><div id=\"pg-6-0\"  class=\"panel-grid panel-no-style\" ><div id=\"pgc-6-0-0\"  class=\"panel-grid-cell\" ><div id=\"panel-6-0-0-0\" class=\"so-panel widget widget_sow-editor panel-first-child panel-last-child\" data-index=\"0\" ><div\n\t\t\t\n\t\t\tclass=\"so-widget-sow-editor so-widget-sow-editor-base\"\n\t\t\t\n\t\t>\n<div class=\"siteorigin-widget-tinymce textwidget\">\n\t<h3 style=\"text-align: center;\"><strong>DEPARTAMENTO DE ADMINISTRA\u00c7\u00c3O<\/strong><\/h3>\n<p>&nbsp;<\/p>\n<p style=\"text-align: center;\"><strong>HOR\u00c1RIO DE ATENDIMENTO: 08:00 \u00c0S 12:00 E 16:40 \u00c0S 20:40 - DE SEGUNDA \u00c0 SEXTA<\/strong><\/p>\n<p style=\"text-align: center;\"><strong>CAMPUS CENTRAL - BLOCO A - SALA 12<\/strong><\/p>\n<p style=\"text-align: center;\"><strong>P\u00e7a. Santos Andrade, 01 - Centro - Ponta Grossa - PR - CEP: 84010-919<\/strong><\/p>\n<p style=\"text-align: center;\"><strong>Fone: +55 (42) 3220-3399<\/strong><\/p>\n<p style=\"text-align: center;\"><strong>Email: <a href=\"mailto:deadmpg@gmail.br\">deadmpg@gmail.br<\/a><\/strong><\/p>\n<\/div>\n<\/div><\/div><\/div><\/div><\/div>","protected":false},"excerpt":{"rendered":"<p>DEPARTAMENTO DE ADMINISTRA\u00c7\u00c3O &nbsp; HOR\u00c1RIO DE ATENDIMENTO: 08:00 \u00c0S 12:00 E 16:40 \u00c0S 20:40 &#8211; DE SEGUNDA \u00c0 SEXTA CAMPUS CENTRAL &#8211; BLOCO A &#8211; SALA 12 P\u00e7a. Santos Andrade, 01 &#8211; Centro &#8211; Ponta Grossa &#8211; PR &#8211; CEP: 84010-919 Fone: +55 (42) 3220-3399 Email: deadmpg@gmail.br<\/p>\n","protected":false},"author":24,"featured_media":0,"parent":0,"menu_order":0,"comment_status":"closed","ping_status":"closed","template":"","meta":[],"_links":{"self":[{"href":"https:\/\/www2.uepg.br\/deadm\/wp-json\/wp\/v2\/pages\/6"}],"collection":[{"href":"https:\/\/www2.uepg.br\/deadm\/wp-json\/wp\/v2\/pages"}],"about":[{"href":"https:\/\/www2.uepg.br\/deadm\/wp-json\/wp\/v2\/types\/page"}],"author":[{"embeddable":true,"href":"https:\/\/www2.uepg.br\/deadm\/wp-json\/wp\/v2\/users\/24"}],"replies":[{"embeddable":true,"href":"https:\/\/www2.uepg.br\/deadm\/wp-json\/wp\/v2\/comments?post=6"}],"version-history":[{"count":13,"href":"https:\/\/www2.uepg.br\/deadm\/wp-json\/wp\/v2\/pages\/6\/revisions"}],"predecessor-version":[{"id":239,"href":"https:\/\/www2.uepg.br\/deadm\/wp-json\/wp\/v2\/pages\/6\/revisions\/239"}],"wp:attachment":[{"href":"https:\/\/www2.uepg.br\/deadm\/wp-json\/wp\/v2\/media?parent=6"}],"curies":[{"name":"wp","href":"https:\/\/api.w.org\/{rel}","templated":true}]}}