{"id":144,"date":"2022-04-26T13:14:36","date_gmt":"2022-04-26T16:14:36","guid":{"rendered":"https:\/\/www2.uepg.br\/deartes\/?page_id=144"},"modified":"2022-04-26T14:19:22","modified_gmt":"2022-04-26T17:19:22","slug":"historico","status":"publish","type":"page","link":"https:\/\/www2.uepg.br\/deartes\/historico\/","title":{"rendered":"Hist\u00f3rico"},"content":{"rendered":"<p>Os cursos de Licenciatura em Artes Visuais e Licenciatura em M\u00fasica, com dura\u00e7\u00e3o de 4 anos, foram criados em 2002 a partir da proposta de um grupo de professores do Setor de Ci\u00eancias Humanas Letras e Artes a fim de atender \u00e0s necessidades de um mercado carente de profissionais dessas \u00e1reas. A primeira turma ingressou no ano de 2003, sendo 20 acad\u00eamicos de Artes Visuais e 20 acad\u00eamicos de M\u00fasica, que passaram a interagir no cen\u00e1rio art\u00edstico e cultural da cidade, levando para as salas de aula uma vis\u00e3o contempor\u00e2nea do ensino de artes. Os cursos t\u00eam uma presen\u00e7a atuante junto \u00e0 comunidade pontagrossense e da regi\u00e3o, n\u00e3o s\u00f3 escolar, atrav\u00e9s de atividades e projetos realizados nas escolas de Educa\u00e7\u00e3o B\u00e1sica, como, tamb\u00e9m, em projetos de extens\u00e3o e pesquisa. O Departamento de Artes foi criado pela Resolu\u00e7\u00e3o Univ. n\u00ba 43 de 10 de dezembro de 2008.<\/p>\n","protected":false},"excerpt":{"rendered":"<p>Os cursos de Licenciatura em Artes Visuais e Licenciatura em M\u00fasica, com dura\u00e7\u00e3o de 4 anos, foram criados em 2002 a partir da proposta de um grupo de professores do Setor de Ci\u00eancias Humanas Letras e Artes a fim de atender \u00e0s necessidades de um mercado carente de profissionais dessas \u00e1reas. A primeira turma ingressou&nbsp;&hellip;<\/p>\n","protected":false},"author":378,"featured_media":0,"parent":0,"menu_order":0,"comment_status":"closed","ping_status":"closed","template":"","meta":[],"_links":{"self":[{"href":"https:\/\/www2.uepg.br\/deartes\/wp-json\/wp\/v2\/pages\/144"}],"collection":[{"href":"https:\/\/www2.uepg.br\/deartes\/wp-json\/wp\/v2\/pages"}],"about":[{"href":"https:\/\/www2.uepg.br\/deartes\/wp-json\/wp\/v2\/types\/page"}],"author":[{"embeddable":true,"href":"https:\/\/www2.uepg.br\/deartes\/wp-json\/wp\/v2\/users\/378"}],"replies":[{"embeddable":true,"href":"https:\/\/www2.uepg.br\/deartes\/wp-json\/wp\/v2\/comments?post=144"}],"version-history":[{"count":2,"href":"https:\/\/www2.uepg.br\/deartes\/wp-json\/wp\/v2\/pages\/144\/revisions"}],"predecessor-version":[{"id":194,"href":"https:\/\/www2.uepg.br\/deartes\/wp-json\/wp\/v2\/pages\/144\/revisions\/194"}],"wp:attachment":[{"href":"https:\/\/www2.uepg.br\/deartes\/wp-json\/wp\/v2\/media?parent=144"}],"curies":[{"name":"wp","href":"https:\/\/api.w.org\/{rel}","templated":true}]}}